{"id":4008,"date":"2024-08-10T06:01:36","date_gmt":"2024-08-10T06:01:36","guid":{"rendered":"https:\/\/www.karopack.be\/product\/cerclage-textile-thermofusible\/"},"modified":"2024-08-10T06:01:36","modified_gmt":"2024-08-10T06:01:36","slug":"cerclage-textile-thermofusible","status":"publish","type":"product","link":"https:\/\/www.karopack.be\/fr\/produit\/cerclage-textile-thermofusible\/","title":{"rendered":"Cerclage textile thermofusible"},"content":{"rendered":"<ul>\n<li>Largeur de 13 mm \u00e0 40 mm<\/li>\n<li>Diam\u00e8tre de l&rsquo;\u00e2me de 76 mm<\/li>\n<li>Charge de rupture jusqu&rsquo;\u00e0 4000 daN\/kg<\/li>\n<\/ul>\n","protected":false},"excerpt":{"rendered":"<p>Cerclage textile en polyester pour s\u00e9curiser les charges lourdes sur les palettes avec des boucles m\u00e9talliques et un tendeur.<\/p>\n<h4>Avantages du cerclage textile<\/h4>\n<ul>\n<li>L\u00e9ger, tr\u00e8s r\u00e9sistant<\/li>\n<li>Application manuelle<\/li>\n<li>Facile \u00e0 utiliser<\/li>\n<li>Facilement r\u00e9utilisable<\/li>\n<li>N&rsquo;endommage pas les surfaces peintes<\/li>\n<li>Ne rouille pas<\/li>\n<li>Investissement minimum<\/li>\n<li>S\u00e9curit\u00e9 pour l&rsquo;utilisateur lors de l&rsquo;application et de la lib\u00e9ration<\/li>\n<li>R\u00e9sistant aux intemp\u00e9ries et aux acides<\/li>\n<li>Le ruban textile est tr\u00e8s souple !<\/li>\n<\/ul>\n<h4>Exemples d&rsquo;applications<\/h4>\n<ul>\n<li>S\u00e9curisation des palettes<\/li>\n<li>Industrie chimique<\/li>\n<li>Fen\u00eatres en bois ou en PVC<\/li>\n<li>Et bien d&rsquo;autres opportunit\u00e9s dans l&rsquo;industrie&#8230;.<\/li>\n<\/ul>\n","protected":false},"featured_media":3665,"comment_status":"open","ping_status":"closed","template":"","meta":[],"product_brand":[],"product_cat":[85],"product_tag":[],"class_list":{"0":"post-4008","1":"product","2":"type-product","3":"status-publish","4":"has-post-thumbnail","6":"product_cat-materiel-demballage","8":"first","9":"instock","10":"shipping-taxable","11":"product-type-simple"},"yoast_head":"<!-- This site is optimized with the Yoast SEO plugin v26.9 - https:\/\/yoast.com\/product\/yoast-seo-wordpress\/ -->\n<title>Cerclage textile thermofusible - Karopack<\/title>\n<meta name=\"robots\" content=\"index, follow, max-snippet:-1, max-image-preview:large, max-video-preview:-1\" \/>\n<link rel=\"canonical\" href=\"https:\/\/www.karopack.be\/fr\/produit\/cerclage-textile-thermofusible\/\" \/>\n<meta property=\"og:locale\" content=\"fr_FR\" \/>\n<meta property=\"og:type\" content=\"article\" \/>\n<meta property=\"og:title\" content=\"Cerclage textile thermofusible - Karopack\" \/>\n<meta property=\"og:description\" content=\"Cerclage textile en polyester pour s\u00e9curiser les charges lourdes sur les palettes avec des boucles m\u00e9talliques et un tendeur. Avantages du cerclage textile  L\u00e9ger, tr\u00e8s r\u00e9sistant  Application manuelle  Facile \u00e0 utiliser  Facilement r\u00e9utilisable  N&#039;endommage pas les surfaces peintes  Ne rouille pas  Investissement minimum  S\u00e9curit\u00e9 pour l&#039;utilisateur lors de l&#039;application et de la lib\u00e9ration  R\u00e9sistant aux intemp\u00e9ries et aux acides  Le ruban textile est tr\u00e8s souple ! Exemples d&#039;applications  S\u00e9curisation des palettes  Industrie chimique  Fen\u00eatres en bois ou en PVC  Et bien d&#039;autres opportunit\u00e9s dans l&#039;industrie....\" \/>\n<meta property=\"og:url\" content=\"https:\/\/www.karopack.be\/fr\/produit\/cerclage-textile-thermofusible\/\" \/>\n<meta property=\"og:site_name\" content=\"Karopack\" \/>\n<meta property=\"og:image\" content=\"https:\/\/www.karopack.be\/wp-content\/uploads\/2024\/08\/Textiel-hotmelt-omsnoeringsband-1.jpg\" \/>\n\t<meta property=\"og:image:width\" content=\"600\" \/>\n\t<meta property=\"og:image:height\" content=\"600\" \/>\n\t<meta property=\"og:image:type\" content=\"image\/jpeg\" \/>\n<meta name=\"twitter:card\" content=\"summary_large_image\" \/>\n<script type=\"application\/ld+json\" class=\"yoast-schema-graph\">{\"@context\":\"https:\/\/schema.org\",\"@graph\":[{\"@type\":\"WebPage\",\"@id\":\"https:\/\/www.karopack.be\/fr\/produit\/cerclage-textile-thermofusible\/\",\"url\":\"https:\/\/www.karopack.be\/fr\/produit\/cerclage-textile-thermofusible\/\",\"name\":\"Cerclage textile thermofusible - Karopack\",\"isPartOf\":{\"@id\":\"https:\/\/www.karopack.be\/fr\/#website\"},\"primaryImageOfPage\":{\"@id\":\"https:\/\/www.karopack.be\/fr\/produit\/cerclage-textile-thermofusible\/#primaryimage\"},\"image\":{\"@id\":\"https:\/\/www.karopack.be\/fr\/produit\/cerclage-textile-thermofusible\/#primaryimage\"},\"thumbnailUrl\":\"https:\/\/www.karopack.be\/wp-content\/uploads\/2024\/08\/Textiel-hotmelt-omsnoeringsband-1.jpg\",\"datePublished\":\"2024-08-10T06:01:36+00:00\",\"breadcrumb\":{\"@id\":\"https:\/\/www.karopack.be\/fr\/produit\/cerclage-textile-thermofusible\/#breadcrumb\"},\"inLanguage\":\"fr-BE\",\"potentialAction\":[{\"@type\":\"ReadAction\",\"target\":[\"https:\/\/www.karopack.be\/fr\/produit\/cerclage-textile-thermofusible\/\"]}]},{\"@type\":\"ImageObject\",\"inLanguage\":\"fr-BE\",\"@id\":\"https:\/\/www.karopack.be\/fr\/produit\/cerclage-textile-thermofusible\/#primaryimage\",\"url\":\"https:\/\/www.karopack.be\/wp-content\/uploads\/2024\/08\/Textiel-hotmelt-omsnoeringsband-1.jpg\",\"contentUrl\":\"https:\/\/www.karopack.be\/wp-content\/uploads\/2024\/08\/Textiel-hotmelt-omsnoeringsband-1.jpg\",\"width\":600,\"height\":600},{\"@type\":\"BreadcrumbList\",\"@id\":\"https:\/\/www.karopack.be\/fr\/produit\/cerclage-textile-thermofusible\/#breadcrumb\",\"itemListElement\":[{\"@type\":\"ListItem\",\"position\":1,\"name\":\"Home\",\"item\":\"https:\/\/www.karopack.be\/fr\/\"},{\"@type\":\"ListItem\",\"position\":2,\"name\":\"Shop\",\"item\":\"https:\/\/www.karopack.be\/fr\/shop\/\"},{\"@type\":\"ListItem\",\"position\":3,\"name\":\"Cerclage textile thermofusible\"}]},{\"@type\":\"WebSite\",\"@id\":\"https:\/\/www.karopack.be\/fr\/#website\",\"url\":\"https:\/\/www.karopack.be\/fr\/\",\"name\":\"Karopack\",\"description\":\"\",\"publisher\":{\"@id\":\"https:\/\/www.karopack.be\/fr\/#organization\"},\"potentialAction\":[{\"@type\":\"SearchAction\",\"target\":{\"@type\":\"EntryPoint\",\"urlTemplate\":\"https:\/\/www.karopack.be\/fr\/?s={search_term_string}\"},\"query-input\":{\"@type\":\"PropertyValueSpecification\",\"valueRequired\":true,\"valueName\":\"search_term_string\"}}],\"inLanguage\":\"fr-BE\"},{\"@type\":\"Organization\",\"@id\":\"https:\/\/www.karopack.be\/fr\/#organization\",\"name\":\"Karopack\",\"url\":\"https:\/\/www.karopack.be\/fr\/\",\"logo\":{\"@type\":\"ImageObject\",\"inLanguage\":\"fr-BE\",\"@id\":\"https:\/\/www.karopack.be\/fr\/#\/schema\/logo\/image\/\",\"url\":\"https:\/\/www.karopack.be\/wp-content\/uploads\/2024\/07\/Karopack-Logo.png\",\"contentUrl\":\"https:\/\/www.karopack.be\/wp-content\/uploads\/2024\/07\/Karopack-Logo.png\",\"width\":809,\"height\":240,\"caption\":\"Karopack\"},\"image\":{\"@id\":\"https:\/\/www.karopack.be\/fr\/#\/schema\/logo\/image\/\"}}]}<\/script>\n<!-- \/ Yoast SEO plugin. -->","yoast_head_json":{"title":"Cerclage textile thermofusible - Karopack","robots":{"index":"index","follow":"follow","max-snippet":"max-snippet:-1","max-image-preview":"max-image-preview:large","max-video-preview":"max-video-preview:-1"},"canonical":"https:\/\/www.karopack.be\/fr\/produit\/cerclage-textile-thermofusible\/","og_locale":"fr_FR","og_type":"article","og_title":"Cerclage textile thermofusible - Karopack","og_description":"Cerclage textile en polyester pour s\u00e9curiser les charges lourdes sur les palettes avec des boucles m\u00e9talliques et un tendeur. Avantages du cerclage textile  L\u00e9ger, tr\u00e8s r\u00e9sistant  Application manuelle  Facile \u00e0 utiliser  Facilement r\u00e9utilisable  N'endommage pas les surfaces peintes  Ne rouille pas  Investissement minimum  S\u00e9curit\u00e9 pour l'utilisateur lors de l'application et de la lib\u00e9ration  R\u00e9sistant aux intemp\u00e9ries et aux acides  Le ruban textile est tr\u00e8s souple ! Exemples d'applications  S\u00e9curisation des palettes  Industrie chimique  Fen\u00eatres en bois ou en PVC  Et bien d'autres opportunit\u00e9s dans l'industrie....","og_url":"https:\/\/www.karopack.be\/fr\/produit\/cerclage-textile-thermofusible\/","og_site_name":"Karopack","og_image":[{"width":600,"height":600,"url":"https:\/\/www.karopack.be\/wp-content\/uploads\/2024\/08\/Textiel-hotmelt-omsnoeringsband-1.jpg","type":"image\/jpeg"}],"twitter_card":"summary_large_image","schema":{"@context":"https:\/\/schema.org","@graph":[{"@type":"WebPage","@id":"https:\/\/www.karopack.be\/fr\/produit\/cerclage-textile-thermofusible\/","url":"https:\/\/www.karopack.be\/fr\/produit\/cerclage-textile-thermofusible\/","name":"Cerclage textile thermofusible - Karopack","isPartOf":{"@id":"https:\/\/www.karopack.be\/fr\/#website"},"primaryImageOfPage":{"@id":"https:\/\/www.karopack.be\/fr\/produit\/cerclage-textile-thermofusible\/#primaryimage"},"image":{"@id":"https:\/\/www.karopack.be\/fr\/produit\/cerclage-textile-thermofusible\/#primaryimage"},"thumbnailUrl":"https:\/\/www.karopack.be\/wp-content\/uploads\/2024\/08\/Textiel-hotmelt-omsnoeringsband-1.jpg","datePublished":"2024-08-10T06:01:36+00:00","breadcrumb":{"@id":"https:\/\/www.karopack.be\/fr\/produit\/cerclage-textile-thermofusible\/#breadcrumb"},"inLanguage":"fr-BE","potentialAction":[{"@type":"ReadAction","target":["https:\/\/www.karopack.be\/fr\/produit\/cerclage-textile-thermofusible\/"]}]},{"@type":"ImageObject","inLanguage":"fr-BE","@id":"https:\/\/www.karopack.be\/fr\/produit\/cerclage-textile-thermofusible\/#primaryimage","url":"https:\/\/www.karopack.be\/wp-content\/uploads\/2024\/08\/Textiel-hotmelt-omsnoeringsband-1.jpg","contentUrl":"https:\/\/www.karopack.be\/wp-content\/uploads\/2024\/08\/Textiel-hotmelt-omsnoeringsband-1.jpg","width":600,"height":600},{"@type":"BreadcrumbList","@id":"https:\/\/www.karopack.be\/fr\/produit\/cerclage-textile-thermofusible\/#breadcrumb","itemListElement":[{"@type":"ListItem","position":1,"name":"Home","item":"https:\/\/www.karopack.be\/fr\/"},{"@type":"ListItem","position":2,"name":"Shop","item":"https:\/\/www.karopack.be\/fr\/shop\/"},{"@type":"ListItem","position":3,"name":"Cerclage textile thermofusible"}]},{"@type":"WebSite","@id":"https:\/\/www.karopack.be\/fr\/#website","url":"https:\/\/www.karopack.be\/fr\/","name":"Karopack","description":"","publisher":{"@id":"https:\/\/www.karopack.be\/fr\/#organization"},"potentialAction":[{"@type":"SearchAction","target":{"@type":"EntryPoint","urlTemplate":"https:\/\/www.karopack.be\/fr\/?s={search_term_string}"},"query-input":{"@type":"PropertyValueSpecification","valueRequired":true,"valueName":"search_term_string"}}],"inLanguage":"fr-BE"},{"@type":"Organization","@id":"https:\/\/www.karopack.be\/fr\/#organization","name":"Karopack","url":"https:\/\/www.karopack.be\/fr\/","logo":{"@type":"ImageObject","inLanguage":"fr-BE","@id":"https:\/\/www.karopack.be\/fr\/#\/schema\/logo\/image\/","url":"https:\/\/www.karopack.be\/wp-content\/uploads\/2024\/07\/Karopack-Logo.png","contentUrl":"https:\/\/www.karopack.be\/wp-content\/uploads\/2024\/07\/Karopack-Logo.png","width":809,"height":240,"caption":"Karopack"},"image":{"@id":"https:\/\/www.karopack.be\/fr\/#\/schema\/logo\/image\/"}}]}},"_links":{"self":[{"href":"https:\/\/www.karopack.be\/fr\/wp-json\/wp\/v2\/product\/4008","targetHints":{"allow":["GET"]}}],"collection":[{"href":"https:\/\/www.karopack.be\/fr\/wp-json\/wp\/v2\/product"}],"about":[{"href":"https:\/\/www.karopack.be\/fr\/wp-json\/wp\/v2\/types\/product"}],"replies":[{"embeddable":true,"href":"https:\/\/www.karopack.be\/fr\/wp-json\/wp\/v2\/comments?post=4008"}],"wp:featuredmedia":[{"embeddable":true,"href":"https:\/\/www.karopack.be\/fr\/wp-json\/wp\/v2\/media\/3665"}],"wp:attachment":[{"href":"https:\/\/www.karopack.be\/fr\/wp-json\/wp\/v2\/media?parent=4008"}],"wp:term":[{"taxonomy":"product_brand","embeddable":true,"href":"https:\/\/www.karopack.be\/fr\/wp-json\/wp\/v2\/product_brand?post=4008"},{"taxonomy":"product_cat","embeddable":true,"href":"https:\/\/www.karopack.be\/fr\/wp-json\/wp\/v2\/product_cat?post=4008"},{"taxonomy":"product_tag","embeddable":true,"href":"https:\/\/www.karopack.be\/fr\/wp-json\/wp\/v2\/product_tag?post=4008"}],"curies":[{"name":"wp","href":"https:\/\/api.w.org\/{rel}","templated":true}]}}