{"id":4011,"date":"2024-08-10T05:58:50","date_gmt":"2024-08-10T05:58:50","guid":{"rendered":"https:\/\/www.karopack.be\/product\/cerclage-en-polyprolylene\/"},"modified":"2024-08-10T05:58:50","modified_gmt":"2024-08-10T05:58:50","slug":"cerclage-en-polyprolylene","status":"publish","type":"product","link":"https:\/\/www.karopack.be\/fr\/produit\/cerclage-en-polyprolylene\/","title":{"rendered":"Cerclage en polyprolyl\u00e8ne"},"content":{"rendered":"<ul>\n<li>Cerclage en polypropyl\u00e8ne ou cerclage en PP.<\/li>\n<li>Les cerclages en PP conviennent au cerclage de palettes, de bo\u00eetes et d&#8217;emballages.<\/li>\n<li>Les cerclages en polypropyl\u00e8ne peuvent \u00eatre utilis\u00e9s aussi bien pour les cerclages m\u00e9caniques que pour les cerclages manuels.<\/li>\n<li>La bande en PP est \u00e9lastique, absorbe les chocs et conserve parfaitement sa forme.<\/li>\n<li>Vous pouvez \u00e9galement serrer manuellement la sangle PP avec des boucles m\u00e9talliques.<\/li>\n<\/ul>\n","protected":false},"excerpt":{"rendered":"<p>Feuillard plastique pour applications manuelles et pour utilisation sur machines.<\/p>\n<h4>Avantages du ruban PP<\/h4>\n<ul>\n<li>Bon march\u00e9.<\/li>\n<li>Utilisation s\u00fbre.<\/li>\n<li>Facile \u00e0 utiliser avec des boucles et des scell\u00e9s, ou sur des cercleuses semi-automatiques et enti\u00e8rement automatiques.<\/li>\n<li>Convient pour les charges l\u00e9g\u00e8res et moyennes.<\/li>\n<li>Des cerclages imprim\u00e9s sont \u00e9galement disponibles.<\/li>\n<li>Disponible en blanc, noir et bleu en standard, autres couleurs sur demande.<\/li>\n<li>\u00c9galement disponible dans une bo\u00eete distributrice pratique \u00e0 utiliser avec des boucles en PP ou en acier.<\/li>\n<\/ul>\n","protected":false},"featured_media":3659,"comment_status":"open","ping_status":"closed","template":"","meta":[],"product_brand":[],"product_cat":[85],"product_tag":[],"class_list":{"0":"post-4011","1":"product","2":"type-product","3":"status-publish","4":"has-post-thumbnail","6":"product_cat-materiel-demballage","8":"first","9":"instock","10":"shipping-taxable","11":"product-type-simple"},"yoast_head":"<!-- This site is optimized with the Yoast SEO plugin v26.9 - https:\/\/yoast.com\/product\/yoast-seo-wordpress\/ -->\n<title>Cerclage en polyprolyl\u00e8ne - Karopack<\/title>\n<meta name=\"robots\" content=\"index, follow, max-snippet:-1, max-image-preview:large, max-video-preview:-1\" \/>\n<link rel=\"canonical\" href=\"https:\/\/www.karopack.be\/fr\/produit\/cerclage-en-polyprolylene\/\" \/>\n<meta property=\"og:locale\" content=\"fr_FR\" \/>\n<meta property=\"og:type\" content=\"article\" \/>\n<meta property=\"og:title\" content=\"Cerclage en polyprolyl\u00e8ne - Karopack\" \/>\n<meta property=\"og:description\" content=\"Feuillard plastique pour applications manuelles et pour utilisation sur machines. Avantages du ruban PP  Bon march\u00e9.  Utilisation s\u00fbre.  Facile \u00e0 utiliser avec des boucles et des scell\u00e9s, ou sur des cercleuses semi-automatiques et enti\u00e8rement automatiques.  Convient pour les charges l\u00e9g\u00e8res et moyennes.  Des cerclages imprim\u00e9s sont \u00e9galement disponibles.  Disponible en blanc, noir et bleu en standard, autres couleurs sur demande.  \u00c9galement disponible dans une bo\u00eete distributrice pratique \u00e0 utiliser avec des boucles en PP ou en acier.\" \/>\n<meta property=\"og:url\" content=\"https:\/\/www.karopack.be\/fr\/produit\/cerclage-en-polyprolylene\/\" \/>\n<meta property=\"og:site_name\" content=\"Karopack\" \/>\n<meta property=\"og:image\" content=\"https:\/\/www.karopack.be\/wp-content\/uploads\/2024\/08\/PProllen-algemeen.jpg\" \/>\n\t<meta property=\"og:image:width\" content=\"600\" \/>\n\t<meta property=\"og:image:height\" content=\"600\" \/>\n\t<meta property=\"og:image:type\" content=\"image\/jpeg\" \/>\n<meta name=\"twitter:card\" content=\"summary_large_image\" \/>\n<script type=\"application\/ld+json\" class=\"yoast-schema-graph\">{\"@context\":\"https:\/\/schema.org\",\"@graph\":[{\"@type\":\"WebPage\",\"@id\":\"https:\/\/www.karopack.be\/fr\/produit\/cerclage-en-polyprolylene\/\",\"url\":\"https:\/\/www.karopack.be\/fr\/produit\/cerclage-en-polyprolylene\/\",\"name\":\"Cerclage en polyprolyl\u00e8ne - Karopack\",\"isPartOf\":{\"@id\":\"https:\/\/www.karopack.be\/fr\/#website\"},\"primaryImageOfPage\":{\"@id\":\"https:\/\/www.karopack.be\/fr\/produit\/cerclage-en-polyprolylene\/#primaryimage\"},\"image\":{\"@id\":\"https:\/\/www.karopack.be\/fr\/produit\/cerclage-en-polyprolylene\/#primaryimage\"},\"thumbnailUrl\":\"https:\/\/www.karopack.be\/wp-content\/uploads\/2024\/08\/PProllen-algemeen.jpg\",\"datePublished\":\"2024-08-10T05:58:50+00:00\",\"breadcrumb\":{\"@id\":\"https:\/\/www.karopack.be\/fr\/produit\/cerclage-en-polyprolylene\/#breadcrumb\"},\"inLanguage\":\"fr-BE\",\"potentialAction\":[{\"@type\":\"ReadAction\",\"target\":[\"https:\/\/www.karopack.be\/fr\/produit\/cerclage-en-polyprolylene\/\"]}]},{\"@type\":\"ImageObject\",\"inLanguage\":\"fr-BE\",\"@id\":\"https:\/\/www.karopack.be\/fr\/produit\/cerclage-en-polyprolylene\/#primaryimage\",\"url\":\"https:\/\/www.karopack.be\/wp-content\/uploads\/2024\/08\/PProllen-algemeen.jpg\",\"contentUrl\":\"https:\/\/www.karopack.be\/wp-content\/uploads\/2024\/08\/PProllen-algemeen.jpg\",\"width\":600,\"height\":600},{\"@type\":\"BreadcrumbList\",\"@id\":\"https:\/\/www.karopack.be\/fr\/produit\/cerclage-en-polyprolylene\/#breadcrumb\",\"itemListElement\":[{\"@type\":\"ListItem\",\"position\":1,\"name\":\"Home\",\"item\":\"https:\/\/www.karopack.be\/fr\/\"},{\"@type\":\"ListItem\",\"position\":2,\"name\":\"Shop\",\"item\":\"https:\/\/www.karopack.be\/fr\/shop\/\"},{\"@type\":\"ListItem\",\"position\":3,\"name\":\"Cerclage en polyprolyl\u00e8ne\"}]},{\"@type\":\"WebSite\",\"@id\":\"https:\/\/www.karopack.be\/fr\/#website\",\"url\":\"https:\/\/www.karopack.be\/fr\/\",\"name\":\"Karopack\",\"description\":\"\",\"publisher\":{\"@id\":\"https:\/\/www.karopack.be\/fr\/#organization\"},\"potentialAction\":[{\"@type\":\"SearchAction\",\"target\":{\"@type\":\"EntryPoint\",\"urlTemplate\":\"https:\/\/www.karopack.be\/fr\/?s={search_term_string}\"},\"query-input\":{\"@type\":\"PropertyValueSpecification\",\"valueRequired\":true,\"valueName\":\"search_term_string\"}}],\"inLanguage\":\"fr-BE\"},{\"@type\":\"Organization\",\"@id\":\"https:\/\/www.karopack.be\/fr\/#organization\",\"name\":\"Karopack\",\"url\":\"https:\/\/www.karopack.be\/fr\/\",\"logo\":{\"@type\":\"ImageObject\",\"inLanguage\":\"fr-BE\",\"@id\":\"https:\/\/www.karopack.be\/fr\/#\/schema\/logo\/image\/\",\"url\":\"https:\/\/www.karopack.be\/wp-content\/uploads\/2024\/07\/Karopack-Logo.png\",\"contentUrl\":\"https:\/\/www.karopack.be\/wp-content\/uploads\/2024\/07\/Karopack-Logo.png\",\"width\":809,\"height\":240,\"caption\":\"Karopack\"},\"image\":{\"@id\":\"https:\/\/www.karopack.be\/fr\/#\/schema\/logo\/image\/\"}}]}<\/script>\n<!-- \/ Yoast SEO plugin. -->","yoast_head_json":{"title":"Cerclage en polyprolyl\u00e8ne - Karopack","robots":{"index":"index","follow":"follow","max-snippet":"max-snippet:-1","max-image-preview":"max-image-preview:large","max-video-preview":"max-video-preview:-1"},"canonical":"https:\/\/www.karopack.be\/fr\/produit\/cerclage-en-polyprolylene\/","og_locale":"fr_FR","og_type":"article","og_title":"Cerclage en polyprolyl\u00e8ne - Karopack","og_description":"Feuillard plastique pour applications manuelles et pour utilisation sur machines. Avantages du ruban PP  Bon march\u00e9.  Utilisation s\u00fbre.  Facile \u00e0 utiliser avec des boucles et des scell\u00e9s, ou sur des cercleuses semi-automatiques et enti\u00e8rement automatiques.  Convient pour les charges l\u00e9g\u00e8res et moyennes.  Des cerclages imprim\u00e9s sont \u00e9galement disponibles.  Disponible en blanc, noir et bleu en standard, autres couleurs sur demande.  \u00c9galement disponible dans une bo\u00eete distributrice pratique \u00e0 utiliser avec des boucles en PP ou en acier.","og_url":"https:\/\/www.karopack.be\/fr\/produit\/cerclage-en-polyprolylene\/","og_site_name":"Karopack","og_image":[{"width":600,"height":600,"url":"https:\/\/www.karopack.be\/wp-content\/uploads\/2024\/08\/PProllen-algemeen.jpg","type":"image\/jpeg"}],"twitter_card":"summary_large_image","schema":{"@context":"https:\/\/schema.org","@graph":[{"@type":"WebPage","@id":"https:\/\/www.karopack.be\/fr\/produit\/cerclage-en-polyprolylene\/","url":"https:\/\/www.karopack.be\/fr\/produit\/cerclage-en-polyprolylene\/","name":"Cerclage en polyprolyl\u00e8ne - Karopack","isPartOf":{"@id":"https:\/\/www.karopack.be\/fr\/#website"},"primaryImageOfPage":{"@id":"https:\/\/www.karopack.be\/fr\/produit\/cerclage-en-polyprolylene\/#primaryimage"},"image":{"@id":"https:\/\/www.karopack.be\/fr\/produit\/cerclage-en-polyprolylene\/#primaryimage"},"thumbnailUrl":"https:\/\/www.karopack.be\/wp-content\/uploads\/2024\/08\/PProllen-algemeen.jpg","datePublished":"2024-08-10T05:58:50+00:00","breadcrumb":{"@id":"https:\/\/www.karopack.be\/fr\/produit\/cerclage-en-polyprolylene\/#breadcrumb"},"inLanguage":"fr-BE","potentialAction":[{"@type":"ReadAction","target":["https:\/\/www.karopack.be\/fr\/produit\/cerclage-en-polyprolylene\/"]}]},{"@type":"ImageObject","inLanguage":"fr-BE","@id":"https:\/\/www.karopack.be\/fr\/produit\/cerclage-en-polyprolylene\/#primaryimage","url":"https:\/\/www.karopack.be\/wp-content\/uploads\/2024\/08\/PProllen-algemeen.jpg","contentUrl":"https:\/\/www.karopack.be\/wp-content\/uploads\/2024\/08\/PProllen-algemeen.jpg","width":600,"height":600},{"@type":"BreadcrumbList","@id":"https:\/\/www.karopack.be\/fr\/produit\/cerclage-en-polyprolylene\/#breadcrumb","itemListElement":[{"@type":"ListItem","position":1,"name":"Home","item":"https:\/\/www.karopack.be\/fr\/"},{"@type":"ListItem","position":2,"name":"Shop","item":"https:\/\/www.karopack.be\/fr\/shop\/"},{"@type":"ListItem","position":3,"name":"Cerclage en polyprolyl\u00e8ne"}]},{"@type":"WebSite","@id":"https:\/\/www.karopack.be\/fr\/#website","url":"https:\/\/www.karopack.be\/fr\/","name":"Karopack","description":"","publisher":{"@id":"https:\/\/www.karopack.be\/fr\/#organization"},"potentialAction":[{"@type":"SearchAction","target":{"@type":"EntryPoint","urlTemplate":"https:\/\/www.karopack.be\/fr\/?s={search_term_string}"},"query-input":{"@type":"PropertyValueSpecification","valueRequired":true,"valueName":"search_term_string"}}],"inLanguage":"fr-BE"},{"@type":"Organization","@id":"https:\/\/www.karopack.be\/fr\/#organization","name":"Karopack","url":"https:\/\/www.karopack.be\/fr\/","logo":{"@type":"ImageObject","inLanguage":"fr-BE","@id":"https:\/\/www.karopack.be\/fr\/#\/schema\/logo\/image\/","url":"https:\/\/www.karopack.be\/wp-content\/uploads\/2024\/07\/Karopack-Logo.png","contentUrl":"https:\/\/www.karopack.be\/wp-content\/uploads\/2024\/07\/Karopack-Logo.png","width":809,"height":240,"caption":"Karopack"},"image":{"@id":"https:\/\/www.karopack.be\/fr\/#\/schema\/logo\/image\/"}}]}},"_links":{"self":[{"href":"https:\/\/www.karopack.be\/fr\/wp-json\/wp\/v2\/product\/4011","targetHints":{"allow":["GET"]}}],"collection":[{"href":"https:\/\/www.karopack.be\/fr\/wp-json\/wp\/v2\/product"}],"about":[{"href":"https:\/\/www.karopack.be\/fr\/wp-json\/wp\/v2\/types\/product"}],"replies":[{"embeddable":true,"href":"https:\/\/www.karopack.be\/fr\/wp-json\/wp\/v2\/comments?post=4011"}],"wp:featuredmedia":[{"embeddable":true,"href":"https:\/\/www.karopack.be\/fr\/wp-json\/wp\/v2\/media\/3659"}],"wp:attachment":[{"href":"https:\/\/www.karopack.be\/fr\/wp-json\/wp\/v2\/media?parent=4011"}],"wp:term":[{"taxonomy":"product_brand","embeddable":true,"href":"https:\/\/www.karopack.be\/fr\/wp-json\/wp\/v2\/product_brand?post=4011"},{"taxonomy":"product_cat","embeddable":true,"href":"https:\/\/www.karopack.be\/fr\/wp-json\/wp\/v2\/product_cat?post=4011"},{"taxonomy":"product_tag","embeddable":true,"href":"https:\/\/www.karopack.be\/fr\/wp-json\/wp\/v2\/product_tag?post=4011"}],"curies":[{"name":"wp","href":"https:\/\/api.w.org\/{rel}","templated":true}]}}