{"id":4025,"date":"2024-08-09T05:28:29","date_gmt":"2024-08-09T05:28:29","guid":{"rendered":"https:\/\/www.karopack.be\/product\/derouleuse-h-83\/"},"modified":"2024-08-09T05:28:29","modified_gmt":"2024-08-09T05:28:29","slug":"derouleuse-h-83","status":"publish","type":"product","link":"https:\/\/www.karopack.be\/fr\/produit\/derouleuse-h-83\/","title":{"rendered":"D\u00e9rouleuse H-83"},"content":{"rendered":"<ul>\n<li>Pour cerclage PP et composite<\/li>\n<li>Conception robuste et r\u00e9sistante<\/li>\n<li>Noyau du pneu 200mm<\/li>\n<\/ul>\n","protected":false},"excerpt":{"rendered":"<p data-sourcepos=\"3:1-3:53\"><strong>D\u00e9rouleurs robustes pour une utilisation industrielle intensive<\/strong><\/p>\n<p data-sourcepos=\"5:1-5:64\">Ces d\u00e9rouleurs sont sp\u00e9cialement con\u00e7us pour un usage intensif et conviennent \u00e0 diff\u00e9rents types de cerclage, y compris le PP, le PET, le textile et m\u00eame le feuillard d&rsquo;acier \u00e0 enroulement oscillant. Leur conception robuste garantit leur durabilit\u00e9 et leur fiabilit\u00e9, m\u00eame dans les environnements les plus exigeants. <\/p>\n<h4 data-sourcepos=\"7:1-7:17\">Parfait pour :<\/h4>\n<ul data-sourcepos=\"9:1-9:12\">\n<li data-sourcepos=\"9:1-9:12\">Centres logistiques<\/li>\n<li data-sourcepos=\"10:1-10:20\">Entreprises manufacturi\u00e8res<\/li>\n<li data-sourcepos=\"11:1-11:12\">Secteur de la construction<\/li>\n<li data-sourcepos=\"12:1-12:69\">Et autres secteurs o\u00f9 des op\u00e9rations de cerclage lourdes ont lieu<\/li>\n<\/ul>\n","protected":false},"featured_media":3643,"comment_status":"open","ping_status":"closed","template":"","meta":[],"product_brand":[],"product_cat":[85],"product_tag":[],"class_list":{"0":"post-4025","1":"product","2":"type-product","3":"status-publish","4":"has-post-thumbnail","6":"product_cat-materiel-demballage","8":"first","9":"instock","10":"shipping-taxable","11":"product-type-simple"},"yoast_head":"<!-- This site is optimized with the Yoast SEO plugin v26.9 - https:\/\/yoast.com\/product\/yoast-seo-wordpress\/ -->\n<title>D\u00e9rouleuse H-83 - Karopack<\/title>\n<meta name=\"robots\" content=\"index, follow, max-snippet:-1, max-image-preview:large, max-video-preview:-1\" \/>\n<link rel=\"canonical\" href=\"https:\/\/www.karopack.be\/fr\/produit\/derouleuse-h-83\/\" \/>\n<meta property=\"og:locale\" content=\"fr_FR\" \/>\n<meta property=\"og:type\" content=\"article\" \/>\n<meta property=\"og:title\" content=\"D\u00e9rouleuse H-83 - Karopack\" \/>\n<meta property=\"og:description\" content=\"D\u00e9rouleurs robustes pour une utilisation industrielle intensive Ces d\u00e9rouleurs sont sp\u00e9cialement con\u00e7us pour un usage intensif et conviennent \u00e0 diff\u00e9rents types de cerclage, y compris le PP, le PET, le textile et m\u00eame le feuillard d&#039;acier \u00e0 enroulement oscillant. Leur conception robuste garantit leur durabilit\u00e9 et leur fiabilit\u00e9, m\u00eame dans les environnements les plus exigeants.  Parfait pour :  Centres logistiques  Entreprises manufacturi\u00e8res  Secteur de la construction  Et autres secteurs o\u00f9 des op\u00e9rations de cerclage lourdes ont lieu\" \/>\n<meta property=\"og:url\" content=\"https:\/\/www.karopack.be\/fr\/produit\/derouleuse-h-83\/\" \/>\n<meta property=\"og:site_name\" content=\"Karopack\" \/>\n<meta property=\"og:image\" content=\"https:\/\/www.karopack.be\/wp-content\/uploads\/2024\/08\/H-83.jpg\" \/>\n\t<meta property=\"og:image:width\" content=\"400\" \/>\n\t<meta property=\"og:image:height\" content=\"400\" \/>\n\t<meta property=\"og:image:type\" content=\"image\/jpeg\" \/>\n<meta name=\"twitter:card\" content=\"summary_large_image\" \/>\n<script type=\"application\/ld+json\" class=\"yoast-schema-graph\">{\"@context\":\"https:\/\/schema.org\",\"@graph\":[{\"@type\":\"WebPage\",\"@id\":\"https:\/\/www.karopack.be\/fr\/produit\/derouleuse-h-83\/\",\"url\":\"https:\/\/www.karopack.be\/fr\/produit\/derouleuse-h-83\/\",\"name\":\"D\u00e9rouleuse H-83 - Karopack\",\"isPartOf\":{\"@id\":\"https:\/\/www.karopack.be\/fr\/#website\"},\"primaryImageOfPage\":{\"@id\":\"https:\/\/www.karopack.be\/fr\/produit\/derouleuse-h-83\/#primaryimage\"},\"image\":{\"@id\":\"https:\/\/www.karopack.be\/fr\/produit\/derouleuse-h-83\/#primaryimage\"},\"thumbnailUrl\":\"https:\/\/www.karopack.be\/wp-content\/uploads\/2024\/08\/H-83.jpg\",\"datePublished\":\"2024-08-09T05:28:29+00:00\",\"breadcrumb\":{\"@id\":\"https:\/\/www.karopack.be\/fr\/produit\/derouleuse-h-83\/#breadcrumb\"},\"inLanguage\":\"fr-BE\",\"potentialAction\":[{\"@type\":\"ReadAction\",\"target\":[\"https:\/\/www.karopack.be\/fr\/produit\/derouleuse-h-83\/\"]}]},{\"@type\":\"ImageObject\",\"inLanguage\":\"fr-BE\",\"@id\":\"https:\/\/www.karopack.be\/fr\/produit\/derouleuse-h-83\/#primaryimage\",\"url\":\"https:\/\/www.karopack.be\/wp-content\/uploads\/2024\/08\/H-83.jpg\",\"contentUrl\":\"https:\/\/www.karopack.be\/wp-content\/uploads\/2024\/08\/H-83.jpg\",\"width\":400,\"height\":400},{\"@type\":\"BreadcrumbList\",\"@id\":\"https:\/\/www.karopack.be\/fr\/produit\/derouleuse-h-83\/#breadcrumb\",\"itemListElement\":[{\"@type\":\"ListItem\",\"position\":1,\"name\":\"Home\",\"item\":\"https:\/\/www.karopack.be\/fr\/\"},{\"@type\":\"ListItem\",\"position\":2,\"name\":\"Shop\",\"item\":\"https:\/\/www.karopack.be\/fr\/shop\/\"},{\"@type\":\"ListItem\",\"position\":3,\"name\":\"D\u00e9rouleuse H-83\"}]},{\"@type\":\"WebSite\",\"@id\":\"https:\/\/www.karopack.be\/fr\/#website\",\"url\":\"https:\/\/www.karopack.be\/fr\/\",\"name\":\"Karopack\",\"description\":\"\",\"publisher\":{\"@id\":\"https:\/\/www.karopack.be\/fr\/#organization\"},\"potentialAction\":[{\"@type\":\"SearchAction\",\"target\":{\"@type\":\"EntryPoint\",\"urlTemplate\":\"https:\/\/www.karopack.be\/fr\/?s={search_term_string}\"},\"query-input\":{\"@type\":\"PropertyValueSpecification\",\"valueRequired\":true,\"valueName\":\"search_term_string\"}}],\"inLanguage\":\"fr-BE\"},{\"@type\":\"Organization\",\"@id\":\"https:\/\/www.karopack.be\/fr\/#organization\",\"name\":\"Karopack\",\"url\":\"https:\/\/www.karopack.be\/fr\/\",\"logo\":{\"@type\":\"ImageObject\",\"inLanguage\":\"fr-BE\",\"@id\":\"https:\/\/www.karopack.be\/fr\/#\/schema\/logo\/image\/\",\"url\":\"https:\/\/www.karopack.be\/wp-content\/uploads\/2024\/07\/Karopack-Logo.png\",\"contentUrl\":\"https:\/\/www.karopack.be\/wp-content\/uploads\/2024\/07\/Karopack-Logo.png\",\"width\":809,\"height\":240,\"caption\":\"Karopack\"},\"image\":{\"@id\":\"https:\/\/www.karopack.be\/fr\/#\/schema\/logo\/image\/\"}}]}<\/script>\n<!-- \/ Yoast SEO plugin. -->","yoast_head_json":{"title":"D\u00e9rouleuse H-83 - Karopack","robots":{"index":"index","follow":"follow","max-snippet":"max-snippet:-1","max-image-preview":"max-image-preview:large","max-video-preview":"max-video-preview:-1"},"canonical":"https:\/\/www.karopack.be\/fr\/produit\/derouleuse-h-83\/","og_locale":"fr_FR","og_type":"article","og_title":"D\u00e9rouleuse H-83 - Karopack","og_description":"D\u00e9rouleurs robustes pour une utilisation industrielle intensive Ces d\u00e9rouleurs sont sp\u00e9cialement con\u00e7us pour un usage intensif et conviennent \u00e0 diff\u00e9rents types de cerclage, y compris le PP, le PET, le textile et m\u00eame le feuillard d'acier \u00e0 enroulement oscillant. Leur conception robuste garantit leur durabilit\u00e9 et leur fiabilit\u00e9, m\u00eame dans les environnements les plus exigeants.  Parfait pour :  Centres logistiques  Entreprises manufacturi\u00e8res  Secteur de la construction  Et autres secteurs o\u00f9 des op\u00e9rations de cerclage lourdes ont lieu","og_url":"https:\/\/www.karopack.be\/fr\/produit\/derouleuse-h-83\/","og_site_name":"Karopack","og_image":[{"width":400,"height":400,"url":"https:\/\/www.karopack.be\/wp-content\/uploads\/2024\/08\/H-83.jpg","type":"image\/jpeg"}],"twitter_card":"summary_large_image","schema":{"@context":"https:\/\/schema.org","@graph":[{"@type":"WebPage","@id":"https:\/\/www.karopack.be\/fr\/produit\/derouleuse-h-83\/","url":"https:\/\/www.karopack.be\/fr\/produit\/derouleuse-h-83\/","name":"D\u00e9rouleuse H-83 - Karopack","isPartOf":{"@id":"https:\/\/www.karopack.be\/fr\/#website"},"primaryImageOfPage":{"@id":"https:\/\/www.karopack.be\/fr\/produit\/derouleuse-h-83\/#primaryimage"},"image":{"@id":"https:\/\/www.karopack.be\/fr\/produit\/derouleuse-h-83\/#primaryimage"},"thumbnailUrl":"https:\/\/www.karopack.be\/wp-content\/uploads\/2024\/08\/H-83.jpg","datePublished":"2024-08-09T05:28:29+00:00","breadcrumb":{"@id":"https:\/\/www.karopack.be\/fr\/produit\/derouleuse-h-83\/#breadcrumb"},"inLanguage":"fr-BE","potentialAction":[{"@type":"ReadAction","target":["https:\/\/www.karopack.be\/fr\/produit\/derouleuse-h-83\/"]}]},{"@type":"ImageObject","inLanguage":"fr-BE","@id":"https:\/\/www.karopack.be\/fr\/produit\/derouleuse-h-83\/#primaryimage","url":"https:\/\/www.karopack.be\/wp-content\/uploads\/2024\/08\/H-83.jpg","contentUrl":"https:\/\/www.karopack.be\/wp-content\/uploads\/2024\/08\/H-83.jpg","width":400,"height":400},{"@type":"BreadcrumbList","@id":"https:\/\/www.karopack.be\/fr\/produit\/derouleuse-h-83\/#breadcrumb","itemListElement":[{"@type":"ListItem","position":1,"name":"Home","item":"https:\/\/www.karopack.be\/fr\/"},{"@type":"ListItem","position":2,"name":"Shop","item":"https:\/\/www.karopack.be\/fr\/shop\/"},{"@type":"ListItem","position":3,"name":"D\u00e9rouleuse H-83"}]},{"@type":"WebSite","@id":"https:\/\/www.karopack.be\/fr\/#website","url":"https:\/\/www.karopack.be\/fr\/","name":"Karopack","description":"","publisher":{"@id":"https:\/\/www.karopack.be\/fr\/#organization"},"potentialAction":[{"@type":"SearchAction","target":{"@type":"EntryPoint","urlTemplate":"https:\/\/www.karopack.be\/fr\/?s={search_term_string}"},"query-input":{"@type":"PropertyValueSpecification","valueRequired":true,"valueName":"search_term_string"}}],"inLanguage":"fr-BE"},{"@type":"Organization","@id":"https:\/\/www.karopack.be\/fr\/#organization","name":"Karopack","url":"https:\/\/www.karopack.be\/fr\/","logo":{"@type":"ImageObject","inLanguage":"fr-BE","@id":"https:\/\/www.karopack.be\/fr\/#\/schema\/logo\/image\/","url":"https:\/\/www.karopack.be\/wp-content\/uploads\/2024\/07\/Karopack-Logo.png","contentUrl":"https:\/\/www.karopack.be\/wp-content\/uploads\/2024\/07\/Karopack-Logo.png","width":809,"height":240,"caption":"Karopack"},"image":{"@id":"https:\/\/www.karopack.be\/fr\/#\/schema\/logo\/image\/"}}]}},"_links":{"self":[{"href":"https:\/\/www.karopack.be\/fr\/wp-json\/wp\/v2\/product\/4025","targetHints":{"allow":["GET"]}}],"collection":[{"href":"https:\/\/www.karopack.be\/fr\/wp-json\/wp\/v2\/product"}],"about":[{"href":"https:\/\/www.karopack.be\/fr\/wp-json\/wp\/v2\/types\/product"}],"replies":[{"embeddable":true,"href":"https:\/\/www.karopack.be\/fr\/wp-json\/wp\/v2\/comments?post=4025"}],"wp:featuredmedia":[{"embeddable":true,"href":"https:\/\/www.karopack.be\/fr\/wp-json\/wp\/v2\/media\/3643"}],"wp:attachment":[{"href":"https:\/\/www.karopack.be\/fr\/wp-json\/wp\/v2\/media?parent=4025"}],"wp:term":[{"taxonomy":"product_brand","embeddable":true,"href":"https:\/\/www.karopack.be\/fr\/wp-json\/wp\/v2\/product_brand?post=4025"},{"taxonomy":"product_cat","embeddable":true,"href":"https:\/\/www.karopack.be\/fr\/wp-json\/wp\/v2\/product_cat?post=4025"},{"taxonomy":"product_tag","embeddable":true,"href":"https:\/\/www.karopack.be\/fr\/wp-json\/wp\/v2\/product_tag?post=4025"}],"curies":[{"name":"wp","href":"https:\/\/api.w.org\/{rel}","templated":true}]}}