{"id":4035,"date":"2024-08-09T04:54:13","date_gmt":"2024-08-09T04:54:13","guid":{"rendered":"https:\/\/www.karopack.be\/product\/secheur-laveur-stefix-800-maxibull\/"},"modified":"2024-08-09T04:54:13","modified_gmt":"2024-08-09T04:54:13","slug":"secheur-laveur-stefix-800-maxibull","status":"publish","type":"product","link":"https:\/\/www.karopack.be\/fr\/produit\/secheur-laveur-stefix-800-maxibull\/","title":{"rendered":"S\u00e9cheur-laveur Stefix 800 Maxibull"},"content":{"rendered":"<ul>\n<li>Autolaveuse\/aspirateur<\/li>\n<li>Type : Stefix 800 Maxi Bull<\/li>\n<li>Dimensions (LxLxH) : 136x83x103 cm.<\/li>\n<li>Capacit\u00e9 : 2 900 m2 p\/h<\/li>\n<li>largeur de la brosse 800 mm.<\/li>\n<li>pression de la brosse 50-70 kg.<\/li>\n<li>largeur de la bouche d&rsquo;aspiration 1030 mm.<\/li>\n<li>capacit\u00e9 du r\u00e9servoir d&rsquo;eau douce 80 ltr.<\/li>\n<li>capacit\u00e9 du r\u00e9servoir \u00e0 eau 80 ltr.<\/li>\n<li>avec batterie de traction de 24 volts 185 Ah<\/li>\n<li>avec chargeur de batterie \u00e0 haute fr\u00e9quence<\/li>\n<li>avec indicateur de batterie<\/li>\n<\/ul>\n<p><a href=\"https:\/\/www.steenks-service.nl\/schoonmaakmachines\/schrobmachine\/schrobmachine-stefix-800b-RE0000198\/\" target=\"_blank\" rel=\"noopener\">Cliquez ici<\/a> pour plus d&rsquo;informations sur cette machine.<\/p>\n","protected":false},"excerpt":{"rendered":"<p>La Stefix 800B est une machine \u00e0 brosser\/aspirer de haute qualit\u00e9 avec une brosse de 800 mm de large. La machine est dot\u00e9e de commandes conviviales et est tr\u00e8s pratique \u00e0 utiliser. Le r\u00e9servoir d&rsquo;eau fra\u00eeche est facile \u00e0 remplir et le r\u00e9servoir d&rsquo;eau sale est \u00e9quip\u00e9 d&rsquo;un tuyau de vidange pratique pour \u00e9vacuer l&rsquo;eau sale. La machine fonctionne avec une batterie de 24 volts. Cela vous permet de passer facilement autour ou en dessous de tout, car il n&rsquo;y a pas de c\u00e2ble d&rsquo;alimentation.      <\/p>\n<h4>Avantages<\/h4>\n<ul>\n<li>Nettoyage et s\u00e9chage instantan\u00e9s<\/li>\n<li>R\u00e9duction des co\u00fbts de main-d&rsquo;\u0153uvre<\/li>\n<li>Les pi\u00e8ces d&rsquo;usure sont facilement et rapidement interchangeables<\/li>\n<li>Le r\u00e9servoir d&rsquo;eau propre est facile \u00e0 remplir<\/li>\n<li>Le r\u00e9servoir d&rsquo;eau sale est facilement vidangeable<\/li>\n<li>Fonctionnement simple et convivial<\/li>\n<\/ul>\n","protected":false},"featured_media":3609,"comment_status":"open","ping_status":"closed","template":"","meta":[],"product_brand":[],"product_cat":[88],"product_tag":[],"class_list":{"0":"post-4035","1":"product","2":"type-product","3":"status-publish","4":"has-post-thumbnail","6":"product_cat-balayeuses-et-aspirateurs","8":"first","9":"instock","10":"shipping-taxable","11":"product-type-simple"},"yoast_head":"<!-- This site is optimized with the Yoast SEO plugin v26.9 - https:\/\/yoast.com\/product\/yoast-seo-wordpress\/ -->\n<title>S\u00e9cheur-laveur Stefix 800 Maxibull - Karopack<\/title>\n<meta name=\"robots\" content=\"index, follow, max-snippet:-1, max-image-preview:large, max-video-preview:-1\" \/>\n<link rel=\"canonical\" href=\"https:\/\/www.karopack.be\/fr\/produit\/secheur-laveur-stefix-800-maxibull\/\" \/>\n<meta property=\"og:locale\" content=\"fr_FR\" \/>\n<meta property=\"og:type\" content=\"article\" \/>\n<meta property=\"og:title\" content=\"S\u00e9cheur-laveur Stefix 800 Maxibull - Karopack\" \/>\n<meta property=\"og:description\" content=\"La Stefix 800B est une machine \u00e0 brosser\/aspirer de haute qualit\u00e9 avec une brosse de 800 mm de large. La machine est dot\u00e9e de commandes conviviales et est tr\u00e8s pratique \u00e0 utiliser. Le r\u00e9servoir d&#039;eau fra\u00eeche est facile \u00e0 remplir et le r\u00e9servoir d&#039;eau sale est \u00e9quip\u00e9 d&#039;un tuyau de vidange pratique pour \u00e9vacuer l&#039;eau sale. La machine fonctionne avec une batterie de 24 volts. Cela vous permet de passer facilement autour ou en dessous de tout, car il n&#039;y a pas de c\u00e2ble d&#039;alimentation.   Avantages  Nettoyage et s\u00e9chage instantan\u00e9s  R\u00e9duction des co\u00fbts de main-d&#039;\u0153uvre  Les pi\u00e8ces d&#039;usure sont facilement et rapidement interchangeables  Le r\u00e9servoir d&#039;eau propre est facile \u00e0 remplir  Le r\u00e9servoir d&#039;eau sale est facilement vidangeable  Fonctionnement simple et convivial\" \/>\n<meta property=\"og:url\" content=\"https:\/\/www.karopack.be\/fr\/produit\/secheur-laveur-stefix-800-maxibull\/\" \/>\n<meta property=\"og:site_name\" content=\"Karopack\" \/>\n<meta property=\"og:image\" content=\"https:\/\/www.karopack.be\/wp-content\/uploads\/2024\/08\/Stefix-800-Maxibull-schrobmachine-2.jpg\" \/>\n\t<meta property=\"og:image:width\" content=\"1500\" \/>\n\t<meta property=\"og:image:height\" content=\"1500\" \/>\n\t<meta property=\"og:image:type\" content=\"image\/jpeg\" \/>\n<meta name=\"twitter:card\" content=\"summary_large_image\" \/>\n<script type=\"application\/ld+json\" class=\"yoast-schema-graph\">{\"@context\":\"https:\/\/schema.org\",\"@graph\":[{\"@type\":\"WebPage\",\"@id\":\"https:\/\/www.karopack.be\/fr\/produit\/secheur-laveur-stefix-800-maxibull\/\",\"url\":\"https:\/\/www.karopack.be\/fr\/produit\/secheur-laveur-stefix-800-maxibull\/\",\"name\":\"S\u00e9cheur-laveur Stefix 800 Maxibull - Karopack\",\"isPartOf\":{\"@id\":\"https:\/\/www.karopack.be\/fr\/#website\"},\"primaryImageOfPage\":{\"@id\":\"https:\/\/www.karopack.be\/fr\/produit\/secheur-laveur-stefix-800-maxibull\/#primaryimage\"},\"image\":{\"@id\":\"https:\/\/www.karopack.be\/fr\/produit\/secheur-laveur-stefix-800-maxibull\/#primaryimage\"},\"thumbnailUrl\":\"https:\/\/www.karopack.be\/wp-content\/uploads\/2024\/08\/Stefix-800-Maxibull-schrobmachine-2.jpg\",\"datePublished\":\"2024-08-09T04:54:13+00:00\",\"breadcrumb\":{\"@id\":\"https:\/\/www.karopack.be\/fr\/produit\/secheur-laveur-stefix-800-maxibull\/#breadcrumb\"},\"inLanguage\":\"fr-BE\",\"potentialAction\":[{\"@type\":\"ReadAction\",\"target\":[\"https:\/\/www.karopack.be\/fr\/produit\/secheur-laveur-stefix-800-maxibull\/\"]}]},{\"@type\":\"ImageObject\",\"inLanguage\":\"fr-BE\",\"@id\":\"https:\/\/www.karopack.be\/fr\/produit\/secheur-laveur-stefix-800-maxibull\/#primaryimage\",\"url\":\"https:\/\/www.karopack.be\/wp-content\/uploads\/2024\/08\/Stefix-800-Maxibull-schrobmachine-2.jpg\",\"contentUrl\":\"https:\/\/www.karopack.be\/wp-content\/uploads\/2024\/08\/Stefix-800-Maxibull-schrobmachine-2.jpg\",\"width\":1500,\"height\":1500},{\"@type\":\"BreadcrumbList\",\"@id\":\"https:\/\/www.karopack.be\/fr\/produit\/secheur-laveur-stefix-800-maxibull\/#breadcrumb\",\"itemListElement\":[{\"@type\":\"ListItem\",\"position\":1,\"name\":\"Home\",\"item\":\"https:\/\/www.karopack.be\/fr\/\"},{\"@type\":\"ListItem\",\"position\":2,\"name\":\"Shop\",\"item\":\"https:\/\/www.karopack.be\/fr\/shop\/\"},{\"@type\":\"ListItem\",\"position\":3,\"name\":\"S\u00e9cheur-laveur Stefix 800 Maxibull\"}]},{\"@type\":\"WebSite\",\"@id\":\"https:\/\/www.karopack.be\/fr\/#website\",\"url\":\"https:\/\/www.karopack.be\/fr\/\",\"name\":\"Karopack\",\"description\":\"\",\"publisher\":{\"@id\":\"https:\/\/www.karopack.be\/fr\/#organization\"},\"potentialAction\":[{\"@type\":\"SearchAction\",\"target\":{\"@type\":\"EntryPoint\",\"urlTemplate\":\"https:\/\/www.karopack.be\/fr\/?s={search_term_string}\"},\"query-input\":{\"@type\":\"PropertyValueSpecification\",\"valueRequired\":true,\"valueName\":\"search_term_string\"}}],\"inLanguage\":\"fr-BE\"},{\"@type\":\"Organization\",\"@id\":\"https:\/\/www.karopack.be\/fr\/#organization\",\"name\":\"Karopack\",\"url\":\"https:\/\/www.karopack.be\/fr\/\",\"logo\":{\"@type\":\"ImageObject\",\"inLanguage\":\"fr-BE\",\"@id\":\"https:\/\/www.karopack.be\/fr\/#\/schema\/logo\/image\/\",\"url\":\"https:\/\/www.karopack.be\/wp-content\/uploads\/2024\/07\/Karopack-Logo.png\",\"contentUrl\":\"https:\/\/www.karopack.be\/wp-content\/uploads\/2024\/07\/Karopack-Logo.png\",\"width\":809,\"height\":240,\"caption\":\"Karopack\"},\"image\":{\"@id\":\"https:\/\/www.karopack.be\/fr\/#\/schema\/logo\/image\/\"}}]}<\/script>\n<!-- \/ Yoast SEO plugin. -->","yoast_head_json":{"title":"S\u00e9cheur-laveur Stefix 800 Maxibull - Karopack","robots":{"index":"index","follow":"follow","max-snippet":"max-snippet:-1","max-image-preview":"max-image-preview:large","max-video-preview":"max-video-preview:-1"},"canonical":"https:\/\/www.karopack.be\/fr\/produit\/secheur-laveur-stefix-800-maxibull\/","og_locale":"fr_FR","og_type":"article","og_title":"S\u00e9cheur-laveur Stefix 800 Maxibull - Karopack","og_description":"La Stefix 800B est une machine \u00e0 brosser\/aspirer de haute qualit\u00e9 avec une brosse de 800 mm de large. La machine est dot\u00e9e de commandes conviviales et est tr\u00e8s pratique \u00e0 utiliser. Le r\u00e9servoir d'eau fra\u00eeche est facile \u00e0 remplir et le r\u00e9servoir d'eau sale est \u00e9quip\u00e9 d'un tuyau de vidange pratique pour \u00e9vacuer l'eau sale. La machine fonctionne avec une batterie de 24 volts. Cela vous permet de passer facilement autour ou en dessous de tout, car il n'y a pas de c\u00e2ble d'alimentation.   Avantages  Nettoyage et s\u00e9chage instantan\u00e9s  R\u00e9duction des co\u00fbts de main-d'\u0153uvre  Les pi\u00e8ces d'usure sont facilement et rapidement interchangeables  Le r\u00e9servoir d'eau propre est facile \u00e0 remplir  Le r\u00e9servoir d'eau sale est facilement vidangeable  Fonctionnement simple et convivial","og_url":"https:\/\/www.karopack.be\/fr\/produit\/secheur-laveur-stefix-800-maxibull\/","og_site_name":"Karopack","og_image":[{"width":1500,"height":1500,"url":"https:\/\/www.karopack.be\/wp-content\/uploads\/2024\/08\/Stefix-800-Maxibull-schrobmachine-2.jpg","type":"image\/jpeg"}],"twitter_card":"summary_large_image","schema":{"@context":"https:\/\/schema.org","@graph":[{"@type":"WebPage","@id":"https:\/\/www.karopack.be\/fr\/produit\/secheur-laveur-stefix-800-maxibull\/","url":"https:\/\/www.karopack.be\/fr\/produit\/secheur-laveur-stefix-800-maxibull\/","name":"S\u00e9cheur-laveur Stefix 800 Maxibull - Karopack","isPartOf":{"@id":"https:\/\/www.karopack.be\/fr\/#website"},"primaryImageOfPage":{"@id":"https:\/\/www.karopack.be\/fr\/produit\/secheur-laveur-stefix-800-maxibull\/#primaryimage"},"image":{"@id":"https:\/\/www.karopack.be\/fr\/produit\/secheur-laveur-stefix-800-maxibull\/#primaryimage"},"thumbnailUrl":"https:\/\/www.karopack.be\/wp-content\/uploads\/2024\/08\/Stefix-800-Maxibull-schrobmachine-2.jpg","datePublished":"2024-08-09T04:54:13+00:00","breadcrumb":{"@id":"https:\/\/www.karopack.be\/fr\/produit\/secheur-laveur-stefix-800-maxibull\/#breadcrumb"},"inLanguage":"fr-BE","potentialAction":[{"@type":"ReadAction","target":["https:\/\/www.karopack.be\/fr\/produit\/secheur-laveur-stefix-800-maxibull\/"]}]},{"@type":"ImageObject","inLanguage":"fr-BE","@id":"https:\/\/www.karopack.be\/fr\/produit\/secheur-laveur-stefix-800-maxibull\/#primaryimage","url":"https:\/\/www.karopack.be\/wp-content\/uploads\/2024\/08\/Stefix-800-Maxibull-schrobmachine-2.jpg","contentUrl":"https:\/\/www.karopack.be\/wp-content\/uploads\/2024\/08\/Stefix-800-Maxibull-schrobmachine-2.jpg","width":1500,"height":1500},{"@type":"BreadcrumbList","@id":"https:\/\/www.karopack.be\/fr\/produit\/secheur-laveur-stefix-800-maxibull\/#breadcrumb","itemListElement":[{"@type":"ListItem","position":1,"name":"Home","item":"https:\/\/www.karopack.be\/fr\/"},{"@type":"ListItem","position":2,"name":"Shop","item":"https:\/\/www.karopack.be\/fr\/shop\/"},{"@type":"ListItem","position":3,"name":"S\u00e9cheur-laveur Stefix 800 Maxibull"}]},{"@type":"WebSite","@id":"https:\/\/www.karopack.be\/fr\/#website","url":"https:\/\/www.karopack.be\/fr\/","name":"Karopack","description":"","publisher":{"@id":"https:\/\/www.karopack.be\/fr\/#organization"},"potentialAction":[{"@type":"SearchAction","target":{"@type":"EntryPoint","urlTemplate":"https:\/\/www.karopack.be\/fr\/?s={search_term_string}"},"query-input":{"@type":"PropertyValueSpecification","valueRequired":true,"valueName":"search_term_string"}}],"inLanguage":"fr-BE"},{"@type":"Organization","@id":"https:\/\/www.karopack.be\/fr\/#organization","name":"Karopack","url":"https:\/\/www.karopack.be\/fr\/","logo":{"@type":"ImageObject","inLanguage":"fr-BE","@id":"https:\/\/www.karopack.be\/fr\/#\/schema\/logo\/image\/","url":"https:\/\/www.karopack.be\/wp-content\/uploads\/2024\/07\/Karopack-Logo.png","contentUrl":"https:\/\/www.karopack.be\/wp-content\/uploads\/2024\/07\/Karopack-Logo.png","width":809,"height":240,"caption":"Karopack"},"image":{"@id":"https:\/\/www.karopack.be\/fr\/#\/schema\/logo\/image\/"}}]}},"_links":{"self":[{"href":"https:\/\/www.karopack.be\/fr\/wp-json\/wp\/v2\/product\/4035","targetHints":{"allow":["GET"]}}],"collection":[{"href":"https:\/\/www.karopack.be\/fr\/wp-json\/wp\/v2\/product"}],"about":[{"href":"https:\/\/www.karopack.be\/fr\/wp-json\/wp\/v2\/types\/product"}],"replies":[{"embeddable":true,"href":"https:\/\/www.karopack.be\/fr\/wp-json\/wp\/v2\/comments?post=4035"}],"wp:featuredmedia":[{"embeddable":true,"href":"https:\/\/www.karopack.be\/fr\/wp-json\/wp\/v2\/media\/3609"}],"wp:attachment":[{"href":"https:\/\/www.karopack.be\/fr\/wp-json\/wp\/v2\/media?parent=4035"}],"wp:term":[{"taxonomy":"product_brand","embeddable":true,"href":"https:\/\/www.karopack.be\/fr\/wp-json\/wp\/v2\/product_brand?post=4035"},{"taxonomy":"product_cat","embeddable":true,"href":"https:\/\/www.karopack.be\/fr\/wp-json\/wp\/v2\/product_cat?post=4035"},{"taxonomy":"product_tag","embeddable":true,"href":"https:\/\/www.karopack.be\/fr\/wp-json\/wp\/v2\/product_tag?post=4035"}],"curies":[{"name":"wp","href":"https:\/\/api.w.org\/{rel}","templated":true}]}}