{"id":4038,"date":"2024-08-08T05:25:24","date_gmt":"2024-08-08T05:25:24","guid":{"rendered":"https:\/\/www.karopack.be\/product\/stefix-500-compacbull-petite-autolaveuse\/"},"modified":"2024-08-08T05:25:24","modified_gmt":"2024-08-08T05:25:24","slug":"stefix-500-compacbull-petite-autolaveuse","status":"publish","type":"product","link":"https:\/\/www.karopack.be\/fr\/produit\/stefix-500-compacbull-petite-autolaveuse\/","title":{"rendered":"Stefix 500 CompacBull petite autolaveuse"},"content":{"rendered":"<p>D\u00e9barrassez-vous de la salet\u00e9 et faites briller vos sols, m\u00eame dans les espaces les plus restreints. Choisissez le Stefix 500 CompacBull !   <\/p>\n<ul>\n<li>Autolaveuse\/aspirateur<\/li>\n<li>Type : Stefix 500 Compact Bull<\/li>\n<li>Dimensions (LxLxH) : 116x55x110 cm.<\/li>\n<li>Capacit\u00e9 : 1 600 m2 par heure<\/li>\n<li>Largeur de la brosse : 500 mm.<\/li>\n<li>largeur de la raclette : 780 mm.<\/li>\n<li>Capacit\u00e9 du r\u00e9servoir d&rsquo;eau douce : 45 litres<\/li>\n<li>Capacit\u00e9 du r\u00e9servoir d&rsquo;eau sale : 45 litres<\/li>\n<li>pression de la brosse : 30 kg.<\/li>\n<li>avec batterie 24 Volt 85 Ah<\/li>\n<li>avec chargeur de batterie \u00e0 haute fr\u00e9quence<\/li>\n<li>avec indicateur de batterie<\/li>\n<\/ul>\n","protected":false},"excerpt":{"rendered":"<p data-sourcepos=\"3:1-3:70\"><strong>Le petit laveur avec la puissance d&rsquo;un taureau<\/strong><\/p>\n<p data-sourcepos=\"5:1-5:59\">Une grande puissance de nettoyage n&rsquo;a pas besoin d&rsquo;\u00eatre grande. La Stefix 500 CompacBull en est la preuve. Cette autolaveuse compacte est con\u00e7ue pour man\u0153uvrer sans effort dans les espaces restreints, tout en offrant la puissance n\u00e9cessaire pour rendre vos sols impeccables.  <\/p>\n","protected":false},"featured_media":3599,"comment_status":"open","ping_status":"closed","template":"","meta":[],"product_brand":[],"product_cat":[88],"product_tag":[],"class_list":{"0":"post-4038","1":"product","2":"type-product","3":"status-publish","4":"has-post-thumbnail","6":"product_cat-balayeuses-et-aspirateurs","8":"first","9":"instock","10":"shipping-taxable","11":"product-type-simple"},"yoast_head":"<!-- This site is optimized with the Yoast SEO plugin v26.9 - https:\/\/yoast.com\/product\/yoast-seo-wordpress\/ -->\n<title>Stefix 500 CompacBull petite autolaveuse - Karopack<\/title>\n<meta name=\"robots\" content=\"index, follow, max-snippet:-1, max-image-preview:large, max-video-preview:-1\" \/>\n<link rel=\"canonical\" href=\"https:\/\/www.karopack.be\/fr\/produit\/stefix-500-compacbull-petite-autolaveuse\/\" \/>\n<meta property=\"og:locale\" content=\"fr_FR\" \/>\n<meta property=\"og:type\" content=\"article\" \/>\n<meta property=\"og:title\" content=\"Stefix 500 CompacBull petite autolaveuse - Karopack\" \/>\n<meta property=\"og:description\" content=\"Le petit laveur avec la puissance d&#039;un taureau Une grande puissance de nettoyage n&#039;a pas besoin d&#039;\u00eatre grande. La Stefix 500 CompacBull en est la preuve. Cette autolaveuse compacte est con\u00e7ue pour man\u0153uvrer sans effort dans les espaces restreints, tout en offrant la puissance n\u00e9cessaire pour rendre vos sols impeccables.\" \/>\n<meta property=\"og:url\" content=\"https:\/\/www.karopack.be\/fr\/produit\/stefix-500-compacbull-petite-autolaveuse\/\" \/>\n<meta property=\"og:site_name\" content=\"Karopack\" \/>\n<meta property=\"og:image\" content=\"https:\/\/www.karopack.be\/wp-content\/uploads\/2024\/08\/STEFIX-500S-3.jpg\" \/>\n\t<meta property=\"og:image:width\" content=\"1500\" \/>\n\t<meta property=\"og:image:height\" content=\"1500\" \/>\n\t<meta property=\"og:image:type\" content=\"image\/jpeg\" \/>\n<meta name=\"twitter:card\" content=\"summary_large_image\" \/>\n<script type=\"application\/ld+json\" class=\"yoast-schema-graph\">{\"@context\":\"https:\/\/schema.org\",\"@graph\":[{\"@type\":\"WebPage\",\"@id\":\"https:\/\/www.karopack.be\/fr\/produit\/stefix-500-compacbull-petite-autolaveuse\/\",\"url\":\"https:\/\/www.karopack.be\/fr\/produit\/stefix-500-compacbull-petite-autolaveuse\/\",\"name\":\"Stefix 500 CompacBull petite autolaveuse - Karopack\",\"isPartOf\":{\"@id\":\"https:\/\/www.karopack.be\/fr\/#website\"},\"primaryImageOfPage\":{\"@id\":\"https:\/\/www.karopack.be\/fr\/produit\/stefix-500-compacbull-petite-autolaveuse\/#primaryimage\"},\"image\":{\"@id\":\"https:\/\/www.karopack.be\/fr\/produit\/stefix-500-compacbull-petite-autolaveuse\/#primaryimage\"},\"thumbnailUrl\":\"https:\/\/www.karopack.be\/wp-content\/uploads\/2024\/08\/STEFIX-500S-3.jpg\",\"datePublished\":\"2024-08-08T05:25:24+00:00\",\"breadcrumb\":{\"@id\":\"https:\/\/www.karopack.be\/fr\/produit\/stefix-500-compacbull-petite-autolaveuse\/#breadcrumb\"},\"inLanguage\":\"fr-BE\",\"potentialAction\":[{\"@type\":\"ReadAction\",\"target\":[\"https:\/\/www.karopack.be\/fr\/produit\/stefix-500-compacbull-petite-autolaveuse\/\"]}]},{\"@type\":\"ImageObject\",\"inLanguage\":\"fr-BE\",\"@id\":\"https:\/\/www.karopack.be\/fr\/produit\/stefix-500-compacbull-petite-autolaveuse\/#primaryimage\",\"url\":\"https:\/\/www.karopack.be\/wp-content\/uploads\/2024\/08\/STEFIX-500S-3.jpg\",\"contentUrl\":\"https:\/\/www.karopack.be\/wp-content\/uploads\/2024\/08\/STEFIX-500S-3.jpg\",\"width\":1500,\"height\":1500},{\"@type\":\"BreadcrumbList\",\"@id\":\"https:\/\/www.karopack.be\/fr\/produit\/stefix-500-compacbull-petite-autolaveuse\/#breadcrumb\",\"itemListElement\":[{\"@type\":\"ListItem\",\"position\":1,\"name\":\"Home\",\"item\":\"https:\/\/www.karopack.be\/fr\/\"},{\"@type\":\"ListItem\",\"position\":2,\"name\":\"Shop\",\"item\":\"https:\/\/www.karopack.be\/fr\/shop\/\"},{\"@type\":\"ListItem\",\"position\":3,\"name\":\"Stefix 500 CompacBull petite autolaveuse\"}]},{\"@type\":\"WebSite\",\"@id\":\"https:\/\/www.karopack.be\/fr\/#website\",\"url\":\"https:\/\/www.karopack.be\/fr\/\",\"name\":\"Karopack\",\"description\":\"\",\"publisher\":{\"@id\":\"https:\/\/www.karopack.be\/fr\/#organization\"},\"potentialAction\":[{\"@type\":\"SearchAction\",\"target\":{\"@type\":\"EntryPoint\",\"urlTemplate\":\"https:\/\/www.karopack.be\/fr\/?s={search_term_string}\"},\"query-input\":{\"@type\":\"PropertyValueSpecification\",\"valueRequired\":true,\"valueName\":\"search_term_string\"}}],\"inLanguage\":\"fr-BE\"},{\"@type\":\"Organization\",\"@id\":\"https:\/\/www.karopack.be\/fr\/#organization\",\"name\":\"Karopack\",\"url\":\"https:\/\/www.karopack.be\/fr\/\",\"logo\":{\"@type\":\"ImageObject\",\"inLanguage\":\"fr-BE\",\"@id\":\"https:\/\/www.karopack.be\/fr\/#\/schema\/logo\/image\/\",\"url\":\"https:\/\/www.karopack.be\/wp-content\/uploads\/2024\/07\/Karopack-Logo.png\",\"contentUrl\":\"https:\/\/www.karopack.be\/wp-content\/uploads\/2024\/07\/Karopack-Logo.png\",\"width\":809,\"height\":240,\"caption\":\"Karopack\"},\"image\":{\"@id\":\"https:\/\/www.karopack.be\/fr\/#\/schema\/logo\/image\/\"}}]}<\/script>\n<!-- \/ Yoast SEO plugin. -->","yoast_head_json":{"title":"Stefix 500 CompacBull petite autolaveuse - Karopack","robots":{"index":"index","follow":"follow","max-snippet":"max-snippet:-1","max-image-preview":"max-image-preview:large","max-video-preview":"max-video-preview:-1"},"canonical":"https:\/\/www.karopack.be\/fr\/produit\/stefix-500-compacbull-petite-autolaveuse\/","og_locale":"fr_FR","og_type":"article","og_title":"Stefix 500 CompacBull petite autolaveuse - Karopack","og_description":"Le petit laveur avec la puissance d'un taureau Une grande puissance de nettoyage n'a pas besoin d'\u00eatre grande. La Stefix 500 CompacBull en est la preuve. Cette autolaveuse compacte est con\u00e7ue pour man\u0153uvrer sans effort dans les espaces restreints, tout en offrant la puissance n\u00e9cessaire pour rendre vos sols impeccables.","og_url":"https:\/\/www.karopack.be\/fr\/produit\/stefix-500-compacbull-petite-autolaveuse\/","og_site_name":"Karopack","og_image":[{"width":1500,"height":1500,"url":"https:\/\/www.karopack.be\/wp-content\/uploads\/2024\/08\/STEFIX-500S-3.jpg","type":"image\/jpeg"}],"twitter_card":"summary_large_image","schema":{"@context":"https:\/\/schema.org","@graph":[{"@type":"WebPage","@id":"https:\/\/www.karopack.be\/fr\/produit\/stefix-500-compacbull-petite-autolaveuse\/","url":"https:\/\/www.karopack.be\/fr\/produit\/stefix-500-compacbull-petite-autolaveuse\/","name":"Stefix 500 CompacBull petite autolaveuse - Karopack","isPartOf":{"@id":"https:\/\/www.karopack.be\/fr\/#website"},"primaryImageOfPage":{"@id":"https:\/\/www.karopack.be\/fr\/produit\/stefix-500-compacbull-petite-autolaveuse\/#primaryimage"},"image":{"@id":"https:\/\/www.karopack.be\/fr\/produit\/stefix-500-compacbull-petite-autolaveuse\/#primaryimage"},"thumbnailUrl":"https:\/\/www.karopack.be\/wp-content\/uploads\/2024\/08\/STEFIX-500S-3.jpg","datePublished":"2024-08-08T05:25:24+00:00","breadcrumb":{"@id":"https:\/\/www.karopack.be\/fr\/produit\/stefix-500-compacbull-petite-autolaveuse\/#breadcrumb"},"inLanguage":"fr-BE","potentialAction":[{"@type":"ReadAction","target":["https:\/\/www.karopack.be\/fr\/produit\/stefix-500-compacbull-petite-autolaveuse\/"]}]},{"@type":"ImageObject","inLanguage":"fr-BE","@id":"https:\/\/www.karopack.be\/fr\/produit\/stefix-500-compacbull-petite-autolaveuse\/#primaryimage","url":"https:\/\/www.karopack.be\/wp-content\/uploads\/2024\/08\/STEFIX-500S-3.jpg","contentUrl":"https:\/\/www.karopack.be\/wp-content\/uploads\/2024\/08\/STEFIX-500S-3.jpg","width":1500,"height":1500},{"@type":"BreadcrumbList","@id":"https:\/\/www.karopack.be\/fr\/produit\/stefix-500-compacbull-petite-autolaveuse\/#breadcrumb","itemListElement":[{"@type":"ListItem","position":1,"name":"Home","item":"https:\/\/www.karopack.be\/fr\/"},{"@type":"ListItem","position":2,"name":"Shop","item":"https:\/\/www.karopack.be\/fr\/shop\/"},{"@type":"ListItem","position":3,"name":"Stefix 500 CompacBull petite autolaveuse"}]},{"@type":"WebSite","@id":"https:\/\/www.karopack.be\/fr\/#website","url":"https:\/\/www.karopack.be\/fr\/","name":"Karopack","description":"","publisher":{"@id":"https:\/\/www.karopack.be\/fr\/#organization"},"potentialAction":[{"@type":"SearchAction","target":{"@type":"EntryPoint","urlTemplate":"https:\/\/www.karopack.be\/fr\/?s={search_term_string}"},"query-input":{"@type":"PropertyValueSpecification","valueRequired":true,"valueName":"search_term_string"}}],"inLanguage":"fr-BE"},{"@type":"Organization","@id":"https:\/\/www.karopack.be\/fr\/#organization","name":"Karopack","url":"https:\/\/www.karopack.be\/fr\/","logo":{"@type":"ImageObject","inLanguage":"fr-BE","@id":"https:\/\/www.karopack.be\/fr\/#\/schema\/logo\/image\/","url":"https:\/\/www.karopack.be\/wp-content\/uploads\/2024\/07\/Karopack-Logo.png","contentUrl":"https:\/\/www.karopack.be\/wp-content\/uploads\/2024\/07\/Karopack-Logo.png","width":809,"height":240,"caption":"Karopack"},"image":{"@id":"https:\/\/www.karopack.be\/fr\/#\/schema\/logo\/image\/"}}]}},"_links":{"self":[{"href":"https:\/\/www.karopack.be\/fr\/wp-json\/wp\/v2\/product\/4038","targetHints":{"allow":["GET"]}}],"collection":[{"href":"https:\/\/www.karopack.be\/fr\/wp-json\/wp\/v2\/product"}],"about":[{"href":"https:\/\/www.karopack.be\/fr\/wp-json\/wp\/v2\/types\/product"}],"replies":[{"embeddable":true,"href":"https:\/\/www.karopack.be\/fr\/wp-json\/wp\/v2\/comments?post=4038"}],"wp:featuredmedia":[{"embeddable":true,"href":"https:\/\/www.karopack.be\/fr\/wp-json\/wp\/v2\/media\/3599"}],"wp:attachment":[{"href":"https:\/\/www.karopack.be\/fr\/wp-json\/wp\/v2\/media?parent=4038"}],"wp:term":[{"taxonomy":"product_brand","embeddable":true,"href":"https:\/\/www.karopack.be\/fr\/wp-json\/wp\/v2\/product_brand?post=4038"},{"taxonomy":"product_cat","embeddable":true,"href":"https:\/\/www.karopack.be\/fr\/wp-json\/wp\/v2\/product_cat?post=4038"},{"taxonomy":"product_tag","embeddable":true,"href":"https:\/\/www.karopack.be\/fr\/wp-json\/wp\/v2\/product_tag?post=4038"}],"curies":[{"name":"wp","href":"https:\/\/api.w.org\/{rel}","templated":true}]}}