{"id":4039,"date":"2024-07-11T06:18:57","date_gmt":"2024-07-11T06:18:57","guid":{"rendered":"https:\/\/www.karopack.be\/product\/profiles-dangle-en-carton\/"},"modified":"2024-07-11T06:18:57","modified_gmt":"2024-07-11T06:18:57","slug":"profiles-dangle-en-carton","status":"publish","type":"product","link":"https:\/\/www.karopack.be\/fr\/produit\/profiles-dangle-en-carton\/","title":{"rendered":"Profil\u00e9s d&rsquo;angle en carton"},"content":{"rendered":"<ul>\n<li class=\"u-text u-text-default u-text-3\">Le produit \u00ab\u00a0\u00e0 base de papier\u00a0\u00bb est 100 % biod\u00e9gradable, ce qui le rend \u00e9cologiquement b\u00e9n\u00e9fique.<\/li>\n<li class=\"u-text u-text-default u-text-3\">\u00c9galement disponible avec un rev\u00eatement PE pour la protection contre l&rsquo;humidit\u00e9 et l&rsquo;eau.<\/li>\n<li class=\"u-text u-text-default u-text-3\">Diff\u00e9rents profils disponibles : profil en V \/ profil en L \/ profil en U<\/li>\n<li class=\"u-text u-text-default u-text-3\">Profil autocollant pour une mise en place encore plus facile avant le cerclage.<\/li>\n<li class=\"u-text u-text-default u-text-3\">Longueurs standard de 700 mm \u00e0 2000 mm<\/li>\n<\/ul>\n","protected":false},"excerpt":{"rendered":"<p class=\"u-text u-text-default u-text-1\">\n            <strong>Prot\u00e8ge-coins en carton<\/strong>\n          <\/p>\n<p class=\"u-text u-text-2\">Les profil\u00e9s d&rsquo;angle Karopack offrent une excellente solution pour le transport des emballages en vrac et la protection des marchandises empil\u00e9es sur des palettes.<\/p>\n<div class=\"u-container-style u-group u-white u-group-2\">\n<div class=\"u-container-layout u-valign-bottom u-container-layout-10\">\n<h4 class=\"u-text u-text-default u-text-3\">Description :<\/h4>\n<ul>\n<li class=\"u-text u-text-default u-text-3\">Protection forte des c\u00f4t\u00e9s, du haut et des coins.<\/li>\n<li class=\"u-text u-text-default u-text-3\">Ajoute de la rigidit\u00e9 et du soutien aux palettes empil\u00e9es<\/li>\n<li class=\"u-text u-text-default u-text-3\">Une meilleure force musculaire interne pour les emballages en carton.<\/li>\n<li class=\"u-text u-text-default u-text-3\">Les marchandises empil\u00e9es forment un ensemble homog\u00e8ne, plus s\u00fbr pour le transport.<\/li>\n<li class=\"u-text u-text-default u-text-3\">Solution id\u00e9ale pour une application parfaite et facile du cerclage, du film \u00e9tirable ou du film r\u00e9tractable ; le produit emball\u00e9 n&rsquo;est ni d\u00e9form\u00e9 ni bossel\u00e9.<\/li>\n<li class=\"u-text u-text-default u-text-3\">Permet un gain d&rsquo;espace consid\u00e9rable<\/li>\n<li class=\"u-text u-text-default u-text-3\">Les profil\u00e9s d&rsquo;angle peuvent \u00eatre combin\u00e9s avec diff\u00e9rents mat\u00e9riaux.<\/li>\n<\/ul><\/div>\n<\/p><\/div>\n","protected":false},"featured_media":3533,"comment_status":"open","ping_status":"closed","template":"","meta":[],"product_brand":[],"product_cat":[85],"product_tag":[],"class_list":{"0":"post-4039","1":"product","2":"type-product","3":"status-publish","4":"has-post-thumbnail","6":"product_cat-materiel-demballage","8":"first","9":"instock","10":"product-type-simple"},"yoast_head":"<!-- This site is optimized with the Yoast SEO plugin v26.9 - https:\/\/yoast.com\/product\/yoast-seo-wordpress\/ -->\n<title>Profil\u00e9s d&#039;angle en carton - Karopack<\/title>\n<meta name=\"robots\" content=\"index, follow, max-snippet:-1, max-image-preview:large, max-video-preview:-1\" \/>\n<link rel=\"canonical\" href=\"https:\/\/www.karopack.be\/fr\/produit\/profiles-dangle-en-carton\/\" \/>\n<meta property=\"og:locale\" content=\"fr_FR\" \/>\n<meta property=\"og:type\" content=\"article\" \/>\n<meta property=\"og:title\" content=\"Profil\u00e9s d&#039;angle en carton - Karopack\" \/>\n<meta property=\"og:description\" content=\"Prot\u00e8ge-coins en carton                 Les profil\u00e9s d&#039;angle Karopack offrent une excellente solution pour le transport des emballages en vrac et la protection des marchandises empil\u00e9es sur des palettes.                                               Description :                 Protection forte des c\u00f4t\u00e9s, du haut et des coins.  Ajoute de la rigidit\u00e9 et du soutien aux palettes empil\u00e9es  Une meilleure force musculaire interne pour les emballages en carton.  Les marchandises empil\u00e9es forment un ensemble homog\u00e8ne, plus s\u00fbr pour le transport.  Solution id\u00e9ale pour une application parfaite et facile du cerclage, du film \u00e9tirable ou du film r\u00e9tractable ; le produit emball\u00e9 n&#039;est ni d\u00e9form\u00e9 ni bossel\u00e9.  Permet un gain d&#039;espace consid\u00e9rable  Les profil\u00e9s d&#039;angle peuvent \u00eatre combin\u00e9s avec diff\u00e9rents mat\u00e9riaux.\" \/>\n<meta property=\"og:url\" content=\"https:\/\/www.karopack.be\/fr\/produit\/profiles-dangle-en-carton\/\" \/>\n<meta property=\"og:site_name\" content=\"Karopack\" \/>\n<meta property=\"og:image\" content=\"https:\/\/www.karopack.be\/wp-content\/uploads\/2024\/02\/hoek-4.jpg\" \/>\n\t<meta property=\"og:image:width\" content=\"792\" \/>\n\t<meta property=\"og:image:height\" content=\"760\" \/>\n\t<meta property=\"og:image:type\" content=\"image\/jpeg\" \/>\n<meta name=\"twitter:card\" content=\"summary_large_image\" \/>\n<script type=\"application\/ld+json\" class=\"yoast-schema-graph\">{\"@context\":\"https:\/\/schema.org\",\"@graph\":[{\"@type\":\"WebPage\",\"@id\":\"https:\/\/www.karopack.be\/fr\/produit\/profiles-dangle-en-carton\/\",\"url\":\"https:\/\/www.karopack.be\/fr\/produit\/profiles-dangle-en-carton\/\",\"name\":\"Profil\u00e9s d'angle en carton - Karopack\",\"isPartOf\":{\"@id\":\"https:\/\/www.karopack.be\/fr\/#website\"},\"primaryImageOfPage\":{\"@id\":\"https:\/\/www.karopack.be\/fr\/produit\/profiles-dangle-en-carton\/#primaryimage\"},\"image\":{\"@id\":\"https:\/\/www.karopack.be\/fr\/produit\/profiles-dangle-en-carton\/#primaryimage\"},\"thumbnailUrl\":\"https:\/\/www.karopack.be\/wp-content\/uploads\/2024\/02\/hoek-4.jpg\",\"datePublished\":\"2024-07-11T06:18:57+00:00\",\"breadcrumb\":{\"@id\":\"https:\/\/www.karopack.be\/fr\/produit\/profiles-dangle-en-carton\/#breadcrumb\"},\"inLanguage\":\"fr-BE\",\"potentialAction\":[{\"@type\":\"ReadAction\",\"target\":[\"https:\/\/www.karopack.be\/fr\/produit\/profiles-dangle-en-carton\/\"]}]},{\"@type\":\"ImageObject\",\"inLanguage\":\"fr-BE\",\"@id\":\"https:\/\/www.karopack.be\/fr\/produit\/profiles-dangle-en-carton\/#primaryimage\",\"url\":\"https:\/\/www.karopack.be\/wp-content\/uploads\/2024\/02\/hoek-4.jpg\",\"contentUrl\":\"https:\/\/www.karopack.be\/wp-content\/uploads\/2024\/02\/hoek-4.jpg\",\"width\":792,\"height\":760},{\"@type\":\"BreadcrumbList\",\"@id\":\"https:\/\/www.karopack.be\/fr\/produit\/profiles-dangle-en-carton\/#breadcrumb\",\"itemListElement\":[{\"@type\":\"ListItem\",\"position\":1,\"name\":\"Home\",\"item\":\"https:\/\/www.karopack.be\/fr\/\"},{\"@type\":\"ListItem\",\"position\":2,\"name\":\"Shop\",\"item\":\"https:\/\/www.karopack.be\/fr\/shop\/\"},{\"@type\":\"ListItem\",\"position\":3,\"name\":\"Profil\u00e9s d&#8217;angle en carton\"}]},{\"@type\":\"WebSite\",\"@id\":\"https:\/\/www.karopack.be\/fr\/#website\",\"url\":\"https:\/\/www.karopack.be\/fr\/\",\"name\":\"Karopack\",\"description\":\"\",\"publisher\":{\"@id\":\"https:\/\/www.karopack.be\/fr\/#organization\"},\"potentialAction\":[{\"@type\":\"SearchAction\",\"target\":{\"@type\":\"EntryPoint\",\"urlTemplate\":\"https:\/\/www.karopack.be\/fr\/?s={search_term_string}\"},\"query-input\":{\"@type\":\"PropertyValueSpecification\",\"valueRequired\":true,\"valueName\":\"search_term_string\"}}],\"inLanguage\":\"fr-BE\"},{\"@type\":\"Organization\",\"@id\":\"https:\/\/www.karopack.be\/fr\/#organization\",\"name\":\"Karopack\",\"url\":\"https:\/\/www.karopack.be\/fr\/\",\"logo\":{\"@type\":\"ImageObject\",\"inLanguage\":\"fr-BE\",\"@id\":\"https:\/\/www.karopack.be\/fr\/#\/schema\/logo\/image\/\",\"url\":\"https:\/\/www.karopack.be\/wp-content\/uploads\/2024\/07\/Karopack-Logo.png\",\"contentUrl\":\"https:\/\/www.karopack.be\/wp-content\/uploads\/2024\/07\/Karopack-Logo.png\",\"width\":809,\"height\":240,\"caption\":\"Karopack\"},\"image\":{\"@id\":\"https:\/\/www.karopack.be\/fr\/#\/schema\/logo\/image\/\"}}]}<\/script>\n<!-- \/ Yoast SEO plugin. -->","yoast_head_json":{"title":"Profil\u00e9s d'angle en carton - Karopack","robots":{"index":"index","follow":"follow","max-snippet":"max-snippet:-1","max-image-preview":"max-image-preview:large","max-video-preview":"max-video-preview:-1"},"canonical":"https:\/\/www.karopack.be\/fr\/produit\/profiles-dangle-en-carton\/","og_locale":"fr_FR","og_type":"article","og_title":"Profil\u00e9s d'angle en carton - Karopack","og_description":"Prot\u00e8ge-coins en carton                 Les profil\u00e9s d'angle Karopack offrent une excellente solution pour le transport des emballages en vrac et la protection des marchandises empil\u00e9es sur des palettes.                                               Description :                 Protection forte des c\u00f4t\u00e9s, du haut et des coins.  Ajoute de la rigidit\u00e9 et du soutien aux palettes empil\u00e9es  Une meilleure force musculaire interne pour les emballages en carton.  Les marchandises empil\u00e9es forment un ensemble homog\u00e8ne, plus s\u00fbr pour le transport.  Solution id\u00e9ale pour une application parfaite et facile du cerclage, du film \u00e9tirable ou du film r\u00e9tractable ; le produit emball\u00e9 n'est ni d\u00e9form\u00e9 ni bossel\u00e9.  Permet un gain d'espace consid\u00e9rable  Les profil\u00e9s d'angle peuvent \u00eatre combin\u00e9s avec diff\u00e9rents mat\u00e9riaux.","og_url":"https:\/\/www.karopack.be\/fr\/produit\/profiles-dangle-en-carton\/","og_site_name":"Karopack","og_image":[{"width":792,"height":760,"url":"https:\/\/www.karopack.be\/wp-content\/uploads\/2024\/02\/hoek-4.jpg","type":"image\/jpeg"}],"twitter_card":"summary_large_image","schema":{"@context":"https:\/\/schema.org","@graph":[{"@type":"WebPage","@id":"https:\/\/www.karopack.be\/fr\/produit\/profiles-dangle-en-carton\/","url":"https:\/\/www.karopack.be\/fr\/produit\/profiles-dangle-en-carton\/","name":"Profil\u00e9s d'angle en carton - Karopack","isPartOf":{"@id":"https:\/\/www.karopack.be\/fr\/#website"},"primaryImageOfPage":{"@id":"https:\/\/www.karopack.be\/fr\/produit\/profiles-dangle-en-carton\/#primaryimage"},"image":{"@id":"https:\/\/www.karopack.be\/fr\/produit\/profiles-dangle-en-carton\/#primaryimage"},"thumbnailUrl":"https:\/\/www.karopack.be\/wp-content\/uploads\/2024\/02\/hoek-4.jpg","datePublished":"2024-07-11T06:18:57+00:00","breadcrumb":{"@id":"https:\/\/www.karopack.be\/fr\/produit\/profiles-dangle-en-carton\/#breadcrumb"},"inLanguage":"fr-BE","potentialAction":[{"@type":"ReadAction","target":["https:\/\/www.karopack.be\/fr\/produit\/profiles-dangle-en-carton\/"]}]},{"@type":"ImageObject","inLanguage":"fr-BE","@id":"https:\/\/www.karopack.be\/fr\/produit\/profiles-dangle-en-carton\/#primaryimage","url":"https:\/\/www.karopack.be\/wp-content\/uploads\/2024\/02\/hoek-4.jpg","contentUrl":"https:\/\/www.karopack.be\/wp-content\/uploads\/2024\/02\/hoek-4.jpg","width":792,"height":760},{"@type":"BreadcrumbList","@id":"https:\/\/www.karopack.be\/fr\/produit\/profiles-dangle-en-carton\/#breadcrumb","itemListElement":[{"@type":"ListItem","position":1,"name":"Home","item":"https:\/\/www.karopack.be\/fr\/"},{"@type":"ListItem","position":2,"name":"Shop","item":"https:\/\/www.karopack.be\/fr\/shop\/"},{"@type":"ListItem","position":3,"name":"Profil\u00e9s d&#8217;angle en carton"}]},{"@type":"WebSite","@id":"https:\/\/www.karopack.be\/fr\/#website","url":"https:\/\/www.karopack.be\/fr\/","name":"Karopack","description":"","publisher":{"@id":"https:\/\/www.karopack.be\/fr\/#organization"},"potentialAction":[{"@type":"SearchAction","target":{"@type":"EntryPoint","urlTemplate":"https:\/\/www.karopack.be\/fr\/?s={search_term_string}"},"query-input":{"@type":"PropertyValueSpecification","valueRequired":true,"valueName":"search_term_string"}}],"inLanguage":"fr-BE"},{"@type":"Organization","@id":"https:\/\/www.karopack.be\/fr\/#organization","name":"Karopack","url":"https:\/\/www.karopack.be\/fr\/","logo":{"@type":"ImageObject","inLanguage":"fr-BE","@id":"https:\/\/www.karopack.be\/fr\/#\/schema\/logo\/image\/","url":"https:\/\/www.karopack.be\/wp-content\/uploads\/2024\/07\/Karopack-Logo.png","contentUrl":"https:\/\/www.karopack.be\/wp-content\/uploads\/2024\/07\/Karopack-Logo.png","width":809,"height":240,"caption":"Karopack"},"image":{"@id":"https:\/\/www.karopack.be\/fr\/#\/schema\/logo\/image\/"}}]}},"_links":{"self":[{"href":"https:\/\/www.karopack.be\/fr\/wp-json\/wp\/v2\/product\/4039","targetHints":{"allow":["GET"]}}],"collection":[{"href":"https:\/\/www.karopack.be\/fr\/wp-json\/wp\/v2\/product"}],"about":[{"href":"https:\/\/www.karopack.be\/fr\/wp-json\/wp\/v2\/types\/product"}],"replies":[{"embeddable":true,"href":"https:\/\/www.karopack.be\/fr\/wp-json\/wp\/v2\/comments?post=4039"}],"wp:featuredmedia":[{"embeddable":true,"href":"https:\/\/www.karopack.be\/fr\/wp-json\/wp\/v2\/media\/3533"}],"wp:attachment":[{"href":"https:\/\/www.karopack.be\/fr\/wp-json\/wp\/v2\/media?parent=4039"}],"wp:term":[{"taxonomy":"product_brand","embeddable":true,"href":"https:\/\/www.karopack.be\/fr\/wp-json\/wp\/v2\/product_brand?post=4039"},{"taxonomy":"product_cat","embeddable":true,"href":"https:\/\/www.karopack.be\/fr\/wp-json\/wp\/v2\/product_cat?post=4039"},{"taxonomy":"product_tag","embeddable":true,"href":"https:\/\/www.karopack.be\/fr\/wp-json\/wp\/v2\/product_tag?post=4039"}],"curies":[{"name":"wp","href":"https:\/\/api.w.org\/{rel}","templated":true}]}}