{"id":4042,"date":"2024-08-08T05:15:04","date_gmt":"2024-08-08T05:15:04","guid":{"rendered":"https:\/\/www.karopack.be\/product\/balayeuse-stefix-95-version-etroite\/"},"modified":"2024-08-08T05:15:04","modified_gmt":"2024-08-08T05:15:04","slug":"balayeuse-stefix-95-version-etroite","status":"publish","type":"product","link":"https:\/\/www.karopack.be\/fr\/produit\/balayeuse-stefix-95-version-etroite\/","title":{"rendered":"Balayeuse Stefix 95 version \u00e9troite"},"content":{"rendered":"<p>D\u00e9barrassez-vous de la salet\u00e9 et de la poussi\u00e8re, m\u00eame dans les espaces les plus restreints. Choisissez le Stefix 95 !<\/p>\n<ul>\n<li>Type : Stefix 95 Sweeper version \u00e9troite<\/li>\n<li>Dimensions (LxLxH) : 149x91x115 cm.<\/li>\n<li>Capacit\u00e9 : 6 200 m2 par heure<\/li>\n<li>largeur de balayage de la brosse centrale : 700 mm.<\/li>\n<li>Largeur de balayage avec 1 brosse lat\u00e9rale : 950 mm.<\/li>\n<li>Largeur de balayage avec 2 brosses lat\u00e9rales : 1150 mm. (facultatif)<\/li>\n<li>Capacit\u00e9 de la poubelle : 62 litres<\/li>\n<li>surface de filtration 6m2<\/li>\n<li>avec fouet-filtre \u00e9lectrique<\/li>\n<li>avec entra\u00eenement \u00e9lectrique des roues arri\u00e8re<\/li>\n<li>avec batterie de traction de 24 volts 185 Ah<\/li>\n<li>avec chargeur haute fr\u00e9quence<\/li>\n<li>avec indicateur de batterie et compteur d&rsquo;heures<\/li>\n<\/ul>\n<p>Le prix comprend les batteries et le chargeur de batterie \u00e0 haute fr\u00e9quence.<\/p>\n<p><a href=\"https:\/\/www.steenks-service.nl\/schoonmaakmachines\/veegmachine\/veegmachine-stefix-95-VE0000004\/\" target=\"_blank\" rel=\"noopener\">Cliquez ici<\/a> pour plus d&rsquo;informations sur cette machine<\/p>\n","protected":false},"excerpt":{"rendered":"<p data-sourcepos=\"3:1-3:65\"><strong>Le g\u00e9ant \u00e9troit pour de grands r\u00e9sultats<\/strong><\/p>\n<p data-sourcepos=\"5:1-5:29\">Des virages serr\u00e9s et des chemins \u00e9troits ? Pas de probl\u00e8me ! La balayeuse Stefix 95 est sp\u00e9cialement con\u00e7ue pour man\u0153uvrer sans effort l\u00e0 o\u00f9 les autres balayeuses ne peuvent pas aller. Avec sa taille compacte et ses performances puissantes, c&rsquo;est la solution id\u00e9ale pour les entrep\u00f4ts, les all\u00e9es de magasins et autres espaces restreints.<\/p>\n","protected":false},"featured_media":3593,"comment_status":"open","ping_status":"closed","template":"","meta":[],"product_brand":[],"product_cat":[88],"product_tag":[],"class_list":{"0":"post-4042","1":"product","2":"type-product","3":"status-publish","4":"has-post-thumbnail","6":"product_cat-balayeuses-et-aspirateurs","8":"first","9":"instock","10":"shipping-taxable","11":"product-type-simple"},"yoast_head":"<!-- This site is optimized with the Yoast SEO plugin v26.9 - https:\/\/yoast.com\/product\/yoast-seo-wordpress\/ -->\n<title>Balayeuse Stefix 95 version \u00e9troite - Karopack<\/title>\n<meta name=\"robots\" content=\"index, follow, max-snippet:-1, max-image-preview:large, max-video-preview:-1\" \/>\n<link rel=\"canonical\" href=\"https:\/\/www.karopack.be\/fr\/produit\/balayeuse-stefix-95-version-etroite\/\" \/>\n<meta property=\"og:locale\" content=\"fr_FR\" \/>\n<meta property=\"og:type\" content=\"article\" \/>\n<meta property=\"og:title\" content=\"Balayeuse Stefix 95 version \u00e9troite - Karopack\" \/>\n<meta property=\"og:description\" content=\"Le g\u00e9ant \u00e9troit pour de grands r\u00e9sultats Des virages serr\u00e9s et des chemins \u00e9troits ? Pas de probl\u00e8me ! La balayeuse Stefix 95 est sp\u00e9cialement con\u00e7ue pour man\u0153uvrer sans effort l\u00e0 o\u00f9 les autres balayeuses ne peuvent pas aller. Avec sa taille compacte et ses performances puissantes, c&#039;est la solution id\u00e9ale pour les entrep\u00f4ts, les all\u00e9es de magasins et autres espaces restreints.\" \/>\n<meta property=\"og:url\" content=\"https:\/\/www.karopack.be\/fr\/produit\/balayeuse-stefix-95-version-etroite\/\" \/>\n<meta property=\"og:site_name\" content=\"Karopack\" \/>\n<meta property=\"og:image\" content=\"https:\/\/www.karopack.be\/wp-content\/uploads\/2024\/08\/Stefix-95-Veegmachine-1.jpg\" \/>\n\t<meta property=\"og:image:width\" content=\"1500\" \/>\n\t<meta property=\"og:image:height\" content=\"1500\" \/>\n\t<meta property=\"og:image:type\" content=\"image\/jpeg\" \/>\n<meta name=\"twitter:card\" content=\"summary_large_image\" \/>\n<meta name=\"twitter:label1\" content=\"Dur\u00e9e de lecture est.\" \/>\n\t<meta name=\"twitter:data1\" content=\"1 minute\" \/>\n<script type=\"application\/ld+json\" class=\"yoast-schema-graph\">{\"@context\":\"https:\/\/schema.org\",\"@graph\":[{\"@type\":\"WebPage\",\"@id\":\"https:\/\/www.karopack.be\/fr\/produit\/balayeuse-stefix-95-version-etroite\/\",\"url\":\"https:\/\/www.karopack.be\/fr\/produit\/balayeuse-stefix-95-version-etroite\/\",\"name\":\"Balayeuse Stefix 95 version \u00e9troite - Karopack\",\"isPartOf\":{\"@id\":\"https:\/\/www.karopack.be\/fr\/#website\"},\"primaryImageOfPage\":{\"@id\":\"https:\/\/www.karopack.be\/fr\/produit\/balayeuse-stefix-95-version-etroite\/#primaryimage\"},\"image\":{\"@id\":\"https:\/\/www.karopack.be\/fr\/produit\/balayeuse-stefix-95-version-etroite\/#primaryimage\"},\"thumbnailUrl\":\"https:\/\/www.karopack.be\/wp-content\/uploads\/2024\/08\/Stefix-95-Veegmachine-1.jpg\",\"datePublished\":\"2024-08-08T05:15:04+00:00\",\"breadcrumb\":{\"@id\":\"https:\/\/www.karopack.be\/fr\/produit\/balayeuse-stefix-95-version-etroite\/#breadcrumb\"},\"inLanguage\":\"fr-BE\",\"potentialAction\":[{\"@type\":\"ReadAction\",\"target\":[\"https:\/\/www.karopack.be\/fr\/produit\/balayeuse-stefix-95-version-etroite\/\"]}]},{\"@type\":\"ImageObject\",\"inLanguage\":\"fr-BE\",\"@id\":\"https:\/\/www.karopack.be\/fr\/produit\/balayeuse-stefix-95-version-etroite\/#primaryimage\",\"url\":\"https:\/\/www.karopack.be\/wp-content\/uploads\/2024\/08\/Stefix-95-Veegmachine-1.jpg\",\"contentUrl\":\"https:\/\/www.karopack.be\/wp-content\/uploads\/2024\/08\/Stefix-95-Veegmachine-1.jpg\",\"width\":1500,\"height\":1500},{\"@type\":\"BreadcrumbList\",\"@id\":\"https:\/\/www.karopack.be\/fr\/produit\/balayeuse-stefix-95-version-etroite\/#breadcrumb\",\"itemListElement\":[{\"@type\":\"ListItem\",\"position\":1,\"name\":\"Home\",\"item\":\"https:\/\/www.karopack.be\/fr\/\"},{\"@type\":\"ListItem\",\"position\":2,\"name\":\"Shop\",\"item\":\"https:\/\/www.karopack.be\/fr\/shop\/\"},{\"@type\":\"ListItem\",\"position\":3,\"name\":\"Balayeuse Stefix 95 version \u00e9troite\"}]},{\"@type\":\"WebSite\",\"@id\":\"https:\/\/www.karopack.be\/fr\/#website\",\"url\":\"https:\/\/www.karopack.be\/fr\/\",\"name\":\"Karopack\",\"description\":\"\",\"publisher\":{\"@id\":\"https:\/\/www.karopack.be\/fr\/#organization\"},\"potentialAction\":[{\"@type\":\"SearchAction\",\"target\":{\"@type\":\"EntryPoint\",\"urlTemplate\":\"https:\/\/www.karopack.be\/fr\/?s={search_term_string}\"},\"query-input\":{\"@type\":\"PropertyValueSpecification\",\"valueRequired\":true,\"valueName\":\"search_term_string\"}}],\"inLanguage\":\"fr-BE\"},{\"@type\":\"Organization\",\"@id\":\"https:\/\/www.karopack.be\/fr\/#organization\",\"name\":\"Karopack\",\"url\":\"https:\/\/www.karopack.be\/fr\/\",\"logo\":{\"@type\":\"ImageObject\",\"inLanguage\":\"fr-BE\",\"@id\":\"https:\/\/www.karopack.be\/fr\/#\/schema\/logo\/image\/\",\"url\":\"https:\/\/www.karopack.be\/wp-content\/uploads\/2024\/07\/Karopack-Logo.png\",\"contentUrl\":\"https:\/\/www.karopack.be\/wp-content\/uploads\/2024\/07\/Karopack-Logo.png\",\"width\":809,\"height\":240,\"caption\":\"Karopack\"},\"image\":{\"@id\":\"https:\/\/www.karopack.be\/fr\/#\/schema\/logo\/image\/\"}}]}<\/script>\n<!-- \/ Yoast SEO plugin. -->","yoast_head_json":{"title":"Balayeuse Stefix 95 version \u00e9troite - Karopack","robots":{"index":"index","follow":"follow","max-snippet":"max-snippet:-1","max-image-preview":"max-image-preview:large","max-video-preview":"max-video-preview:-1"},"canonical":"https:\/\/www.karopack.be\/fr\/produit\/balayeuse-stefix-95-version-etroite\/","og_locale":"fr_FR","og_type":"article","og_title":"Balayeuse Stefix 95 version \u00e9troite - Karopack","og_description":"Le g\u00e9ant \u00e9troit pour de grands r\u00e9sultats Des virages serr\u00e9s et des chemins \u00e9troits ? Pas de probl\u00e8me ! La balayeuse Stefix 95 est sp\u00e9cialement con\u00e7ue pour man\u0153uvrer sans effort l\u00e0 o\u00f9 les autres balayeuses ne peuvent pas aller. Avec sa taille compacte et ses performances puissantes, c'est la solution id\u00e9ale pour les entrep\u00f4ts, les all\u00e9es de magasins et autres espaces restreints.","og_url":"https:\/\/www.karopack.be\/fr\/produit\/balayeuse-stefix-95-version-etroite\/","og_site_name":"Karopack","og_image":[{"width":1500,"height":1500,"url":"https:\/\/www.karopack.be\/wp-content\/uploads\/2024\/08\/Stefix-95-Veegmachine-1.jpg","type":"image\/jpeg"}],"twitter_card":"summary_large_image","twitter_misc":{"Dur\u00e9e de lecture est.":"1 minute"},"schema":{"@context":"https:\/\/schema.org","@graph":[{"@type":"WebPage","@id":"https:\/\/www.karopack.be\/fr\/produit\/balayeuse-stefix-95-version-etroite\/","url":"https:\/\/www.karopack.be\/fr\/produit\/balayeuse-stefix-95-version-etroite\/","name":"Balayeuse Stefix 95 version \u00e9troite - Karopack","isPartOf":{"@id":"https:\/\/www.karopack.be\/fr\/#website"},"primaryImageOfPage":{"@id":"https:\/\/www.karopack.be\/fr\/produit\/balayeuse-stefix-95-version-etroite\/#primaryimage"},"image":{"@id":"https:\/\/www.karopack.be\/fr\/produit\/balayeuse-stefix-95-version-etroite\/#primaryimage"},"thumbnailUrl":"https:\/\/www.karopack.be\/wp-content\/uploads\/2024\/08\/Stefix-95-Veegmachine-1.jpg","datePublished":"2024-08-08T05:15:04+00:00","breadcrumb":{"@id":"https:\/\/www.karopack.be\/fr\/produit\/balayeuse-stefix-95-version-etroite\/#breadcrumb"},"inLanguage":"fr-BE","potentialAction":[{"@type":"ReadAction","target":["https:\/\/www.karopack.be\/fr\/produit\/balayeuse-stefix-95-version-etroite\/"]}]},{"@type":"ImageObject","inLanguage":"fr-BE","@id":"https:\/\/www.karopack.be\/fr\/produit\/balayeuse-stefix-95-version-etroite\/#primaryimage","url":"https:\/\/www.karopack.be\/wp-content\/uploads\/2024\/08\/Stefix-95-Veegmachine-1.jpg","contentUrl":"https:\/\/www.karopack.be\/wp-content\/uploads\/2024\/08\/Stefix-95-Veegmachine-1.jpg","width":1500,"height":1500},{"@type":"BreadcrumbList","@id":"https:\/\/www.karopack.be\/fr\/produit\/balayeuse-stefix-95-version-etroite\/#breadcrumb","itemListElement":[{"@type":"ListItem","position":1,"name":"Home","item":"https:\/\/www.karopack.be\/fr\/"},{"@type":"ListItem","position":2,"name":"Shop","item":"https:\/\/www.karopack.be\/fr\/shop\/"},{"@type":"ListItem","position":3,"name":"Balayeuse Stefix 95 version \u00e9troite"}]},{"@type":"WebSite","@id":"https:\/\/www.karopack.be\/fr\/#website","url":"https:\/\/www.karopack.be\/fr\/","name":"Karopack","description":"","publisher":{"@id":"https:\/\/www.karopack.be\/fr\/#organization"},"potentialAction":[{"@type":"SearchAction","target":{"@type":"EntryPoint","urlTemplate":"https:\/\/www.karopack.be\/fr\/?s={search_term_string}"},"query-input":{"@type":"PropertyValueSpecification","valueRequired":true,"valueName":"search_term_string"}}],"inLanguage":"fr-BE"},{"@type":"Organization","@id":"https:\/\/www.karopack.be\/fr\/#organization","name":"Karopack","url":"https:\/\/www.karopack.be\/fr\/","logo":{"@type":"ImageObject","inLanguage":"fr-BE","@id":"https:\/\/www.karopack.be\/fr\/#\/schema\/logo\/image\/","url":"https:\/\/www.karopack.be\/wp-content\/uploads\/2024\/07\/Karopack-Logo.png","contentUrl":"https:\/\/www.karopack.be\/wp-content\/uploads\/2024\/07\/Karopack-Logo.png","width":809,"height":240,"caption":"Karopack"},"image":{"@id":"https:\/\/www.karopack.be\/fr\/#\/schema\/logo\/image\/"}}]}},"_links":{"self":[{"href":"https:\/\/www.karopack.be\/fr\/wp-json\/wp\/v2\/product\/4042","targetHints":{"allow":["GET"]}}],"collection":[{"href":"https:\/\/www.karopack.be\/fr\/wp-json\/wp\/v2\/product"}],"about":[{"href":"https:\/\/www.karopack.be\/fr\/wp-json\/wp\/v2\/types\/product"}],"replies":[{"embeddable":true,"href":"https:\/\/www.karopack.be\/fr\/wp-json\/wp\/v2\/comments?post=4042"}],"wp:featuredmedia":[{"embeddable":true,"href":"https:\/\/www.karopack.be\/fr\/wp-json\/wp\/v2\/media\/3593"}],"wp:attachment":[{"href":"https:\/\/www.karopack.be\/fr\/wp-json\/wp\/v2\/media?parent=4042"}],"wp:term":[{"taxonomy":"product_brand","embeddable":true,"href":"https:\/\/www.karopack.be\/fr\/wp-json\/wp\/v2\/product_brand?post=4042"},{"taxonomy":"product_cat","embeddable":true,"href":"https:\/\/www.karopack.be\/fr\/wp-json\/wp\/v2\/product_cat?post=4042"},{"taxonomy":"product_tag","embeddable":true,"href":"https:\/\/www.karopack.be\/fr\/wp-json\/wp\/v2\/product_tag?post=4042"}],"curies":[{"name":"wp","href":"https:\/\/api.w.org\/{rel}","templated":true}]}}