{"id":4043,"date":"2024-07-11T06:18:56","date_gmt":"2024-07-11T06:18:56","guid":{"rendered":"https:\/\/www.karopack.be\/product\/coussin-de-deversoir-ecoline\/"},"modified":"2026-02-05T14:18:24","modified_gmt":"2026-02-05T14:18:24","slug":"coussin-de-deversoir-ecoline","status":"publish","type":"product","link":"https:\/\/www.karopack.be\/fr\/produit\/coussin-de-deversoir-ecoline\/","title":{"rendered":"Coussin de calage Ecoline"},"content":{"rendered":"<p>&nbsp;<\/p>\n<div class=\"u-container-style u-group u-white u-group-2\">\n<div class=\"u-container-layout u-valign-top u-container-layout-3\">\n<ul>\n<li>R\u00e9utilisable<\/li>\n<li>Recyclable<\/li>\n<li>Imperm\u00e9able \u00e0 l&rsquo;eau<\/li>\n<li>Inflation et d\u00e9flation faciles<\/li>\n<li>Pression de service (max.) = 2PSI \/ 0,13<\/li>\n<li>Pression d&rsquo;\u00e9clatement (min.) = 6,5 PSI \/ 0,44<\/li>\n<li>\u00c9quivalent papier : sacs en papier 1 pli<\/li>\n<\/ul>\n<\/div>\n<\/div>\n","protected":false},"excerpt":{"rendered":"<p>Les airbags Ecoline ou Level1-Eco sont con\u00e7us pour les camions pesant jusqu&rsquo;\u00e0 18 143 kg et non v\u00e9rifi\u00e9s par l&rsquo;AAR. Les airbags Ecoline d&rsquo;ABP sont fabriqu\u00e9s \u00e0 partir d&rsquo;un mat\u00e9riau propulseur durable en poly tiss\u00e9.<\/p>\n","protected":false},"featured_media":3531,"comment_status":"open","ping_status":"closed","template":"","meta":[],"product_brand":[],"product_cat":[83,92,91,82],"product_tag":[],"class_list":{"0":"post-4043","1":"product","2":"type-product","3":"status-publish","4":"has-post-thumbnail","6":"product_cat-coussins-de-poussee-airbags","7":"product_cat-ecoline-fr","8":"product_cat-fabricants","9":"product_cat-materiel-darrimage-et-de-fixation","11":"first","12":"instock","13":"product-type-simple"},"yoast_head":"<!-- This site is optimized with the Yoast SEO plugin v26.9 - https:\/\/yoast.com\/product\/yoast-seo-wordpress\/ -->\n<title>Coussin de calage Ecoline - Karopack<\/title>\n<meta name=\"robots\" content=\"index, follow, max-snippet:-1, max-image-preview:large, max-video-preview:-1\" \/>\n<link rel=\"canonical\" href=\"https:\/\/www.karopack.be\/fr\/produit\/coussin-de-deversoir-ecoline\/\" \/>\n<meta property=\"og:locale\" content=\"fr_FR\" \/>\n<meta property=\"og:type\" content=\"article\" \/>\n<meta property=\"og:title\" content=\"Coussin de calage Ecoline - Karopack\" \/>\n<meta property=\"og:description\" content=\"Les airbags Ecoline ou Level1-Eco sont con\u00e7us pour les camions pesant jusqu&#039;\u00e0 18 143 kg et non v\u00e9rifi\u00e9s par l&#039;AAR. Les airbags Ecoline d&#039;ABP sont fabriqu\u00e9s \u00e0 partir d&#039;un mat\u00e9riau propulseur durable en poly tiss\u00e9.\" \/>\n<meta property=\"og:url\" content=\"https:\/\/www.karopack.be\/fr\/produit\/coussin-de-deversoir-ecoline\/\" \/>\n<meta property=\"og:site_name\" content=\"Karopack\" \/>\n<meta property=\"article:modified_time\" content=\"2026-02-05T14:18:24+00:00\" \/>\n<meta property=\"og:image\" content=\"https:\/\/www.karopack.be\/wp-content\/uploads\/2024\/02\/Ecoline-stuwkussen1.jpg\" \/>\n\t<meta property=\"og:image:width\" content=\"1052\" \/>\n\t<meta property=\"og:image:height\" content=\"770\" \/>\n\t<meta property=\"og:image:type\" content=\"image\/jpeg\" \/>\n<meta name=\"twitter:card\" content=\"summary_large_image\" \/>\n<meta name=\"twitter:label1\" content=\"Dur\u00e9e de lecture est.\" \/>\n\t<meta name=\"twitter:data1\" content=\"1 minute\" \/>\n<script type=\"application\/ld+json\" class=\"yoast-schema-graph\">{\"@context\":\"https:\/\/schema.org\",\"@graph\":[{\"@type\":\"WebPage\",\"@id\":\"https:\/\/www.karopack.be\/fr\/produit\/coussin-de-deversoir-ecoline\/\",\"url\":\"https:\/\/www.karopack.be\/fr\/produit\/coussin-de-deversoir-ecoline\/\",\"name\":\"Coussin de calage Ecoline - Karopack\",\"isPartOf\":{\"@id\":\"https:\/\/www.karopack.be\/fr\/#website\"},\"primaryImageOfPage\":{\"@id\":\"https:\/\/www.karopack.be\/fr\/produit\/coussin-de-deversoir-ecoline\/#primaryimage\"},\"image\":{\"@id\":\"https:\/\/www.karopack.be\/fr\/produit\/coussin-de-deversoir-ecoline\/#primaryimage\"},\"thumbnailUrl\":\"https:\/\/www.karopack.be\/wp-content\/uploads\/2024\/02\/Ecoline-stuwkussen1.jpg\",\"datePublished\":\"2024-07-11T06:18:56+00:00\",\"dateModified\":\"2026-02-05T14:18:24+00:00\",\"breadcrumb\":{\"@id\":\"https:\/\/www.karopack.be\/fr\/produit\/coussin-de-deversoir-ecoline\/#breadcrumb\"},\"inLanguage\":\"fr-BE\",\"potentialAction\":[{\"@type\":\"ReadAction\",\"target\":[\"https:\/\/www.karopack.be\/fr\/produit\/coussin-de-deversoir-ecoline\/\"]}]},{\"@type\":\"ImageObject\",\"inLanguage\":\"fr-BE\",\"@id\":\"https:\/\/www.karopack.be\/fr\/produit\/coussin-de-deversoir-ecoline\/#primaryimage\",\"url\":\"https:\/\/www.karopack.be\/wp-content\/uploads\/2024\/02\/Ecoline-stuwkussen1.jpg\",\"contentUrl\":\"https:\/\/www.karopack.be\/wp-content\/uploads\/2024\/02\/Ecoline-stuwkussen1.jpg\",\"width\":1052,\"height\":770},{\"@type\":\"BreadcrumbList\",\"@id\":\"https:\/\/www.karopack.be\/fr\/produit\/coussin-de-deversoir-ecoline\/#breadcrumb\",\"itemListElement\":[{\"@type\":\"ListItem\",\"position\":1,\"name\":\"Home\",\"item\":\"https:\/\/www.karopack.be\/fr\/\"},{\"@type\":\"ListItem\",\"position\":2,\"name\":\"Shop\",\"item\":\"https:\/\/www.karopack.be\/fr\/shop\/\"},{\"@type\":\"ListItem\",\"position\":3,\"name\":\"Coussin de calage Ecoline\"}]},{\"@type\":\"WebSite\",\"@id\":\"https:\/\/www.karopack.be\/fr\/#website\",\"url\":\"https:\/\/www.karopack.be\/fr\/\",\"name\":\"Karopack\",\"description\":\"\",\"publisher\":{\"@id\":\"https:\/\/www.karopack.be\/fr\/#organization\"},\"potentialAction\":[{\"@type\":\"SearchAction\",\"target\":{\"@type\":\"EntryPoint\",\"urlTemplate\":\"https:\/\/www.karopack.be\/fr\/?s={search_term_string}\"},\"query-input\":{\"@type\":\"PropertyValueSpecification\",\"valueRequired\":true,\"valueName\":\"search_term_string\"}}],\"inLanguage\":\"fr-BE\"},{\"@type\":\"Organization\",\"@id\":\"https:\/\/www.karopack.be\/fr\/#organization\",\"name\":\"Karopack\",\"url\":\"https:\/\/www.karopack.be\/fr\/\",\"logo\":{\"@type\":\"ImageObject\",\"inLanguage\":\"fr-BE\",\"@id\":\"https:\/\/www.karopack.be\/fr\/#\/schema\/logo\/image\/\",\"url\":\"https:\/\/www.karopack.be\/wp-content\/uploads\/2024\/07\/Karopack-Logo.png\",\"contentUrl\":\"https:\/\/www.karopack.be\/wp-content\/uploads\/2024\/07\/Karopack-Logo.png\",\"width\":809,\"height\":240,\"caption\":\"Karopack\"},\"image\":{\"@id\":\"https:\/\/www.karopack.be\/fr\/#\/schema\/logo\/image\/\"}}]}<\/script>\n<!-- \/ Yoast SEO plugin. -->","yoast_head_json":{"title":"Coussin de calage Ecoline - Karopack","robots":{"index":"index","follow":"follow","max-snippet":"max-snippet:-1","max-image-preview":"max-image-preview:large","max-video-preview":"max-video-preview:-1"},"canonical":"https:\/\/www.karopack.be\/fr\/produit\/coussin-de-deversoir-ecoline\/","og_locale":"fr_FR","og_type":"article","og_title":"Coussin de calage Ecoline - Karopack","og_description":"Les airbags Ecoline ou Level1-Eco sont con\u00e7us pour les camions pesant jusqu'\u00e0 18 143 kg et non v\u00e9rifi\u00e9s par l'AAR. Les airbags Ecoline d'ABP sont fabriqu\u00e9s \u00e0 partir d'un mat\u00e9riau propulseur durable en poly tiss\u00e9.","og_url":"https:\/\/www.karopack.be\/fr\/produit\/coussin-de-deversoir-ecoline\/","og_site_name":"Karopack","article_modified_time":"2026-02-05T14:18:24+00:00","og_image":[{"width":1052,"height":770,"url":"https:\/\/www.karopack.be\/wp-content\/uploads\/2024\/02\/Ecoline-stuwkussen1.jpg","type":"image\/jpeg"}],"twitter_card":"summary_large_image","twitter_misc":{"Dur\u00e9e de lecture est.":"1 minute"},"schema":{"@context":"https:\/\/schema.org","@graph":[{"@type":"WebPage","@id":"https:\/\/www.karopack.be\/fr\/produit\/coussin-de-deversoir-ecoline\/","url":"https:\/\/www.karopack.be\/fr\/produit\/coussin-de-deversoir-ecoline\/","name":"Coussin de calage Ecoline - Karopack","isPartOf":{"@id":"https:\/\/www.karopack.be\/fr\/#website"},"primaryImageOfPage":{"@id":"https:\/\/www.karopack.be\/fr\/produit\/coussin-de-deversoir-ecoline\/#primaryimage"},"image":{"@id":"https:\/\/www.karopack.be\/fr\/produit\/coussin-de-deversoir-ecoline\/#primaryimage"},"thumbnailUrl":"https:\/\/www.karopack.be\/wp-content\/uploads\/2024\/02\/Ecoline-stuwkussen1.jpg","datePublished":"2024-07-11T06:18:56+00:00","dateModified":"2026-02-05T14:18:24+00:00","breadcrumb":{"@id":"https:\/\/www.karopack.be\/fr\/produit\/coussin-de-deversoir-ecoline\/#breadcrumb"},"inLanguage":"fr-BE","potentialAction":[{"@type":"ReadAction","target":["https:\/\/www.karopack.be\/fr\/produit\/coussin-de-deversoir-ecoline\/"]}]},{"@type":"ImageObject","inLanguage":"fr-BE","@id":"https:\/\/www.karopack.be\/fr\/produit\/coussin-de-deversoir-ecoline\/#primaryimage","url":"https:\/\/www.karopack.be\/wp-content\/uploads\/2024\/02\/Ecoline-stuwkussen1.jpg","contentUrl":"https:\/\/www.karopack.be\/wp-content\/uploads\/2024\/02\/Ecoline-stuwkussen1.jpg","width":1052,"height":770},{"@type":"BreadcrumbList","@id":"https:\/\/www.karopack.be\/fr\/produit\/coussin-de-deversoir-ecoline\/#breadcrumb","itemListElement":[{"@type":"ListItem","position":1,"name":"Home","item":"https:\/\/www.karopack.be\/fr\/"},{"@type":"ListItem","position":2,"name":"Shop","item":"https:\/\/www.karopack.be\/fr\/shop\/"},{"@type":"ListItem","position":3,"name":"Coussin de calage Ecoline"}]},{"@type":"WebSite","@id":"https:\/\/www.karopack.be\/fr\/#website","url":"https:\/\/www.karopack.be\/fr\/","name":"Karopack","description":"","publisher":{"@id":"https:\/\/www.karopack.be\/fr\/#organization"},"potentialAction":[{"@type":"SearchAction","target":{"@type":"EntryPoint","urlTemplate":"https:\/\/www.karopack.be\/fr\/?s={search_term_string}"},"query-input":{"@type":"PropertyValueSpecification","valueRequired":true,"valueName":"search_term_string"}}],"inLanguage":"fr-BE"},{"@type":"Organization","@id":"https:\/\/www.karopack.be\/fr\/#organization","name":"Karopack","url":"https:\/\/www.karopack.be\/fr\/","logo":{"@type":"ImageObject","inLanguage":"fr-BE","@id":"https:\/\/www.karopack.be\/fr\/#\/schema\/logo\/image\/","url":"https:\/\/www.karopack.be\/wp-content\/uploads\/2024\/07\/Karopack-Logo.png","contentUrl":"https:\/\/www.karopack.be\/wp-content\/uploads\/2024\/07\/Karopack-Logo.png","width":809,"height":240,"caption":"Karopack"},"image":{"@id":"https:\/\/www.karopack.be\/fr\/#\/schema\/logo\/image\/"}}]}},"_links":{"self":[{"href":"https:\/\/www.karopack.be\/fr\/wp-json\/wp\/v2\/product\/4043","targetHints":{"allow":["GET"]}}],"collection":[{"href":"https:\/\/www.karopack.be\/fr\/wp-json\/wp\/v2\/product"}],"about":[{"href":"https:\/\/www.karopack.be\/fr\/wp-json\/wp\/v2\/types\/product"}],"replies":[{"embeddable":true,"href":"https:\/\/www.karopack.be\/fr\/wp-json\/wp\/v2\/comments?post=4043"}],"wp:featuredmedia":[{"embeddable":true,"href":"https:\/\/www.karopack.be\/fr\/wp-json\/wp\/v2\/media\/3531"}],"wp:attachment":[{"href":"https:\/\/www.karopack.be\/fr\/wp-json\/wp\/v2\/media?parent=4043"}],"wp:term":[{"taxonomy":"product_brand","embeddable":true,"href":"https:\/\/www.karopack.be\/fr\/wp-json\/wp\/v2\/product_brand?post=4043"},{"taxonomy":"product_cat","embeddable":true,"href":"https:\/\/www.karopack.be\/fr\/wp-json\/wp\/v2\/product_cat?post=4043"},{"taxonomy":"product_tag","embeddable":true,"href":"https:\/\/www.karopack.be\/fr\/wp-json\/wp\/v2\/product_tag?post=4043"}],"curies":[{"name":"wp","href":"https:\/\/api.w.org\/{rel}","templated":true}]}}