{"id":4046,"date":"2024-07-11T06:18:58","date_gmt":"2024-07-11T06:18:58","guid":{"rendered":"https:\/\/www.karopack.be\/product\/balayeuse-stefix-150\/"},"modified":"2024-07-11T06:18:58","modified_gmt":"2024-07-11T06:18:58","slug":"balayeuse-stefix-150","status":"publish","type":"product","link":"https:\/\/www.karopack.be\/fr\/produit\/balayeuse-stefix-150\/","title":{"rendered":"Balayeuse Stefix 150"},"content":{"rendered":"<ul>\n<li>Type : Stefix 150<\/li>\n<li>Dimensions (LxLxH) : 144x122x115 cm.<\/li>\n<li>Capacit\u00e9 : 9 000 m2 par heure<\/li>\n<li>largeur de balayage avec 2 brosses lat\u00e9rales : 1500 mm<\/li>\n<li>Capacit\u00e9 de la poubelle : 88 litres<\/li>\n<li>surface du filtre : 6m2<\/li>\n<li>avec secoueur de filtre \u00e9lectrique<\/li>\n<li>avec volet pour d\u00e9chets encombrants<\/li>\n<li>avec frein de stationnement<\/li>\n<li>avec klaxon<\/li>\n<li>avec entra\u00eenement \u00e9lectrique des roues arri\u00e8re<\/li>\n<li>avec batterie de traction 24 V 185 Ah<\/li>\n<li>avec chargeur de batterie \u00e0 haute fr\u00e9quence<\/li>\n<li>avec indicateur de batterie et compteur d&rsquo;heures<\/li>\n<\/ul>\n<p>Le prix comprend les batteries et le chargeur de batterie \u00e0 haute fr\u00e9quence. <a href=\"https:\/\/www.steenks-service.nl\/schoonmaakmachines\/veegmachine\/veeg-zuigmachine-stefix-150-VE0000008\/\" target=\"_blank\" rel=\"noopener\">Cliquez ici<\/a> pour plus d&rsquo;informations sur cette machine.<\/p>\n","protected":false},"excerpt":{"rendered":"<p>La Stefix 150 est une balayeuse\/aspiratrice unique avec une largeur de balayage de 1500 mm, y compris 2 brosses lat\u00e9rales. La machine est unique en raison de sa grande largeur de balayage combin\u00e9e \u00e0 une manipulation facile. Le filtre \u00e0 poussi\u00e8re de 6m\u00b2 permet \u00e0 la machine de balayer aussi bien les grosses que les fines poussi\u00e8res. Gr\u00e2ce \u00e0 l&rsquo;entra\u00eenement \u00e9lectrique de la roue avant et \u00e0 la simplicit\u00e9 d&rsquo;utilisation, vous pouvez atteindre une capacit\u00e9 de 9000m\u00b2 \u00e0 nettoyer par heure.    <\/p>\n","protected":false},"featured_media":3575,"comment_status":"open","ping_status":"closed","template":"","meta":[],"product_brand":[],"product_cat":[88],"product_tag":[],"class_list":{"0":"post-4046","1":"product","2":"type-product","3":"status-publish","4":"has-post-thumbnail","6":"product_cat-balayeuses-et-aspirateurs","8":"first","9":"instock","10":"product-type-simple"},"yoast_head":"<!-- This site is optimized with the Yoast SEO plugin v26.9 - https:\/\/yoast.com\/product\/yoast-seo-wordpress\/ -->\n<title>Balayeuse Stefix 150 - Karopack<\/title>\n<meta name=\"robots\" content=\"index, follow, max-snippet:-1, max-image-preview:large, max-video-preview:-1\" \/>\n<link rel=\"canonical\" href=\"https:\/\/www.karopack.be\/fr\/produit\/balayeuse-stefix-150\/\" \/>\n<meta property=\"og:locale\" content=\"fr_FR\" \/>\n<meta property=\"og:type\" content=\"article\" \/>\n<meta property=\"og:title\" content=\"Balayeuse Stefix 150 - Karopack\" \/>\n<meta property=\"og:description\" content=\"La Stefix 150 est une balayeuse\/aspiratrice unique avec une largeur de balayage de 1500 mm, y compris 2 brosses lat\u00e9rales. La machine est unique en raison de sa grande largeur de balayage combin\u00e9e \u00e0 une manipulation facile. Le filtre \u00e0 poussi\u00e8re de 6m\u00b2 permet \u00e0 la machine de balayer aussi bien les grosses que les fines poussi\u00e8res. Gr\u00e2ce \u00e0 l&#039;entra\u00eenement \u00e9lectrique de la roue avant et \u00e0 la simplicit\u00e9 d&#039;utilisation, vous pouvez atteindre une capacit\u00e9 de 9000m\u00b2 \u00e0 nettoyer par heure.\" \/>\n<meta property=\"og:url\" content=\"https:\/\/www.karopack.be\/fr\/produit\/balayeuse-stefix-150\/\" \/>\n<meta property=\"og:site_name\" content=\"Karopack\" \/>\n<meta property=\"og:image\" content=\"https:\/\/www.karopack.be\/wp-content\/uploads\/2024\/07\/Stefix-150-veegmachine-4.jpg\" \/>\n\t<meta property=\"og:image:width\" content=\"1500\" \/>\n\t<meta property=\"og:image:height\" content=\"1500\" \/>\n\t<meta property=\"og:image:type\" content=\"image\/jpeg\" \/>\n<meta name=\"twitter:card\" content=\"summary_large_image\" \/>\n<script type=\"application\/ld+json\" class=\"yoast-schema-graph\">{\"@context\":\"https:\/\/schema.org\",\"@graph\":[{\"@type\":\"WebPage\",\"@id\":\"https:\/\/www.karopack.be\/fr\/produit\/balayeuse-stefix-150\/\",\"url\":\"https:\/\/www.karopack.be\/fr\/produit\/balayeuse-stefix-150\/\",\"name\":\"Balayeuse Stefix 150 - Karopack\",\"isPartOf\":{\"@id\":\"https:\/\/www.karopack.be\/fr\/#website\"},\"primaryImageOfPage\":{\"@id\":\"https:\/\/www.karopack.be\/fr\/produit\/balayeuse-stefix-150\/#primaryimage\"},\"image\":{\"@id\":\"https:\/\/www.karopack.be\/fr\/produit\/balayeuse-stefix-150\/#primaryimage\"},\"thumbnailUrl\":\"https:\/\/www.karopack.be\/wp-content\/uploads\/2024\/07\/Stefix-150-veegmachine-4.jpg\",\"datePublished\":\"2024-07-11T06:18:58+00:00\",\"breadcrumb\":{\"@id\":\"https:\/\/www.karopack.be\/fr\/produit\/balayeuse-stefix-150\/#breadcrumb\"},\"inLanguage\":\"fr-BE\",\"potentialAction\":[{\"@type\":\"ReadAction\",\"target\":[\"https:\/\/www.karopack.be\/fr\/produit\/balayeuse-stefix-150\/\"]}]},{\"@type\":\"ImageObject\",\"inLanguage\":\"fr-BE\",\"@id\":\"https:\/\/www.karopack.be\/fr\/produit\/balayeuse-stefix-150\/#primaryimage\",\"url\":\"https:\/\/www.karopack.be\/wp-content\/uploads\/2024\/07\/Stefix-150-veegmachine-4.jpg\",\"contentUrl\":\"https:\/\/www.karopack.be\/wp-content\/uploads\/2024\/07\/Stefix-150-veegmachine-4.jpg\",\"width\":1500,\"height\":1500},{\"@type\":\"BreadcrumbList\",\"@id\":\"https:\/\/www.karopack.be\/fr\/produit\/balayeuse-stefix-150\/#breadcrumb\",\"itemListElement\":[{\"@type\":\"ListItem\",\"position\":1,\"name\":\"Home\",\"item\":\"https:\/\/www.karopack.be\/fr\/\"},{\"@type\":\"ListItem\",\"position\":2,\"name\":\"Shop\",\"item\":\"https:\/\/www.karopack.be\/fr\/shop\/\"},{\"@type\":\"ListItem\",\"position\":3,\"name\":\"Balayeuse Stefix 150\"}]},{\"@type\":\"WebSite\",\"@id\":\"https:\/\/www.karopack.be\/fr\/#website\",\"url\":\"https:\/\/www.karopack.be\/fr\/\",\"name\":\"Karopack\",\"description\":\"\",\"publisher\":{\"@id\":\"https:\/\/www.karopack.be\/fr\/#organization\"},\"potentialAction\":[{\"@type\":\"SearchAction\",\"target\":{\"@type\":\"EntryPoint\",\"urlTemplate\":\"https:\/\/www.karopack.be\/fr\/?s={search_term_string}\"},\"query-input\":{\"@type\":\"PropertyValueSpecification\",\"valueRequired\":true,\"valueName\":\"search_term_string\"}}],\"inLanguage\":\"fr-BE\"},{\"@type\":\"Organization\",\"@id\":\"https:\/\/www.karopack.be\/fr\/#organization\",\"name\":\"Karopack\",\"url\":\"https:\/\/www.karopack.be\/fr\/\",\"logo\":{\"@type\":\"ImageObject\",\"inLanguage\":\"fr-BE\",\"@id\":\"https:\/\/www.karopack.be\/fr\/#\/schema\/logo\/image\/\",\"url\":\"https:\/\/www.karopack.be\/wp-content\/uploads\/2024\/07\/Karopack-Logo.png\",\"contentUrl\":\"https:\/\/www.karopack.be\/wp-content\/uploads\/2024\/07\/Karopack-Logo.png\",\"width\":809,\"height\":240,\"caption\":\"Karopack\"},\"image\":{\"@id\":\"https:\/\/www.karopack.be\/fr\/#\/schema\/logo\/image\/\"}}]}<\/script>\n<!-- \/ Yoast SEO plugin. -->","yoast_head_json":{"title":"Balayeuse Stefix 150 - Karopack","robots":{"index":"index","follow":"follow","max-snippet":"max-snippet:-1","max-image-preview":"max-image-preview:large","max-video-preview":"max-video-preview:-1"},"canonical":"https:\/\/www.karopack.be\/fr\/produit\/balayeuse-stefix-150\/","og_locale":"fr_FR","og_type":"article","og_title":"Balayeuse Stefix 150 - Karopack","og_description":"La Stefix 150 est une balayeuse\/aspiratrice unique avec une largeur de balayage de 1500 mm, y compris 2 brosses lat\u00e9rales. La machine est unique en raison de sa grande largeur de balayage combin\u00e9e \u00e0 une manipulation facile. Le filtre \u00e0 poussi\u00e8re de 6m\u00b2 permet \u00e0 la machine de balayer aussi bien les grosses que les fines poussi\u00e8res. Gr\u00e2ce \u00e0 l'entra\u00eenement \u00e9lectrique de la roue avant et \u00e0 la simplicit\u00e9 d'utilisation, vous pouvez atteindre une capacit\u00e9 de 9000m\u00b2 \u00e0 nettoyer par heure.","og_url":"https:\/\/www.karopack.be\/fr\/produit\/balayeuse-stefix-150\/","og_site_name":"Karopack","og_image":[{"width":1500,"height":1500,"url":"https:\/\/www.karopack.be\/wp-content\/uploads\/2024\/07\/Stefix-150-veegmachine-4.jpg","type":"image\/jpeg"}],"twitter_card":"summary_large_image","schema":{"@context":"https:\/\/schema.org","@graph":[{"@type":"WebPage","@id":"https:\/\/www.karopack.be\/fr\/produit\/balayeuse-stefix-150\/","url":"https:\/\/www.karopack.be\/fr\/produit\/balayeuse-stefix-150\/","name":"Balayeuse Stefix 150 - Karopack","isPartOf":{"@id":"https:\/\/www.karopack.be\/fr\/#website"},"primaryImageOfPage":{"@id":"https:\/\/www.karopack.be\/fr\/produit\/balayeuse-stefix-150\/#primaryimage"},"image":{"@id":"https:\/\/www.karopack.be\/fr\/produit\/balayeuse-stefix-150\/#primaryimage"},"thumbnailUrl":"https:\/\/www.karopack.be\/wp-content\/uploads\/2024\/07\/Stefix-150-veegmachine-4.jpg","datePublished":"2024-07-11T06:18:58+00:00","breadcrumb":{"@id":"https:\/\/www.karopack.be\/fr\/produit\/balayeuse-stefix-150\/#breadcrumb"},"inLanguage":"fr-BE","potentialAction":[{"@type":"ReadAction","target":["https:\/\/www.karopack.be\/fr\/produit\/balayeuse-stefix-150\/"]}]},{"@type":"ImageObject","inLanguage":"fr-BE","@id":"https:\/\/www.karopack.be\/fr\/produit\/balayeuse-stefix-150\/#primaryimage","url":"https:\/\/www.karopack.be\/wp-content\/uploads\/2024\/07\/Stefix-150-veegmachine-4.jpg","contentUrl":"https:\/\/www.karopack.be\/wp-content\/uploads\/2024\/07\/Stefix-150-veegmachine-4.jpg","width":1500,"height":1500},{"@type":"BreadcrumbList","@id":"https:\/\/www.karopack.be\/fr\/produit\/balayeuse-stefix-150\/#breadcrumb","itemListElement":[{"@type":"ListItem","position":1,"name":"Home","item":"https:\/\/www.karopack.be\/fr\/"},{"@type":"ListItem","position":2,"name":"Shop","item":"https:\/\/www.karopack.be\/fr\/shop\/"},{"@type":"ListItem","position":3,"name":"Balayeuse Stefix 150"}]},{"@type":"WebSite","@id":"https:\/\/www.karopack.be\/fr\/#website","url":"https:\/\/www.karopack.be\/fr\/","name":"Karopack","description":"","publisher":{"@id":"https:\/\/www.karopack.be\/fr\/#organization"},"potentialAction":[{"@type":"SearchAction","target":{"@type":"EntryPoint","urlTemplate":"https:\/\/www.karopack.be\/fr\/?s={search_term_string}"},"query-input":{"@type":"PropertyValueSpecification","valueRequired":true,"valueName":"search_term_string"}}],"inLanguage":"fr-BE"},{"@type":"Organization","@id":"https:\/\/www.karopack.be\/fr\/#organization","name":"Karopack","url":"https:\/\/www.karopack.be\/fr\/","logo":{"@type":"ImageObject","inLanguage":"fr-BE","@id":"https:\/\/www.karopack.be\/fr\/#\/schema\/logo\/image\/","url":"https:\/\/www.karopack.be\/wp-content\/uploads\/2024\/07\/Karopack-Logo.png","contentUrl":"https:\/\/www.karopack.be\/wp-content\/uploads\/2024\/07\/Karopack-Logo.png","width":809,"height":240,"caption":"Karopack"},"image":{"@id":"https:\/\/www.karopack.be\/fr\/#\/schema\/logo\/image\/"}}]}},"_links":{"self":[{"href":"https:\/\/www.karopack.be\/fr\/wp-json\/wp\/v2\/product\/4046","targetHints":{"allow":["GET"]}}],"collection":[{"href":"https:\/\/www.karopack.be\/fr\/wp-json\/wp\/v2\/product"}],"about":[{"href":"https:\/\/www.karopack.be\/fr\/wp-json\/wp\/v2\/types\/product"}],"replies":[{"embeddable":true,"href":"https:\/\/www.karopack.be\/fr\/wp-json\/wp\/v2\/comments?post=4046"}],"wp:featuredmedia":[{"embeddable":true,"href":"https:\/\/www.karopack.be\/fr\/wp-json\/wp\/v2\/media\/3575"}],"wp:attachment":[{"href":"https:\/\/www.karopack.be\/fr\/wp-json\/wp\/v2\/media?parent=4046"}],"wp:term":[{"taxonomy":"product_brand","embeddable":true,"href":"https:\/\/www.karopack.be\/fr\/wp-json\/wp\/v2\/product_brand?post=4046"},{"taxonomy":"product_cat","embeddable":true,"href":"https:\/\/www.karopack.be\/fr\/wp-json\/wp\/v2\/product_cat?post=4046"},{"taxonomy":"product_tag","embeddable":true,"href":"https:\/\/www.karopack.be\/fr\/wp-json\/wp\/v2\/product_tag?post=4046"}],"curies":[{"name":"wp","href":"https:\/\/api.w.org\/{rel}","templated":true}]}}