{"id":4047,"date":"2024-07-11T06:18:53","date_gmt":"2024-07-11T06:18:53","guid":{"rendered":"https:\/\/www.karopack.be\/product\/cerclage-en-polyester-pet\/"},"modified":"2024-07-11T06:18:53","modified_gmt":"2024-07-11T06:18:53","slug":"cerclage-en-polyester-pet","status":"publish","type":"product","link":"https:\/\/www.karopack.be\/fr\/produit\/cerclage-en-polyester-pet\/","title":{"rendered":"Cerclage en polyester\/PET"},"content":{"rendered":"<h2 class=\"u-text u-text-default u-text-1\">Cerclage en polyester\/PET<\/h2>\n<p class=\"u-text u-text-2\">&#8211; Le cerclage en polyester convient au cerclage. &#8211; Le cerclage en polyester est appel\u00e9 cerclage en PET. &#8211; Le cerclage en PET est \u00e9lastique et conserve toujours sa tension, absorbant les chocs pendant le transport. &#8211; Le cerclage en PET est fabriqu\u00e9 en polyester et est tr\u00e8s solide, r\u00e9sistant aux UV et non corrosif.<\/p>\n<div class=\"u-container-style u-group u-white u-group-2\">\n<div class=\"u-container-layout u-valign-top u-container-layout-7\">\n<p class=\"u-text u-text-default u-text-3\">Cerclage en polyester pour utilisation manuelle et m\u00e9canique.<\/p>\n<p>A<u>vantages du feuillard en PET<\/u> &#8211; Tr\u00e8s r\u00e9sistant &#8211; Grande absorption des chocs, allongement de 12 \u00e0 14% &#8211; R\u00e9sistant \u00e0 l&rsquo;eau, \u00e0 la temp\u00e9rature et aux UV &#8211; Ne rouille pas par rapport au feuillard en acier &#8211; Peut \u00eatre trait\u00e9 sur toutes les machines avec des syst\u00e8mes de soudure thermique ou friktie &#8211; Particuli\u00e8rement adapt\u00e9 aux charges lourdes.<\/p>\n<p><u>Gamme de produits &#8211; largeur et \u00e9paisseur<\/u><\/p>\n<\/div><\/div>\n<div class=\"u-table u-table-responsive u-table-1\">\n<table class=\"u-table-entity\">\n<colgroup>\n<col width=\"23.3%\">\n<col width=\"19.3%\">\n<col width=\"16.1%\">\n<col width=\"16.5%\">\n<col width=\"24.8%\"><\/colgroup>\n<tbody class=\"u-table-body\">\n<tr>\n<td class=\"u-border-1 u-border-grey-dark-1 u-table-cell\">9,3 mm<\/td>\n<td class=\"u-border-1 u-border-grey-dark-1 u-table-cell\">0.55<\/td>\n<td class=\"u-border-1 u-border-grey-dark-1 u-table-cell\">0.60<\/td>\n<td class=\"u-border-1 u-border-grey-dark-1 u-table-cell\"><\/td>\n<td class=\"u-border-1 u-border-grey-dark-1 u-table-cell u-table-cell-5\"><\/td>\n<\/tr>\n<tr>\n<td class=\"u-border-1 u-border-grey-dark-1 u-table-cell\">11 mm<\/td>\n<td class=\"u-border-1 u-border-grey-dark-1 u-table-cell\">0.50<\/td>\n<td class=\"u-border-1 u-border-grey-dark-1 u-table-cell\"><\/td>\n<td class=\"u-border-1 u-border-grey-dark-1 u-table-cell\"><\/td>\n<td class=\"u-border-1 u-border-grey-dark-1 u-table-cell\"><\/td>\n<\/tr>\n<tr>\n<td class=\"u-border-1 u-border-grey-dark-1 u-table-cell\">12 mm<\/td>\n<td class=\"u-border-1 u-border-grey-dark-1 u-table-cell\">0.60<\/td>\n<td class=\"u-border-1 u-border-grey-dark-1 u-table-cell\">0.65<\/td>\n<td class=\"u-border-1 u-border-grey-dark-1 u-table-cell\">0.70<\/td>\n<td class=\"u-border-1 u-border-grey-dark-1 u-table-cell\"><\/td>\n<\/tr>\n<tr>\n<td class=\"u-border-1 u-border-grey-dark-1 u-table-cell\">12,5 mm<\/td>\n<td class=\"u-border-1 u-border-grey-dark-1 u-table-cell\">0.45<\/td>\n<td class=\"u-border-1 u-border-grey-dark-1 u-table-cell\">0.65<\/td>\n<td class=\"u-border-1 u-border-grey-dark-1 u-table-cell\">0.90<\/td>\n<td class=\"u-border-1 u-border-grey-dark-1 u-table-cell\"><\/td>\n<\/tr>\n<tr>\n<td class=\"u-border-1 u-border-grey-dark-1 u-table-cell\">15 mm<\/td>\n<td class=\"u-border-1 u-border-grey-dark-1 u-table-cell\">0.60<\/td>\n<td class=\"u-border-1 u-border-grey-dark-1 u-table-cell\">0.70<\/td>\n<td class=\"u-border-1 u-border-grey-dark-1 u-table-cell\">0.80<\/td>\n<td class=\"u-border-1 u-border-grey-dark-1 u-table-cell\"><\/td>\n<\/tr>\n<tr>\n<td class=\"u-border-1 u-border-grey-dark-1 u-table-cell\">15,5 mm<\/td>\n<td class=\"u-border-1 u-border-grey-dark-1 u-table-cell\">0.65<\/td>\n<td class=\"u-border-1 u-border-grey-dark-1 u-table-cell\">0.75<\/td>\n<td class=\"u-border-1 u-border-grey-dark-1 u-table-cell\">0.85<\/td>\n<td class=\"u-border-1 u-border-grey-dark-1 u-table-cell\">0.90<\/td>\n<\/tr>\n<tr>\n<td class=\"u-border-1 u-border-grey-dark-1 u-table-cell\">16 mm<\/td>\n<td class=\"u-border-1 u-border-grey-dark-1 u-table-cell\">0.55<\/td>\n<td class=\"u-border-1 u-border-grey-dark-1 u-table-cell\">0.70<\/td>\n<td class=\"u-border-1 u-border-grey-dark-1 u-table-cell\">0.90<\/td>\n<td class=\"u-border-1 u-border-grey-dark-1 u-table-cell\"><\/td>\n<\/tr>\n<tr>\n<td class=\"u-border-1 u-border-grey-dark-1 u-table-cell\">19 mm<\/td>\n<td class=\"u-border-1 u-border-grey-dark-1 u-table-cell\">0.85<\/td>\n<td class=\"u-border-1 u-border-grey-dark-1 u-table-cell\">1.00<\/td>\n<td class=\"u-border-1 u-border-grey-dark-1 u-table-cell\">1.25<\/td>\n<\/tr>\n<\/tbody>\n<\/table><\/div>\n","protected":false},"excerpt":{"rendered":"<p>Cerclage en polyester\/PET &#8211; Le cerclage en polyester convient au cerclage. &#8211; Le cerclage en polyester est appel\u00e9 cerclage en PET. &#8211; Le cerclage en PET est \u00e9lastique et conserve toujours sa tension, absorbant les chocs pendant le transport. &#8211; Le cerclage en PET est fabriqu\u00e9 en polyester et est tr\u00e8s solide, r\u00e9sistant aux UV [&hellip;]<\/p>\n","protected":false},"featured_media":3523,"comment_status":"open","ping_status":"open","template":"","meta":[],"product_brand":[],"product_cat":[85],"product_tag":[],"class_list":{"0":"post-4047","1":"product","2":"type-product","3":"status-publish","4":"has-post-thumbnail","6":"product_cat-materiel-demballage","8":"first","9":"instock","10":"product-type-simple"},"yoast_head":"<!-- This site is optimized with the Yoast SEO plugin v26.9 - https:\/\/yoast.com\/product\/yoast-seo-wordpress\/ -->\n<title>Cerclage en polyester\/PET - Karopack<\/title>\n<meta name=\"robots\" content=\"index, follow, max-snippet:-1, max-image-preview:large, max-video-preview:-1\" \/>\n<link rel=\"canonical\" href=\"https:\/\/www.karopack.be\/fr\/produit\/cerclage-en-polyester-pet\/\" \/>\n<meta property=\"og:locale\" content=\"fr_FR\" \/>\n<meta property=\"og:type\" content=\"article\" \/>\n<meta property=\"og:title\" content=\"Cerclage en polyester\/PET - Karopack\" \/>\n<meta property=\"og:description\" content=\"Cerclage en polyester\/PET &#8211; Le cerclage en polyester convient au cerclage. &#8211; Le cerclage en polyester est appel\u00e9 cerclage en PET. &#8211; Le cerclage en PET est \u00e9lastique et conserve toujours sa tension, absorbant les chocs pendant le transport. &#8211; Le cerclage en PET est fabriqu\u00e9 en polyester et est tr\u00e8s solide, r\u00e9sistant aux UV [&hellip;]\" \/>\n<meta property=\"og:url\" content=\"https:\/\/www.karopack.be\/fr\/produit\/cerclage-en-polyester-pet\/\" \/>\n<meta property=\"og:site_name\" content=\"Karopack\" \/>\n<meta property=\"og:image\" content=\"https:\/\/www.karopack.be\/wp-content\/uploads\/2024\/02\/PET-omsnoeringsband1.jpg\" \/>\n\t<meta property=\"og:image:width\" content=\"1923\" \/>\n\t<meta property=\"og:image:height\" content=\"936\" \/>\n\t<meta property=\"og:image:type\" content=\"image\/jpeg\" \/>\n<meta name=\"twitter:card\" content=\"summary_large_image\" \/>\n<meta name=\"twitter:label1\" content=\"Dur\u00e9e de lecture est.\" \/>\n\t<meta name=\"twitter:data1\" content=\"1 minute\" \/>\n<script type=\"application\/ld+json\" class=\"yoast-schema-graph\">{\"@context\":\"https:\/\/schema.org\",\"@graph\":[{\"@type\":\"WebPage\",\"@id\":\"https:\/\/www.karopack.be\/fr\/produit\/cerclage-en-polyester-pet\/\",\"url\":\"https:\/\/www.karopack.be\/fr\/produit\/cerclage-en-polyester-pet\/\",\"name\":\"Cerclage en polyester\/PET - Karopack\",\"isPartOf\":{\"@id\":\"https:\/\/www.karopack.be\/fr\/#website\"},\"primaryImageOfPage\":{\"@id\":\"https:\/\/www.karopack.be\/fr\/produit\/cerclage-en-polyester-pet\/#primaryimage\"},\"image\":{\"@id\":\"https:\/\/www.karopack.be\/fr\/produit\/cerclage-en-polyester-pet\/#primaryimage\"},\"thumbnailUrl\":\"https:\/\/www.karopack.be\/wp-content\/uploads\/2024\/02\/PET-omsnoeringsband1.jpg\",\"datePublished\":\"2024-07-11T06:18:53+00:00\",\"breadcrumb\":{\"@id\":\"https:\/\/www.karopack.be\/fr\/produit\/cerclage-en-polyester-pet\/#breadcrumb\"},\"inLanguage\":\"fr-BE\",\"potentialAction\":[{\"@type\":\"ReadAction\",\"target\":[\"https:\/\/www.karopack.be\/fr\/produit\/cerclage-en-polyester-pet\/\"]}]},{\"@type\":\"ImageObject\",\"inLanguage\":\"fr-BE\",\"@id\":\"https:\/\/www.karopack.be\/fr\/produit\/cerclage-en-polyester-pet\/#primaryimage\",\"url\":\"https:\/\/www.karopack.be\/wp-content\/uploads\/2024\/02\/PET-omsnoeringsband1.jpg\",\"contentUrl\":\"https:\/\/www.karopack.be\/wp-content\/uploads\/2024\/02\/PET-omsnoeringsband1.jpg\",\"width\":1923,\"height\":936},{\"@type\":\"BreadcrumbList\",\"@id\":\"https:\/\/www.karopack.be\/fr\/produit\/cerclage-en-polyester-pet\/#breadcrumb\",\"itemListElement\":[{\"@type\":\"ListItem\",\"position\":1,\"name\":\"Home\",\"item\":\"https:\/\/www.karopack.be\/fr\/\"},{\"@type\":\"ListItem\",\"position\":2,\"name\":\"Shop\",\"item\":\"https:\/\/www.karopack.be\/fr\/shop\/\"},{\"@type\":\"ListItem\",\"position\":3,\"name\":\"Cerclage en polyester\/PET\"}]},{\"@type\":\"WebSite\",\"@id\":\"https:\/\/www.karopack.be\/fr\/#website\",\"url\":\"https:\/\/www.karopack.be\/fr\/\",\"name\":\"Karopack\",\"description\":\"\",\"publisher\":{\"@id\":\"https:\/\/www.karopack.be\/fr\/#organization\"},\"potentialAction\":[{\"@type\":\"SearchAction\",\"target\":{\"@type\":\"EntryPoint\",\"urlTemplate\":\"https:\/\/www.karopack.be\/fr\/?s={search_term_string}\"},\"query-input\":{\"@type\":\"PropertyValueSpecification\",\"valueRequired\":true,\"valueName\":\"search_term_string\"}}],\"inLanguage\":\"fr-BE\"},{\"@type\":\"Organization\",\"@id\":\"https:\/\/www.karopack.be\/fr\/#organization\",\"name\":\"Karopack\",\"url\":\"https:\/\/www.karopack.be\/fr\/\",\"logo\":{\"@type\":\"ImageObject\",\"inLanguage\":\"fr-BE\",\"@id\":\"https:\/\/www.karopack.be\/fr\/#\/schema\/logo\/image\/\",\"url\":\"https:\/\/www.karopack.be\/wp-content\/uploads\/2024\/07\/Karopack-Logo.png\",\"contentUrl\":\"https:\/\/www.karopack.be\/wp-content\/uploads\/2024\/07\/Karopack-Logo.png\",\"width\":809,\"height\":240,\"caption\":\"Karopack\"},\"image\":{\"@id\":\"https:\/\/www.karopack.be\/fr\/#\/schema\/logo\/image\/\"}}]}<\/script>\n<!-- \/ Yoast SEO plugin. -->","yoast_head_json":{"title":"Cerclage en polyester\/PET - Karopack","robots":{"index":"index","follow":"follow","max-snippet":"max-snippet:-1","max-image-preview":"max-image-preview:large","max-video-preview":"max-video-preview:-1"},"canonical":"https:\/\/www.karopack.be\/fr\/produit\/cerclage-en-polyester-pet\/","og_locale":"fr_FR","og_type":"article","og_title":"Cerclage en polyester\/PET - Karopack","og_description":"Cerclage en polyester\/PET &#8211; Le cerclage en polyester convient au cerclage. &#8211; Le cerclage en polyester est appel\u00e9 cerclage en PET. &#8211; Le cerclage en PET est \u00e9lastique et conserve toujours sa tension, absorbant les chocs pendant le transport. &#8211; Le cerclage en PET est fabriqu\u00e9 en polyester et est tr\u00e8s solide, r\u00e9sistant aux UV [&hellip;]","og_url":"https:\/\/www.karopack.be\/fr\/produit\/cerclage-en-polyester-pet\/","og_site_name":"Karopack","og_image":[{"width":1923,"height":936,"url":"https:\/\/www.karopack.be\/wp-content\/uploads\/2024\/02\/PET-omsnoeringsband1.jpg","type":"image\/jpeg"}],"twitter_card":"summary_large_image","twitter_misc":{"Dur\u00e9e de lecture est.":"1 minute"},"schema":{"@context":"https:\/\/schema.org","@graph":[{"@type":"WebPage","@id":"https:\/\/www.karopack.be\/fr\/produit\/cerclage-en-polyester-pet\/","url":"https:\/\/www.karopack.be\/fr\/produit\/cerclage-en-polyester-pet\/","name":"Cerclage en polyester\/PET - Karopack","isPartOf":{"@id":"https:\/\/www.karopack.be\/fr\/#website"},"primaryImageOfPage":{"@id":"https:\/\/www.karopack.be\/fr\/produit\/cerclage-en-polyester-pet\/#primaryimage"},"image":{"@id":"https:\/\/www.karopack.be\/fr\/produit\/cerclage-en-polyester-pet\/#primaryimage"},"thumbnailUrl":"https:\/\/www.karopack.be\/wp-content\/uploads\/2024\/02\/PET-omsnoeringsband1.jpg","datePublished":"2024-07-11T06:18:53+00:00","breadcrumb":{"@id":"https:\/\/www.karopack.be\/fr\/produit\/cerclage-en-polyester-pet\/#breadcrumb"},"inLanguage":"fr-BE","potentialAction":[{"@type":"ReadAction","target":["https:\/\/www.karopack.be\/fr\/produit\/cerclage-en-polyester-pet\/"]}]},{"@type":"ImageObject","inLanguage":"fr-BE","@id":"https:\/\/www.karopack.be\/fr\/produit\/cerclage-en-polyester-pet\/#primaryimage","url":"https:\/\/www.karopack.be\/wp-content\/uploads\/2024\/02\/PET-omsnoeringsband1.jpg","contentUrl":"https:\/\/www.karopack.be\/wp-content\/uploads\/2024\/02\/PET-omsnoeringsband1.jpg","width":1923,"height":936},{"@type":"BreadcrumbList","@id":"https:\/\/www.karopack.be\/fr\/produit\/cerclage-en-polyester-pet\/#breadcrumb","itemListElement":[{"@type":"ListItem","position":1,"name":"Home","item":"https:\/\/www.karopack.be\/fr\/"},{"@type":"ListItem","position":2,"name":"Shop","item":"https:\/\/www.karopack.be\/fr\/shop\/"},{"@type":"ListItem","position":3,"name":"Cerclage en polyester\/PET"}]},{"@type":"WebSite","@id":"https:\/\/www.karopack.be\/fr\/#website","url":"https:\/\/www.karopack.be\/fr\/","name":"Karopack","description":"","publisher":{"@id":"https:\/\/www.karopack.be\/fr\/#organization"},"potentialAction":[{"@type":"SearchAction","target":{"@type":"EntryPoint","urlTemplate":"https:\/\/www.karopack.be\/fr\/?s={search_term_string}"},"query-input":{"@type":"PropertyValueSpecification","valueRequired":true,"valueName":"search_term_string"}}],"inLanguage":"fr-BE"},{"@type":"Organization","@id":"https:\/\/www.karopack.be\/fr\/#organization","name":"Karopack","url":"https:\/\/www.karopack.be\/fr\/","logo":{"@type":"ImageObject","inLanguage":"fr-BE","@id":"https:\/\/www.karopack.be\/fr\/#\/schema\/logo\/image\/","url":"https:\/\/www.karopack.be\/wp-content\/uploads\/2024\/07\/Karopack-Logo.png","contentUrl":"https:\/\/www.karopack.be\/wp-content\/uploads\/2024\/07\/Karopack-Logo.png","width":809,"height":240,"caption":"Karopack"},"image":{"@id":"https:\/\/www.karopack.be\/fr\/#\/schema\/logo\/image\/"}}]}},"_links":{"self":[{"href":"https:\/\/www.karopack.be\/fr\/wp-json\/wp\/v2\/product\/4047","targetHints":{"allow":["GET"]}}],"collection":[{"href":"https:\/\/www.karopack.be\/fr\/wp-json\/wp\/v2\/product"}],"about":[{"href":"https:\/\/www.karopack.be\/fr\/wp-json\/wp\/v2\/types\/product"}],"replies":[{"embeddable":true,"href":"https:\/\/www.karopack.be\/fr\/wp-json\/wp\/v2\/comments?post=4047"}],"wp:featuredmedia":[{"embeddable":true,"href":"https:\/\/www.karopack.be\/fr\/wp-json\/wp\/v2\/media\/3523"}],"wp:attachment":[{"href":"https:\/\/www.karopack.be\/fr\/wp-json\/wp\/v2\/media?parent=4047"}],"wp:term":[{"taxonomy":"product_brand","embeddable":true,"href":"https:\/\/www.karopack.be\/fr\/wp-json\/wp\/v2\/product_brand?post=4047"},{"taxonomy":"product_cat","embeddable":true,"href":"https:\/\/www.karopack.be\/fr\/wp-json\/wp\/v2\/product_cat?post=4047"},{"taxonomy":"product_tag","embeddable":true,"href":"https:\/\/www.karopack.be\/fr\/wp-json\/wp\/v2\/product_tag?post=4047"}],"curies":[{"name":"wp","href":"https:\/\/api.w.org\/{rel}","templated":true}]}}