{"id":4056,"date":"2024-07-11T06:18:39","date_gmt":"2024-07-11T06:18:39","guid":{"rendered":"https:\/\/www.karopack.be\/product\/reliure-a-anneaux-avec-ruban-adhesif\/"},"modified":"2024-07-11T06:18:39","modified_gmt":"2024-07-11T06:18:39","slug":"reliure-a-anneaux-avec-ruban-adhesif","status":"publish","type":"product","link":"https:\/\/www.karopack.be\/fr\/produit\/reliure-a-anneaux-avec-ruban-adhesif\/","title":{"rendered":"Reliure \u00e0 anneaux avec ruban adh\u00e9sif"},"content":{"rendered":"<div class=\"summary entry-summary\">\n<div class=\"woocommerce-product-details__short-description\">\n<div id=\"text_block-46-347\" class=\"ct-text-block\">\n<p>Conviviales, rapides et compactes, les presses \u00e0 ruban SE1 sont utilis\u00e9es pour le marquage des bottes de poireaux, d&rsquo;oignons, de blettes, etc. mais aussi pour le marquage de produits individuels : concombres, courgettes, c\u00e9leris, melons, radis, etc.<\/p>\n<p><iframe title=\"BOTTELEUSE A RUBAN - TAPING UNIT\" src=\"https:\/\/www.youtube.com\/embed\/n6kO3Ms4gVk?feature=oembed\" width=\"1140\" height=\"641\" frameborder=\"0\" allowfullscreen=\"allowfullscreen\" data-mce-fragment=\"1\"><\/iframe><\/p>\n<ul>\n<li>\n<p>D<strong>escription technique :<\/strong> Dur\u00e9e du cycle 0,8 sec Utilise des rubans de 15 \u00e0 30 mm D\u00e9clenchement lat\u00e9ral 230 volts<\/li>\n<\/ul>\n<\/div><\/div>\n<\/p><\/div>\n<div class=\"woocommerce-tabs wc-tabs-wrapper\">\n<div id=\"tab-description\" class=\"woocommerce-Tabs-panel woocommerce-Tabs-panel--description panel entry-content wc-tab\" role=\"tabpanel\" aria-labelledby=\"tab-title-description\"><\/div>\n<\/p><\/div>\n","protected":false},"excerpt":{"rendered":"<p>Conviviales, rapides et compactes, les presses \u00e0 ruban SE1 sont utilis\u00e9es pour le marquage des bottes de poireaux, d&rsquo;oignons, de blettes, etc. mais aussi pour le marquage de produits individuels : concombres, courgettes, c\u00e9leris, melons, radis, etc. Description technique : Dur\u00e9e du cycle 0,8 sec Utilise des rubans de 15 \u00e0 30 mm D\u00e9clenchement lat\u00e9ral [&hellip;]<\/p>\n","protected":false},"featured_media":3495,"comment_status":"open","ping_status":"open","template":"","meta":[],"product_brand":[],"product_cat":[104],"product_tag":[],"class_list":{"0":"post-4056","1":"product","2":"type-product","3":"status-publish","4":"has-post-thumbnail","6":"product_cat-pas-de-categorie","8":"first","9":"instock","10":"product-type-simple"},"yoast_head":"<!-- This site is optimized with the Yoast SEO plugin v26.9 - https:\/\/yoast.com\/product\/yoast-seo-wordpress\/ -->\n<title>Reliure \u00e0 anneaux avec ruban adh\u00e9sif - Karopack<\/title>\n<meta name=\"robots\" content=\"index, follow, max-snippet:-1, max-image-preview:large, max-video-preview:-1\" \/>\n<link rel=\"canonical\" href=\"https:\/\/www.karopack.be\/fr\/produit\/reliure-a-anneaux-avec-ruban-adhesif\/\" \/>\n<meta property=\"og:locale\" content=\"fr_FR\" \/>\n<meta property=\"og:type\" content=\"article\" \/>\n<meta property=\"og:title\" content=\"Reliure \u00e0 anneaux avec ruban adh\u00e9sif - Karopack\" \/>\n<meta property=\"og:description\" content=\"Conviviales, rapides et compactes, les presses \u00e0 ruban SE1 sont utilis\u00e9es pour le marquage des bottes de poireaux, d&rsquo;oignons, de blettes, etc. mais aussi pour le marquage de produits individuels : concombres, courgettes, c\u00e9leris, melons, radis, etc. Description technique : Dur\u00e9e du cycle 0,8 sec Utilise des rubans de 15 \u00e0 30 mm D\u00e9clenchement lat\u00e9ral [&hellip;]\" \/>\n<meta property=\"og:url\" content=\"https:\/\/www.karopack.be\/fr\/produit\/reliure-a-anneaux-avec-ruban-adhesif\/\" \/>\n<meta property=\"og:site_name\" content=\"Karopack\" \/>\n<meta property=\"og:image\" content=\"https:\/\/www.karopack.be\/wp-content\/uploads\/2024\/02\/ARChd-04-21-20-scaled-1.jpg\" \/>\n\t<meta property=\"og:image:width\" content=\"2560\" \/>\n\t<meta property=\"og:image:height\" content=\"1828\" \/>\n\t<meta property=\"og:image:type\" content=\"image\/jpeg\" \/>\n<meta name=\"twitter:card\" content=\"summary_large_image\" \/>\n<script type=\"application\/ld+json\" class=\"yoast-schema-graph\">{\"@context\":\"https:\/\/schema.org\",\"@graph\":[{\"@type\":\"WebPage\",\"@id\":\"https:\/\/www.karopack.be\/fr\/produit\/reliure-a-anneaux-avec-ruban-adhesif\/\",\"url\":\"https:\/\/www.karopack.be\/fr\/produit\/reliure-a-anneaux-avec-ruban-adhesif\/\",\"name\":\"Reliure \u00e0 anneaux avec ruban adh\u00e9sif - Karopack\",\"isPartOf\":{\"@id\":\"https:\/\/www.karopack.be\/fr\/#website\"},\"primaryImageOfPage\":{\"@id\":\"https:\/\/www.karopack.be\/fr\/produit\/reliure-a-anneaux-avec-ruban-adhesif\/#primaryimage\"},\"image\":{\"@id\":\"https:\/\/www.karopack.be\/fr\/produit\/reliure-a-anneaux-avec-ruban-adhesif\/#primaryimage\"},\"thumbnailUrl\":\"https:\/\/www.karopack.be\/wp-content\/uploads\/2024\/02\/ARChd-04-21-20-scaled-1.jpg\",\"datePublished\":\"2024-07-11T06:18:39+00:00\",\"breadcrumb\":{\"@id\":\"https:\/\/www.karopack.be\/fr\/produit\/reliure-a-anneaux-avec-ruban-adhesif\/#breadcrumb\"},\"inLanguage\":\"fr-BE\",\"potentialAction\":[{\"@type\":\"ReadAction\",\"target\":[\"https:\/\/www.karopack.be\/fr\/produit\/reliure-a-anneaux-avec-ruban-adhesif\/\"]}]},{\"@type\":\"ImageObject\",\"inLanguage\":\"fr-BE\",\"@id\":\"https:\/\/www.karopack.be\/fr\/produit\/reliure-a-anneaux-avec-ruban-adhesif\/#primaryimage\",\"url\":\"https:\/\/www.karopack.be\/wp-content\/uploads\/2024\/02\/ARChd-04-21-20-scaled-1.jpg\",\"contentUrl\":\"https:\/\/www.karopack.be\/wp-content\/uploads\/2024\/02\/ARChd-04-21-20-scaled-1.jpg\",\"width\":2560,\"height\":1828},{\"@type\":\"BreadcrumbList\",\"@id\":\"https:\/\/www.karopack.be\/fr\/produit\/reliure-a-anneaux-avec-ruban-adhesif\/#breadcrumb\",\"itemListElement\":[{\"@type\":\"ListItem\",\"position\":1,\"name\":\"Home\",\"item\":\"https:\/\/www.karopack.be\/fr\/\"},{\"@type\":\"ListItem\",\"position\":2,\"name\":\"Shop\",\"item\":\"https:\/\/www.karopack.be\/fr\/shop\/\"},{\"@type\":\"ListItem\",\"position\":3,\"name\":\"Reliure \u00e0 anneaux avec ruban adh\u00e9sif\"}]},{\"@type\":\"WebSite\",\"@id\":\"https:\/\/www.karopack.be\/fr\/#website\",\"url\":\"https:\/\/www.karopack.be\/fr\/\",\"name\":\"Karopack\",\"description\":\"\",\"publisher\":{\"@id\":\"https:\/\/www.karopack.be\/fr\/#organization\"},\"potentialAction\":[{\"@type\":\"SearchAction\",\"target\":{\"@type\":\"EntryPoint\",\"urlTemplate\":\"https:\/\/www.karopack.be\/fr\/?s={search_term_string}\"},\"query-input\":{\"@type\":\"PropertyValueSpecification\",\"valueRequired\":true,\"valueName\":\"search_term_string\"}}],\"inLanguage\":\"fr-BE\"},{\"@type\":\"Organization\",\"@id\":\"https:\/\/www.karopack.be\/fr\/#organization\",\"name\":\"Karopack\",\"url\":\"https:\/\/www.karopack.be\/fr\/\",\"logo\":{\"@type\":\"ImageObject\",\"inLanguage\":\"fr-BE\",\"@id\":\"https:\/\/www.karopack.be\/fr\/#\/schema\/logo\/image\/\",\"url\":\"https:\/\/www.karopack.be\/wp-content\/uploads\/2024\/07\/Karopack-Logo.png\",\"contentUrl\":\"https:\/\/www.karopack.be\/wp-content\/uploads\/2024\/07\/Karopack-Logo.png\",\"width\":809,\"height\":240,\"caption\":\"Karopack\"},\"image\":{\"@id\":\"https:\/\/www.karopack.be\/fr\/#\/schema\/logo\/image\/\"}}]}<\/script>\n<!-- \/ Yoast SEO plugin. -->","yoast_head_json":{"title":"Reliure \u00e0 anneaux avec ruban adh\u00e9sif - Karopack","robots":{"index":"index","follow":"follow","max-snippet":"max-snippet:-1","max-image-preview":"max-image-preview:large","max-video-preview":"max-video-preview:-1"},"canonical":"https:\/\/www.karopack.be\/fr\/produit\/reliure-a-anneaux-avec-ruban-adhesif\/","og_locale":"fr_FR","og_type":"article","og_title":"Reliure \u00e0 anneaux avec ruban adh\u00e9sif - Karopack","og_description":"Conviviales, rapides et compactes, les presses \u00e0 ruban SE1 sont utilis\u00e9es pour le marquage des bottes de poireaux, d&rsquo;oignons, de blettes, etc. mais aussi pour le marquage de produits individuels : concombres, courgettes, c\u00e9leris, melons, radis, etc. Description technique : Dur\u00e9e du cycle 0,8 sec Utilise des rubans de 15 \u00e0 30 mm D\u00e9clenchement lat\u00e9ral [&hellip;]","og_url":"https:\/\/www.karopack.be\/fr\/produit\/reliure-a-anneaux-avec-ruban-adhesif\/","og_site_name":"Karopack","og_image":[{"width":2560,"height":1828,"url":"https:\/\/www.karopack.be\/wp-content\/uploads\/2024\/02\/ARChd-04-21-20-scaled-1.jpg","type":"image\/jpeg"}],"twitter_card":"summary_large_image","schema":{"@context":"https:\/\/schema.org","@graph":[{"@type":"WebPage","@id":"https:\/\/www.karopack.be\/fr\/produit\/reliure-a-anneaux-avec-ruban-adhesif\/","url":"https:\/\/www.karopack.be\/fr\/produit\/reliure-a-anneaux-avec-ruban-adhesif\/","name":"Reliure \u00e0 anneaux avec ruban adh\u00e9sif - Karopack","isPartOf":{"@id":"https:\/\/www.karopack.be\/fr\/#website"},"primaryImageOfPage":{"@id":"https:\/\/www.karopack.be\/fr\/produit\/reliure-a-anneaux-avec-ruban-adhesif\/#primaryimage"},"image":{"@id":"https:\/\/www.karopack.be\/fr\/produit\/reliure-a-anneaux-avec-ruban-adhesif\/#primaryimage"},"thumbnailUrl":"https:\/\/www.karopack.be\/wp-content\/uploads\/2024\/02\/ARChd-04-21-20-scaled-1.jpg","datePublished":"2024-07-11T06:18:39+00:00","breadcrumb":{"@id":"https:\/\/www.karopack.be\/fr\/produit\/reliure-a-anneaux-avec-ruban-adhesif\/#breadcrumb"},"inLanguage":"fr-BE","potentialAction":[{"@type":"ReadAction","target":["https:\/\/www.karopack.be\/fr\/produit\/reliure-a-anneaux-avec-ruban-adhesif\/"]}]},{"@type":"ImageObject","inLanguage":"fr-BE","@id":"https:\/\/www.karopack.be\/fr\/produit\/reliure-a-anneaux-avec-ruban-adhesif\/#primaryimage","url":"https:\/\/www.karopack.be\/wp-content\/uploads\/2024\/02\/ARChd-04-21-20-scaled-1.jpg","contentUrl":"https:\/\/www.karopack.be\/wp-content\/uploads\/2024\/02\/ARChd-04-21-20-scaled-1.jpg","width":2560,"height":1828},{"@type":"BreadcrumbList","@id":"https:\/\/www.karopack.be\/fr\/produit\/reliure-a-anneaux-avec-ruban-adhesif\/#breadcrumb","itemListElement":[{"@type":"ListItem","position":1,"name":"Home","item":"https:\/\/www.karopack.be\/fr\/"},{"@type":"ListItem","position":2,"name":"Shop","item":"https:\/\/www.karopack.be\/fr\/shop\/"},{"@type":"ListItem","position":3,"name":"Reliure \u00e0 anneaux avec ruban adh\u00e9sif"}]},{"@type":"WebSite","@id":"https:\/\/www.karopack.be\/fr\/#website","url":"https:\/\/www.karopack.be\/fr\/","name":"Karopack","description":"","publisher":{"@id":"https:\/\/www.karopack.be\/fr\/#organization"},"potentialAction":[{"@type":"SearchAction","target":{"@type":"EntryPoint","urlTemplate":"https:\/\/www.karopack.be\/fr\/?s={search_term_string}"},"query-input":{"@type":"PropertyValueSpecification","valueRequired":true,"valueName":"search_term_string"}}],"inLanguage":"fr-BE"},{"@type":"Organization","@id":"https:\/\/www.karopack.be\/fr\/#organization","name":"Karopack","url":"https:\/\/www.karopack.be\/fr\/","logo":{"@type":"ImageObject","inLanguage":"fr-BE","@id":"https:\/\/www.karopack.be\/fr\/#\/schema\/logo\/image\/","url":"https:\/\/www.karopack.be\/wp-content\/uploads\/2024\/07\/Karopack-Logo.png","contentUrl":"https:\/\/www.karopack.be\/wp-content\/uploads\/2024\/07\/Karopack-Logo.png","width":809,"height":240,"caption":"Karopack"},"image":{"@id":"https:\/\/www.karopack.be\/fr\/#\/schema\/logo\/image\/"}}]}},"_links":{"self":[{"href":"https:\/\/www.karopack.be\/fr\/wp-json\/wp\/v2\/product\/4056","targetHints":{"allow":["GET"]}}],"collection":[{"href":"https:\/\/www.karopack.be\/fr\/wp-json\/wp\/v2\/product"}],"about":[{"href":"https:\/\/www.karopack.be\/fr\/wp-json\/wp\/v2\/types\/product"}],"replies":[{"embeddable":true,"href":"https:\/\/www.karopack.be\/fr\/wp-json\/wp\/v2\/comments?post=4056"}],"wp:featuredmedia":[{"embeddable":true,"href":"https:\/\/www.karopack.be\/fr\/wp-json\/wp\/v2\/media\/3495"}],"wp:attachment":[{"href":"https:\/\/www.karopack.be\/fr\/wp-json\/wp\/v2\/media?parent=4056"}],"wp:term":[{"taxonomy":"product_brand","embeddable":true,"href":"https:\/\/www.karopack.be\/fr\/wp-json\/wp\/v2\/product_brand?post=4056"},{"taxonomy":"product_cat","embeddable":true,"href":"https:\/\/www.karopack.be\/fr\/wp-json\/wp\/v2\/product_cat?post=4056"},{"taxonomy":"product_tag","embeddable":true,"href":"https:\/\/www.karopack.be\/fr\/wp-json\/wp\/v2\/product_tag?post=4056"}],"curies":[{"name":"wp","href":"https:\/\/api.w.org\/{rel}","templated":true}]}}