{"id":4061,"date":"2024-07-11T06:18:14","date_gmt":"2024-07-11T06:18:14","guid":{"rendered":"https:\/\/www.karopack.be\/product\/fardeleuse-avec-elastique-type-eco\/"},"modified":"2024-07-11T06:18:14","modified_gmt":"2024-07-11T06:18:14","slug":"fardeleuse-avec-elastique-type-eco","status":"publish","type":"product","link":"https:\/\/www.karopack.be\/fr\/produit\/fardeleuse-avec-elastique-type-eco\/","title":{"rendered":"Fardeleuse avec \u00e9lastique Type : ECO"},"content":{"rendered":"<p>Dans le domaine agricole, les botteleuses et lieuses ARC sont souvent utilis\u00e9es par :<\/p>\n<ul>\n<li>\n<p>Jardiniers ou emballeurs pour la mise en bottes de l\u00e9gumes et d&rsquo;herbes. Jardiniers ou emballeurs pour le liage de fleurs coup\u00e9es. P\u00e9pini\u00e9ristes et rosi\u00e9ristes pour le liage de plantes.<\/li>\n<\/ul>\n<p>Description Utilise un \u00e9lastique calibr\u00e9, r\u00e9alise des noeuds sans restriction de diam\u00e8tre, noue sans endommager le produit, r\u00e9alise d&rsquo;excellentes fixations sans gaspiller de corde gr\u00e2ce \u00e0 son syst\u00e8me brevet\u00e9. La noueuse ECO peut \u00eatre install\u00e9e comme outil s\u00e9par\u00e9 ou int\u00e9gr\u00e9e dans une ligne d&#8217;emballage.<\/p>\n<p>Caract\u00e9ristiques techniques : Petites dimensions. Disponible en version droitier ou gaucher. Disponible en capacit\u00e9 de 170mm ou 100mm. Temps de nouage : 0.44 s ou 0.66 s. Poids : Capacit\u00e9 de charge 170mm : 33 kg : Capacit\u00e9 de charge 100mm : 31 kg. Alimentation : 230 VAC. Conforme aux normes CE.<\/p>\n","protected":false},"excerpt":{"rendered":"<p>Dans le domaine agricole, les botteleuses et lieuses ARC sont souvent utilis\u00e9es par : Jardiniers ou emballeurs pour la mise en bottes de l\u00e9gumes et d&rsquo;herbes. Jardiniers ou emballeurs pour le liage de fleurs coup\u00e9es. P\u00e9pini\u00e9ristes et rosi\u00e9ristes pour le liage de plantes. Description Utilise un \u00e9lastique calibr\u00e9, r\u00e9alise des noeuds sans restriction de diam\u00e8tre, [&hellip;]<\/p>\n","protected":false},"featured_media":3417,"comment_status":"open","ping_status":"open","template":"","meta":[],"product_brand":[],"product_cat":[96,91],"product_tag":[],"class_list":{"0":"post-4061","1":"product","2":"type-product","3":"status-publish","4":"has-post-thumbnail","6":"product_cat-arc-tying-fr","7":"product_cat-fabricants","9":"first","10":"instock","11":"product-type-simple"},"yoast_head":"<!-- This site is optimized with the Yoast SEO plugin v26.9 - https:\/\/yoast.com\/product\/yoast-seo-wordpress\/ -->\n<title>Fardeleuse avec \u00e9lastique Type : ECO - Karopack<\/title>\n<meta name=\"robots\" content=\"index, follow, max-snippet:-1, max-image-preview:large, max-video-preview:-1\" \/>\n<link rel=\"canonical\" href=\"https:\/\/www.karopack.be\/fr\/produit\/fardeleuse-avec-elastique-type-eco\/\" \/>\n<meta property=\"og:locale\" content=\"fr_FR\" \/>\n<meta property=\"og:type\" content=\"article\" \/>\n<meta property=\"og:title\" content=\"Fardeleuse avec \u00e9lastique Type : ECO - Karopack\" \/>\n<meta property=\"og:description\" content=\"Dans le domaine agricole, les botteleuses et lieuses ARC sont souvent utilis\u00e9es par : Jardiniers ou emballeurs pour la mise en bottes de l\u00e9gumes et d&rsquo;herbes. Jardiniers ou emballeurs pour le liage de fleurs coup\u00e9es. P\u00e9pini\u00e9ristes et rosi\u00e9ristes pour le liage de plantes. Description Utilise un \u00e9lastique calibr\u00e9, r\u00e9alise des noeuds sans restriction de diam\u00e8tre, [&hellip;]\" \/>\n<meta property=\"og:url\" content=\"https:\/\/www.karopack.be\/fr\/produit\/fardeleuse-avec-elastique-type-eco\/\" \/>\n<meta property=\"og:site_name\" content=\"Karopack\" \/>\n<meta property=\"og:image\" content=\"https:\/\/www.karopack.be\/wp-content\/uploads\/2024\/02\/Bundelmachine-met-elastiek-Type-ECO1.jpg\" \/>\n\t<meta property=\"og:image:width\" content=\"605\" \/>\n\t<meta property=\"og:image:height\" content=\"432\" \/>\n\t<meta property=\"og:image:type\" content=\"image\/jpeg\" \/>\n<meta name=\"twitter:card\" content=\"summary_large_image\" \/>\n<meta name=\"twitter:label1\" content=\"Dur\u00e9e de lecture est.\" \/>\n\t<meta name=\"twitter:data1\" content=\"1 minute\" \/>\n<script type=\"application\/ld+json\" class=\"yoast-schema-graph\">{\"@context\":\"https:\/\/schema.org\",\"@graph\":[{\"@type\":\"WebPage\",\"@id\":\"https:\/\/www.karopack.be\/fr\/produit\/fardeleuse-avec-elastique-type-eco\/\",\"url\":\"https:\/\/www.karopack.be\/fr\/produit\/fardeleuse-avec-elastique-type-eco\/\",\"name\":\"Fardeleuse avec \u00e9lastique Type : ECO - Karopack\",\"isPartOf\":{\"@id\":\"https:\/\/www.karopack.be\/fr\/#website\"},\"primaryImageOfPage\":{\"@id\":\"https:\/\/www.karopack.be\/fr\/produit\/fardeleuse-avec-elastique-type-eco\/#primaryimage\"},\"image\":{\"@id\":\"https:\/\/www.karopack.be\/fr\/produit\/fardeleuse-avec-elastique-type-eco\/#primaryimage\"},\"thumbnailUrl\":\"https:\/\/www.karopack.be\/wp-content\/uploads\/2024\/02\/Bundelmachine-met-elastiek-Type-ECO1.jpg\",\"datePublished\":\"2024-07-11T06:18:14+00:00\",\"breadcrumb\":{\"@id\":\"https:\/\/www.karopack.be\/fr\/produit\/fardeleuse-avec-elastique-type-eco\/#breadcrumb\"},\"inLanguage\":\"fr-BE\",\"potentialAction\":[{\"@type\":\"ReadAction\",\"target\":[\"https:\/\/www.karopack.be\/fr\/produit\/fardeleuse-avec-elastique-type-eco\/\"]}]},{\"@type\":\"ImageObject\",\"inLanguage\":\"fr-BE\",\"@id\":\"https:\/\/www.karopack.be\/fr\/produit\/fardeleuse-avec-elastique-type-eco\/#primaryimage\",\"url\":\"https:\/\/www.karopack.be\/wp-content\/uploads\/2024\/02\/Bundelmachine-met-elastiek-Type-ECO1.jpg\",\"contentUrl\":\"https:\/\/www.karopack.be\/wp-content\/uploads\/2024\/02\/Bundelmachine-met-elastiek-Type-ECO1.jpg\",\"width\":605,\"height\":432},{\"@type\":\"BreadcrumbList\",\"@id\":\"https:\/\/www.karopack.be\/fr\/produit\/fardeleuse-avec-elastique-type-eco\/#breadcrumb\",\"itemListElement\":[{\"@type\":\"ListItem\",\"position\":1,\"name\":\"Home\",\"item\":\"https:\/\/www.karopack.be\/fr\/\"},{\"@type\":\"ListItem\",\"position\":2,\"name\":\"Shop\",\"item\":\"https:\/\/www.karopack.be\/fr\/shop\/\"},{\"@type\":\"ListItem\",\"position\":3,\"name\":\"Fardeleuse avec \u00e9lastique Type : ECO\"}]},{\"@type\":\"WebSite\",\"@id\":\"https:\/\/www.karopack.be\/fr\/#website\",\"url\":\"https:\/\/www.karopack.be\/fr\/\",\"name\":\"Karopack\",\"description\":\"\",\"publisher\":{\"@id\":\"https:\/\/www.karopack.be\/fr\/#organization\"},\"potentialAction\":[{\"@type\":\"SearchAction\",\"target\":{\"@type\":\"EntryPoint\",\"urlTemplate\":\"https:\/\/www.karopack.be\/fr\/?s={search_term_string}\"},\"query-input\":{\"@type\":\"PropertyValueSpecification\",\"valueRequired\":true,\"valueName\":\"search_term_string\"}}],\"inLanguage\":\"fr-BE\"},{\"@type\":\"Organization\",\"@id\":\"https:\/\/www.karopack.be\/fr\/#organization\",\"name\":\"Karopack\",\"url\":\"https:\/\/www.karopack.be\/fr\/\",\"logo\":{\"@type\":\"ImageObject\",\"inLanguage\":\"fr-BE\",\"@id\":\"https:\/\/www.karopack.be\/fr\/#\/schema\/logo\/image\/\",\"url\":\"https:\/\/www.karopack.be\/wp-content\/uploads\/2024\/07\/Karopack-Logo.png\",\"contentUrl\":\"https:\/\/www.karopack.be\/wp-content\/uploads\/2024\/07\/Karopack-Logo.png\",\"width\":809,\"height\":240,\"caption\":\"Karopack\"},\"image\":{\"@id\":\"https:\/\/www.karopack.be\/fr\/#\/schema\/logo\/image\/\"}}]}<\/script>\n<!-- \/ Yoast SEO plugin. -->","yoast_head_json":{"title":"Fardeleuse avec \u00e9lastique Type : ECO - Karopack","robots":{"index":"index","follow":"follow","max-snippet":"max-snippet:-1","max-image-preview":"max-image-preview:large","max-video-preview":"max-video-preview:-1"},"canonical":"https:\/\/www.karopack.be\/fr\/produit\/fardeleuse-avec-elastique-type-eco\/","og_locale":"fr_FR","og_type":"article","og_title":"Fardeleuse avec \u00e9lastique Type : ECO - Karopack","og_description":"Dans le domaine agricole, les botteleuses et lieuses ARC sont souvent utilis\u00e9es par : Jardiniers ou emballeurs pour la mise en bottes de l\u00e9gumes et d&rsquo;herbes. Jardiniers ou emballeurs pour le liage de fleurs coup\u00e9es. P\u00e9pini\u00e9ristes et rosi\u00e9ristes pour le liage de plantes. Description Utilise un \u00e9lastique calibr\u00e9, r\u00e9alise des noeuds sans restriction de diam\u00e8tre, [&hellip;]","og_url":"https:\/\/www.karopack.be\/fr\/produit\/fardeleuse-avec-elastique-type-eco\/","og_site_name":"Karopack","og_image":[{"width":605,"height":432,"url":"https:\/\/www.karopack.be\/wp-content\/uploads\/2024\/02\/Bundelmachine-met-elastiek-Type-ECO1.jpg","type":"image\/jpeg"}],"twitter_card":"summary_large_image","twitter_misc":{"Dur\u00e9e de lecture est.":"1 minute"},"schema":{"@context":"https:\/\/schema.org","@graph":[{"@type":"WebPage","@id":"https:\/\/www.karopack.be\/fr\/produit\/fardeleuse-avec-elastique-type-eco\/","url":"https:\/\/www.karopack.be\/fr\/produit\/fardeleuse-avec-elastique-type-eco\/","name":"Fardeleuse avec \u00e9lastique Type : ECO - Karopack","isPartOf":{"@id":"https:\/\/www.karopack.be\/fr\/#website"},"primaryImageOfPage":{"@id":"https:\/\/www.karopack.be\/fr\/produit\/fardeleuse-avec-elastique-type-eco\/#primaryimage"},"image":{"@id":"https:\/\/www.karopack.be\/fr\/produit\/fardeleuse-avec-elastique-type-eco\/#primaryimage"},"thumbnailUrl":"https:\/\/www.karopack.be\/wp-content\/uploads\/2024\/02\/Bundelmachine-met-elastiek-Type-ECO1.jpg","datePublished":"2024-07-11T06:18:14+00:00","breadcrumb":{"@id":"https:\/\/www.karopack.be\/fr\/produit\/fardeleuse-avec-elastique-type-eco\/#breadcrumb"},"inLanguage":"fr-BE","potentialAction":[{"@type":"ReadAction","target":["https:\/\/www.karopack.be\/fr\/produit\/fardeleuse-avec-elastique-type-eco\/"]}]},{"@type":"ImageObject","inLanguage":"fr-BE","@id":"https:\/\/www.karopack.be\/fr\/produit\/fardeleuse-avec-elastique-type-eco\/#primaryimage","url":"https:\/\/www.karopack.be\/wp-content\/uploads\/2024\/02\/Bundelmachine-met-elastiek-Type-ECO1.jpg","contentUrl":"https:\/\/www.karopack.be\/wp-content\/uploads\/2024\/02\/Bundelmachine-met-elastiek-Type-ECO1.jpg","width":605,"height":432},{"@type":"BreadcrumbList","@id":"https:\/\/www.karopack.be\/fr\/produit\/fardeleuse-avec-elastique-type-eco\/#breadcrumb","itemListElement":[{"@type":"ListItem","position":1,"name":"Home","item":"https:\/\/www.karopack.be\/fr\/"},{"@type":"ListItem","position":2,"name":"Shop","item":"https:\/\/www.karopack.be\/fr\/shop\/"},{"@type":"ListItem","position":3,"name":"Fardeleuse avec \u00e9lastique Type : ECO"}]},{"@type":"WebSite","@id":"https:\/\/www.karopack.be\/fr\/#website","url":"https:\/\/www.karopack.be\/fr\/","name":"Karopack","description":"","publisher":{"@id":"https:\/\/www.karopack.be\/fr\/#organization"},"potentialAction":[{"@type":"SearchAction","target":{"@type":"EntryPoint","urlTemplate":"https:\/\/www.karopack.be\/fr\/?s={search_term_string}"},"query-input":{"@type":"PropertyValueSpecification","valueRequired":true,"valueName":"search_term_string"}}],"inLanguage":"fr-BE"},{"@type":"Organization","@id":"https:\/\/www.karopack.be\/fr\/#organization","name":"Karopack","url":"https:\/\/www.karopack.be\/fr\/","logo":{"@type":"ImageObject","inLanguage":"fr-BE","@id":"https:\/\/www.karopack.be\/fr\/#\/schema\/logo\/image\/","url":"https:\/\/www.karopack.be\/wp-content\/uploads\/2024\/07\/Karopack-Logo.png","contentUrl":"https:\/\/www.karopack.be\/wp-content\/uploads\/2024\/07\/Karopack-Logo.png","width":809,"height":240,"caption":"Karopack"},"image":{"@id":"https:\/\/www.karopack.be\/fr\/#\/schema\/logo\/image\/"}}]}},"_links":{"self":[{"href":"https:\/\/www.karopack.be\/fr\/wp-json\/wp\/v2\/product\/4061","targetHints":{"allow":["GET"]}}],"collection":[{"href":"https:\/\/www.karopack.be\/fr\/wp-json\/wp\/v2\/product"}],"about":[{"href":"https:\/\/www.karopack.be\/fr\/wp-json\/wp\/v2\/types\/product"}],"replies":[{"embeddable":true,"href":"https:\/\/www.karopack.be\/fr\/wp-json\/wp\/v2\/comments?post=4061"}],"wp:featuredmedia":[{"embeddable":true,"href":"https:\/\/www.karopack.be\/fr\/wp-json\/wp\/v2\/media\/3417"}],"wp:attachment":[{"href":"https:\/\/www.karopack.be\/fr\/wp-json\/wp\/v2\/media?parent=4061"}],"wp:term":[{"taxonomy":"product_brand","embeddable":true,"href":"https:\/\/www.karopack.be\/fr\/wp-json\/wp\/v2\/product_brand?post=4061"},{"taxonomy":"product_cat","embeddable":true,"href":"https:\/\/www.karopack.be\/fr\/wp-json\/wp\/v2\/product_cat?post=4061"},{"taxonomy":"product_tag","embeddable":true,"href":"https:\/\/www.karopack.be\/fr\/wp-json\/wp\/v2\/product_tag?post=4061"}],"curies":[{"name":"wp","href":"https:\/\/api.w.org\/{rel}","templated":true}]}}