{"id":4064,"date":"2024-07-11T06:18:07","date_gmt":"2024-07-11T06:18:07","guid":{"rendered":"https:\/\/www.karopack.be\/product\/sac-de-voyage-re2100\/"},"modified":"2024-07-11T06:18:07","modified_gmt":"2024-07-11T06:18:07","slug":"sac-de-voyage-re2100","status":"publish","type":"product","link":"https:\/\/www.karopack.be\/fr\/produit\/sac-de-voyage-re2100\/","title":{"rendered":"Sac de voyage RE2100"},"content":{"rendered":"<p>La Reisopack 2100 est une cercleuse enti\u00e8rement automatique con\u00e7ue pour cercler des produits exceptionnellement hauts. Son arche imposante est capable de cercler des produits d&rsquo;une hauteur allant jusqu&rsquo;\u00e0 2400 mm \u00e0 des vitesses \u00e9lev\u00e9es. Con\u00e7ue pour \u00eatre int\u00e9gr\u00e9e \u00e0 des lignes de convoyage enti\u00e8rement automatis\u00e9es, la Reisopack 2100 peut \u00eatre d\u00e9ploy\u00e9e pendant des p\u00e9riodes prolong\u00e9es avec des rouleaux de bandes de cerclage doubles dans l&rsquo;entrep\u00f4t. Utilisez la Reisopack 2100 pour :<\/p>\n<ul>\n<li>Regroupement des produits<\/li>\n<li>Produits de scellement et d&#8217;emballage<\/li>\n<li>Pr\u00e9senter les produits proprement<\/li>\n<li>Une meilleure protection des produits<\/li>\n<li>R\u00e9duire les co\u00fbts<\/li>\n<li>Augmentation de la production<\/li>\n<\/ul>\n<p>Sp\u00e9cifications :<\/p>\n<ul>\n<li>Tension requise : 220 V \/ 380 V &#8211; 50 \/ 60 Hz &#8211; 3 phases<\/li>\n<li>Consommation : 1 Kw<\/li>\n<li>Production approximative : 60 palettes\/heure<\/li>\n<li>Dimensions de la machine (largeur x longueur) : 3220 x 1700 mm<\/li>\n<li>Largeur de la sangle : 8 &#8211; 12 &#8211; 15&rsquo;5 mm (r\u00e9glage en usine n\u00e9cessaire)<\/li>\n<li>\u00c9paisseur de la sangle : 0,5 &#8211; 1 mm<\/li>\n<li>Soudage : par r\u00e9sistance \u00e9lectrique. Temp\u00e9rature de soudage et temps de refroidissement r\u00e9glables. <\/li>\n<li>Hauteur minimale de cerclage : 800 mm (600 mm en option)<\/li>\n<li>Hauteur maximale de cerclage : 2500 mm<\/li>\n<li>Plage de tension : 1 &#8211; 150 Kg<\/li>\n<\/ul>\n","protected":false},"excerpt":{"rendered":"<p>La Reisopack 2100 est une cercleuse enti\u00e8rement automatique sp\u00e9cialement con\u00e7ue pour le cerclage de produits exceptionnellement hauts. Avec son arc impressionnant, elle peut cercler des produits d&rsquo;une hauteur allant jusqu&rsquo;\u00e0 2400 mm \u00e0 grande vitesse. D\u00e9velopp\u00e9e pour \u00eatre int\u00e9gr\u00e9e dans des syst\u00e8mes de convoyage enti\u00e8rement automatis\u00e9s, la Reisopack 2100 peut \u00eatre utilis\u00e9e pendant de longues p\u00e9riodes avec des rouleaux de cerclage doubles dans l&rsquo;entrep\u00f4t. <\/p>\n<h4>Utilisez le Travel Pack 2100 pour :<\/h4>\n<ul>\n<li>Regroupement des produits<\/li>\n<li>Scellage et emballage des produits<\/li>\n<li>Pr\u00e9senter les produits proprement<\/li>\n<li>Une meilleure protection des produits<\/li>\n<li>R\u00e9duire les co\u00fbts<\/li>\n<li>Augmentation de la production<\/li>\n<\/ul>\n","protected":false},"featured_media":3411,"comment_status":"open","ping_status":"closed","template":"","meta":[],"product_brand":[],"product_cat":[113,91,109,110],"product_tag":[112],"class_list":{"0":"post-4064","1":"product","2":"type-product","3":"status-publish","4":"has-post-thumbnail","6":"product_cat-cercleuses-verticales","7":"product_cat-fabricants","8":"product_cat-machines-a-cercler","9":"product_cat-reisopack-fr","10":"product_tag-cerclage-de-palettes","12":"first","13":"instock","14":"product-type-simple"},"yoast_head":"<!-- This site is optimized with the Yoast SEO plugin v26.9 - https:\/\/yoast.com\/product\/yoast-seo-wordpress\/ -->\n<title>Sac de voyage RE2100 - Karopack<\/title>\n<meta name=\"robots\" content=\"index, follow, max-snippet:-1, max-image-preview:large, max-video-preview:-1\" \/>\n<link rel=\"canonical\" href=\"https:\/\/www.karopack.be\/fr\/produit\/sac-de-voyage-re2100\/\" \/>\n<meta property=\"og:locale\" content=\"fr_FR\" \/>\n<meta property=\"og:type\" content=\"article\" \/>\n<meta property=\"og:title\" content=\"Sac de voyage RE2100 - Karopack\" \/>\n<meta property=\"og:description\" content=\"La Reisopack 2100 est une cercleuse enti\u00e8rement automatique sp\u00e9cialement con\u00e7ue pour le cerclage de produits exceptionnellement hauts. Avec son arc impressionnant, elle peut cercler des produits d&#039;une hauteur allant jusqu&#039;\u00e0 2400 mm \u00e0 grande vitesse. D\u00e9velopp\u00e9e pour \u00eatre int\u00e9gr\u00e9e dans des syst\u00e8mes de convoyage enti\u00e8rement automatis\u00e9s, la Reisopack 2100 peut \u00eatre utilis\u00e9e pendant de longues p\u00e9riodes avec des rouleaux de cerclage doubles dans l&#039;entrep\u00f4t.  Utilisez le Travel Pack 2100 pour :  Regroupement des produits  Scellage et emballage des produits  Pr\u00e9senter les produits proprement  Une meilleure protection des produits  R\u00e9duire les co\u00fbts  Augmentation de la production\" \/>\n<meta property=\"og:url\" content=\"https:\/\/www.karopack.be\/fr\/produit\/sac-de-voyage-re2100\/\" \/>\n<meta property=\"og:site_name\" content=\"Karopack\" \/>\n<meta property=\"og:image\" content=\"https:\/\/www.karopack.be\/wp-content\/uploads\/2024\/02\/2100-360x360-1.jpg\" \/>\n\t<meta property=\"og:image:width\" content=\"360\" \/>\n\t<meta property=\"og:image:height\" content=\"360\" \/>\n\t<meta property=\"og:image:type\" content=\"image\/jpeg\" \/>\n<meta name=\"twitter:card\" content=\"summary_large_image\" \/>\n<meta name=\"twitter:label1\" content=\"Dur\u00e9e de lecture est.\" \/>\n\t<meta name=\"twitter:data1\" content=\"1 minute\" \/>\n<script type=\"application\/ld+json\" class=\"yoast-schema-graph\">{\"@context\":\"https:\/\/schema.org\",\"@graph\":[{\"@type\":\"WebPage\",\"@id\":\"https:\/\/www.karopack.be\/fr\/produit\/sac-de-voyage-re2100\/\",\"url\":\"https:\/\/www.karopack.be\/fr\/produit\/sac-de-voyage-re2100\/\",\"name\":\"Sac de voyage RE2100 - Karopack\",\"isPartOf\":{\"@id\":\"https:\/\/www.karopack.be\/fr\/#website\"},\"primaryImageOfPage\":{\"@id\":\"https:\/\/www.karopack.be\/fr\/produit\/sac-de-voyage-re2100\/#primaryimage\"},\"image\":{\"@id\":\"https:\/\/www.karopack.be\/fr\/produit\/sac-de-voyage-re2100\/#primaryimage\"},\"thumbnailUrl\":\"https:\/\/www.karopack.be\/wp-content\/uploads\/2024\/02\/2100-360x360-1.jpg\",\"datePublished\":\"2024-07-11T06:18:07+00:00\",\"breadcrumb\":{\"@id\":\"https:\/\/www.karopack.be\/fr\/produit\/sac-de-voyage-re2100\/#breadcrumb\"},\"inLanguage\":\"fr-BE\",\"potentialAction\":[{\"@type\":\"ReadAction\",\"target\":[\"https:\/\/www.karopack.be\/fr\/produit\/sac-de-voyage-re2100\/\"]}]},{\"@type\":\"ImageObject\",\"inLanguage\":\"fr-BE\",\"@id\":\"https:\/\/www.karopack.be\/fr\/produit\/sac-de-voyage-re2100\/#primaryimage\",\"url\":\"https:\/\/www.karopack.be\/wp-content\/uploads\/2024\/02\/2100-360x360-1.jpg\",\"contentUrl\":\"https:\/\/www.karopack.be\/wp-content\/uploads\/2024\/02\/2100-360x360-1.jpg\",\"width\":360,\"height\":360},{\"@type\":\"BreadcrumbList\",\"@id\":\"https:\/\/www.karopack.be\/fr\/produit\/sac-de-voyage-re2100\/#breadcrumb\",\"itemListElement\":[{\"@type\":\"ListItem\",\"position\":1,\"name\":\"Home\",\"item\":\"https:\/\/www.karopack.be\/fr\/\"},{\"@type\":\"ListItem\",\"position\":2,\"name\":\"Shop\",\"item\":\"https:\/\/www.karopack.be\/fr\/shop\/\"},{\"@type\":\"ListItem\",\"position\":3,\"name\":\"Sac de voyage RE2100\"}]},{\"@type\":\"WebSite\",\"@id\":\"https:\/\/www.karopack.be\/fr\/#website\",\"url\":\"https:\/\/www.karopack.be\/fr\/\",\"name\":\"Karopack\",\"description\":\"\",\"publisher\":{\"@id\":\"https:\/\/www.karopack.be\/fr\/#organization\"},\"potentialAction\":[{\"@type\":\"SearchAction\",\"target\":{\"@type\":\"EntryPoint\",\"urlTemplate\":\"https:\/\/www.karopack.be\/fr\/?s={search_term_string}\"},\"query-input\":{\"@type\":\"PropertyValueSpecification\",\"valueRequired\":true,\"valueName\":\"search_term_string\"}}],\"inLanguage\":\"fr-BE\"},{\"@type\":\"Organization\",\"@id\":\"https:\/\/www.karopack.be\/fr\/#organization\",\"name\":\"Karopack\",\"url\":\"https:\/\/www.karopack.be\/fr\/\",\"logo\":{\"@type\":\"ImageObject\",\"inLanguage\":\"fr-BE\",\"@id\":\"https:\/\/www.karopack.be\/fr\/#\/schema\/logo\/image\/\",\"url\":\"https:\/\/www.karopack.be\/wp-content\/uploads\/2024\/07\/Karopack-Logo.png\",\"contentUrl\":\"https:\/\/www.karopack.be\/wp-content\/uploads\/2024\/07\/Karopack-Logo.png\",\"width\":809,\"height\":240,\"caption\":\"Karopack\"},\"image\":{\"@id\":\"https:\/\/www.karopack.be\/fr\/#\/schema\/logo\/image\/\"}}]}<\/script>\n<!-- \/ Yoast SEO plugin. -->","yoast_head_json":{"title":"Sac de voyage RE2100 - Karopack","robots":{"index":"index","follow":"follow","max-snippet":"max-snippet:-1","max-image-preview":"max-image-preview:large","max-video-preview":"max-video-preview:-1"},"canonical":"https:\/\/www.karopack.be\/fr\/produit\/sac-de-voyage-re2100\/","og_locale":"fr_FR","og_type":"article","og_title":"Sac de voyage RE2100 - Karopack","og_description":"La Reisopack 2100 est une cercleuse enti\u00e8rement automatique sp\u00e9cialement con\u00e7ue pour le cerclage de produits exceptionnellement hauts. Avec son arc impressionnant, elle peut cercler des produits d'une hauteur allant jusqu'\u00e0 2400 mm \u00e0 grande vitesse. D\u00e9velopp\u00e9e pour \u00eatre int\u00e9gr\u00e9e dans des syst\u00e8mes de convoyage enti\u00e8rement automatis\u00e9s, la Reisopack 2100 peut \u00eatre utilis\u00e9e pendant de longues p\u00e9riodes avec des rouleaux de cerclage doubles dans l'entrep\u00f4t.  Utilisez le Travel Pack 2100 pour :  Regroupement des produits  Scellage et emballage des produits  Pr\u00e9senter les produits proprement  Une meilleure protection des produits  R\u00e9duire les co\u00fbts  Augmentation de la production","og_url":"https:\/\/www.karopack.be\/fr\/produit\/sac-de-voyage-re2100\/","og_site_name":"Karopack","og_image":[{"width":360,"height":360,"url":"https:\/\/www.karopack.be\/wp-content\/uploads\/2024\/02\/2100-360x360-1.jpg","type":"image\/jpeg"}],"twitter_card":"summary_large_image","twitter_misc":{"Dur\u00e9e de lecture est.":"1 minute"},"schema":{"@context":"https:\/\/schema.org","@graph":[{"@type":"WebPage","@id":"https:\/\/www.karopack.be\/fr\/produit\/sac-de-voyage-re2100\/","url":"https:\/\/www.karopack.be\/fr\/produit\/sac-de-voyage-re2100\/","name":"Sac de voyage RE2100 - Karopack","isPartOf":{"@id":"https:\/\/www.karopack.be\/fr\/#website"},"primaryImageOfPage":{"@id":"https:\/\/www.karopack.be\/fr\/produit\/sac-de-voyage-re2100\/#primaryimage"},"image":{"@id":"https:\/\/www.karopack.be\/fr\/produit\/sac-de-voyage-re2100\/#primaryimage"},"thumbnailUrl":"https:\/\/www.karopack.be\/wp-content\/uploads\/2024\/02\/2100-360x360-1.jpg","datePublished":"2024-07-11T06:18:07+00:00","breadcrumb":{"@id":"https:\/\/www.karopack.be\/fr\/produit\/sac-de-voyage-re2100\/#breadcrumb"},"inLanguage":"fr-BE","potentialAction":[{"@type":"ReadAction","target":["https:\/\/www.karopack.be\/fr\/produit\/sac-de-voyage-re2100\/"]}]},{"@type":"ImageObject","inLanguage":"fr-BE","@id":"https:\/\/www.karopack.be\/fr\/produit\/sac-de-voyage-re2100\/#primaryimage","url":"https:\/\/www.karopack.be\/wp-content\/uploads\/2024\/02\/2100-360x360-1.jpg","contentUrl":"https:\/\/www.karopack.be\/wp-content\/uploads\/2024\/02\/2100-360x360-1.jpg","width":360,"height":360},{"@type":"BreadcrumbList","@id":"https:\/\/www.karopack.be\/fr\/produit\/sac-de-voyage-re2100\/#breadcrumb","itemListElement":[{"@type":"ListItem","position":1,"name":"Home","item":"https:\/\/www.karopack.be\/fr\/"},{"@type":"ListItem","position":2,"name":"Shop","item":"https:\/\/www.karopack.be\/fr\/shop\/"},{"@type":"ListItem","position":3,"name":"Sac de voyage RE2100"}]},{"@type":"WebSite","@id":"https:\/\/www.karopack.be\/fr\/#website","url":"https:\/\/www.karopack.be\/fr\/","name":"Karopack","description":"","publisher":{"@id":"https:\/\/www.karopack.be\/fr\/#organization"},"potentialAction":[{"@type":"SearchAction","target":{"@type":"EntryPoint","urlTemplate":"https:\/\/www.karopack.be\/fr\/?s={search_term_string}"},"query-input":{"@type":"PropertyValueSpecification","valueRequired":true,"valueName":"search_term_string"}}],"inLanguage":"fr-BE"},{"@type":"Organization","@id":"https:\/\/www.karopack.be\/fr\/#organization","name":"Karopack","url":"https:\/\/www.karopack.be\/fr\/","logo":{"@type":"ImageObject","inLanguage":"fr-BE","@id":"https:\/\/www.karopack.be\/fr\/#\/schema\/logo\/image\/","url":"https:\/\/www.karopack.be\/wp-content\/uploads\/2024\/07\/Karopack-Logo.png","contentUrl":"https:\/\/www.karopack.be\/wp-content\/uploads\/2024\/07\/Karopack-Logo.png","width":809,"height":240,"caption":"Karopack"},"image":{"@id":"https:\/\/www.karopack.be\/fr\/#\/schema\/logo\/image\/"}}]}},"_links":{"self":[{"href":"https:\/\/www.karopack.be\/fr\/wp-json\/wp\/v2\/product\/4064","targetHints":{"allow":["GET"]}}],"collection":[{"href":"https:\/\/www.karopack.be\/fr\/wp-json\/wp\/v2\/product"}],"about":[{"href":"https:\/\/www.karopack.be\/fr\/wp-json\/wp\/v2\/types\/product"}],"replies":[{"embeddable":true,"href":"https:\/\/www.karopack.be\/fr\/wp-json\/wp\/v2\/comments?post=4064"}],"wp:featuredmedia":[{"embeddable":true,"href":"https:\/\/www.karopack.be\/fr\/wp-json\/wp\/v2\/media\/3411"}],"wp:attachment":[{"href":"https:\/\/www.karopack.be\/fr\/wp-json\/wp\/v2\/media?parent=4064"}],"wp:term":[{"taxonomy":"product_brand","embeddable":true,"href":"https:\/\/www.karopack.be\/fr\/wp-json\/wp\/v2\/product_brand?post=4064"},{"taxonomy":"product_cat","embeddable":true,"href":"https:\/\/www.karopack.be\/fr\/wp-json\/wp\/v2\/product_cat?post=4064"},{"taxonomy":"product_tag","embeddable":true,"href":"https:\/\/www.karopack.be\/fr\/wp-json\/wp\/v2\/product_tag?post=4064"}],"curies":[{"name":"wp","href":"https:\/\/api.w.org\/{rel}","templated":true}]}}