{"id":4072,"date":"2024-07-11T06:18:06","date_gmt":"2024-07-11T06:18:06","guid":{"rendered":"https:\/\/www.karopack.be\/product\/2210-cercleuse-verticale-avec-presse\/"},"modified":"2024-07-11T06:18:06","modified_gmt":"2024-07-11T06:18:06","slug":"2210-cercleuse-verticale-avec-presse","status":"publish","type":"product","link":"https:\/\/www.karopack.be\/fr\/produit\/2210-cercleuse-verticale-avec-presse\/","title":{"rendered":"2210 Cercleuse verticale avec presse"},"content":{"rendered":"<p>La cercleuse de palettes 2210 est un dispositif automatis\u00e9 con\u00e7u sp\u00e9cifiquement pour s\u00e9curiser verticalement les palettes. Le cerclage est une m\u00e9thode s\u00fbre, rentable et respectueuse de l&rsquo;environnement pour emballer les charges palettis\u00e9es. En outre, la 2210 est \u00e9quip\u00e9e d&rsquo;une presse pneumatique qui r\u00e9duit efficacement le volume des charges palettis\u00e9es avant le cerclage, ce qui am\u00e9liore l&rsquo;efficacit\u00e9 et optimise l&rsquo;utilisation de l&rsquo;espace.  <\/p>\n<p>Presse automatique pour le cerclage vertical de palettes en carton ondul\u00e9. Elle permet de r\u00e9duire efficacement le volume des palettes afin d&rsquo;am\u00e9liorer le transport et le stockage. La presse sup\u00e9rieure contient la t\u00eate de cerclage, ce qui permet d&rsquo;ex\u00e9cuter l&rsquo;ensemble de l&rsquo;op\u00e9ration en un seul processus et de maintenir ainsi la r\u00e9duction de volume obtenue.  <\/p>\n<ul>\n<li>Solution de cerclage efficace, fiable et de haute qualit\u00e9.<\/li>\n<li>Programmation simple facilit\u00e9e par l&rsquo;interface de commande conviviale \u00e0 \u00e9cran tactile.<\/li>\n<li>Dur\u00e9e de vie prolong\u00e9e de l&rsquo;\u00e9quipement avec un minimum d&rsquo;entretien.<\/li>\n<li>Int\u00e8gre des dispositifs de protection et de s\u00e9curit\u00e9.<\/li>\n<li>Adaptable \u00e0 l&rsquo;int\u00e9gration dans des lignes automatis\u00e9es ou \u00e0 un fonctionnement autonome.<\/li>\n<li>Le r\u00e9glage de la tension est facilit\u00e9 par un syst\u00e8me de serrage.<\/li>\n<li>Capable de r\u00e9aliser des cerclages verticaux simples ou doubles.<\/li>\n<li>Le m\u00e9canisme d&rsquo;alimentation automatique am\u00e9liore l&rsquo;efficacit\u00e9 op\u00e9rationnelle.<\/li>\n<li>La lance t\u00e9lescopique permet de cercler \u00e0 l&rsquo;int\u00e9rieur des palettes en bois.<\/li>\n<li>La caract\u00e9ristique de la t\u00eate sup\u00e9rieure att\u00e9nue les probl\u00e8mes li\u00e9s \u00e0 la variation de la hauteur des palettes.<\/li>\n<li>Presse int\u00e9gr\u00e9e pour la compression et la consolidation des charges.<\/li>\n<\/ul>\n<div id=\"u34113-4\" class=\"clearfix grpelem shared_content\" data-muse-uid=\"U34113\" data-muse-type=\"txt_frame\" data-ibe-flags=\"txtStyleSrc\" data-content-guid=\"u34113-4_content\">\n<h4 id=\"u34113-2\">Sp\u00e9cifications<\/h4>\n<\/div>\n<div id=\"u34162-22\" class=\"clearfix grpelem shared_content\" data-muse-uid=\"U34162\" data-muse-type=\"txt_frame\" data-ibe-flags=\"txtStyleSrc\" data-content-guid=\"u34162-22_content\">\n<p id=\"u34162-2\">  Tension requise : 220 V \/ 380 V &#8211; 50 \/ 60 Hz &#8211; 3 phases<\/p>\n<p id=\"u34162-4\">  Consommation : 4 Kw<\/p>\n<p id=\"u34162-6\">  Production approximative : 50 palettes\/heure<\/p>\n<p id=\"u34162-8\">  Dimensions de la machine : 1710 x 4640 x 3600 mm<\/p>\n<p id=\"u34162-10\">Largeur de la sangle : 8 &#8211; 12 &#8211; 15,5 mm<\/p>\n<p id=\"u34162-12\">  \u00c9paisseur du bracelet : 0,6 &#8211; 0,85 mm<\/p>\n<p>Plage de tension : 1 &#8211; 150 Kg Type de sangle : Polypropyl\u00e8ne ou Polyester Soudage : Par r\u00e9sistance \u00e9lectrique. Temp\u00e9rature de soudage et temps de refroidissement r\u00e9glables.<\/p>\n<div class=\"elementor-column elementor-col-50 elementor-inner-column elementor-element elementor-element-599ebd34\" data-id=\"599ebd34\" data-element_type=\"column\">\n<div class=\"elementor-widget-wrap elementor-element-populated\">\n<div class=\"elementor-element elementor-element-13a7f4c3 elementor-widget elementor-widget-video\" data-id=\"13a7f4c3\" data-element_type=\"widget\" data-settings=\"{\"video_type\":\"vimeo\"}\" data-widget_type=\"video.default\">\n<div class=\"elementor-widget-container\">\n<div class=\"elementor-wrapper elementor-open-inline\"><iframe class=\"elementor-video-iframe\" title=\"lecteur vid\u00e9o vimeo\" src=\"https:\/\/player.vimeo.com\/video\/305472274?color&amp;autopause=0&amp;loop=0&amp;muted=0&amp;title=0&amp;portrait=0&amp;byline=0#t=\" allowfullscreen=\"allowfullscreen\" data-mce-fragment=\"1\"><\/iframe><\/div>\n<\/div>\n<\/div>\n<\/div>\n<\/div>\n<div class=\"elementor-column elementor-col-50 elementor-inner-column elementor-element elementor-element-50e92b4b\" data-id=\"50e92b4b\" data-element_type=\"column\">\n<div class=\"elementor-widget-wrap elementor-element-populated\">\n<div class=\"elementor-element elementor-element-19b0986a elementor-widget elementor-widget-video\" data-id=\"19b0986a\" data-element_type=\"widget\" data-settings=\"{\"video_type\":\"vimeo\"}\" data-widget_type=\"video.default\">\n<div class=\"elementor-widget-container\">\n<div class=\"elementor-wrapper elementor-open-inline\"><iframe class=\"elementor-video-iframe\" title=\"lecteur vid\u00e9o vimeo\" src=\"https:\/\/player.vimeo.com\/video\/138754176?color&amp;autopause=0&amp;loop=0&amp;muted=0&amp;title=0&amp;portrait=0&amp;byline=0#t=\" allowfullscreen=\"allowfullscreen\" data-mce-fragment=\"1\"><\/iframe><\/div>\n<\/div>\n<\/div>\n<\/div>\n<\/div>\n<\/div>\n","protected":false},"excerpt":{"rendered":"<p>La cercleuse de palettes 2210 est un dispositif automatis\u00e9 con\u00e7u sp\u00e9cifiquement pour s\u00e9curiser verticalement les palettes. Le cerclage est une m\u00e9thode s\u00fbre, rentable et respectueuse de l&rsquo;environnement pour emballer les charges palettis\u00e9es. En outre, la 2210 est \u00e9quip\u00e9e d&rsquo;une presse pneumatique qui r\u00e9duit efficacement le volume des charges palettis\u00e9es avant le cerclage, ce qui am\u00e9liore [&hellip;]<\/p>\n","protected":false},"featured_media":3407,"comment_status":"open","ping_status":"closed","template":"","meta":[],"product_brand":[],"product_cat":[113,91,110],"product_tag":[112],"class_list":{"0":"post-4072","1":"product","2":"type-product","3":"status-publish","4":"has-post-thumbnail","6":"product_cat-cercleuses-verticales","7":"product_cat-fabricants","8":"product_cat-reisopack-fr","9":"product_tag-cerclage-de-palettes","11":"first","12":"instock","13":"product-type-simple"},"yoast_head":"<!-- This site is optimized with the Yoast SEO plugin v26.9 - https:\/\/yoast.com\/product\/yoast-seo-wordpress\/ -->\n<title>2210 Cercleuse verticale avec presse - Karopack<\/title>\n<meta name=\"robots\" content=\"index, follow, max-snippet:-1, max-image-preview:large, max-video-preview:-1\" \/>\n<link rel=\"canonical\" href=\"https:\/\/www.karopack.be\/fr\/produit\/2210-cercleuse-verticale-avec-presse\/\" \/>\n<meta property=\"og:locale\" content=\"fr_FR\" \/>\n<meta property=\"og:type\" content=\"article\" \/>\n<meta property=\"og:title\" content=\"2210 Cercleuse verticale avec presse - Karopack\" \/>\n<meta property=\"og:description\" content=\"La cercleuse de palettes 2210 est un dispositif automatis\u00e9 con\u00e7u sp\u00e9cifiquement pour s\u00e9curiser verticalement les palettes. Le cerclage est une m\u00e9thode s\u00fbre, rentable et respectueuse de l&rsquo;environnement pour emballer les charges palettis\u00e9es. En outre, la 2210 est \u00e9quip\u00e9e d&rsquo;une presse pneumatique qui r\u00e9duit efficacement le volume des charges palettis\u00e9es avant le cerclage, ce qui am\u00e9liore [&hellip;]\" \/>\n<meta property=\"og:url\" content=\"https:\/\/www.karopack.be\/fr\/produit\/2210-cercleuse-verticale-avec-presse\/\" \/>\n<meta property=\"og:site_name\" content=\"Karopack\" \/>\n<meta property=\"og:image\" content=\"https:\/\/www.karopack.be\/wp-content\/uploads\/2024\/02\/2210-400x400-1.jpg\" \/>\n\t<meta property=\"og:image:width\" content=\"400\" \/>\n\t<meta property=\"og:image:height\" content=\"400\" \/>\n\t<meta property=\"og:image:type\" content=\"image\/jpeg\" \/>\n<meta name=\"twitter:card\" content=\"summary_large_image\" \/>\n<meta name=\"twitter:label1\" content=\"Dur\u00e9e de lecture est.\" \/>\n\t<meta name=\"twitter:data1\" content=\"2 minutes\" \/>\n<script type=\"application\/ld+json\" class=\"yoast-schema-graph\">{\"@context\":\"https:\/\/schema.org\",\"@graph\":[{\"@type\":\"WebPage\",\"@id\":\"https:\/\/www.karopack.be\/fr\/produit\/2210-cercleuse-verticale-avec-presse\/\",\"url\":\"https:\/\/www.karopack.be\/fr\/produit\/2210-cercleuse-verticale-avec-presse\/\",\"name\":\"2210 Cercleuse verticale avec presse - Karopack\",\"isPartOf\":{\"@id\":\"https:\/\/www.karopack.be\/fr\/#website\"},\"primaryImageOfPage\":{\"@id\":\"https:\/\/www.karopack.be\/fr\/produit\/2210-cercleuse-verticale-avec-presse\/#primaryimage\"},\"image\":{\"@id\":\"https:\/\/www.karopack.be\/fr\/produit\/2210-cercleuse-verticale-avec-presse\/#primaryimage\"},\"thumbnailUrl\":\"https:\/\/www.karopack.be\/wp-content\/uploads\/2024\/02\/2210-400x400-1.jpg\",\"datePublished\":\"2024-07-11T06:18:06+00:00\",\"breadcrumb\":{\"@id\":\"https:\/\/www.karopack.be\/fr\/produit\/2210-cercleuse-verticale-avec-presse\/#breadcrumb\"},\"inLanguage\":\"fr-BE\",\"potentialAction\":[{\"@type\":\"ReadAction\",\"target\":[\"https:\/\/www.karopack.be\/fr\/produit\/2210-cercleuse-verticale-avec-presse\/\"]}]},{\"@type\":\"ImageObject\",\"inLanguage\":\"fr-BE\",\"@id\":\"https:\/\/www.karopack.be\/fr\/produit\/2210-cercleuse-verticale-avec-presse\/#primaryimage\",\"url\":\"https:\/\/www.karopack.be\/wp-content\/uploads\/2024\/02\/2210-400x400-1.jpg\",\"contentUrl\":\"https:\/\/www.karopack.be\/wp-content\/uploads\/2024\/02\/2210-400x400-1.jpg\",\"width\":400,\"height\":400},{\"@type\":\"BreadcrumbList\",\"@id\":\"https:\/\/www.karopack.be\/fr\/produit\/2210-cercleuse-verticale-avec-presse\/#breadcrumb\",\"itemListElement\":[{\"@type\":\"ListItem\",\"position\":1,\"name\":\"Home\",\"item\":\"https:\/\/www.karopack.be\/fr\/\"},{\"@type\":\"ListItem\",\"position\":2,\"name\":\"Shop\",\"item\":\"https:\/\/www.karopack.be\/fr\/shop\/\"},{\"@type\":\"ListItem\",\"position\":3,\"name\":\"2210 Cercleuse verticale avec presse\"}]},{\"@type\":\"WebSite\",\"@id\":\"https:\/\/www.karopack.be\/fr\/#website\",\"url\":\"https:\/\/www.karopack.be\/fr\/\",\"name\":\"Karopack\",\"description\":\"\",\"publisher\":{\"@id\":\"https:\/\/www.karopack.be\/fr\/#organization\"},\"potentialAction\":[{\"@type\":\"SearchAction\",\"target\":{\"@type\":\"EntryPoint\",\"urlTemplate\":\"https:\/\/www.karopack.be\/fr\/?s={search_term_string}\"},\"query-input\":{\"@type\":\"PropertyValueSpecification\",\"valueRequired\":true,\"valueName\":\"search_term_string\"}}],\"inLanguage\":\"fr-BE\"},{\"@type\":\"Organization\",\"@id\":\"https:\/\/www.karopack.be\/fr\/#organization\",\"name\":\"Karopack\",\"url\":\"https:\/\/www.karopack.be\/fr\/\",\"logo\":{\"@type\":\"ImageObject\",\"inLanguage\":\"fr-BE\",\"@id\":\"https:\/\/www.karopack.be\/fr\/#\/schema\/logo\/image\/\",\"url\":\"https:\/\/www.karopack.be\/wp-content\/uploads\/2024\/07\/Karopack-Logo.png\",\"contentUrl\":\"https:\/\/www.karopack.be\/wp-content\/uploads\/2024\/07\/Karopack-Logo.png\",\"width\":809,\"height\":240,\"caption\":\"Karopack\"},\"image\":{\"@id\":\"https:\/\/www.karopack.be\/fr\/#\/schema\/logo\/image\/\"}}]}<\/script>\n<!-- \/ Yoast SEO plugin. -->","yoast_head_json":{"title":"2210 Cercleuse verticale avec presse - Karopack","robots":{"index":"index","follow":"follow","max-snippet":"max-snippet:-1","max-image-preview":"max-image-preview:large","max-video-preview":"max-video-preview:-1"},"canonical":"https:\/\/www.karopack.be\/fr\/produit\/2210-cercleuse-verticale-avec-presse\/","og_locale":"fr_FR","og_type":"article","og_title":"2210 Cercleuse verticale avec presse - Karopack","og_description":"La cercleuse de palettes 2210 est un dispositif automatis\u00e9 con\u00e7u sp\u00e9cifiquement pour s\u00e9curiser verticalement les palettes. Le cerclage est une m\u00e9thode s\u00fbre, rentable et respectueuse de l&rsquo;environnement pour emballer les charges palettis\u00e9es. En outre, la 2210 est \u00e9quip\u00e9e d&rsquo;une presse pneumatique qui r\u00e9duit efficacement le volume des charges palettis\u00e9es avant le cerclage, ce qui am\u00e9liore [&hellip;]","og_url":"https:\/\/www.karopack.be\/fr\/produit\/2210-cercleuse-verticale-avec-presse\/","og_site_name":"Karopack","og_image":[{"width":400,"height":400,"url":"https:\/\/www.karopack.be\/wp-content\/uploads\/2024\/02\/2210-400x400-1.jpg","type":"image\/jpeg"}],"twitter_card":"summary_large_image","twitter_misc":{"Dur\u00e9e de lecture est.":"2 minutes"},"schema":{"@context":"https:\/\/schema.org","@graph":[{"@type":"WebPage","@id":"https:\/\/www.karopack.be\/fr\/produit\/2210-cercleuse-verticale-avec-presse\/","url":"https:\/\/www.karopack.be\/fr\/produit\/2210-cercleuse-verticale-avec-presse\/","name":"2210 Cercleuse verticale avec presse - Karopack","isPartOf":{"@id":"https:\/\/www.karopack.be\/fr\/#website"},"primaryImageOfPage":{"@id":"https:\/\/www.karopack.be\/fr\/produit\/2210-cercleuse-verticale-avec-presse\/#primaryimage"},"image":{"@id":"https:\/\/www.karopack.be\/fr\/produit\/2210-cercleuse-verticale-avec-presse\/#primaryimage"},"thumbnailUrl":"https:\/\/www.karopack.be\/wp-content\/uploads\/2024\/02\/2210-400x400-1.jpg","datePublished":"2024-07-11T06:18:06+00:00","breadcrumb":{"@id":"https:\/\/www.karopack.be\/fr\/produit\/2210-cercleuse-verticale-avec-presse\/#breadcrumb"},"inLanguage":"fr-BE","potentialAction":[{"@type":"ReadAction","target":["https:\/\/www.karopack.be\/fr\/produit\/2210-cercleuse-verticale-avec-presse\/"]}]},{"@type":"ImageObject","inLanguage":"fr-BE","@id":"https:\/\/www.karopack.be\/fr\/produit\/2210-cercleuse-verticale-avec-presse\/#primaryimage","url":"https:\/\/www.karopack.be\/wp-content\/uploads\/2024\/02\/2210-400x400-1.jpg","contentUrl":"https:\/\/www.karopack.be\/wp-content\/uploads\/2024\/02\/2210-400x400-1.jpg","width":400,"height":400},{"@type":"BreadcrumbList","@id":"https:\/\/www.karopack.be\/fr\/produit\/2210-cercleuse-verticale-avec-presse\/#breadcrumb","itemListElement":[{"@type":"ListItem","position":1,"name":"Home","item":"https:\/\/www.karopack.be\/fr\/"},{"@type":"ListItem","position":2,"name":"Shop","item":"https:\/\/www.karopack.be\/fr\/shop\/"},{"@type":"ListItem","position":3,"name":"2210 Cercleuse verticale avec presse"}]},{"@type":"WebSite","@id":"https:\/\/www.karopack.be\/fr\/#website","url":"https:\/\/www.karopack.be\/fr\/","name":"Karopack","description":"","publisher":{"@id":"https:\/\/www.karopack.be\/fr\/#organization"},"potentialAction":[{"@type":"SearchAction","target":{"@type":"EntryPoint","urlTemplate":"https:\/\/www.karopack.be\/fr\/?s={search_term_string}"},"query-input":{"@type":"PropertyValueSpecification","valueRequired":true,"valueName":"search_term_string"}}],"inLanguage":"fr-BE"},{"@type":"Organization","@id":"https:\/\/www.karopack.be\/fr\/#organization","name":"Karopack","url":"https:\/\/www.karopack.be\/fr\/","logo":{"@type":"ImageObject","inLanguage":"fr-BE","@id":"https:\/\/www.karopack.be\/fr\/#\/schema\/logo\/image\/","url":"https:\/\/www.karopack.be\/wp-content\/uploads\/2024\/07\/Karopack-Logo.png","contentUrl":"https:\/\/www.karopack.be\/wp-content\/uploads\/2024\/07\/Karopack-Logo.png","width":809,"height":240,"caption":"Karopack"},"image":{"@id":"https:\/\/www.karopack.be\/fr\/#\/schema\/logo\/image\/"}}]}},"_links":{"self":[{"href":"https:\/\/www.karopack.be\/fr\/wp-json\/wp\/v2\/product\/4072","targetHints":{"allow":["GET"]}}],"collection":[{"href":"https:\/\/www.karopack.be\/fr\/wp-json\/wp\/v2\/product"}],"about":[{"href":"https:\/\/www.karopack.be\/fr\/wp-json\/wp\/v2\/types\/product"}],"replies":[{"embeddable":true,"href":"https:\/\/www.karopack.be\/fr\/wp-json\/wp\/v2\/comments?post=4072"}],"wp:featuredmedia":[{"embeddable":true,"href":"https:\/\/www.karopack.be\/fr\/wp-json\/wp\/v2\/media\/3407"}],"wp:attachment":[{"href":"https:\/\/www.karopack.be\/fr\/wp-json\/wp\/v2\/media?parent=4072"}],"wp:term":[{"taxonomy":"product_brand","embeddable":true,"href":"https:\/\/www.karopack.be\/fr\/wp-json\/wp\/v2\/product_brand?post=4072"},{"taxonomy":"product_cat","embeddable":true,"href":"https:\/\/www.karopack.be\/fr\/wp-json\/wp\/v2\/product_cat?post=4072"},{"taxonomy":"product_tag","embeddable":true,"href":"https:\/\/www.karopack.be\/fr\/wp-json\/wp\/v2\/product_tag?post=4072"}],"curies":[{"name":"wp","href":"https:\/\/api.w.org\/{rel}","templated":true}]}}