{"id":4073,"date":"2024-07-11T06:17:48","date_gmt":"2024-07-11T06:17:48","guid":{"rendered":"https:\/\/www.karopack.be\/product\/re2913-cercleuse-horizontale-mobile-sans-lattes-dangle\/"},"modified":"2024-07-11T06:17:48","modified_gmt":"2024-07-11T06:17:48","slug":"re2913-cercleuse-horizontale-mobile-sans-lattes-dangle","status":"publish","type":"product","link":"https:\/\/www.karopack.be\/fr\/produit\/re2913-cercleuse-horizontale-mobile-sans-lattes-dangle\/","title":{"rendered":"RE2913 Cercleuse horizontale mobile sans lattes d&rsquo;angle"},"content":{"rendered":"<ul>\n<li>La machine se d\u00e9place lat\u00e9ralement entre quatre stations de cerclage.<\/li>\n<li>Cerclage rapide, fiable et de haute qualit\u00e9.<\/li>\n<li>Gain de temps maximal lors de l&rsquo;alimentation des palettes.<\/li>\n<li>Programmation facile gr\u00e2ce au syst\u00e8me de commande \u00e0 \u00e9cran tactile.<\/li>\n<li>Possibilit\u00e9 de personnaliser jusqu&rsquo;\u00e0 50 programmes de cerclage diff\u00e9rents.<\/li>\n<li>Il permet de cercler \u00e0 n&rsquo;importe quelle hauteur \u00e0 partir de 130 mm du sol.<\/li>\n<li>Il permet de cercler jusqu&rsquo;\u00e0 20 hauteurs diff\u00e9rentes sur la m\u00eame palette.<\/li>\n<li>Longue dur\u00e9e de vie de l&rsquo;\u00e9quipement et faible entretien.<\/li>\n<li>Il permet de produire plus de 70 palettes par heure.<\/li>\n<li>La cargaison est comprim\u00e9e avant d&rsquo;\u00eatre cercl\u00e9e.<\/li>\n<li>convient aux palettes de 1 200 x 1 200 mm.<\/li>\n<li>standard pour les bandes de cerclage de 12\u00d70,73 mm.<\/li>\n<\/ul>\n","protected":false},"excerpt":{"rendered":"<p>Une machine qui offre une nouvelle fa\u00e7on d&rsquo;appr\u00e9hender la fin de ligne. Avec ce mod\u00e8le, l&rsquo;organisation de la fin de ligne est beaucoup plus logique et optimis\u00e9e, permettant un environnement de travail propre et efficace. Tout cela avec la garantie de la plus haute qualit\u00e9 et fiabilit\u00e9 offerte par Reisopack.<\/p>\n","protected":false},"featured_media":3391,"comment_status":"open","ping_status":"closed","template":"","meta":[],"product_brand":[],"product_cat":[111,91,109,110],"product_tag":[112],"class_list":{"0":"post-4073","1":"product","2":"type-product","3":"status-publish","4":"has-post-thumbnail","6":"product_cat-cercleuses-horizontales","7":"product_cat-fabricants","8":"product_cat-machines-a-cercler","9":"product_cat-reisopack-fr","10":"product_tag-cerclage-de-palettes","12":"first","13":"instock","14":"product-type-simple"},"yoast_head":"<!-- This site is optimized with the Yoast SEO plugin v26.9 - https:\/\/yoast.com\/product\/yoast-seo-wordpress\/ -->\n<title>RE2913 Cercleuse horizontale mobile sans lattes d&#039;angle - Karopack<\/title>\n<meta name=\"robots\" content=\"index, follow, max-snippet:-1, max-image-preview:large, max-video-preview:-1\" \/>\n<link rel=\"canonical\" href=\"https:\/\/www.karopack.be\/fr\/produit\/re2913-cercleuse-horizontale-mobile-sans-lattes-dangle\/\" \/>\n<meta property=\"og:locale\" content=\"fr_FR\" \/>\n<meta property=\"og:type\" content=\"article\" \/>\n<meta property=\"og:title\" content=\"RE2913 Cercleuse horizontale mobile sans lattes d&#039;angle - Karopack\" \/>\n<meta property=\"og:description\" content=\"Une machine qui offre une nouvelle fa\u00e7on d&#039;appr\u00e9hender la fin de ligne. Avec ce mod\u00e8le, l&#039;organisation de la fin de ligne est beaucoup plus logique et optimis\u00e9e, permettant un environnement de travail propre et efficace. Tout cela avec la garantie de la plus haute qualit\u00e9 et fiabilit\u00e9 offerte par Reisopack.\" \/>\n<meta property=\"og:url\" content=\"https:\/\/www.karopack.be\/fr\/produit\/re2913-cercleuse-horizontale-mobile-sans-lattes-dangle\/\" \/>\n<meta property=\"og:site_name\" content=\"Karopack\" \/>\n<meta property=\"og:image\" content=\"https:\/\/www.karopack.be\/wp-content\/uploads\/2024\/02\/2913-400x400-1.jpg\" \/>\n\t<meta property=\"og:image:width\" content=\"400\" \/>\n\t<meta property=\"og:image:height\" content=\"400\" \/>\n\t<meta property=\"og:image:type\" content=\"image\/jpeg\" \/>\n<meta name=\"twitter:card\" content=\"summary_large_image\" \/>\n<meta name=\"twitter:label1\" content=\"Dur\u00e9e de lecture est.\" \/>\n\t<meta name=\"twitter:data1\" content=\"1 minute\" \/>\n<script type=\"application\/ld+json\" class=\"yoast-schema-graph\">{\"@context\":\"https:\/\/schema.org\",\"@graph\":[{\"@type\":\"WebPage\",\"@id\":\"https:\/\/www.karopack.be\/fr\/produit\/re2913-cercleuse-horizontale-mobile-sans-lattes-dangle\/\",\"url\":\"https:\/\/www.karopack.be\/fr\/produit\/re2913-cercleuse-horizontale-mobile-sans-lattes-dangle\/\",\"name\":\"RE2913 Cercleuse horizontale mobile sans lattes d'angle - Karopack\",\"isPartOf\":{\"@id\":\"https:\/\/www.karopack.be\/fr\/#website\"},\"primaryImageOfPage\":{\"@id\":\"https:\/\/www.karopack.be\/fr\/produit\/re2913-cercleuse-horizontale-mobile-sans-lattes-dangle\/#primaryimage\"},\"image\":{\"@id\":\"https:\/\/www.karopack.be\/fr\/produit\/re2913-cercleuse-horizontale-mobile-sans-lattes-dangle\/#primaryimage\"},\"thumbnailUrl\":\"https:\/\/www.karopack.be\/wp-content\/uploads\/2024\/02\/2913-400x400-1.jpg\",\"datePublished\":\"2024-07-11T06:17:48+00:00\",\"breadcrumb\":{\"@id\":\"https:\/\/www.karopack.be\/fr\/produit\/re2913-cercleuse-horizontale-mobile-sans-lattes-dangle\/#breadcrumb\"},\"inLanguage\":\"fr-BE\",\"potentialAction\":[{\"@type\":\"ReadAction\",\"target\":[\"https:\/\/www.karopack.be\/fr\/produit\/re2913-cercleuse-horizontale-mobile-sans-lattes-dangle\/\"]}]},{\"@type\":\"ImageObject\",\"inLanguage\":\"fr-BE\",\"@id\":\"https:\/\/www.karopack.be\/fr\/produit\/re2913-cercleuse-horizontale-mobile-sans-lattes-dangle\/#primaryimage\",\"url\":\"https:\/\/www.karopack.be\/wp-content\/uploads\/2024\/02\/2913-400x400-1.jpg\",\"contentUrl\":\"https:\/\/www.karopack.be\/wp-content\/uploads\/2024\/02\/2913-400x400-1.jpg\",\"width\":400,\"height\":400},{\"@type\":\"BreadcrumbList\",\"@id\":\"https:\/\/www.karopack.be\/fr\/produit\/re2913-cercleuse-horizontale-mobile-sans-lattes-dangle\/#breadcrumb\",\"itemListElement\":[{\"@type\":\"ListItem\",\"position\":1,\"name\":\"Home\",\"item\":\"https:\/\/www.karopack.be\/fr\/\"},{\"@type\":\"ListItem\",\"position\":2,\"name\":\"Shop\",\"item\":\"https:\/\/www.karopack.be\/fr\/shop\/\"},{\"@type\":\"ListItem\",\"position\":3,\"name\":\"RE2913 Cercleuse horizontale mobile sans lattes d&#8217;angle\"}]},{\"@type\":\"WebSite\",\"@id\":\"https:\/\/www.karopack.be\/fr\/#website\",\"url\":\"https:\/\/www.karopack.be\/fr\/\",\"name\":\"Karopack\",\"description\":\"\",\"publisher\":{\"@id\":\"https:\/\/www.karopack.be\/fr\/#organization\"},\"potentialAction\":[{\"@type\":\"SearchAction\",\"target\":{\"@type\":\"EntryPoint\",\"urlTemplate\":\"https:\/\/www.karopack.be\/fr\/?s={search_term_string}\"},\"query-input\":{\"@type\":\"PropertyValueSpecification\",\"valueRequired\":true,\"valueName\":\"search_term_string\"}}],\"inLanguage\":\"fr-BE\"},{\"@type\":\"Organization\",\"@id\":\"https:\/\/www.karopack.be\/fr\/#organization\",\"name\":\"Karopack\",\"url\":\"https:\/\/www.karopack.be\/fr\/\",\"logo\":{\"@type\":\"ImageObject\",\"inLanguage\":\"fr-BE\",\"@id\":\"https:\/\/www.karopack.be\/fr\/#\/schema\/logo\/image\/\",\"url\":\"https:\/\/www.karopack.be\/wp-content\/uploads\/2024\/07\/Karopack-Logo.png\",\"contentUrl\":\"https:\/\/www.karopack.be\/wp-content\/uploads\/2024\/07\/Karopack-Logo.png\",\"width\":809,\"height\":240,\"caption\":\"Karopack\"},\"image\":{\"@id\":\"https:\/\/www.karopack.be\/fr\/#\/schema\/logo\/image\/\"}}]}<\/script>\n<!-- \/ Yoast SEO plugin. -->","yoast_head_json":{"title":"RE2913 Cercleuse horizontale mobile sans lattes d'angle - Karopack","robots":{"index":"index","follow":"follow","max-snippet":"max-snippet:-1","max-image-preview":"max-image-preview:large","max-video-preview":"max-video-preview:-1"},"canonical":"https:\/\/www.karopack.be\/fr\/produit\/re2913-cercleuse-horizontale-mobile-sans-lattes-dangle\/","og_locale":"fr_FR","og_type":"article","og_title":"RE2913 Cercleuse horizontale mobile sans lattes d'angle - Karopack","og_description":"Une machine qui offre une nouvelle fa\u00e7on d'appr\u00e9hender la fin de ligne. Avec ce mod\u00e8le, l'organisation de la fin de ligne est beaucoup plus logique et optimis\u00e9e, permettant un environnement de travail propre et efficace. Tout cela avec la garantie de la plus haute qualit\u00e9 et fiabilit\u00e9 offerte par Reisopack.","og_url":"https:\/\/www.karopack.be\/fr\/produit\/re2913-cercleuse-horizontale-mobile-sans-lattes-dangle\/","og_site_name":"Karopack","og_image":[{"width":400,"height":400,"url":"https:\/\/www.karopack.be\/wp-content\/uploads\/2024\/02\/2913-400x400-1.jpg","type":"image\/jpeg"}],"twitter_card":"summary_large_image","twitter_misc":{"Dur\u00e9e de lecture est.":"1 minute"},"schema":{"@context":"https:\/\/schema.org","@graph":[{"@type":"WebPage","@id":"https:\/\/www.karopack.be\/fr\/produit\/re2913-cercleuse-horizontale-mobile-sans-lattes-dangle\/","url":"https:\/\/www.karopack.be\/fr\/produit\/re2913-cercleuse-horizontale-mobile-sans-lattes-dangle\/","name":"RE2913 Cercleuse horizontale mobile sans lattes d'angle - Karopack","isPartOf":{"@id":"https:\/\/www.karopack.be\/fr\/#website"},"primaryImageOfPage":{"@id":"https:\/\/www.karopack.be\/fr\/produit\/re2913-cercleuse-horizontale-mobile-sans-lattes-dangle\/#primaryimage"},"image":{"@id":"https:\/\/www.karopack.be\/fr\/produit\/re2913-cercleuse-horizontale-mobile-sans-lattes-dangle\/#primaryimage"},"thumbnailUrl":"https:\/\/www.karopack.be\/wp-content\/uploads\/2024\/02\/2913-400x400-1.jpg","datePublished":"2024-07-11T06:17:48+00:00","breadcrumb":{"@id":"https:\/\/www.karopack.be\/fr\/produit\/re2913-cercleuse-horizontale-mobile-sans-lattes-dangle\/#breadcrumb"},"inLanguage":"fr-BE","potentialAction":[{"@type":"ReadAction","target":["https:\/\/www.karopack.be\/fr\/produit\/re2913-cercleuse-horizontale-mobile-sans-lattes-dangle\/"]}]},{"@type":"ImageObject","inLanguage":"fr-BE","@id":"https:\/\/www.karopack.be\/fr\/produit\/re2913-cercleuse-horizontale-mobile-sans-lattes-dangle\/#primaryimage","url":"https:\/\/www.karopack.be\/wp-content\/uploads\/2024\/02\/2913-400x400-1.jpg","contentUrl":"https:\/\/www.karopack.be\/wp-content\/uploads\/2024\/02\/2913-400x400-1.jpg","width":400,"height":400},{"@type":"BreadcrumbList","@id":"https:\/\/www.karopack.be\/fr\/produit\/re2913-cercleuse-horizontale-mobile-sans-lattes-dangle\/#breadcrumb","itemListElement":[{"@type":"ListItem","position":1,"name":"Home","item":"https:\/\/www.karopack.be\/fr\/"},{"@type":"ListItem","position":2,"name":"Shop","item":"https:\/\/www.karopack.be\/fr\/shop\/"},{"@type":"ListItem","position":3,"name":"RE2913 Cercleuse horizontale mobile sans lattes d&#8217;angle"}]},{"@type":"WebSite","@id":"https:\/\/www.karopack.be\/fr\/#website","url":"https:\/\/www.karopack.be\/fr\/","name":"Karopack","description":"","publisher":{"@id":"https:\/\/www.karopack.be\/fr\/#organization"},"potentialAction":[{"@type":"SearchAction","target":{"@type":"EntryPoint","urlTemplate":"https:\/\/www.karopack.be\/fr\/?s={search_term_string}"},"query-input":{"@type":"PropertyValueSpecification","valueRequired":true,"valueName":"search_term_string"}}],"inLanguage":"fr-BE"},{"@type":"Organization","@id":"https:\/\/www.karopack.be\/fr\/#organization","name":"Karopack","url":"https:\/\/www.karopack.be\/fr\/","logo":{"@type":"ImageObject","inLanguage":"fr-BE","@id":"https:\/\/www.karopack.be\/fr\/#\/schema\/logo\/image\/","url":"https:\/\/www.karopack.be\/wp-content\/uploads\/2024\/07\/Karopack-Logo.png","contentUrl":"https:\/\/www.karopack.be\/wp-content\/uploads\/2024\/07\/Karopack-Logo.png","width":809,"height":240,"caption":"Karopack"},"image":{"@id":"https:\/\/www.karopack.be\/fr\/#\/schema\/logo\/image\/"}}]}},"_links":{"self":[{"href":"https:\/\/www.karopack.be\/fr\/wp-json\/wp\/v2\/product\/4073","targetHints":{"allow":["GET"]}}],"collection":[{"href":"https:\/\/www.karopack.be\/fr\/wp-json\/wp\/v2\/product"}],"about":[{"href":"https:\/\/www.karopack.be\/fr\/wp-json\/wp\/v2\/types\/product"}],"replies":[{"embeddable":true,"href":"https:\/\/www.karopack.be\/fr\/wp-json\/wp\/v2\/comments?post=4073"}],"wp:featuredmedia":[{"embeddable":true,"href":"https:\/\/www.karopack.be\/fr\/wp-json\/wp\/v2\/media\/3391"}],"wp:attachment":[{"href":"https:\/\/www.karopack.be\/fr\/wp-json\/wp\/v2\/media?parent=4073"}],"wp:term":[{"taxonomy":"product_brand","embeddable":true,"href":"https:\/\/www.karopack.be\/fr\/wp-json\/wp\/v2\/product_brand?post=4073"},{"taxonomy":"product_cat","embeddable":true,"href":"https:\/\/www.karopack.be\/fr\/wp-json\/wp\/v2\/product_cat?post=4073"},{"taxonomy":"product_tag","embeddable":true,"href":"https:\/\/www.karopack.be\/fr\/wp-json\/wp\/v2\/product_tag?post=4073"}],"curies":[{"name":"wp","href":"https:\/\/api.w.org\/{rel}","templated":true}]}}