{"id":4076,"date":"2024-07-11T06:18:05","date_gmt":"2024-07-11T06:18:05","guid":{"rendered":"https:\/\/www.karopack.be\/product\/re2250-cercleuse-de-palettes-a-haute-tension\/"},"modified":"2024-07-11T06:18:05","modified_gmt":"2024-07-11T06:18:05","slug":"re2250-cercleuse-de-palettes-a-haute-tension","status":"publish","type":"product","link":"https:\/\/www.karopack.be\/fr\/produit\/re2250-cercleuse-de-palettes-a-haute-tension\/","title":{"rendered":"RE2250 Cercleuse de palettes \u00e0 haute tension"},"content":{"rendered":"<p>Une cercleuse verticale pour palettes dot\u00e9e de capacit\u00e9s de tension \u00e9lev\u00e9es et d&rsquo;une conception compacte adapt\u00e9e \u00e0 l&rsquo;alimentation manuelle des transpalettes. Cette unit\u00e9 de cerclage \u00e0 t\u00eate sup\u00e9rieure occupe un espace minimal par rapport aux mod\u00e8les automatis\u00e9s plus grands, ce qui la rend id\u00e9ale pour les zones restreintes des lignes automatis\u00e9es. Dot\u00e9 d&rsquo;une t\u00eate de cerclage \u00e0 friction sp\u00e9cialis\u00e9e, ce dispositif de cerclage des palettes permet d&rsquo;atteindre des tensions allant jusqu&rsquo;\u00e0 300 kg, tout en facilitant le chargement au niveau du sol avec un transpalette manuel, ce qui offre une grande polyvalence dans le positionnement de l&rsquo;entrep\u00f4t. Regardez la vid\u00e9o de ce produit <a href=\"https:\/\/www.reisopack.com\/en\/2250.html#:~:text=a%20pallet%20truck.-,Videos,-Request%20more%20information\"><strong>ici<\/strong><\/a>  <\/p>\n<ul>\n<li>Fabrication et technologie propre avec des composants europ\u00e9ens de premi\u00e8re qualit\u00e9.<\/li>\n<li>Contr\u00f4le par \u00e9cran tactile LCD TFT de 5&rsquo;6 pouces.<\/li>\n<li>T\u00eate en aluminium REISO2200HT \u00e0 longue dur\u00e9e de vie.<\/li>\n<li>Cadence sup\u00e9rieure \u00e0 40 palettes\/heure.<\/li>\n<li>Syst\u00e8me de tension par r\u00e9traction pour \u00e9viter la rupture de la sangle lors de l&rsquo;utilisation de palettes dures.<\/li>\n<li>Signalisation visuelle des erreurs.<\/li>\n<li>Soudage par friction.<\/li>\n<li>Ne d\u00e9gage pas de chaleur de fusion. Compatible avec les mat\u00e9riaux dangereux ou inflammables. <\/li>\n<li>T\u00eate pivotante pour faciliter l&rsquo;entretien.<\/li>\n<li>Entra\u00eenement de la lance par courroie.<\/li>\n<li>Il permet le chargement \u00e0 l&rsquo;aide d&rsquo;un transpalette manuel.<\/li>\n<li>Taille r\u00e9duite.<\/li>\n<li>Syst\u00e8me de sangles pour \u00e9viter les d\u00e9formations.<\/li>\n<\/ul>\n<p>Sp\u00e9cifications : &#8211; Tension requise : 220 V \/ 380 V &#8211; 50\/60 Hz &#8211; 3 Phase &#8211; Consommation \u00e9lectrique : 2 Kw &#8211; Taux de production estim\u00e9 : 35 &#8211; 45 palettes \/ heure &#8211; Dimensions de la machine : 4359 X 680 X 2337 mm &#8211; Hauteur minimale de la palette : 300 mm &#8211; Hauteur maximale de la palette : 1450 mm (hauteur maximale en option) :<\/p>\n<p> 1450 mm (hauteur maximale en option) &#8211; Largeur du feuillard : 9 &#8211; 15&rsquo;5 mm (r\u00e9glable en usine) &#8211; Epaisseur du feuillard : 0&rsquo;5 &#8211; 0&rsquo;8 mm (PET) &#8211; 0&rsquo;6 &#8211; 0&rsquo;9 mm (PP) &#8211; M\u00e9thode de soudage : Soudage par friction &#8211; Vitesse d&rsquo;avance et de r\u00e9traction : 4.<br \/>\n5 m \/ seconde &#8211; Gamme de tension : De 110 Kg \u00e0 300 Kg (1100 N &#8211; 3000 N)<\/p>\n<div id=\"u36603-4\" class=\"clearfix grpelem\" data-muse-uid=\"U36603\" data-muse-type=\"txt_frame\" data-ibe-flags=\"txtStyleSrc\">\n<h4>D\u00e9tails<\/h4>\n<\/div>\n<div id=\"u36553-4\" class=\"clearfix grpelem\" data-muse-uid=\"U36553\" data-muse-type=\"txt_frame\" data-ibe-flags=\"txtStyleSrc\">\n<p>La machine est command\u00e9e \u00e0 partir d&rsquo;un \u00e9cran tactile.<\/p>\n<\/div>\n<div id=\"u36546\" class=\"clip_frame grpelem\" data-muse-uid=\"U36546\" data-muse-type=\"img_frame\"><img decoding=\"async\" id=\"u36546_img\" class=\"block\" src=\"https:\/\/www.reisopack.com\/en\/images\/2250-detalle1-280x140.jpg?crc=412579389\" alt=\"2250 Cercleuse verticale de palettes \u00e0 haute tension  \" width=\"280\" height=\"140\" data-muse-src=\"images\/2250-detalle1-280x140.jpg?crc=412579389\"><\/div>\n<div id=\"u36544-4\" class=\"clearfix grpelem\" data-muse-uid=\"U36544\" data-muse-type=\"txt_frame\" data-ibe-flags=\"txtStyleSrc\">\n<p>La t\u00eate de cerclage permet d&rsquo;appliquer une tension allant jusqu&rsquo;\u00e0 300 Kg.<\/p>\n<\/div>\n<div id=\"u36542\" class=\"clip_frame grpelem\" data-muse-uid=\"U36542\" data-muse-type=\"img_frame\"><img decoding=\"async\" id=\"u36542_img\" class=\"block\" src=\"https:\/\/www.reisopack.com\/en\/images\/2250-detalle3-280x140.jpg?crc=4060075268\" alt=\"2250 Cercleuse verticale de palettes \u00e0 haute tension  \" width=\"280\" height=\"140\" data-muse-src=\"images\/2250-detalle3-280x140.jpg?crc=4060075268\"><\/div>\n<div id=\"u36538-4\" class=\"clearfix grpelem\" data-muse-uid=\"U36538\" data-muse-type=\"txt_frame\" data-ibe-flags=\"txtStyleSrc\">\n<p>Ce mod\u00e8le permet de charger la charge directement avec un transpalette.<\/p>\n<p><img decoding=\"async\" src=\"https:\/\/www.karopack.be\/wp-content\/uploads\/2024\/07\/2250-detalle2-280x140-1.jpg\" alt=\"2250 Cercleuse verticale de palettes \u00e0 haute tension  \"><\/p>\n<\/div>\n","protected":false},"excerpt":{"rendered":"<p>Une cercleuse verticale pour palettes dot\u00e9e de capacit\u00e9s de tension \u00e9lev\u00e9es et d&rsquo;une conception compacte adapt\u00e9e \u00e0 l&rsquo;alimentation manuelle des transpalettes. Cette unit\u00e9 de cerclage \u00e0 t\u00eate sup\u00e9rieure occupe un espace minimal par rapport aux mod\u00e8les automatis\u00e9s plus grands, ce qui la rend id\u00e9ale pour les zones restreintes des lignes automatis\u00e9es. Dot\u00e9 d&rsquo;une t\u00eate de [&hellip;]<\/p>\n","protected":false},"featured_media":3405,"comment_status":"open","ping_status":"open","template":"","meta":[],"product_brand":[],"product_cat":[113,91,110],"product_tag":[112],"class_list":{"0":"post-4076","1":"product","2":"type-product","3":"status-publish","4":"has-post-thumbnail","6":"product_cat-cercleuses-verticales","7":"product_cat-fabricants","8":"product_cat-reisopack-fr","9":"product_tag-cerclage-de-palettes","11":"first","12":"instock","13":"product-type-simple"},"yoast_head":"<!-- This site is optimized with the Yoast SEO plugin v26.9 - https:\/\/yoast.com\/product\/yoast-seo-wordpress\/ -->\n<title>RE2250 Cercleuse de palettes \u00e0 haute tension - Karopack<\/title>\n<meta name=\"robots\" content=\"index, follow, max-snippet:-1, max-image-preview:large, max-video-preview:-1\" \/>\n<link rel=\"canonical\" href=\"https:\/\/www.karopack.be\/fr\/produit\/re2250-cercleuse-de-palettes-a-haute-tension\/\" \/>\n<meta property=\"og:locale\" content=\"fr_FR\" \/>\n<meta property=\"og:type\" content=\"article\" \/>\n<meta property=\"og:title\" content=\"RE2250 Cercleuse de palettes \u00e0 haute tension - Karopack\" \/>\n<meta property=\"og:description\" content=\"Une cercleuse verticale pour palettes dot\u00e9e de capacit\u00e9s de tension \u00e9lev\u00e9es et d&rsquo;une conception compacte adapt\u00e9e \u00e0 l&rsquo;alimentation manuelle des transpalettes. Cette unit\u00e9 de cerclage \u00e0 t\u00eate sup\u00e9rieure occupe un espace minimal par rapport aux mod\u00e8les automatis\u00e9s plus grands, ce qui la rend id\u00e9ale pour les zones restreintes des lignes automatis\u00e9es. Dot\u00e9 d&rsquo;une t\u00eate de [&hellip;]\" \/>\n<meta property=\"og:url\" content=\"https:\/\/www.karopack.be\/fr\/produit\/re2250-cercleuse-de-palettes-a-haute-tension\/\" \/>\n<meta property=\"og:site_name\" content=\"Karopack\" \/>\n<meta property=\"og:image\" content=\"https:\/\/www.karopack.be\/wp-content\/uploads\/2024\/02\/2250-360x360-1.jpg\" \/>\n\t<meta property=\"og:image:width\" content=\"360\" \/>\n\t<meta property=\"og:image:height\" content=\"360\" \/>\n\t<meta property=\"og:image:type\" content=\"image\/jpeg\" \/>\n<meta name=\"twitter:card\" content=\"summary_large_image\" \/>\n<meta name=\"twitter:label1\" content=\"Dur\u00e9e de lecture est.\" \/>\n\t<meta name=\"twitter:data1\" content=\"2 minutes\" \/>\n<script type=\"application\/ld+json\" class=\"yoast-schema-graph\">{\"@context\":\"https:\/\/schema.org\",\"@graph\":[{\"@type\":\"WebPage\",\"@id\":\"https:\/\/www.karopack.be\/fr\/produit\/re2250-cercleuse-de-palettes-a-haute-tension\/\",\"url\":\"https:\/\/www.karopack.be\/fr\/produit\/re2250-cercleuse-de-palettes-a-haute-tension\/\",\"name\":\"RE2250 Cercleuse de palettes \u00e0 haute tension - Karopack\",\"isPartOf\":{\"@id\":\"https:\/\/www.karopack.be\/fr\/#website\"},\"primaryImageOfPage\":{\"@id\":\"https:\/\/www.karopack.be\/fr\/produit\/re2250-cercleuse-de-palettes-a-haute-tension\/#primaryimage\"},\"image\":{\"@id\":\"https:\/\/www.karopack.be\/fr\/produit\/re2250-cercleuse-de-palettes-a-haute-tension\/#primaryimage\"},\"thumbnailUrl\":\"https:\/\/www.karopack.be\/wp-content\/uploads\/2024\/02\/2250-360x360-1.jpg\",\"datePublished\":\"2024-07-11T06:18:05+00:00\",\"breadcrumb\":{\"@id\":\"https:\/\/www.karopack.be\/fr\/produit\/re2250-cercleuse-de-palettes-a-haute-tension\/#breadcrumb\"},\"inLanguage\":\"fr-BE\",\"potentialAction\":[{\"@type\":\"ReadAction\",\"target\":[\"https:\/\/www.karopack.be\/fr\/produit\/re2250-cercleuse-de-palettes-a-haute-tension\/\"]}]},{\"@type\":\"ImageObject\",\"inLanguage\":\"fr-BE\",\"@id\":\"https:\/\/www.karopack.be\/fr\/produit\/re2250-cercleuse-de-palettes-a-haute-tension\/#primaryimage\",\"url\":\"https:\/\/www.karopack.be\/wp-content\/uploads\/2024\/02\/2250-360x360-1.jpg\",\"contentUrl\":\"https:\/\/www.karopack.be\/wp-content\/uploads\/2024\/02\/2250-360x360-1.jpg\",\"width\":360,\"height\":360},{\"@type\":\"BreadcrumbList\",\"@id\":\"https:\/\/www.karopack.be\/fr\/produit\/re2250-cercleuse-de-palettes-a-haute-tension\/#breadcrumb\",\"itemListElement\":[{\"@type\":\"ListItem\",\"position\":1,\"name\":\"Home\",\"item\":\"https:\/\/www.karopack.be\/fr\/\"},{\"@type\":\"ListItem\",\"position\":2,\"name\":\"Shop\",\"item\":\"https:\/\/www.karopack.be\/fr\/shop\/\"},{\"@type\":\"ListItem\",\"position\":3,\"name\":\"RE2250 Cercleuse de palettes \u00e0 haute tension\"}]},{\"@type\":\"WebSite\",\"@id\":\"https:\/\/www.karopack.be\/fr\/#website\",\"url\":\"https:\/\/www.karopack.be\/fr\/\",\"name\":\"Karopack\",\"description\":\"\",\"publisher\":{\"@id\":\"https:\/\/www.karopack.be\/fr\/#organization\"},\"potentialAction\":[{\"@type\":\"SearchAction\",\"target\":{\"@type\":\"EntryPoint\",\"urlTemplate\":\"https:\/\/www.karopack.be\/fr\/?s={search_term_string}\"},\"query-input\":{\"@type\":\"PropertyValueSpecification\",\"valueRequired\":true,\"valueName\":\"search_term_string\"}}],\"inLanguage\":\"fr-BE\"},{\"@type\":\"Organization\",\"@id\":\"https:\/\/www.karopack.be\/fr\/#organization\",\"name\":\"Karopack\",\"url\":\"https:\/\/www.karopack.be\/fr\/\",\"logo\":{\"@type\":\"ImageObject\",\"inLanguage\":\"fr-BE\",\"@id\":\"https:\/\/www.karopack.be\/fr\/#\/schema\/logo\/image\/\",\"url\":\"https:\/\/www.karopack.be\/wp-content\/uploads\/2024\/07\/Karopack-Logo.png\",\"contentUrl\":\"https:\/\/www.karopack.be\/wp-content\/uploads\/2024\/07\/Karopack-Logo.png\",\"width\":809,\"height\":240,\"caption\":\"Karopack\"},\"image\":{\"@id\":\"https:\/\/www.karopack.be\/fr\/#\/schema\/logo\/image\/\"}}]}<\/script>\n<!-- \/ Yoast SEO plugin. -->","yoast_head_json":{"title":"RE2250 Cercleuse de palettes \u00e0 haute tension - Karopack","robots":{"index":"index","follow":"follow","max-snippet":"max-snippet:-1","max-image-preview":"max-image-preview:large","max-video-preview":"max-video-preview:-1"},"canonical":"https:\/\/www.karopack.be\/fr\/produit\/re2250-cercleuse-de-palettes-a-haute-tension\/","og_locale":"fr_FR","og_type":"article","og_title":"RE2250 Cercleuse de palettes \u00e0 haute tension - Karopack","og_description":"Une cercleuse verticale pour palettes dot\u00e9e de capacit\u00e9s de tension \u00e9lev\u00e9es et d&rsquo;une conception compacte adapt\u00e9e \u00e0 l&rsquo;alimentation manuelle des transpalettes. Cette unit\u00e9 de cerclage \u00e0 t\u00eate sup\u00e9rieure occupe un espace minimal par rapport aux mod\u00e8les automatis\u00e9s plus grands, ce qui la rend id\u00e9ale pour les zones restreintes des lignes automatis\u00e9es. Dot\u00e9 d&rsquo;une t\u00eate de [&hellip;]","og_url":"https:\/\/www.karopack.be\/fr\/produit\/re2250-cercleuse-de-palettes-a-haute-tension\/","og_site_name":"Karopack","og_image":[{"width":360,"height":360,"url":"https:\/\/www.karopack.be\/wp-content\/uploads\/2024\/02\/2250-360x360-1.jpg","type":"image\/jpeg"}],"twitter_card":"summary_large_image","twitter_misc":{"Dur\u00e9e de lecture est.":"2 minutes"},"schema":{"@context":"https:\/\/schema.org","@graph":[{"@type":"WebPage","@id":"https:\/\/www.karopack.be\/fr\/produit\/re2250-cercleuse-de-palettes-a-haute-tension\/","url":"https:\/\/www.karopack.be\/fr\/produit\/re2250-cercleuse-de-palettes-a-haute-tension\/","name":"RE2250 Cercleuse de palettes \u00e0 haute tension - Karopack","isPartOf":{"@id":"https:\/\/www.karopack.be\/fr\/#website"},"primaryImageOfPage":{"@id":"https:\/\/www.karopack.be\/fr\/produit\/re2250-cercleuse-de-palettes-a-haute-tension\/#primaryimage"},"image":{"@id":"https:\/\/www.karopack.be\/fr\/produit\/re2250-cercleuse-de-palettes-a-haute-tension\/#primaryimage"},"thumbnailUrl":"https:\/\/www.karopack.be\/wp-content\/uploads\/2024\/02\/2250-360x360-1.jpg","datePublished":"2024-07-11T06:18:05+00:00","breadcrumb":{"@id":"https:\/\/www.karopack.be\/fr\/produit\/re2250-cercleuse-de-palettes-a-haute-tension\/#breadcrumb"},"inLanguage":"fr-BE","potentialAction":[{"@type":"ReadAction","target":["https:\/\/www.karopack.be\/fr\/produit\/re2250-cercleuse-de-palettes-a-haute-tension\/"]}]},{"@type":"ImageObject","inLanguage":"fr-BE","@id":"https:\/\/www.karopack.be\/fr\/produit\/re2250-cercleuse-de-palettes-a-haute-tension\/#primaryimage","url":"https:\/\/www.karopack.be\/wp-content\/uploads\/2024\/02\/2250-360x360-1.jpg","contentUrl":"https:\/\/www.karopack.be\/wp-content\/uploads\/2024\/02\/2250-360x360-1.jpg","width":360,"height":360},{"@type":"BreadcrumbList","@id":"https:\/\/www.karopack.be\/fr\/produit\/re2250-cercleuse-de-palettes-a-haute-tension\/#breadcrumb","itemListElement":[{"@type":"ListItem","position":1,"name":"Home","item":"https:\/\/www.karopack.be\/fr\/"},{"@type":"ListItem","position":2,"name":"Shop","item":"https:\/\/www.karopack.be\/fr\/shop\/"},{"@type":"ListItem","position":3,"name":"RE2250 Cercleuse de palettes \u00e0 haute tension"}]},{"@type":"WebSite","@id":"https:\/\/www.karopack.be\/fr\/#website","url":"https:\/\/www.karopack.be\/fr\/","name":"Karopack","description":"","publisher":{"@id":"https:\/\/www.karopack.be\/fr\/#organization"},"potentialAction":[{"@type":"SearchAction","target":{"@type":"EntryPoint","urlTemplate":"https:\/\/www.karopack.be\/fr\/?s={search_term_string}"},"query-input":{"@type":"PropertyValueSpecification","valueRequired":true,"valueName":"search_term_string"}}],"inLanguage":"fr-BE"},{"@type":"Organization","@id":"https:\/\/www.karopack.be\/fr\/#organization","name":"Karopack","url":"https:\/\/www.karopack.be\/fr\/","logo":{"@type":"ImageObject","inLanguage":"fr-BE","@id":"https:\/\/www.karopack.be\/fr\/#\/schema\/logo\/image\/","url":"https:\/\/www.karopack.be\/wp-content\/uploads\/2024\/07\/Karopack-Logo.png","contentUrl":"https:\/\/www.karopack.be\/wp-content\/uploads\/2024\/07\/Karopack-Logo.png","width":809,"height":240,"caption":"Karopack"},"image":{"@id":"https:\/\/www.karopack.be\/fr\/#\/schema\/logo\/image\/"}}]}},"_links":{"self":[{"href":"https:\/\/www.karopack.be\/fr\/wp-json\/wp\/v2\/product\/4076","targetHints":{"allow":["GET"]}}],"collection":[{"href":"https:\/\/www.karopack.be\/fr\/wp-json\/wp\/v2\/product"}],"about":[{"href":"https:\/\/www.karopack.be\/fr\/wp-json\/wp\/v2\/types\/product"}],"replies":[{"embeddable":true,"href":"https:\/\/www.karopack.be\/fr\/wp-json\/wp\/v2\/comments?post=4076"}],"wp:featuredmedia":[{"embeddable":true,"href":"https:\/\/www.karopack.be\/fr\/wp-json\/wp\/v2\/media\/3405"}],"wp:attachment":[{"href":"https:\/\/www.karopack.be\/fr\/wp-json\/wp\/v2\/media?parent=4076"}],"wp:term":[{"taxonomy":"product_brand","embeddable":true,"href":"https:\/\/www.karopack.be\/fr\/wp-json\/wp\/v2\/product_brand?post=4076"},{"taxonomy":"product_cat","embeddable":true,"href":"https:\/\/www.karopack.be\/fr\/wp-json\/wp\/v2\/product_cat?post=4076"},{"taxonomy":"product_tag","embeddable":true,"href":"https:\/\/www.karopack.be\/fr\/wp-json\/wp\/v2\/product_tag?post=4076"}],"curies":[{"name":"wp","href":"https:\/\/api.w.org\/{rel}","templated":true}]}}