{"id":4081,"date":"2024-07-11T06:17:47","date_gmt":"2024-07-11T06:17:47","guid":{"rendered":"https:\/\/www.karopack.be\/product\/2903-cercleuse-automatique-pour-palettes\/"},"modified":"2024-07-11T06:17:47","modified_gmt":"2024-07-11T06:17:47","slug":"2903-cercleuse-automatique-pour-palettes","status":"publish","type":"product","link":"https:\/\/www.karopack.be\/fr\/produit\/2903-cercleuse-automatique-pour-palettes\/","title":{"rendered":"2903 Cercleuse automatique pour palettes"},"content":{"rendered":"<ul>\n<li>Cerclage rapide, fiable et de haute qualit\u00e9.<\/li>\n<li>Programmation facile gr\u00e2ce au syst\u00e8me de commande \u00e0 \u00e9cran tactile.<\/li>\n<li>Possibilit\u00e9 de personnaliser jusqu&rsquo;\u00e0 50 programmes de cerclage diff\u00e9rents.<\/li>\n<li>Il permet de cercler \u00e0 n&rsquo;importe quelle hauteur \u00e0 partir de 130 mm du sol.<\/li>\n<li>Il permet de cercler jusqu&rsquo;\u00e0 20 hauteurs diff\u00e9rentes sur la m\u00eame palette.<\/li>\n<li>Longue dur\u00e9e de vie de l&rsquo;\u00e9quipement et faible entretien.<\/li>\n<li>Syst\u00e8mes de protection et de s\u00e9curit\u00e9.<\/li>\n<li>Il peut \u00eatre int\u00e9gr\u00e9 \u00e0 une ligne automatique ou fonctionner seul.<\/li>\n<li>Il permet de produire plus de 60 palettes par heure.<\/li>\n<li>La cargaison est comprim\u00e9e avant d&rsquo;\u00eatre cercl\u00e9e.<\/li>\n<\/ul>\n","protected":false},"excerpt":{"rendered":"<p>La cercleuse de palettes 2903 est une machine automatique pour le cerclage horizontal des palettes. Le cerclage est un syst\u00e8me s\u00fbr, \u00e9conomique et \u00e9cologique pour envelopper les charges palettis\u00e9es. La 2903 permet un cerclage enti\u00e8rement automatique, rapide et de haute qualit\u00e9, pratiquement sans incident et avec une dur\u00e9e de vie extr\u00eamement longue.<\/p>\n","protected":false},"featured_media":3387,"comment_status":"open","ping_status":"closed","template":"","meta":[],"product_brand":[],"product_cat":[111,91,109,110],"product_tag":[],"class_list":{"0":"post-4081","1":"product","2":"type-product","3":"status-publish","4":"has-post-thumbnail","6":"product_cat-cercleuses-horizontales","7":"product_cat-fabricants","8":"product_cat-machines-a-cercler","9":"product_cat-reisopack-fr","11":"first","12":"instock","13":"product-type-simple"},"yoast_head":"<!-- This site is optimized with the Yoast SEO plugin v26.9 - https:\/\/yoast.com\/product\/yoast-seo-wordpress\/ -->\n<title>2903 Cercleuse automatique pour palettes - Karopack<\/title>\n<meta name=\"robots\" content=\"index, follow, max-snippet:-1, max-image-preview:large, max-video-preview:-1\" \/>\n<link rel=\"canonical\" href=\"https:\/\/www.karopack.be\/fr\/produit\/2903-cercleuse-automatique-pour-palettes\/\" \/>\n<meta property=\"og:locale\" content=\"fr_FR\" \/>\n<meta property=\"og:type\" content=\"article\" \/>\n<meta property=\"og:title\" content=\"2903 Cercleuse automatique pour palettes - Karopack\" \/>\n<meta property=\"og:description\" content=\"La cercleuse de palettes 2903 est une machine automatique pour le cerclage horizontal des palettes. Le cerclage est un syst\u00e8me s\u00fbr, \u00e9conomique et \u00e9cologique pour envelopper les charges palettis\u00e9es. La 2903 permet un cerclage enti\u00e8rement automatique, rapide et de haute qualit\u00e9, pratiquement sans incident et avec une dur\u00e9e de vie extr\u00eamement longue.\" \/>\n<meta property=\"og:url\" content=\"https:\/\/www.karopack.be\/fr\/produit\/2903-cercleuse-automatique-pour-palettes\/\" \/>\n<meta property=\"og:site_name\" content=\"Karopack\" \/>\n<meta property=\"og:image\" content=\"https:\/\/www.karopack.be\/wp-content\/uploads\/2024\/02\/2903-400x400-1.jpg\" \/>\n\t<meta property=\"og:image:width\" content=\"400\" \/>\n\t<meta property=\"og:image:height\" content=\"400\" \/>\n\t<meta property=\"og:image:type\" content=\"image\/jpeg\" \/>\n<meta name=\"twitter:card\" content=\"summary_large_image\" \/>\n<meta name=\"twitter:label1\" content=\"Dur\u00e9e de lecture est.\" \/>\n\t<meta name=\"twitter:data1\" content=\"1 minute\" \/>\n<script type=\"application\/ld+json\" class=\"yoast-schema-graph\">{\"@context\":\"https:\/\/schema.org\",\"@graph\":[{\"@type\":\"WebPage\",\"@id\":\"https:\/\/www.karopack.be\/fr\/produit\/2903-cercleuse-automatique-pour-palettes\/\",\"url\":\"https:\/\/www.karopack.be\/fr\/produit\/2903-cercleuse-automatique-pour-palettes\/\",\"name\":\"2903 Cercleuse automatique pour palettes - Karopack\",\"isPartOf\":{\"@id\":\"https:\/\/www.karopack.be\/fr\/#website\"},\"primaryImageOfPage\":{\"@id\":\"https:\/\/www.karopack.be\/fr\/produit\/2903-cercleuse-automatique-pour-palettes\/#primaryimage\"},\"image\":{\"@id\":\"https:\/\/www.karopack.be\/fr\/produit\/2903-cercleuse-automatique-pour-palettes\/#primaryimage\"},\"thumbnailUrl\":\"https:\/\/www.karopack.be\/wp-content\/uploads\/2024\/02\/2903-400x400-1.jpg\",\"datePublished\":\"2024-07-11T06:17:47+00:00\",\"breadcrumb\":{\"@id\":\"https:\/\/www.karopack.be\/fr\/produit\/2903-cercleuse-automatique-pour-palettes\/#breadcrumb\"},\"inLanguage\":\"fr-BE\",\"potentialAction\":[{\"@type\":\"ReadAction\",\"target\":[\"https:\/\/www.karopack.be\/fr\/produit\/2903-cercleuse-automatique-pour-palettes\/\"]}]},{\"@type\":\"ImageObject\",\"inLanguage\":\"fr-BE\",\"@id\":\"https:\/\/www.karopack.be\/fr\/produit\/2903-cercleuse-automatique-pour-palettes\/#primaryimage\",\"url\":\"https:\/\/www.karopack.be\/wp-content\/uploads\/2024\/02\/2903-400x400-1.jpg\",\"contentUrl\":\"https:\/\/www.karopack.be\/wp-content\/uploads\/2024\/02\/2903-400x400-1.jpg\",\"width\":400,\"height\":400},{\"@type\":\"BreadcrumbList\",\"@id\":\"https:\/\/www.karopack.be\/fr\/produit\/2903-cercleuse-automatique-pour-palettes\/#breadcrumb\",\"itemListElement\":[{\"@type\":\"ListItem\",\"position\":1,\"name\":\"Home\",\"item\":\"https:\/\/www.karopack.be\/fr\/\"},{\"@type\":\"ListItem\",\"position\":2,\"name\":\"Shop\",\"item\":\"https:\/\/www.karopack.be\/fr\/shop\/\"},{\"@type\":\"ListItem\",\"position\":3,\"name\":\"2903 Cercleuse automatique pour palettes\"}]},{\"@type\":\"WebSite\",\"@id\":\"https:\/\/www.karopack.be\/fr\/#website\",\"url\":\"https:\/\/www.karopack.be\/fr\/\",\"name\":\"Karopack\",\"description\":\"\",\"publisher\":{\"@id\":\"https:\/\/www.karopack.be\/fr\/#organization\"},\"potentialAction\":[{\"@type\":\"SearchAction\",\"target\":{\"@type\":\"EntryPoint\",\"urlTemplate\":\"https:\/\/www.karopack.be\/fr\/?s={search_term_string}\"},\"query-input\":{\"@type\":\"PropertyValueSpecification\",\"valueRequired\":true,\"valueName\":\"search_term_string\"}}],\"inLanguage\":\"fr-BE\"},{\"@type\":\"Organization\",\"@id\":\"https:\/\/www.karopack.be\/fr\/#organization\",\"name\":\"Karopack\",\"url\":\"https:\/\/www.karopack.be\/fr\/\",\"logo\":{\"@type\":\"ImageObject\",\"inLanguage\":\"fr-BE\",\"@id\":\"https:\/\/www.karopack.be\/fr\/#\/schema\/logo\/image\/\",\"url\":\"https:\/\/www.karopack.be\/wp-content\/uploads\/2024\/07\/Karopack-Logo.png\",\"contentUrl\":\"https:\/\/www.karopack.be\/wp-content\/uploads\/2024\/07\/Karopack-Logo.png\",\"width\":809,\"height\":240,\"caption\":\"Karopack\"},\"image\":{\"@id\":\"https:\/\/www.karopack.be\/fr\/#\/schema\/logo\/image\/\"}}]}<\/script>\n<!-- \/ Yoast SEO plugin. -->","yoast_head_json":{"title":"2903 Cercleuse automatique pour palettes - Karopack","robots":{"index":"index","follow":"follow","max-snippet":"max-snippet:-1","max-image-preview":"max-image-preview:large","max-video-preview":"max-video-preview:-1"},"canonical":"https:\/\/www.karopack.be\/fr\/produit\/2903-cercleuse-automatique-pour-palettes\/","og_locale":"fr_FR","og_type":"article","og_title":"2903 Cercleuse automatique pour palettes - Karopack","og_description":"La cercleuse de palettes 2903 est une machine automatique pour le cerclage horizontal des palettes. Le cerclage est un syst\u00e8me s\u00fbr, \u00e9conomique et \u00e9cologique pour envelopper les charges palettis\u00e9es. La 2903 permet un cerclage enti\u00e8rement automatique, rapide et de haute qualit\u00e9, pratiquement sans incident et avec une dur\u00e9e de vie extr\u00eamement longue.","og_url":"https:\/\/www.karopack.be\/fr\/produit\/2903-cercleuse-automatique-pour-palettes\/","og_site_name":"Karopack","og_image":[{"width":400,"height":400,"url":"https:\/\/www.karopack.be\/wp-content\/uploads\/2024\/02\/2903-400x400-1.jpg","type":"image\/jpeg"}],"twitter_card":"summary_large_image","twitter_misc":{"Dur\u00e9e de lecture est.":"1 minute"},"schema":{"@context":"https:\/\/schema.org","@graph":[{"@type":"WebPage","@id":"https:\/\/www.karopack.be\/fr\/produit\/2903-cercleuse-automatique-pour-palettes\/","url":"https:\/\/www.karopack.be\/fr\/produit\/2903-cercleuse-automatique-pour-palettes\/","name":"2903 Cercleuse automatique pour palettes - Karopack","isPartOf":{"@id":"https:\/\/www.karopack.be\/fr\/#website"},"primaryImageOfPage":{"@id":"https:\/\/www.karopack.be\/fr\/produit\/2903-cercleuse-automatique-pour-palettes\/#primaryimage"},"image":{"@id":"https:\/\/www.karopack.be\/fr\/produit\/2903-cercleuse-automatique-pour-palettes\/#primaryimage"},"thumbnailUrl":"https:\/\/www.karopack.be\/wp-content\/uploads\/2024\/02\/2903-400x400-1.jpg","datePublished":"2024-07-11T06:17:47+00:00","breadcrumb":{"@id":"https:\/\/www.karopack.be\/fr\/produit\/2903-cercleuse-automatique-pour-palettes\/#breadcrumb"},"inLanguage":"fr-BE","potentialAction":[{"@type":"ReadAction","target":["https:\/\/www.karopack.be\/fr\/produit\/2903-cercleuse-automatique-pour-palettes\/"]}]},{"@type":"ImageObject","inLanguage":"fr-BE","@id":"https:\/\/www.karopack.be\/fr\/produit\/2903-cercleuse-automatique-pour-palettes\/#primaryimage","url":"https:\/\/www.karopack.be\/wp-content\/uploads\/2024\/02\/2903-400x400-1.jpg","contentUrl":"https:\/\/www.karopack.be\/wp-content\/uploads\/2024\/02\/2903-400x400-1.jpg","width":400,"height":400},{"@type":"BreadcrumbList","@id":"https:\/\/www.karopack.be\/fr\/produit\/2903-cercleuse-automatique-pour-palettes\/#breadcrumb","itemListElement":[{"@type":"ListItem","position":1,"name":"Home","item":"https:\/\/www.karopack.be\/fr\/"},{"@type":"ListItem","position":2,"name":"Shop","item":"https:\/\/www.karopack.be\/fr\/shop\/"},{"@type":"ListItem","position":3,"name":"2903 Cercleuse automatique pour palettes"}]},{"@type":"WebSite","@id":"https:\/\/www.karopack.be\/fr\/#website","url":"https:\/\/www.karopack.be\/fr\/","name":"Karopack","description":"","publisher":{"@id":"https:\/\/www.karopack.be\/fr\/#organization"},"potentialAction":[{"@type":"SearchAction","target":{"@type":"EntryPoint","urlTemplate":"https:\/\/www.karopack.be\/fr\/?s={search_term_string}"},"query-input":{"@type":"PropertyValueSpecification","valueRequired":true,"valueName":"search_term_string"}}],"inLanguage":"fr-BE"},{"@type":"Organization","@id":"https:\/\/www.karopack.be\/fr\/#organization","name":"Karopack","url":"https:\/\/www.karopack.be\/fr\/","logo":{"@type":"ImageObject","inLanguage":"fr-BE","@id":"https:\/\/www.karopack.be\/fr\/#\/schema\/logo\/image\/","url":"https:\/\/www.karopack.be\/wp-content\/uploads\/2024\/07\/Karopack-Logo.png","contentUrl":"https:\/\/www.karopack.be\/wp-content\/uploads\/2024\/07\/Karopack-Logo.png","width":809,"height":240,"caption":"Karopack"},"image":{"@id":"https:\/\/www.karopack.be\/fr\/#\/schema\/logo\/image\/"}}]}},"_links":{"self":[{"href":"https:\/\/www.karopack.be\/fr\/wp-json\/wp\/v2\/product\/4081","targetHints":{"allow":["GET"]}}],"collection":[{"href":"https:\/\/www.karopack.be\/fr\/wp-json\/wp\/v2\/product"}],"about":[{"href":"https:\/\/www.karopack.be\/fr\/wp-json\/wp\/v2\/types\/product"}],"replies":[{"embeddable":true,"href":"https:\/\/www.karopack.be\/fr\/wp-json\/wp\/v2\/comments?post=4081"}],"wp:featuredmedia":[{"embeddable":true,"href":"https:\/\/www.karopack.be\/fr\/wp-json\/wp\/v2\/media\/3387"}],"wp:attachment":[{"href":"https:\/\/www.karopack.be\/fr\/wp-json\/wp\/v2\/media?parent=4081"}],"wp:term":[{"taxonomy":"product_brand","embeddable":true,"href":"https:\/\/www.karopack.be\/fr\/wp-json\/wp\/v2\/product_brand?post=4081"},{"taxonomy":"product_cat","embeddable":true,"href":"https:\/\/www.karopack.be\/fr\/wp-json\/wp\/v2\/product_cat?post=4081"},{"taxonomy":"product_tag","embeddable":true,"href":"https:\/\/www.karopack.be\/fr\/wp-json\/wp\/v2\/product_tag?post=4081"}],"curies":[{"name":"wp","href":"https:\/\/api.w.org\/{rel}","templated":true}]}}