{"id":4087,"date":"2024-07-11T06:17:42","date_gmt":"2024-07-11T06:17:42","guid":{"rendered":"https:\/\/www.karopack.be\/product\/tp-733h-castor-iii-cercleuse-de-palettes\/"},"modified":"2024-07-11T06:17:42","modified_gmt":"2024-07-11T06:17:42","slug":"tp-733h-castor-iii-cercleuse-de-palettes","status":"publish","type":"product","link":"https:\/\/www.karopack.be\/fr\/produit\/tp-733h-castor-iii-cercleuse-de-palettes\/","title":{"rendered":"TP-733H Castor III Cercleuse de palettes"},"content":{"rendered":"<p>La <b>TP-733H<\/b> am\u00e9lior\u00e9e fournit un rendement de cerclage pr\u00e9cis sur toutes les charges de taille naturelle avec des performances constantes. Elle maximise la productivit\u00e9 et minimise les co\u00fbts de production pour les utilisateurs. Con\u00e7ue pour une connexion simple et rapide au syst\u00e8me de contr\u00f4le principal, la TP-733H peut facilement s&rsquo;adapter \u00e0 divers secteurs d&#8217;emballage en fin de ligne. C&rsquo;est votre meilleur choix pour un fonctionnement enti\u00e8rement automatique dans diverses applications, y compris les produits palettis\u00e9s, les appareils m\u00e9nagers, les briques et les blocs, etc.   <\/p>\n<p><strong>Caract\u00e9ristiques<\/strong><\/p>\n<ul>\n<li>T\u00eate de cerclage ARES TP-733-SH<\/li>\n<li>T\u00eate de cerclage index\u00e9e<\/li>\n<li>Bras de guidage de la sangle<\/li>\n<li>Support de s\u00e9curit\u00e9<\/li>\n<li>Technologie d&rsquo;\u00e9tanch\u00e9it\u00e9 par soudure par friction<\/li>\n<li>API et IHM Siemens<\/li>\n<li>Acc\u00e8s gratuit aux guides de sangles<\/li>\n<li>Ensemble de distributeurs pivotants<\/li>\n<li>Temps de soudure et de refroidissement r\u00e9glables<\/li>\n<li>Ejecteur d&rsquo;extr\u00e9mit\u00e9 de sangle<\/li>\n<li>R\u00e9glage du pr\u00e9programme<\/li>\n<li>T\u00eate de cerclage facile \u00e0 remplacer<\/li>\n<\/ul>\n<p><strong>Options<\/strong><\/p>\n<ul>\n<li>T\u00eate flottante<\/li>\n<li>Pupitre de commande autonome (3M)<\/li>\n<li>Tour lumineuse avec capteur de sangle basse<\/li>\n<li>Arr\u00eat d&rsquo;urgence \u00e0 deux canaux<\/li>\n<li>Plage de tension inf\u00e9rieure (200 &#8211; 1200 N)<\/li>\n<li>IHM et PLC mont\u00e9s sur le c\u00f4t\u00e9 oppos\u00e9<\/li>\n<li>S\u00e9lection du programme de sangles par t\u00e9l\u00e9commande (entr\u00e9e binaire 4 bits)<\/li>\n<li>Pas de grille de s\u00e9curit\u00e9<\/li>\n<li>Un soutien renforc\u00e9<\/li>\n<li>Hauteur maximale de l&#8217;emballage jusqu&rsquo;\u00e0 2700 mm<\/li>\n<\/ul>\n<p><strong>Donn\u00e9es techniques<\/strong><\/p>\n<table border=\"1\" width=\"100%\" cellspacing=\"0\" cellpadding=\"3\">\n<tbody>\n<tr valign=\"top\">\n<td bgcolor=\"#f1f1f1\" width=\"30%\">Capacit\u00e9<\/td>\n<td bgcolor=\"#ffffff\" width=\"70%\">Jusqu&rsquo;\u00e0 60 palettes\/heure (3 sangles parall\u00e8les)<\/td>\n<\/tr>\n<tr valign=\"top\">\n<td bgcolor=\"#f1f1f1\" width=\"30%\">Type de feuillard<\/td>\n<td bgcolor=\"#ffffff\" width=\"70%\">Cerclage PP ou PET<\/td>\n<\/tr>\n<tr valign=\"top\">\n<td bgcolor=\"#f1f1f1\" width=\"30%\">Largeur de la sangle<\/td>\n<td bgcolor=\"#ffffff\" width=\"70%\">12 mm, 15,5 mm ou 19 mm<\/td>\n<\/tr>\n<tr valign=\"top\">\n<td bgcolor=\"#f1f1f1\" width=\"30%\">Plage de tension<\/td>\n<td bgcolor=\"#ffffff\" width=\"70%\">\n1100 &#8211; 3200 N (standard) 200 &#8211; 1200 N (en option)<\/td>\n<\/tr>\n<tr valign=\"top\">\n<td bgcolor=\"#f1f1f1\" width=\"30%\">Hauteur minimale de cerclage<\/td>\n<td bgcolor=\"#ffffff\" width=\"70%\">(a) Avec convoyeur : 160 mm au-dessus de la surface du convoyeur (b) Sans convoyeur : 240 mm au-dessus du sol\n<\/td>\n<\/tr>\n<tr valign=\"top\">\n<td bgcolor=\"#f1f1f1\" width=\"30%\">Hauteur maximale de l&#8217;emballage<\/td>\n<td bgcolor=\"#ffffff\" width=\"70%\">\nStandard : 2 200 mm Option : 2 700 mm<\/td>\n<\/tr>\n<tr valign=\"top\">\n<td bgcolor=\"#f1f1f1\" width=\"30%\">Taille de l&rsquo;\u00e2me de la courroie<\/td>\n<td bgcolor=\"#ffffff\" width=\"70%\">406 mm\/200 mm\/230 mm\/280 mm<\/td>\n<\/tr>\n<tr valign=\"top\">\n<td bgcolor=\"#f1f1f1\" width=\"30%\">Source pneumatique et consommation d&rsquo;air<\/td>\n<td bgcolor=\"#ffffff\" width=\"70%\">\n6 bar 7,1 litres\/cycle<\/td>\n<\/tr>\n<tr valign=\"top\">\n<td bgcolor=\"#f1f1f1\" width=\"30%\">Exigences \u00e9lectriques<\/td>\n<td bgcolor=\"#ffffff\" width=\"70%\">220V, 380V, 400V, 415V 50\/60Hz 3PH<\/td>\n<\/tr>\n<\/tbody>\n<\/table>\n<p><strong>Vid\u00e9o<\/strong><\/p>\n<div class=\"youtube-embed-wrapper\"><iframe src=\"https:\/\/www.youtube.com\/embed\/vdeuI8aUHkM\" width=\"640\" height=\"360\" frameborder=\"0\" allowfullscreen=\"allowfullscreen\" data-mce-fragment=\"1\"><\/iframe><\/div>\n","protected":false},"excerpt":{"rendered":"<p>La TP-733H am\u00e9lior\u00e9e fournit un rendement de cerclage pr\u00e9cis sur toutes les charges de taille naturelle avec des performances constantes. Elle maximise la productivit\u00e9 et minimise les co\u00fbts de production pour les utilisateurs. Con\u00e7ue pour une connexion simple et rapide au syst\u00e8me de contr\u00f4le principal, la TP-733H peut facilement s&rsquo;adapter \u00e0 divers secteurs d&#8217;emballage en [&hellip;]<\/p>\n","protected":false},"featured_media":3359,"comment_status":"open","ping_status":"open","template":"","meta":[],"product_brand":[],"product_cat":[91,116],"product_tag":[112],"class_list":{"0":"post-4087","1":"product","2":"type-product","3":"status-publish","4":"has-post-thumbnail","6":"product_cat-fabricants","7":"product_cat-transpak-fr","8":"product_tag-cerclage-de-palettes","10":"first","11":"instock","12":"product-type-simple"},"yoast_head":"<!-- This site is optimized with the Yoast SEO plugin v26.9 - https:\/\/yoast.com\/product\/yoast-seo-wordpress\/ -->\n<title>TP-733H Castor III Cercleuse de palettes - Karopack<\/title>\n<meta name=\"robots\" content=\"index, follow, max-snippet:-1, max-image-preview:large, max-video-preview:-1\" \/>\n<link rel=\"canonical\" href=\"https:\/\/www.karopack.be\/fr\/produit\/tp-733h-castor-iii-cercleuse-de-palettes\/\" \/>\n<meta property=\"og:locale\" content=\"fr_FR\" \/>\n<meta property=\"og:type\" content=\"article\" \/>\n<meta property=\"og:title\" content=\"TP-733H Castor III Cercleuse de palettes - Karopack\" \/>\n<meta property=\"og:description\" content=\"La TP-733H am\u00e9lior\u00e9e fournit un rendement de cerclage pr\u00e9cis sur toutes les charges de taille naturelle avec des performances constantes. Elle maximise la productivit\u00e9 et minimise les co\u00fbts de production pour les utilisateurs. Con\u00e7ue pour une connexion simple et rapide au syst\u00e8me de contr\u00f4le principal, la TP-733H peut facilement s&rsquo;adapter \u00e0 divers secteurs d&#8217;emballage en [&hellip;]\" \/>\n<meta property=\"og:url\" content=\"https:\/\/www.karopack.be\/fr\/produit\/tp-733h-castor-iii-cercleuse-de-palettes\/\" \/>\n<meta property=\"og:site_name\" content=\"Karopack\" \/>\n<meta property=\"og:image\" content=\"https:\/\/www.karopack.be\/wp-content\/uploads\/2024\/02\/TP-733H5.jpg\" \/>\n\t<meta property=\"og:image:width\" content=\"400\" \/>\n\t<meta property=\"og:image:height\" content=\"400\" \/>\n\t<meta property=\"og:image:type\" content=\"image\/jpeg\" \/>\n<meta name=\"twitter:card\" content=\"summary_large_image\" \/>\n<meta name=\"twitter:label1\" content=\"Dur\u00e9e de lecture est.\" \/>\n\t<meta name=\"twitter:data1\" content=\"2 minutes\" \/>\n<script type=\"application\/ld+json\" class=\"yoast-schema-graph\">{\"@context\":\"https:\/\/schema.org\",\"@graph\":[{\"@type\":\"WebPage\",\"@id\":\"https:\/\/www.karopack.be\/fr\/produit\/tp-733h-castor-iii-cercleuse-de-palettes\/\",\"url\":\"https:\/\/www.karopack.be\/fr\/produit\/tp-733h-castor-iii-cercleuse-de-palettes\/\",\"name\":\"TP-733H Castor III Cercleuse de palettes - Karopack\",\"isPartOf\":{\"@id\":\"https:\/\/www.karopack.be\/fr\/#website\"},\"primaryImageOfPage\":{\"@id\":\"https:\/\/www.karopack.be\/fr\/produit\/tp-733h-castor-iii-cercleuse-de-palettes\/#primaryimage\"},\"image\":{\"@id\":\"https:\/\/www.karopack.be\/fr\/produit\/tp-733h-castor-iii-cercleuse-de-palettes\/#primaryimage\"},\"thumbnailUrl\":\"https:\/\/www.karopack.be\/wp-content\/uploads\/2024\/02\/TP-733H5.jpg\",\"datePublished\":\"2024-07-11T06:17:42+00:00\",\"breadcrumb\":{\"@id\":\"https:\/\/www.karopack.be\/fr\/produit\/tp-733h-castor-iii-cercleuse-de-palettes\/#breadcrumb\"},\"inLanguage\":\"fr-BE\",\"potentialAction\":[{\"@type\":\"ReadAction\",\"target\":[\"https:\/\/www.karopack.be\/fr\/produit\/tp-733h-castor-iii-cercleuse-de-palettes\/\"]}]},{\"@type\":\"ImageObject\",\"inLanguage\":\"fr-BE\",\"@id\":\"https:\/\/www.karopack.be\/fr\/produit\/tp-733h-castor-iii-cercleuse-de-palettes\/#primaryimage\",\"url\":\"https:\/\/www.karopack.be\/wp-content\/uploads\/2024\/02\/TP-733H5.jpg\",\"contentUrl\":\"https:\/\/www.karopack.be\/wp-content\/uploads\/2024\/02\/TP-733H5.jpg\",\"width\":400,\"height\":400},{\"@type\":\"BreadcrumbList\",\"@id\":\"https:\/\/www.karopack.be\/fr\/produit\/tp-733h-castor-iii-cercleuse-de-palettes\/#breadcrumb\",\"itemListElement\":[{\"@type\":\"ListItem\",\"position\":1,\"name\":\"Home\",\"item\":\"https:\/\/www.karopack.be\/fr\/\"},{\"@type\":\"ListItem\",\"position\":2,\"name\":\"Shop\",\"item\":\"https:\/\/www.karopack.be\/fr\/shop\/\"},{\"@type\":\"ListItem\",\"position\":3,\"name\":\"TP-733H Castor III Cercleuse de palettes\"}]},{\"@type\":\"WebSite\",\"@id\":\"https:\/\/www.karopack.be\/fr\/#website\",\"url\":\"https:\/\/www.karopack.be\/fr\/\",\"name\":\"Karopack\",\"description\":\"\",\"publisher\":{\"@id\":\"https:\/\/www.karopack.be\/fr\/#organization\"},\"potentialAction\":[{\"@type\":\"SearchAction\",\"target\":{\"@type\":\"EntryPoint\",\"urlTemplate\":\"https:\/\/www.karopack.be\/fr\/?s={search_term_string}\"},\"query-input\":{\"@type\":\"PropertyValueSpecification\",\"valueRequired\":true,\"valueName\":\"search_term_string\"}}],\"inLanguage\":\"fr-BE\"},{\"@type\":\"Organization\",\"@id\":\"https:\/\/www.karopack.be\/fr\/#organization\",\"name\":\"Karopack\",\"url\":\"https:\/\/www.karopack.be\/fr\/\",\"logo\":{\"@type\":\"ImageObject\",\"inLanguage\":\"fr-BE\",\"@id\":\"https:\/\/www.karopack.be\/fr\/#\/schema\/logo\/image\/\",\"url\":\"https:\/\/www.karopack.be\/wp-content\/uploads\/2024\/07\/Karopack-Logo.png\",\"contentUrl\":\"https:\/\/www.karopack.be\/wp-content\/uploads\/2024\/07\/Karopack-Logo.png\",\"width\":809,\"height\":240,\"caption\":\"Karopack\"},\"image\":{\"@id\":\"https:\/\/www.karopack.be\/fr\/#\/schema\/logo\/image\/\"}}]}<\/script>\n<!-- \/ Yoast SEO plugin. -->","yoast_head_json":{"title":"TP-733H Castor III Cercleuse de palettes - Karopack","robots":{"index":"index","follow":"follow","max-snippet":"max-snippet:-1","max-image-preview":"max-image-preview:large","max-video-preview":"max-video-preview:-1"},"canonical":"https:\/\/www.karopack.be\/fr\/produit\/tp-733h-castor-iii-cercleuse-de-palettes\/","og_locale":"fr_FR","og_type":"article","og_title":"TP-733H Castor III Cercleuse de palettes - Karopack","og_description":"La TP-733H am\u00e9lior\u00e9e fournit un rendement de cerclage pr\u00e9cis sur toutes les charges de taille naturelle avec des performances constantes. Elle maximise la productivit\u00e9 et minimise les co\u00fbts de production pour les utilisateurs. Con\u00e7ue pour une connexion simple et rapide au syst\u00e8me de contr\u00f4le principal, la TP-733H peut facilement s&rsquo;adapter \u00e0 divers secteurs d&#8217;emballage en [&hellip;]","og_url":"https:\/\/www.karopack.be\/fr\/produit\/tp-733h-castor-iii-cercleuse-de-palettes\/","og_site_name":"Karopack","og_image":[{"width":400,"height":400,"url":"https:\/\/www.karopack.be\/wp-content\/uploads\/2024\/02\/TP-733H5.jpg","type":"image\/jpeg"}],"twitter_card":"summary_large_image","twitter_misc":{"Dur\u00e9e de lecture est.":"2 minutes"},"schema":{"@context":"https:\/\/schema.org","@graph":[{"@type":"WebPage","@id":"https:\/\/www.karopack.be\/fr\/produit\/tp-733h-castor-iii-cercleuse-de-palettes\/","url":"https:\/\/www.karopack.be\/fr\/produit\/tp-733h-castor-iii-cercleuse-de-palettes\/","name":"TP-733H Castor III Cercleuse de palettes - Karopack","isPartOf":{"@id":"https:\/\/www.karopack.be\/fr\/#website"},"primaryImageOfPage":{"@id":"https:\/\/www.karopack.be\/fr\/produit\/tp-733h-castor-iii-cercleuse-de-palettes\/#primaryimage"},"image":{"@id":"https:\/\/www.karopack.be\/fr\/produit\/tp-733h-castor-iii-cercleuse-de-palettes\/#primaryimage"},"thumbnailUrl":"https:\/\/www.karopack.be\/wp-content\/uploads\/2024\/02\/TP-733H5.jpg","datePublished":"2024-07-11T06:17:42+00:00","breadcrumb":{"@id":"https:\/\/www.karopack.be\/fr\/produit\/tp-733h-castor-iii-cercleuse-de-palettes\/#breadcrumb"},"inLanguage":"fr-BE","potentialAction":[{"@type":"ReadAction","target":["https:\/\/www.karopack.be\/fr\/produit\/tp-733h-castor-iii-cercleuse-de-palettes\/"]}]},{"@type":"ImageObject","inLanguage":"fr-BE","@id":"https:\/\/www.karopack.be\/fr\/produit\/tp-733h-castor-iii-cercleuse-de-palettes\/#primaryimage","url":"https:\/\/www.karopack.be\/wp-content\/uploads\/2024\/02\/TP-733H5.jpg","contentUrl":"https:\/\/www.karopack.be\/wp-content\/uploads\/2024\/02\/TP-733H5.jpg","width":400,"height":400},{"@type":"BreadcrumbList","@id":"https:\/\/www.karopack.be\/fr\/produit\/tp-733h-castor-iii-cercleuse-de-palettes\/#breadcrumb","itemListElement":[{"@type":"ListItem","position":1,"name":"Home","item":"https:\/\/www.karopack.be\/fr\/"},{"@type":"ListItem","position":2,"name":"Shop","item":"https:\/\/www.karopack.be\/fr\/shop\/"},{"@type":"ListItem","position":3,"name":"TP-733H Castor III Cercleuse de palettes"}]},{"@type":"WebSite","@id":"https:\/\/www.karopack.be\/fr\/#website","url":"https:\/\/www.karopack.be\/fr\/","name":"Karopack","description":"","publisher":{"@id":"https:\/\/www.karopack.be\/fr\/#organization"},"potentialAction":[{"@type":"SearchAction","target":{"@type":"EntryPoint","urlTemplate":"https:\/\/www.karopack.be\/fr\/?s={search_term_string}"},"query-input":{"@type":"PropertyValueSpecification","valueRequired":true,"valueName":"search_term_string"}}],"inLanguage":"fr-BE"},{"@type":"Organization","@id":"https:\/\/www.karopack.be\/fr\/#organization","name":"Karopack","url":"https:\/\/www.karopack.be\/fr\/","logo":{"@type":"ImageObject","inLanguage":"fr-BE","@id":"https:\/\/www.karopack.be\/fr\/#\/schema\/logo\/image\/","url":"https:\/\/www.karopack.be\/wp-content\/uploads\/2024\/07\/Karopack-Logo.png","contentUrl":"https:\/\/www.karopack.be\/wp-content\/uploads\/2024\/07\/Karopack-Logo.png","width":809,"height":240,"caption":"Karopack"},"image":{"@id":"https:\/\/www.karopack.be\/fr\/#\/schema\/logo\/image\/"}}]}},"_links":{"self":[{"href":"https:\/\/www.karopack.be\/fr\/wp-json\/wp\/v2\/product\/4087","targetHints":{"allow":["GET"]}}],"collection":[{"href":"https:\/\/www.karopack.be\/fr\/wp-json\/wp\/v2\/product"}],"about":[{"href":"https:\/\/www.karopack.be\/fr\/wp-json\/wp\/v2\/types\/product"}],"replies":[{"embeddable":true,"href":"https:\/\/www.karopack.be\/fr\/wp-json\/wp\/v2\/comments?post=4087"}],"wp:featuredmedia":[{"embeddable":true,"href":"https:\/\/www.karopack.be\/fr\/wp-json\/wp\/v2\/media\/3359"}],"wp:attachment":[{"href":"https:\/\/www.karopack.be\/fr\/wp-json\/wp\/v2\/media?parent=4087"}],"wp:term":[{"taxonomy":"product_brand","embeddable":true,"href":"https:\/\/www.karopack.be\/fr\/wp-json\/wp\/v2\/product_brand?post=4087"},{"taxonomy":"product_cat","embeddable":true,"href":"https:\/\/www.karopack.be\/fr\/wp-json\/wp\/v2\/product_cat?post=4087"},{"taxonomy":"product_tag","embeddable":true,"href":"https:\/\/www.karopack.be\/fr\/wp-json\/wp\/v2\/product_tag?post=4087"}],"curies":[{"name":"wp","href":"https:\/\/api.w.org\/{rel}","templated":true}]}}