{"id":4090,"date":"2024-07-11T06:17:39","date_gmt":"2024-07-11T06:17:39","guid":{"rendered":"https:\/\/www.karopack.be\/product\/tp-201ys-cadre-en-acier-inoxydable-sus304\/"},"modified":"2024-07-11T06:17:39","modified_gmt":"2024-07-11T06:17:39","slug":"tp-201ys-cadre-en-acier-inoxydable-sus304","status":"publish","type":"product","link":"https:\/\/www.karopack.be\/fr\/produit\/tp-201ys-cadre-en-acier-inoxydable-sus304\/","title":{"rendered":"TP-201YS (cadre en acier inoxydable SUS304)"},"content":{"rendered":"<h4>Caract\u00e9ristiques<\/h4>\n<ul>\n<li>Offre une fiabilit\u00e9 et des performances \u00e9lev\u00e9es<\/li>\n<li>Convient aux applications \u00e0 faible volume<\/li>\n<li>Fonctionnement simple, entretien facile<\/li>\n<li>Contr\u00f4le m\u00e9canique de la tension<\/li>\n<li>Contr\u00f4le fiable de la carte P.C.<\/li>\n<li>Efficacit\u00e9 \u00e9nerg\u00e9tique &#8211; le moteur ne fonctionne que lorsque c&rsquo;est n\u00e9cessaire<\/li>\n<li>Roulettes pivotantes robustes avec frein<\/li>\n<li>Une qualit\u00e9 \u00e9prouv\u00e9e<\/li>\n<li>Hauteur de table r\u00e9glable entre 420 mm et 770 mm<\/li>\n<\/ul>\n<h4>Options<\/h4>\n<ul>\n<li>Temps de refroidissement r\u00e9glable (0-2 sec)<\/li>\n<li>Pi\u00e8ces s\u00e9lectionn\u00e9es en acier inoxydable<\/li>\n<\/ul>\n<h4>Donn\u00e9es techniques<\/h4>\n<table border=\"1\" width=\"100%\" cellspacing=\"0\" cellpadding=\"3\">\n<tbody>\n<tr valign=\"top\">\n<td bgcolor=\"#f1f1f1\" width=\"30%\">Largeur du pneu<\/td>\n<td bgcolor=\"#ffffff\" width=\"70%\">6 mm &#8211; 15,5 mm<\/td>\n<\/tr>\n<tr valign=\"top\">\n<td bgcolor=\"#f1f1f1\" width=\"30%\">Plage de tension<\/td>\n<td bgcolor=\"#ffffff\" width=\"70%\">15 &#8211; 45 kg<\/td>\n<\/tr>\n<tr valign=\"top\">\n<td bgcolor=\"#f1f1f1\" width=\"30%\">Poids<\/td>\n<td bgcolor=\"#ffffff\" width=\"70%\">125 kg<\/td>\n<\/tr>\n<tr valign=\"top\">\n<td bgcolor=\"#f1f1f1\" width=\"30%\">Exigences \u00e9lectriques<\/td>\n<td bgcolor=\"#ffffff\" width=\"70%\">110V, 220V, 230V, 240V 50\/60Hz 1PH<\/td>\n<\/tr>\n<\/tbody>\n<\/table>\n<h4>Vid\u00e9o<\/h4>\n<div class=\"youtube-embed-wrapper\">\n            <iframe src=\"https:\/\/www.youtube.com\/embed\/mCynlWuyksI\" width=\"640\" height=\"360\" frameborder=\"0\" allowfullscreen=\"allowfullscreen\" data-mce-fragment=\"1\"><\/iframe>\n          <\/div>\n","protected":false},"excerpt":{"rendered":"<p>La TP-201YS est une cercleuse lat\u00e9rale semi-automatique avec un ch\u00e2ssis en acier inoxydable (SUS 304). Il utilise la m\u00eame t\u00eate de cerclage que le TP-202 Mr. Fiable, largement reconnu sur le march\u00e9 depuis plus de 30 ans. Il est id\u00e9al pour les environnements de travail humides, tels que les usines de transformation de la viande, du poisson, de la volaille et de l&rsquo;agriculture.<\/p>\n","protected":false},"featured_media":3347,"comment_status":"open","ping_status":"closed","template":"","meta":[],"product_brand":[],"product_cat":[117,91,109,116],"product_tag":[118],"class_list":{"0":"post-4090","1":"product","2":"type-product","3":"status-publish","4":"has-post-thumbnail","6":"product_cat-cercleuses-en-acier-inoxydable","7":"product_cat-fabricants","8":"product_cat-machines-a-cercler","9":"product_cat-transpak-fr","10":"product_tag-acier-inoxydable","12":"first","13":"instock","14":"product-type-simple"},"yoast_head":"<!-- This site is optimized with the Yoast SEO plugin v26.9 - https:\/\/yoast.com\/product\/yoast-seo-wordpress\/ -->\n<title>TP-201YS (cadre en acier inoxydable SUS304) - Karopack<\/title>\n<meta name=\"robots\" content=\"index, follow, max-snippet:-1, max-image-preview:large, max-video-preview:-1\" \/>\n<link rel=\"canonical\" href=\"https:\/\/www.karopack.be\/fr\/produit\/tp-201ys-cadre-en-acier-inoxydable-sus304\/\" \/>\n<meta property=\"og:locale\" content=\"fr_FR\" \/>\n<meta property=\"og:type\" content=\"article\" \/>\n<meta property=\"og:title\" content=\"TP-201YS (cadre en acier inoxydable SUS304) - Karopack\" \/>\n<meta property=\"og:description\" content=\"La TP-201YS est une cercleuse lat\u00e9rale semi-automatique avec un ch\u00e2ssis en acier inoxydable (SUS 304). Il utilise la m\u00eame t\u00eate de cerclage que le TP-202 Mr. Fiable, largement reconnu sur le march\u00e9 depuis plus de 30 ans. Il est id\u00e9al pour les environnements de travail humides, tels que les usines de transformation de la viande, du poisson, de la volaille et de l&#039;agriculture.\" \/>\n<meta property=\"og:url\" content=\"https:\/\/www.karopack.be\/fr\/produit\/tp-201ys-cadre-en-acier-inoxydable-sus304\/\" \/>\n<meta property=\"og:site_name\" content=\"Karopack\" \/>\n<meta property=\"og:image\" content=\"https:\/\/www.karopack.be\/wp-content\/uploads\/2024\/02\/TP-201YS1.jpg\" \/>\n\t<meta property=\"og:image:width\" content=\"400\" \/>\n\t<meta property=\"og:image:height\" content=\"400\" \/>\n\t<meta property=\"og:image:type\" content=\"image\/jpeg\" \/>\n<meta name=\"twitter:card\" content=\"summary_large_image\" \/>\n<meta name=\"twitter:label1\" content=\"Dur\u00e9e de lecture est.\" \/>\n\t<meta name=\"twitter:data1\" content=\"1 minute\" \/>\n<script type=\"application\/ld+json\" class=\"yoast-schema-graph\">{\"@context\":\"https:\/\/schema.org\",\"@graph\":[{\"@type\":\"WebPage\",\"@id\":\"https:\/\/www.karopack.be\/fr\/produit\/tp-201ys-cadre-en-acier-inoxydable-sus304\/\",\"url\":\"https:\/\/www.karopack.be\/fr\/produit\/tp-201ys-cadre-en-acier-inoxydable-sus304\/\",\"name\":\"TP-201YS (cadre en acier inoxydable SUS304) - Karopack\",\"isPartOf\":{\"@id\":\"https:\/\/www.karopack.be\/fr\/#website\"},\"primaryImageOfPage\":{\"@id\":\"https:\/\/www.karopack.be\/fr\/produit\/tp-201ys-cadre-en-acier-inoxydable-sus304\/#primaryimage\"},\"image\":{\"@id\":\"https:\/\/www.karopack.be\/fr\/produit\/tp-201ys-cadre-en-acier-inoxydable-sus304\/#primaryimage\"},\"thumbnailUrl\":\"https:\/\/www.karopack.be\/wp-content\/uploads\/2024\/02\/TP-201YS1.jpg\",\"datePublished\":\"2024-07-11T06:17:39+00:00\",\"breadcrumb\":{\"@id\":\"https:\/\/www.karopack.be\/fr\/produit\/tp-201ys-cadre-en-acier-inoxydable-sus304\/#breadcrumb\"},\"inLanguage\":\"fr-BE\",\"potentialAction\":[{\"@type\":\"ReadAction\",\"target\":[\"https:\/\/www.karopack.be\/fr\/produit\/tp-201ys-cadre-en-acier-inoxydable-sus304\/\"]}]},{\"@type\":\"ImageObject\",\"inLanguage\":\"fr-BE\",\"@id\":\"https:\/\/www.karopack.be\/fr\/produit\/tp-201ys-cadre-en-acier-inoxydable-sus304\/#primaryimage\",\"url\":\"https:\/\/www.karopack.be\/wp-content\/uploads\/2024\/02\/TP-201YS1.jpg\",\"contentUrl\":\"https:\/\/www.karopack.be\/wp-content\/uploads\/2024\/02\/TP-201YS1.jpg\",\"width\":400,\"height\":400},{\"@type\":\"BreadcrumbList\",\"@id\":\"https:\/\/www.karopack.be\/fr\/produit\/tp-201ys-cadre-en-acier-inoxydable-sus304\/#breadcrumb\",\"itemListElement\":[{\"@type\":\"ListItem\",\"position\":1,\"name\":\"Home\",\"item\":\"https:\/\/www.karopack.be\/fr\/\"},{\"@type\":\"ListItem\",\"position\":2,\"name\":\"Shop\",\"item\":\"https:\/\/www.karopack.be\/fr\/shop\/\"},{\"@type\":\"ListItem\",\"position\":3,\"name\":\"TP-201YS (cadre en acier inoxydable SUS304)\"}]},{\"@type\":\"WebSite\",\"@id\":\"https:\/\/www.karopack.be\/fr\/#website\",\"url\":\"https:\/\/www.karopack.be\/fr\/\",\"name\":\"Karopack\",\"description\":\"\",\"publisher\":{\"@id\":\"https:\/\/www.karopack.be\/fr\/#organization\"},\"potentialAction\":[{\"@type\":\"SearchAction\",\"target\":{\"@type\":\"EntryPoint\",\"urlTemplate\":\"https:\/\/www.karopack.be\/fr\/?s={search_term_string}\"},\"query-input\":{\"@type\":\"PropertyValueSpecification\",\"valueRequired\":true,\"valueName\":\"search_term_string\"}}],\"inLanguage\":\"fr-BE\"},{\"@type\":\"Organization\",\"@id\":\"https:\/\/www.karopack.be\/fr\/#organization\",\"name\":\"Karopack\",\"url\":\"https:\/\/www.karopack.be\/fr\/\",\"logo\":{\"@type\":\"ImageObject\",\"inLanguage\":\"fr-BE\",\"@id\":\"https:\/\/www.karopack.be\/fr\/#\/schema\/logo\/image\/\",\"url\":\"https:\/\/www.karopack.be\/wp-content\/uploads\/2024\/07\/Karopack-Logo.png\",\"contentUrl\":\"https:\/\/www.karopack.be\/wp-content\/uploads\/2024\/07\/Karopack-Logo.png\",\"width\":809,\"height\":240,\"caption\":\"Karopack\"},\"image\":{\"@id\":\"https:\/\/www.karopack.be\/fr\/#\/schema\/logo\/image\/\"}}]}<\/script>\n<!-- \/ Yoast SEO plugin. -->","yoast_head_json":{"title":"TP-201YS (cadre en acier inoxydable SUS304) - Karopack","robots":{"index":"index","follow":"follow","max-snippet":"max-snippet:-1","max-image-preview":"max-image-preview:large","max-video-preview":"max-video-preview:-1"},"canonical":"https:\/\/www.karopack.be\/fr\/produit\/tp-201ys-cadre-en-acier-inoxydable-sus304\/","og_locale":"fr_FR","og_type":"article","og_title":"TP-201YS (cadre en acier inoxydable SUS304) - Karopack","og_description":"La TP-201YS est une cercleuse lat\u00e9rale semi-automatique avec un ch\u00e2ssis en acier inoxydable (SUS 304). Il utilise la m\u00eame t\u00eate de cerclage que le TP-202 Mr. Fiable, largement reconnu sur le march\u00e9 depuis plus de 30 ans. Il est id\u00e9al pour les environnements de travail humides, tels que les usines de transformation de la viande, du poisson, de la volaille et de l'agriculture.","og_url":"https:\/\/www.karopack.be\/fr\/produit\/tp-201ys-cadre-en-acier-inoxydable-sus304\/","og_site_name":"Karopack","og_image":[{"width":400,"height":400,"url":"https:\/\/www.karopack.be\/wp-content\/uploads\/2024\/02\/TP-201YS1.jpg","type":"image\/jpeg"}],"twitter_card":"summary_large_image","twitter_misc":{"Dur\u00e9e de lecture est.":"1 minute"},"schema":{"@context":"https:\/\/schema.org","@graph":[{"@type":"WebPage","@id":"https:\/\/www.karopack.be\/fr\/produit\/tp-201ys-cadre-en-acier-inoxydable-sus304\/","url":"https:\/\/www.karopack.be\/fr\/produit\/tp-201ys-cadre-en-acier-inoxydable-sus304\/","name":"TP-201YS (cadre en acier inoxydable SUS304) - Karopack","isPartOf":{"@id":"https:\/\/www.karopack.be\/fr\/#website"},"primaryImageOfPage":{"@id":"https:\/\/www.karopack.be\/fr\/produit\/tp-201ys-cadre-en-acier-inoxydable-sus304\/#primaryimage"},"image":{"@id":"https:\/\/www.karopack.be\/fr\/produit\/tp-201ys-cadre-en-acier-inoxydable-sus304\/#primaryimage"},"thumbnailUrl":"https:\/\/www.karopack.be\/wp-content\/uploads\/2024\/02\/TP-201YS1.jpg","datePublished":"2024-07-11T06:17:39+00:00","breadcrumb":{"@id":"https:\/\/www.karopack.be\/fr\/produit\/tp-201ys-cadre-en-acier-inoxydable-sus304\/#breadcrumb"},"inLanguage":"fr-BE","potentialAction":[{"@type":"ReadAction","target":["https:\/\/www.karopack.be\/fr\/produit\/tp-201ys-cadre-en-acier-inoxydable-sus304\/"]}]},{"@type":"ImageObject","inLanguage":"fr-BE","@id":"https:\/\/www.karopack.be\/fr\/produit\/tp-201ys-cadre-en-acier-inoxydable-sus304\/#primaryimage","url":"https:\/\/www.karopack.be\/wp-content\/uploads\/2024\/02\/TP-201YS1.jpg","contentUrl":"https:\/\/www.karopack.be\/wp-content\/uploads\/2024\/02\/TP-201YS1.jpg","width":400,"height":400},{"@type":"BreadcrumbList","@id":"https:\/\/www.karopack.be\/fr\/produit\/tp-201ys-cadre-en-acier-inoxydable-sus304\/#breadcrumb","itemListElement":[{"@type":"ListItem","position":1,"name":"Home","item":"https:\/\/www.karopack.be\/fr\/"},{"@type":"ListItem","position":2,"name":"Shop","item":"https:\/\/www.karopack.be\/fr\/shop\/"},{"@type":"ListItem","position":3,"name":"TP-201YS (cadre en acier inoxydable SUS304)"}]},{"@type":"WebSite","@id":"https:\/\/www.karopack.be\/fr\/#website","url":"https:\/\/www.karopack.be\/fr\/","name":"Karopack","description":"","publisher":{"@id":"https:\/\/www.karopack.be\/fr\/#organization"},"potentialAction":[{"@type":"SearchAction","target":{"@type":"EntryPoint","urlTemplate":"https:\/\/www.karopack.be\/fr\/?s={search_term_string}"},"query-input":{"@type":"PropertyValueSpecification","valueRequired":true,"valueName":"search_term_string"}}],"inLanguage":"fr-BE"},{"@type":"Organization","@id":"https:\/\/www.karopack.be\/fr\/#organization","name":"Karopack","url":"https:\/\/www.karopack.be\/fr\/","logo":{"@type":"ImageObject","inLanguage":"fr-BE","@id":"https:\/\/www.karopack.be\/fr\/#\/schema\/logo\/image\/","url":"https:\/\/www.karopack.be\/wp-content\/uploads\/2024\/07\/Karopack-Logo.png","contentUrl":"https:\/\/www.karopack.be\/wp-content\/uploads\/2024\/07\/Karopack-Logo.png","width":809,"height":240,"caption":"Karopack"},"image":{"@id":"https:\/\/www.karopack.be\/fr\/#\/schema\/logo\/image\/"}}]}},"_links":{"self":[{"href":"https:\/\/www.karopack.be\/fr\/wp-json\/wp\/v2\/product\/4090","targetHints":{"allow":["GET"]}}],"collection":[{"href":"https:\/\/www.karopack.be\/fr\/wp-json\/wp\/v2\/product"}],"about":[{"href":"https:\/\/www.karopack.be\/fr\/wp-json\/wp\/v2\/types\/product"}],"replies":[{"embeddable":true,"href":"https:\/\/www.karopack.be\/fr\/wp-json\/wp\/v2\/comments?post=4090"}],"wp:featuredmedia":[{"embeddable":true,"href":"https:\/\/www.karopack.be\/fr\/wp-json\/wp\/v2\/media\/3347"}],"wp:attachment":[{"href":"https:\/\/www.karopack.be\/fr\/wp-json\/wp\/v2\/media?parent=4090"}],"wp:term":[{"taxonomy":"product_brand","embeddable":true,"href":"https:\/\/www.karopack.be\/fr\/wp-json\/wp\/v2\/product_brand?post=4090"},{"taxonomy":"product_cat","embeddable":true,"href":"https:\/\/www.karopack.be\/fr\/wp-json\/wp\/v2\/product_cat?post=4090"},{"taxonomy":"product_tag","embeddable":true,"href":"https:\/\/www.karopack.be\/fr\/wp-json\/wp\/v2\/product_tag?post=4090"}],"curies":[{"name":"wp","href":"https:\/\/api.w.org\/{rel}","templated":true}]}}