{"id":4091,"date":"2024-07-11T06:17:41","date_gmt":"2024-07-11T06:17:41","guid":{"rendered":"https:\/\/www.karopack.be\/product\/tp-733vlm-cercleuse-de-palettes-pollux-iii\/"},"modified":"2024-07-11T06:17:41","modified_gmt":"2024-07-11T06:17:41","slug":"tp-733vlm-cercleuse-de-palettes-pollux-iii","status":"publish","type":"product","link":"https:\/\/www.karopack.be\/fr\/produit\/tp-733vlm-cercleuse-de-palettes-pollux-iii\/","title":{"rendered":"TP-733VLM Cercleuse de palettes Pollux III"},"content":{"rendered":"<h4>Caract\u00e9ristiques<strong><br \/>\n<\/strong><\/h4>\n<ul>\n<li>T\u00eate de cerclage ARES TP-733-SH : t\u00eate de cerclage de haute qualit\u00e9 pour des performances fiables.<\/li>\n<li>API et IHM SIEMENS : contr\u00f4le avanc\u00e9 et interface conviviale pour une utilisation facile.<\/li>\n<li>Ensemble de distributeurs pivotants : alimentation flexible de la bande pour une efficacit\u00e9 optimale.<\/li>\n<li>T\u00eate de cerclage indexable : positionnement pr\u00e9cis pour un cerclage homog\u00e8ne.<\/li>\n<li>Lance \u00e0 bande mobile : adaptation \u00e0 diff\u00e9rentes tailles de palettes pour une flexibilit\u00e9 maximale.<\/li>\n<li>Technologie de soudure par friction : connexions solides et fiables sans consommables.<\/li>\n<li>Acc\u00e8s libre aux guides de courroie : entretien facile et changement rapide des courroies.<\/li>\n<li>Arche modulaire : conception adaptable \u00e0 diff\u00e9rentes applications.<\/li>\n<li>Temps de soudure et de refroidissement r\u00e9glables : r\u00e9glages optimaux pour diff\u00e9rents types de bandes et d&rsquo;applications.<\/li>\n<li>\u00c9jecteur d&rsquo;extr\u00e9mit\u00e9 de sangle : \u00c9limination automatique des extr\u00e9mit\u00e9s de sangle pour une finition soign\u00e9e.<\/li>\n<li>T\u00eate de cerclage facilement rempla\u00e7able : temps d&rsquo;arr\u00eat minimal en cas d&rsquo;entretien ou de r\u00e9paration.<\/li>\n<\/ul>\n<h4>Options<\/h4>\n<ul>\n<li>T\u00eate flottante : adaptation automatique \u00e0 la hauteur de la palette pour un cerclage optimal.<\/li>\n<li>Course d&rsquo;indexation jusqu&rsquo;\u00e0 700 mm (3M) : Flexibilit\u00e9 accrue pour le cerclage de palettes plus grandes.<\/li>\n<li>Pupitre de commande ind\u00e9pendant : utilisation ergonomique et meilleure vue d&rsquo;ensemble.<\/li>\n<li>Tour lumineuse avec capteur de stock de pneus : \u00c9vite les temps d&rsquo;arr\u00eat inutiles gr\u00e2ce \u00e0 un avertissement en temps utile en cas de stock de pneus faible.<\/li>\n<li>Arr\u00eat d&rsquo;urgence \u00e0 deux canaux : s\u00e9curit\u00e9 accrue pour l&rsquo;op\u00e9rateur.<\/li>\n<li>Gamme de tension inf\u00e9rieure (200 &#8211; 1200 N) : convient aux produits d\u00e9licats.<\/li>\n<li>Toppress (200 kg ou 500 kg) : stabilise la charge pendant le cerclage pour un r\u00e9sultat optimal.<\/li>\n<li>IHM mont\u00e9e de l&rsquo;autre c\u00f4t\u00e9 : placement flexible de l&rsquo;interface op\u00e9rateur pour une ergonomie optimale.<\/li>\n<li>Support accru : meilleure stabilit\u00e9 pour les palettes lourdes.<\/li>\n<li>Signal de fin de bande : \u00e9vite les temps d&rsquo;arr\u00eat inutiles gr\u00e2ce \u00e0 un avertissement en temps utile \u00e0 la fin de la bande.<\/li>\n<\/ul>\n<h4>Mod\u00e8les disponibles<\/h4>\n<ul>\n<li>TP-733V : T\u00eate fixe, guide-courroie ferm\u00e9<\/li>\n<li>TP-733VM : T\u00eate indexable, guide courroie ferm\u00e9<\/li>\n<li>TP-733VLM : T\u00eate indexable, lance \u00e0 bande mobile<\/li>\n<\/ul>\n<h4>Donn\u00e9es techniques<\/h4>\n<table border=\"1\" width=\"100%\" cellspacing=\"0\" cellpadding=\"3\">\n<tbody>\n<tr valign=\"top\">\n<td bgcolor=\"#f1f1f1\" width=\"30%\">Capacit\u00e9<\/td>\n<td bgcolor=\"#ffffff\" width=\"70%\">Jusqu&rsquo;\u00e0 72 palettes\/heure (2 bandes parall\u00e8les)<\/td>\n<\/tr>\n<tr valign=\"top\">\n<td bgcolor=\"#f1f1f1\" width=\"30%\">Type de pneu<\/td>\n<td bgcolor=\"#ffffff\" width=\"70%\">Courroie en PP et PET<\/td>\n<\/tr>\n<tr valign=\"top\">\n<td bgcolor=\"#f1f1f1\" width=\"30%\">Largeur du pneu<\/td>\n<td bgcolor=\"#ffffff\" width=\"70%\">9 mm, 12 mm, 15,5 mm ou 19 mm<\/td>\n<\/tr>\n<tr valign=\"top\">\n<td bgcolor=\"#f1f1f1\" width=\"30%\">Taille du noyau Bande<\/td>\n<td bgcolor=\"#ffffff\" width=\"70%\">406 mm<\/td>\n<\/tr>\n<tr valign=\"top\">\n<td bgcolor=\"#f1f1f1\" width=\"30%\">Plage de tension<\/td>\n<td bgcolor=\"#ffffff\" width=\"70%\">\n1 100 &#8211; 3 200 N (standard) 200 &#8211; 1 200 N (en option)<\/td>\n<\/tr>\n<tr valign=\"top\">\n<td bgcolor=\"#f1f1f1\" width=\"30%\">Poids<\/td>\n<td bgcolor=\"#ffffff\" width=\"70%\">445 kg<\/td>\n<\/tr>\n<tr valign=\"top\">\n<td bgcolor=\"#f1f1f1\" width=\"30%\">Exigences \u00e9lectriques<\/td>\n<td bgcolor=\"#ffffff\" width=\"70%\">220V, 380V, 400V, 415V 50\/60Hz 3PH<\/td>\n<\/tr>\n<\/tbody>\n<\/table>\n<h4>Vid\u00e9o<\/h4>\n<div class=\"youtube-embed-wrapper\">\n            <iframe src=\"https:\/\/www.youtube.com\/embed\/vdeuI8aUHkM\" width=\"640\" height=\"360\" frameborder=\"0\" allowfullscreen=\"allowfullscreen\" data-mce-fragment=\"1\"><\/iframe>\n          <\/div>\n","protected":false},"excerpt":{"rendered":"<p>La cercleuse pour palettes TP-733VLM est la solution id\u00e9ale pour diverses applications d&#8217;emballage de palettes n\u00e9cessitant un fonctionnement enti\u00e8rement automatique. Cette version am\u00e9lior\u00e9e maximise la productivit\u00e9 en appliquant de mani\u00e8re coh\u00e9rente et pr\u00e9cise les cerclages sur la charge de la palette, et minimise les co\u00fbts de production gr\u00e2ce \u00e0 sa vitesse \u00e9lev\u00e9e et \u00e0 son fonctionnement stable. Con\u00e7ue pour une connexion facile et rapide au syst\u00e8me de contr\u00f4le principal, la TP-733VLM s&rsquo;adapte facilement \u00e0 tous les secteurs de l&#8217;emballage final.  <\/p>\n","protected":false},"featured_media":3355,"comment_status":"open","ping_status":"closed","template":"","meta":[],"product_brand":[],"product_cat":[113,91,109,116],"product_tag":[112],"class_list":{"0":"post-4091","1":"product","2":"type-product","3":"status-publish","4":"has-post-thumbnail","6":"product_cat-cercleuses-verticales","7":"product_cat-fabricants","8":"product_cat-machines-a-cercler","9":"product_cat-transpak-fr","10":"product_tag-cerclage-de-palettes","12":"first","13":"instock","14":"product-type-simple"},"yoast_head":"<!-- This site is optimized with the Yoast SEO plugin v26.9 - https:\/\/yoast.com\/product\/yoast-seo-wordpress\/ -->\n<title>TP-733VLM Cercleuse de palettes Pollux III - Karopack<\/title>\n<meta name=\"robots\" content=\"index, follow, max-snippet:-1, max-image-preview:large, max-video-preview:-1\" \/>\n<link rel=\"canonical\" href=\"https:\/\/www.karopack.be\/fr\/produit\/tp-733vlm-cercleuse-de-palettes-pollux-iii\/\" \/>\n<meta property=\"og:locale\" content=\"fr_FR\" \/>\n<meta property=\"og:type\" content=\"article\" \/>\n<meta property=\"og:title\" content=\"TP-733VLM Cercleuse de palettes Pollux III - Karopack\" \/>\n<meta property=\"og:description\" content=\"La cercleuse pour palettes TP-733VLM est la solution id\u00e9ale pour diverses applications d&#039;emballage de palettes n\u00e9cessitant un fonctionnement enti\u00e8rement automatique. Cette version am\u00e9lior\u00e9e maximise la productivit\u00e9 en appliquant de mani\u00e8re coh\u00e9rente et pr\u00e9cise les cerclages sur la charge de la palette, et minimise les co\u00fbts de production gr\u00e2ce \u00e0 sa vitesse \u00e9lev\u00e9e et \u00e0 son fonctionnement stable. Con\u00e7ue pour une connexion facile et rapide au syst\u00e8me de contr\u00f4le principal, la TP-733VLM s&#039;adapte facilement \u00e0 tous les secteurs de l&#039;emballage final.\" \/>\n<meta property=\"og:url\" content=\"https:\/\/www.karopack.be\/fr\/produit\/tp-733vlm-cercleuse-de-palettes-pollux-iii\/\" \/>\n<meta property=\"og:site_name\" content=\"Karopack\" \/>\n<meta property=\"og:image\" content=\"https:\/\/www.karopack.be\/wp-content\/uploads\/2024\/02\/TP-733VLM1.jpg\" \/>\n\t<meta property=\"og:image:width\" content=\"400\" \/>\n\t<meta property=\"og:image:height\" content=\"400\" \/>\n\t<meta property=\"og:image:type\" content=\"image\/jpeg\" \/>\n<meta name=\"twitter:card\" content=\"summary_large_image\" \/>\n<meta name=\"twitter:label1\" content=\"Dur\u00e9e de lecture est.\" \/>\n\t<meta name=\"twitter:data1\" content=\"2 minutes\" \/>\n<script type=\"application\/ld+json\" class=\"yoast-schema-graph\">{\"@context\":\"https:\/\/schema.org\",\"@graph\":[{\"@type\":\"WebPage\",\"@id\":\"https:\/\/www.karopack.be\/fr\/produit\/tp-733vlm-cercleuse-de-palettes-pollux-iii\/\",\"url\":\"https:\/\/www.karopack.be\/fr\/produit\/tp-733vlm-cercleuse-de-palettes-pollux-iii\/\",\"name\":\"TP-733VLM Cercleuse de palettes Pollux III - Karopack\",\"isPartOf\":{\"@id\":\"https:\/\/www.karopack.be\/fr\/#website\"},\"primaryImageOfPage\":{\"@id\":\"https:\/\/www.karopack.be\/fr\/produit\/tp-733vlm-cercleuse-de-palettes-pollux-iii\/#primaryimage\"},\"image\":{\"@id\":\"https:\/\/www.karopack.be\/fr\/produit\/tp-733vlm-cercleuse-de-palettes-pollux-iii\/#primaryimage\"},\"thumbnailUrl\":\"https:\/\/www.karopack.be\/wp-content\/uploads\/2024\/02\/TP-733VLM1.jpg\",\"datePublished\":\"2024-07-11T06:17:41+00:00\",\"breadcrumb\":{\"@id\":\"https:\/\/www.karopack.be\/fr\/produit\/tp-733vlm-cercleuse-de-palettes-pollux-iii\/#breadcrumb\"},\"inLanguage\":\"fr-BE\",\"potentialAction\":[{\"@type\":\"ReadAction\",\"target\":[\"https:\/\/www.karopack.be\/fr\/produit\/tp-733vlm-cercleuse-de-palettes-pollux-iii\/\"]}]},{\"@type\":\"ImageObject\",\"inLanguage\":\"fr-BE\",\"@id\":\"https:\/\/www.karopack.be\/fr\/produit\/tp-733vlm-cercleuse-de-palettes-pollux-iii\/#primaryimage\",\"url\":\"https:\/\/www.karopack.be\/wp-content\/uploads\/2024\/02\/TP-733VLM1.jpg\",\"contentUrl\":\"https:\/\/www.karopack.be\/wp-content\/uploads\/2024\/02\/TP-733VLM1.jpg\",\"width\":400,\"height\":400},{\"@type\":\"BreadcrumbList\",\"@id\":\"https:\/\/www.karopack.be\/fr\/produit\/tp-733vlm-cercleuse-de-palettes-pollux-iii\/#breadcrumb\",\"itemListElement\":[{\"@type\":\"ListItem\",\"position\":1,\"name\":\"Home\",\"item\":\"https:\/\/www.karopack.be\/fr\/\"},{\"@type\":\"ListItem\",\"position\":2,\"name\":\"Shop\",\"item\":\"https:\/\/www.karopack.be\/fr\/shop\/\"},{\"@type\":\"ListItem\",\"position\":3,\"name\":\"TP-733VLM Cercleuse de palettes Pollux III\"}]},{\"@type\":\"WebSite\",\"@id\":\"https:\/\/www.karopack.be\/fr\/#website\",\"url\":\"https:\/\/www.karopack.be\/fr\/\",\"name\":\"Karopack\",\"description\":\"\",\"publisher\":{\"@id\":\"https:\/\/www.karopack.be\/fr\/#organization\"},\"potentialAction\":[{\"@type\":\"SearchAction\",\"target\":{\"@type\":\"EntryPoint\",\"urlTemplate\":\"https:\/\/www.karopack.be\/fr\/?s={search_term_string}\"},\"query-input\":{\"@type\":\"PropertyValueSpecification\",\"valueRequired\":true,\"valueName\":\"search_term_string\"}}],\"inLanguage\":\"fr-BE\"},{\"@type\":\"Organization\",\"@id\":\"https:\/\/www.karopack.be\/fr\/#organization\",\"name\":\"Karopack\",\"url\":\"https:\/\/www.karopack.be\/fr\/\",\"logo\":{\"@type\":\"ImageObject\",\"inLanguage\":\"fr-BE\",\"@id\":\"https:\/\/www.karopack.be\/fr\/#\/schema\/logo\/image\/\",\"url\":\"https:\/\/www.karopack.be\/wp-content\/uploads\/2024\/07\/Karopack-Logo.png\",\"contentUrl\":\"https:\/\/www.karopack.be\/wp-content\/uploads\/2024\/07\/Karopack-Logo.png\",\"width\":809,\"height\":240,\"caption\":\"Karopack\"},\"image\":{\"@id\":\"https:\/\/www.karopack.be\/fr\/#\/schema\/logo\/image\/\"}}]}<\/script>\n<!-- \/ Yoast SEO plugin. -->","yoast_head_json":{"title":"TP-733VLM Cercleuse de palettes Pollux III - Karopack","robots":{"index":"index","follow":"follow","max-snippet":"max-snippet:-1","max-image-preview":"max-image-preview:large","max-video-preview":"max-video-preview:-1"},"canonical":"https:\/\/www.karopack.be\/fr\/produit\/tp-733vlm-cercleuse-de-palettes-pollux-iii\/","og_locale":"fr_FR","og_type":"article","og_title":"TP-733VLM Cercleuse de palettes Pollux III - Karopack","og_description":"La cercleuse pour palettes TP-733VLM est la solution id\u00e9ale pour diverses applications d'emballage de palettes n\u00e9cessitant un fonctionnement enti\u00e8rement automatique. Cette version am\u00e9lior\u00e9e maximise la productivit\u00e9 en appliquant de mani\u00e8re coh\u00e9rente et pr\u00e9cise les cerclages sur la charge de la palette, et minimise les co\u00fbts de production gr\u00e2ce \u00e0 sa vitesse \u00e9lev\u00e9e et \u00e0 son fonctionnement stable. Con\u00e7ue pour une connexion facile et rapide au syst\u00e8me de contr\u00f4le principal, la TP-733VLM s'adapte facilement \u00e0 tous les secteurs de l'emballage final.","og_url":"https:\/\/www.karopack.be\/fr\/produit\/tp-733vlm-cercleuse-de-palettes-pollux-iii\/","og_site_name":"Karopack","og_image":[{"width":400,"height":400,"url":"https:\/\/www.karopack.be\/wp-content\/uploads\/2024\/02\/TP-733VLM1.jpg","type":"image\/jpeg"}],"twitter_card":"summary_large_image","twitter_misc":{"Dur\u00e9e de lecture est.":"2 minutes"},"schema":{"@context":"https:\/\/schema.org","@graph":[{"@type":"WebPage","@id":"https:\/\/www.karopack.be\/fr\/produit\/tp-733vlm-cercleuse-de-palettes-pollux-iii\/","url":"https:\/\/www.karopack.be\/fr\/produit\/tp-733vlm-cercleuse-de-palettes-pollux-iii\/","name":"TP-733VLM Cercleuse de palettes Pollux III - Karopack","isPartOf":{"@id":"https:\/\/www.karopack.be\/fr\/#website"},"primaryImageOfPage":{"@id":"https:\/\/www.karopack.be\/fr\/produit\/tp-733vlm-cercleuse-de-palettes-pollux-iii\/#primaryimage"},"image":{"@id":"https:\/\/www.karopack.be\/fr\/produit\/tp-733vlm-cercleuse-de-palettes-pollux-iii\/#primaryimage"},"thumbnailUrl":"https:\/\/www.karopack.be\/wp-content\/uploads\/2024\/02\/TP-733VLM1.jpg","datePublished":"2024-07-11T06:17:41+00:00","breadcrumb":{"@id":"https:\/\/www.karopack.be\/fr\/produit\/tp-733vlm-cercleuse-de-palettes-pollux-iii\/#breadcrumb"},"inLanguage":"fr-BE","potentialAction":[{"@type":"ReadAction","target":["https:\/\/www.karopack.be\/fr\/produit\/tp-733vlm-cercleuse-de-palettes-pollux-iii\/"]}]},{"@type":"ImageObject","inLanguage":"fr-BE","@id":"https:\/\/www.karopack.be\/fr\/produit\/tp-733vlm-cercleuse-de-palettes-pollux-iii\/#primaryimage","url":"https:\/\/www.karopack.be\/wp-content\/uploads\/2024\/02\/TP-733VLM1.jpg","contentUrl":"https:\/\/www.karopack.be\/wp-content\/uploads\/2024\/02\/TP-733VLM1.jpg","width":400,"height":400},{"@type":"BreadcrumbList","@id":"https:\/\/www.karopack.be\/fr\/produit\/tp-733vlm-cercleuse-de-palettes-pollux-iii\/#breadcrumb","itemListElement":[{"@type":"ListItem","position":1,"name":"Home","item":"https:\/\/www.karopack.be\/fr\/"},{"@type":"ListItem","position":2,"name":"Shop","item":"https:\/\/www.karopack.be\/fr\/shop\/"},{"@type":"ListItem","position":3,"name":"TP-733VLM Cercleuse de palettes Pollux III"}]},{"@type":"WebSite","@id":"https:\/\/www.karopack.be\/fr\/#website","url":"https:\/\/www.karopack.be\/fr\/","name":"Karopack","description":"","publisher":{"@id":"https:\/\/www.karopack.be\/fr\/#organization"},"potentialAction":[{"@type":"SearchAction","target":{"@type":"EntryPoint","urlTemplate":"https:\/\/www.karopack.be\/fr\/?s={search_term_string}"},"query-input":{"@type":"PropertyValueSpecification","valueRequired":true,"valueName":"search_term_string"}}],"inLanguage":"fr-BE"},{"@type":"Organization","@id":"https:\/\/www.karopack.be\/fr\/#organization","name":"Karopack","url":"https:\/\/www.karopack.be\/fr\/","logo":{"@type":"ImageObject","inLanguage":"fr-BE","@id":"https:\/\/www.karopack.be\/fr\/#\/schema\/logo\/image\/","url":"https:\/\/www.karopack.be\/wp-content\/uploads\/2024\/07\/Karopack-Logo.png","contentUrl":"https:\/\/www.karopack.be\/wp-content\/uploads\/2024\/07\/Karopack-Logo.png","width":809,"height":240,"caption":"Karopack"},"image":{"@id":"https:\/\/www.karopack.be\/fr\/#\/schema\/logo\/image\/"}}]}},"_links":{"self":[{"href":"https:\/\/www.karopack.be\/fr\/wp-json\/wp\/v2\/product\/4091","targetHints":{"allow":["GET"]}}],"collection":[{"href":"https:\/\/www.karopack.be\/fr\/wp-json\/wp\/v2\/product"}],"about":[{"href":"https:\/\/www.karopack.be\/fr\/wp-json\/wp\/v2\/types\/product"}],"replies":[{"embeddable":true,"href":"https:\/\/www.karopack.be\/fr\/wp-json\/wp\/v2\/comments?post=4091"}],"wp:featuredmedia":[{"embeddable":true,"href":"https:\/\/www.karopack.be\/fr\/wp-json\/wp\/v2\/media\/3355"}],"wp:attachment":[{"href":"https:\/\/www.karopack.be\/fr\/wp-json\/wp\/v2\/media?parent=4091"}],"wp:term":[{"taxonomy":"product_brand","embeddable":true,"href":"https:\/\/www.karopack.be\/fr\/wp-json\/wp\/v2\/product_brand?post=4091"},{"taxonomy":"product_cat","embeddable":true,"href":"https:\/\/www.karopack.be\/fr\/wp-json\/wp\/v2\/product_cat?post=4091"},{"taxonomy":"product_tag","embeddable":true,"href":"https:\/\/www.karopack.be\/fr\/wp-json\/wp\/v2\/product_tag?post=4091"}],"curies":[{"name":"wp","href":"https:\/\/api.w.org\/{rel}","templated":true}]}}