{"id":4094,"date":"2024-07-11T06:17:39","date_gmt":"2024-07-11T06:17:39","guid":{"rendered":"https:\/\/www.karopack.be\/product\/tp-201y\/"},"modified":"2024-07-11T06:17:39","modified_gmt":"2024-07-11T06:17:39","slug":"tp-201y","status":"publish","type":"product","link":"https:\/\/www.karopack.be\/fr\/produit\/tp-201y\/","title":{"rendered":"TP-201Y"},"content":{"rendered":"<p><b>La TP-201Y<\/b> est une cercleuse semi-automatique \u00e0 fermeture lat\u00e9rale. Elle utilise la m\u00eame t\u00eate de cerclage que la TP-202 Mr Reliable qui est largement reconnue sur le march\u00e9 depuis plus de 30 ans. Elle peut \u00eatre utilis\u00e9e dans une large gamme d&rsquo;applications pour des environnements de travail poussi\u00e9reux ou difficiles, tels que les usines de sciage, les industries de la brique et de la tuile. Le TP-201Y offre la solution la plus \u00e9conomique.    <\/p>\n<p><strong>Caract\u00e9ristiques<\/strong><\/p>\n<ul>\n<li>Offrir une fiabilit\u00e9 et des performances \u00e9lev\u00e9es<\/li>\n<li>Convient aux applications \u00e0 faible volume<\/li>\n<li>Fonctionnement facile, entretien simple<\/li>\n<li>Contr\u00f4le m\u00e9canique de la tension<\/li>\n<li>Contr\u00f4le fiable de la carte P.C.<\/li>\n<li>Efficacit\u00e9 \u00e9nerg\u00e9tique &#8211; le moteur ne fonctionne qu&rsquo;en cas de besoin<\/li>\n<li>Roulettes rigides avec frein<\/li>\n<li>Une qualit\u00e9 \u00e9prouv\u00e9e<\/li>\n<li>Hauteur de table r\u00e9glable entre 420 mm et 770 mm<\/li>\n<\/ul>\n<p><strong>Option<\/strong><\/p>\n<ul>\n<li>Temps de refroidissement r\u00e9glable (0-2 sec.)<\/li>\n<\/ul>\n<p><strong>Donn\u00e9es techniques<\/strong><\/p>\n<table border=\"1\" width=\"100%\" cellspacing=\"0\" cellpadding=\"3\">\n<tbody>\n<tr valign=\"top\">\n<td bgcolor=\"#f1f1f1\" width=\"30%\">Largeur de la sangle<\/td>\n<td bgcolor=\"#ffffff\" width=\"70%\">6 mm &#8211; 15,5 mm<\/td>\n<\/tr>\n<tr valign=\"top\">\n<td bgcolor=\"#f1f1f1\" width=\"30%\">Plage de tension<\/td>\n<td bgcolor=\"#ffffff\" width=\"70%\">15 &#8211; 45 kg<\/td>\n<\/tr>\n<tr valign=\"top\">\n<td bgcolor=\"#f1f1f1\" width=\"30%\">Poids<\/td>\n<td bgcolor=\"#ffffff\" width=\"70%\">125 kg<\/td>\n<\/tr>\n<tr valign=\"top\">\n<td bgcolor=\"#f1f1f1\" width=\"30%\">Exigences \u00e9lectriques<\/td>\n<td bgcolor=\"#ffffff\" width=\"70%\">110V, 220V, 230V, 240V 50\/60Hz 1PH<\/td>\n<\/tr>\n<\/tbody>\n<\/table>\n<p><strong>Vid\u00e9o<\/strong><\/p>\n<div class=\"youtube-embed-wrapper\"><iframe src=\"https:\/\/www.youtube.com\/embed\/mCynlWuyksI\" width=\"640\" height=\"360\" frameborder=\"0\" allowfullscreen=\"allowfullscreen\" data-mce-fragment=\"1\"><\/iframe><\/div>\n","protected":false},"excerpt":{"rendered":"<p>          <strong>Caract\u00e9ristiques<\/strong><\/p>\n<ul>\n<li>Offrir une fiabilit\u00e9 et des performances \u00e9lev\u00e9es<\/li>\n<li>Convient aux applications \u00e0 faible volume<\/li>\n<li>Fonctionnement facile, entretien simple<\/li>\n<li>Contr\u00f4le m\u00e9canique de la tension<\/li>\n<li>Contr\u00f4le fiable de la carte P.C.<\/li>\n<li>Efficacit\u00e9 \u00e9nerg\u00e9tique &#8211; le moteur ne fonctionne qu&rsquo;en cas de besoin<\/li>\n<li>Roulettes rigides avec frein<\/li>\n<li>Une qualit\u00e9 \u00e9prouv\u00e9e<\/li>\n<li>Hauteur de table r\u00e9glable entre 420 mm et 770 mm<\/li>\n<\/ul>\n<p>          <strong>Option<\/strong><\/p>\n<ul>\n<li>Temps de refroidissement r\u00e9glable (0-2 sec.)<\/li>\n<\/ul>\n<p>          <strong>Donn\u00e9es techniques<\/strong><\/p>\n<table border=\"1\" width=\"100%\" cellspacing=\"0\" cellpadding=\"3\">\n<tbody>\n<tr valign=\"top\">\n<td bgcolor=\"#f1f1f1\" width=\"30%\">Largeur de la sangle<\/td>\n<td bgcolor=\"#ffffff\" width=\"70%\">6 mm &#8211; 15,5 mm<\/td>\n<\/tr>\n<tr valign=\"top\">\n<td bgcolor=\"#f1f1f1\" width=\"30%\">Plage de tension<\/td>\n<td bgcolor=\"#ffffff\" width=\"70%\">15 &#8211; 45 kg<\/td>\n<\/tr>\n<tr valign=\"top\">\n<td bgcolor=\"#f1f1f1\" width=\"30%\">Poids<\/td>\n<td bgcolor=\"#ffffff\" width=\"70%\">125 kg<\/td>\n<\/tr>\n<tr valign=\"top\">\n<td bgcolor=\"#f1f1f1\" width=\"30%\">Exigences \u00e9lectriques<\/td>\n<td bgcolor=\"#ffffff\" width=\"70%\">110V, 220V, 230V, 240V 50\/60Hz 1PH<\/td>\n<\/tr>\n<\/tbody>\n<\/table>\n<p>          <strong>Vid\u00e9o<\/strong><\/p>\n<div class=\"youtube-embed-wrapper\">\n            <iframe src=\"https:\/\/www.youtube.com\/embed\/mCynlWuyksI\" width=\"640\" height=\"360\" frameborder=\"0\" allowfullscreen=\"allowfullscreen\" data-mce-fragment=\"1\"><\/iframe>\n          <\/div>\n","protected":false},"featured_media":3345,"comment_status":"open","ping_status":"open","template":"","meta":[],"product_brand":[],"product_cat":[113,91,116],"product_tag":[],"class_list":{"0":"post-4094","1":"product","2":"type-product","3":"status-publish","4":"has-post-thumbnail","6":"product_cat-cercleuses-verticales","7":"product_cat-fabricants","8":"product_cat-transpak-fr","10":"first","11":"instock","12":"product-type-simple"},"yoast_head":"<!-- This site is optimized with the Yoast SEO plugin v26.9 - https:\/\/yoast.com\/product\/yoast-seo-wordpress\/ -->\n<title>TP-201Y - Karopack<\/title>\n<meta name=\"robots\" content=\"index, follow, max-snippet:-1, max-image-preview:large, max-video-preview:-1\" \/>\n<link rel=\"canonical\" href=\"https:\/\/www.karopack.be\/fr\/produit\/tp-201y\/\" \/>\n<meta property=\"og:locale\" content=\"fr_FR\" \/>\n<meta property=\"og:type\" content=\"article\" \/>\n<meta property=\"og:title\" content=\"TP-201Y - Karopack\" \/>\n<meta property=\"og:description\" content=\"Caract\u00e9ristiques             Offrir une fiabilit\u00e9 et des performances \u00e9lev\u00e9es Convient aux applications \u00e0 faible volume Fonctionnement facile, entretien simple Contr\u00f4le m\u00e9canique de la tension Contr\u00f4le fiable de la carte P.C. Efficacit\u00e9 \u00e9nerg\u00e9tique - le moteur ne fonctionne qu&#039;en cas de besoin Roulettes rigides avec frein Une qualit\u00e9 \u00e9prouv\u00e9e Hauteur de table r\u00e9glable entre 420 mm et 770 mm                              Option             Temps de refroidissement r\u00e9glable (0-2 sec.)                              Donn\u00e9es techniques                                         Largeur de la sangle 6 mm - 15,5 mm                 Plage de tension 15 - 45 kg                 Poids 125 kg                 Exigences \u00e9lectriques 110V, 220V, 230V, 240V 50\/60Hz 1PH                                                         Vid\u00e9o\" \/>\n<meta property=\"og:url\" content=\"https:\/\/www.karopack.be\/fr\/produit\/tp-201y\/\" \/>\n<meta property=\"og:site_name\" content=\"Karopack\" \/>\n<meta property=\"og:image\" content=\"https:\/\/www.karopack.be\/wp-content\/uploads\/2024\/02\/TP-201Y1.jpg\" \/>\n\t<meta property=\"og:image:width\" content=\"400\" \/>\n\t<meta property=\"og:image:height\" content=\"400\" \/>\n\t<meta property=\"og:image:type\" content=\"image\/jpeg\" \/>\n<meta name=\"twitter:card\" content=\"summary_large_image\" \/>\n<meta name=\"twitter:label1\" content=\"Dur\u00e9e de lecture est.\" \/>\n\t<meta name=\"twitter:data1\" content=\"1 minute\" \/>\n<script type=\"application\/ld+json\" class=\"yoast-schema-graph\">{\"@context\":\"https:\/\/schema.org\",\"@graph\":[{\"@type\":\"WebPage\",\"@id\":\"https:\/\/www.karopack.be\/fr\/produit\/tp-201y\/\",\"url\":\"https:\/\/www.karopack.be\/fr\/produit\/tp-201y\/\",\"name\":\"TP-201Y - Karopack\",\"isPartOf\":{\"@id\":\"https:\/\/www.karopack.be\/fr\/#website\"},\"primaryImageOfPage\":{\"@id\":\"https:\/\/www.karopack.be\/fr\/produit\/tp-201y\/#primaryimage\"},\"image\":{\"@id\":\"https:\/\/www.karopack.be\/fr\/produit\/tp-201y\/#primaryimage\"},\"thumbnailUrl\":\"https:\/\/www.karopack.be\/wp-content\/uploads\/2024\/02\/TP-201Y1.jpg\",\"datePublished\":\"2024-07-11T06:17:39+00:00\",\"breadcrumb\":{\"@id\":\"https:\/\/www.karopack.be\/fr\/produit\/tp-201y\/#breadcrumb\"},\"inLanguage\":\"fr-BE\",\"potentialAction\":[{\"@type\":\"ReadAction\",\"target\":[\"https:\/\/www.karopack.be\/fr\/produit\/tp-201y\/\"]}]},{\"@type\":\"ImageObject\",\"inLanguage\":\"fr-BE\",\"@id\":\"https:\/\/www.karopack.be\/fr\/produit\/tp-201y\/#primaryimage\",\"url\":\"https:\/\/www.karopack.be\/wp-content\/uploads\/2024\/02\/TP-201Y1.jpg\",\"contentUrl\":\"https:\/\/www.karopack.be\/wp-content\/uploads\/2024\/02\/TP-201Y1.jpg\",\"width\":400,\"height\":400},{\"@type\":\"BreadcrumbList\",\"@id\":\"https:\/\/www.karopack.be\/fr\/produit\/tp-201y\/#breadcrumb\",\"itemListElement\":[{\"@type\":\"ListItem\",\"position\":1,\"name\":\"Home\",\"item\":\"https:\/\/www.karopack.be\/fr\/\"},{\"@type\":\"ListItem\",\"position\":2,\"name\":\"Shop\",\"item\":\"https:\/\/www.karopack.be\/fr\/shop\/\"},{\"@type\":\"ListItem\",\"position\":3,\"name\":\"TP-201Y\"}]},{\"@type\":\"WebSite\",\"@id\":\"https:\/\/www.karopack.be\/fr\/#website\",\"url\":\"https:\/\/www.karopack.be\/fr\/\",\"name\":\"Karopack\",\"description\":\"\",\"publisher\":{\"@id\":\"https:\/\/www.karopack.be\/fr\/#organization\"},\"potentialAction\":[{\"@type\":\"SearchAction\",\"target\":{\"@type\":\"EntryPoint\",\"urlTemplate\":\"https:\/\/www.karopack.be\/fr\/?s={search_term_string}\"},\"query-input\":{\"@type\":\"PropertyValueSpecification\",\"valueRequired\":true,\"valueName\":\"search_term_string\"}}],\"inLanguage\":\"fr-BE\"},{\"@type\":\"Organization\",\"@id\":\"https:\/\/www.karopack.be\/fr\/#organization\",\"name\":\"Karopack\",\"url\":\"https:\/\/www.karopack.be\/fr\/\",\"logo\":{\"@type\":\"ImageObject\",\"inLanguage\":\"fr-BE\",\"@id\":\"https:\/\/www.karopack.be\/fr\/#\/schema\/logo\/image\/\",\"url\":\"https:\/\/www.karopack.be\/wp-content\/uploads\/2024\/07\/Karopack-Logo.png\",\"contentUrl\":\"https:\/\/www.karopack.be\/wp-content\/uploads\/2024\/07\/Karopack-Logo.png\",\"width\":809,\"height\":240,\"caption\":\"Karopack\"},\"image\":{\"@id\":\"https:\/\/www.karopack.be\/fr\/#\/schema\/logo\/image\/\"}}]}<\/script>\n<!-- \/ Yoast SEO plugin. -->","yoast_head_json":{"title":"TP-201Y - Karopack","robots":{"index":"index","follow":"follow","max-snippet":"max-snippet:-1","max-image-preview":"max-image-preview:large","max-video-preview":"max-video-preview:-1"},"canonical":"https:\/\/www.karopack.be\/fr\/produit\/tp-201y\/","og_locale":"fr_FR","og_type":"article","og_title":"TP-201Y - Karopack","og_description":"Caract\u00e9ristiques             Offrir une fiabilit\u00e9 et des performances \u00e9lev\u00e9es Convient aux applications \u00e0 faible volume Fonctionnement facile, entretien simple Contr\u00f4le m\u00e9canique de la tension Contr\u00f4le fiable de la carte P.C. Efficacit\u00e9 \u00e9nerg\u00e9tique - le moteur ne fonctionne qu'en cas de besoin Roulettes rigides avec frein Une qualit\u00e9 \u00e9prouv\u00e9e Hauteur de table r\u00e9glable entre 420 mm et 770 mm                              Option             Temps de refroidissement r\u00e9glable (0-2 sec.)                              Donn\u00e9es techniques                                         Largeur de la sangle 6 mm - 15,5 mm                 Plage de tension 15 - 45 kg                 Poids 125 kg                 Exigences \u00e9lectriques 110V, 220V, 230V, 240V 50\/60Hz 1PH                                                         Vid\u00e9o","og_url":"https:\/\/www.karopack.be\/fr\/produit\/tp-201y\/","og_site_name":"Karopack","og_image":[{"width":400,"height":400,"url":"https:\/\/www.karopack.be\/wp-content\/uploads\/2024\/02\/TP-201Y1.jpg","type":"image\/jpeg"}],"twitter_card":"summary_large_image","twitter_misc":{"Dur\u00e9e de lecture est.":"1 minute"},"schema":{"@context":"https:\/\/schema.org","@graph":[{"@type":"WebPage","@id":"https:\/\/www.karopack.be\/fr\/produit\/tp-201y\/","url":"https:\/\/www.karopack.be\/fr\/produit\/tp-201y\/","name":"TP-201Y - Karopack","isPartOf":{"@id":"https:\/\/www.karopack.be\/fr\/#website"},"primaryImageOfPage":{"@id":"https:\/\/www.karopack.be\/fr\/produit\/tp-201y\/#primaryimage"},"image":{"@id":"https:\/\/www.karopack.be\/fr\/produit\/tp-201y\/#primaryimage"},"thumbnailUrl":"https:\/\/www.karopack.be\/wp-content\/uploads\/2024\/02\/TP-201Y1.jpg","datePublished":"2024-07-11T06:17:39+00:00","breadcrumb":{"@id":"https:\/\/www.karopack.be\/fr\/produit\/tp-201y\/#breadcrumb"},"inLanguage":"fr-BE","potentialAction":[{"@type":"ReadAction","target":["https:\/\/www.karopack.be\/fr\/produit\/tp-201y\/"]}]},{"@type":"ImageObject","inLanguage":"fr-BE","@id":"https:\/\/www.karopack.be\/fr\/produit\/tp-201y\/#primaryimage","url":"https:\/\/www.karopack.be\/wp-content\/uploads\/2024\/02\/TP-201Y1.jpg","contentUrl":"https:\/\/www.karopack.be\/wp-content\/uploads\/2024\/02\/TP-201Y1.jpg","width":400,"height":400},{"@type":"BreadcrumbList","@id":"https:\/\/www.karopack.be\/fr\/produit\/tp-201y\/#breadcrumb","itemListElement":[{"@type":"ListItem","position":1,"name":"Home","item":"https:\/\/www.karopack.be\/fr\/"},{"@type":"ListItem","position":2,"name":"Shop","item":"https:\/\/www.karopack.be\/fr\/shop\/"},{"@type":"ListItem","position":3,"name":"TP-201Y"}]},{"@type":"WebSite","@id":"https:\/\/www.karopack.be\/fr\/#website","url":"https:\/\/www.karopack.be\/fr\/","name":"Karopack","description":"","publisher":{"@id":"https:\/\/www.karopack.be\/fr\/#organization"},"potentialAction":[{"@type":"SearchAction","target":{"@type":"EntryPoint","urlTemplate":"https:\/\/www.karopack.be\/fr\/?s={search_term_string}"},"query-input":{"@type":"PropertyValueSpecification","valueRequired":true,"valueName":"search_term_string"}}],"inLanguage":"fr-BE"},{"@type":"Organization","@id":"https:\/\/www.karopack.be\/fr\/#organization","name":"Karopack","url":"https:\/\/www.karopack.be\/fr\/","logo":{"@type":"ImageObject","inLanguage":"fr-BE","@id":"https:\/\/www.karopack.be\/fr\/#\/schema\/logo\/image\/","url":"https:\/\/www.karopack.be\/wp-content\/uploads\/2024\/07\/Karopack-Logo.png","contentUrl":"https:\/\/www.karopack.be\/wp-content\/uploads\/2024\/07\/Karopack-Logo.png","width":809,"height":240,"caption":"Karopack"},"image":{"@id":"https:\/\/www.karopack.be\/fr\/#\/schema\/logo\/image\/"}}]}},"_links":{"self":[{"href":"https:\/\/www.karopack.be\/fr\/wp-json\/wp\/v2\/product\/4094","targetHints":{"allow":["GET"]}}],"collection":[{"href":"https:\/\/www.karopack.be\/fr\/wp-json\/wp\/v2\/product"}],"about":[{"href":"https:\/\/www.karopack.be\/fr\/wp-json\/wp\/v2\/types\/product"}],"replies":[{"embeddable":true,"href":"https:\/\/www.karopack.be\/fr\/wp-json\/wp\/v2\/comments?post=4094"}],"wp:featuredmedia":[{"embeddable":true,"href":"https:\/\/www.karopack.be\/fr\/wp-json\/wp\/v2\/media\/3345"}],"wp:attachment":[{"href":"https:\/\/www.karopack.be\/fr\/wp-json\/wp\/v2\/media?parent=4094"}],"wp:term":[{"taxonomy":"product_brand","embeddable":true,"href":"https:\/\/www.karopack.be\/fr\/wp-json\/wp\/v2\/product_brand?post=4094"},{"taxonomy":"product_cat","embeddable":true,"href":"https:\/\/www.karopack.be\/fr\/wp-json\/wp\/v2\/product_cat?post=4094"},{"taxonomy":"product_tag","embeddable":true,"href":"https:\/\/www.karopack.be\/fr\/wp-json\/wp\/v2\/product_tag?post=4094"}],"curies":[{"name":"wp","href":"https:\/\/api.w.org\/{rel}","templated":true}]}}