{"id":4097,"date":"2024-07-11T06:17:38","date_gmt":"2024-07-11T06:17:38","guid":{"rendered":"https:\/\/www.karopack.be\/product\/tp-601ypt-machine-automatique-pour-cerclage-pet-et-pp\/"},"modified":"2024-07-11T06:17:38","modified_gmt":"2024-07-11T06:17:38","slug":"tp-601ypt-machine-automatique-pour-cerclage-pet-et-pp","status":"publish","type":"product","link":"https:\/\/www.karopack.be\/fr\/produit\/tp-601ypt-machine-automatique-pour-cerclage-pet-et-pp\/","title":{"rendered":"TP-601YPT Machine automatique pour cerclage PET et PP"},"content":{"rendered":"<p><b>La TP-601YPT<\/b> est une cercleuse automatique \u00e0 fermeture lat\u00e9rale pour les cerclages en<b> PP et PET<\/b> (9 mm, 12 mm ou 15,5 mm). Gr\u00e2ce aux tr\u00e8s grandes dimensions d&rsquo;arceau disponibles, la TP-601YPT est id\u00e9ale pour les applications sur les produits lourds et\/ou de grande taille, les appareils m\u00e9nagers (tels que r\u00e9frig\u00e9rateur, t\u00e9l\u00e9vision ou machine \u00e0 laver) et divers produits palettis\u00e9s. Il peut \u00eatre int\u00e9gr\u00e9 \u00e0 la plupart des lignes de production.  <\/p>\n<p><strong>Caract\u00e9ristiques<\/strong><\/p>\n<ul>\n<li>Technologie d&rsquo;\u00e9tanch\u00e9it\u00e9 par soudure par friction<\/li>\n<li>Siemens PLC<\/li>\n<li>Contr\u00f4le \u00e9lectronique de la tension. Tension jusqu&rsquo;\u00e0 <strong>1500 N (150 kg).<\/strong> <\/li>\n<li>Sangle automatique Refeed<\/li>\n<\/ul>\n<p><strong>Options<\/strong><\/p>\n<ul>\n<li><strong>Photo-eye et Interlock pour une application enti\u00e8rement automatique<\/strong><\/li>\n<li>Interrupteur d&rsquo;arr\u00eat d&rsquo;urgence<\/li>\n<li>Interrupteur \u00e0 p\u00e9dale<\/li>\n<li>Avec table \u00e0 rouleaux libres r\u00e9glable (TP-601YPT-T)<\/li>\n<\/ul>\n<p><strong>Donn\u00e9es techniques<\/strong><\/p>\n<table border=\"1\" width=\"100%\" cellspacing=\"0\" cellpadding=\"3\">\n<tbody>\n<tr valign=\"top\">\n<td bgcolor=\"#f1f1f1\" width=\"30%\">Capacit\u00e9<\/td>\n<td bgcolor=\"#ffffff\" width=\"70%\">Jusqu&rsquo;\u00e0 11 cycles\/minute (60Hz)<\/td>\n<\/tr>\n<tr valign=\"top\">\n<td bgcolor=\"#f1f1f1\" width=\"30%\">Largeur de la sangle<\/td>\n<td bgcolor=\"#ffffff\" width=\"70%\">9 mm, 12 mm ou 15,5 mm<\/td>\n<\/tr>\n<tr valign=\"top\">\n<td bgcolor=\"#f1f1f1\" width=\"30%\">Plage de tension<\/td>\n<td bgcolor=\"#ffffff\" width=\"70%\">20 &#8211; 150 kg<\/td>\n<\/tr>\n<tr valign=\"top\">\n<td bgcolor=\"#f1f1f1\" width=\"30%\">Taille de l&rsquo;\u00e2me de la courroie<\/td>\n<td bgcolor=\"#ffffff\" width=\"70%\">406 mm\/ 200 mm\/ 230 mm\/ 280 mm<\/td>\n<\/tr>\n<tr valign=\"top\">\n<td bgcolor=\"#f1f1f1\" width=\"30%\">Poids<\/td>\n<td bgcolor=\"#ffffff\" width=\"70%\">355 kg<\/td>\n<\/tr>\n<tr valign=\"top\">\n<td bgcolor=\"#f1f1f1\" width=\"30%\">Exigences \u00e9lectriques<\/td>\n<td bgcolor=\"#ffffff\" width=\"70%\">220V, 380V, 400V, 415V 50\/60Hz 3PH<\/td>\n<\/tr>\n<\/tbody>\n<\/table>\n<p>* Les dispositifs de s\u00e9curit\u00e9 doivent \u00eatre conformes \u00e0 la r\u00e9glementation CE<\/p>\n","protected":false},"excerpt":{"rendered":"<p>La TP-601YPT est une cercleuse automatique \u00e0 fermeture lat\u00e9rale pour les cerclages en PP et PET (9 mm, 12 mm ou 15,5 mm). Gr\u00e2ce aux tr\u00e8s grandes dimensions d&rsquo;arceau disponibles, la TP-601YPT est id\u00e9ale pour les applications sur les produits lourds et\/ou de grande taille, les appareils m\u00e9nagers (tels que r\u00e9frig\u00e9rateur, t\u00e9l\u00e9vision ou machine \u00e0 [&hellip;]<\/p>\n","protected":false},"featured_media":3339,"comment_status":"open","ping_status":"closed","template":"","meta":[],"product_brand":[],"product_cat":[91,109,121,116],"product_tag":[],"class_list":{"0":"post-4097","1":"product","2":"type-product","3":"status-publish","4":"has-post-thumbnail","6":"product_cat-fabricants","7":"product_cat-machines-a-cercler","8":"product_cat-machines-automatiques-et-completes-avec-soudure-laterale","9":"product_cat-transpak-fr","11":"first","12":"instock","13":"product-type-simple"},"yoast_head":"<!-- This site is optimized with the Yoast SEO plugin v26.9 - https:\/\/yoast.com\/product\/yoast-seo-wordpress\/ -->\n<title>TP-601YPT Machine automatique pour cerclage PET et PP - Karopack<\/title>\n<meta name=\"robots\" content=\"index, follow, max-snippet:-1, max-image-preview:large, max-video-preview:-1\" \/>\n<link rel=\"canonical\" href=\"https:\/\/www.karopack.be\/fr\/produit\/tp-601ypt-machine-automatique-pour-cerclage-pet-et-pp\/\" \/>\n<meta property=\"og:locale\" content=\"fr_FR\" \/>\n<meta property=\"og:type\" content=\"article\" \/>\n<meta property=\"og:title\" content=\"TP-601YPT Machine automatique pour cerclage PET et PP - Karopack\" \/>\n<meta property=\"og:description\" content=\"La TP-601YPT est une cercleuse automatique \u00e0 fermeture lat\u00e9rale pour les cerclages en PP et PET (9 mm, 12 mm ou 15,5 mm). Gr\u00e2ce aux tr\u00e8s grandes dimensions d&rsquo;arceau disponibles, la TP-601YPT est id\u00e9ale pour les applications sur les produits lourds et\/ou de grande taille, les appareils m\u00e9nagers (tels que r\u00e9frig\u00e9rateur, t\u00e9l\u00e9vision ou machine \u00e0 [&hellip;]\" \/>\n<meta property=\"og:url\" content=\"https:\/\/www.karopack.be\/fr\/produit\/tp-601ypt-machine-automatique-pour-cerclage-pet-et-pp\/\" \/>\n<meta property=\"og:site_name\" content=\"Karopack\" \/>\n<meta property=\"og:image\" content=\"https:\/\/www.karopack.be\/wp-content\/uploads\/2024\/02\/TP-601YPT1.jpg\" \/>\n\t<meta property=\"og:image:width\" content=\"400\" \/>\n\t<meta property=\"og:image:height\" content=\"400\" \/>\n\t<meta property=\"og:image:type\" content=\"image\/jpeg\" \/>\n<meta name=\"twitter:card\" content=\"summary_large_image\" \/>\n<meta name=\"twitter:label1\" content=\"Dur\u00e9e de lecture est.\" \/>\n\t<meta name=\"twitter:data1\" content=\"1 minute\" \/>\n<script type=\"application\/ld+json\" class=\"yoast-schema-graph\">{\"@context\":\"https:\/\/schema.org\",\"@graph\":[{\"@type\":\"WebPage\",\"@id\":\"https:\/\/www.karopack.be\/fr\/produit\/tp-601ypt-machine-automatique-pour-cerclage-pet-et-pp\/\",\"url\":\"https:\/\/www.karopack.be\/fr\/produit\/tp-601ypt-machine-automatique-pour-cerclage-pet-et-pp\/\",\"name\":\"TP-601YPT Machine automatique pour cerclage PET et PP - Karopack\",\"isPartOf\":{\"@id\":\"https:\/\/www.karopack.be\/fr\/#website\"},\"primaryImageOfPage\":{\"@id\":\"https:\/\/www.karopack.be\/fr\/produit\/tp-601ypt-machine-automatique-pour-cerclage-pet-et-pp\/#primaryimage\"},\"image\":{\"@id\":\"https:\/\/www.karopack.be\/fr\/produit\/tp-601ypt-machine-automatique-pour-cerclage-pet-et-pp\/#primaryimage\"},\"thumbnailUrl\":\"https:\/\/www.karopack.be\/wp-content\/uploads\/2024\/02\/TP-601YPT1.jpg\",\"datePublished\":\"2024-07-11T06:17:38+00:00\",\"breadcrumb\":{\"@id\":\"https:\/\/www.karopack.be\/fr\/produit\/tp-601ypt-machine-automatique-pour-cerclage-pet-et-pp\/#breadcrumb\"},\"inLanguage\":\"fr-BE\",\"potentialAction\":[{\"@type\":\"ReadAction\",\"target\":[\"https:\/\/www.karopack.be\/fr\/produit\/tp-601ypt-machine-automatique-pour-cerclage-pet-et-pp\/\"]}]},{\"@type\":\"ImageObject\",\"inLanguage\":\"fr-BE\",\"@id\":\"https:\/\/www.karopack.be\/fr\/produit\/tp-601ypt-machine-automatique-pour-cerclage-pet-et-pp\/#primaryimage\",\"url\":\"https:\/\/www.karopack.be\/wp-content\/uploads\/2024\/02\/TP-601YPT1.jpg\",\"contentUrl\":\"https:\/\/www.karopack.be\/wp-content\/uploads\/2024\/02\/TP-601YPT1.jpg\",\"width\":400,\"height\":400},{\"@type\":\"BreadcrumbList\",\"@id\":\"https:\/\/www.karopack.be\/fr\/produit\/tp-601ypt-machine-automatique-pour-cerclage-pet-et-pp\/#breadcrumb\",\"itemListElement\":[{\"@type\":\"ListItem\",\"position\":1,\"name\":\"Home\",\"item\":\"https:\/\/www.karopack.be\/fr\/\"},{\"@type\":\"ListItem\",\"position\":2,\"name\":\"Shop\",\"item\":\"https:\/\/www.karopack.be\/fr\/shop\/\"},{\"@type\":\"ListItem\",\"position\":3,\"name\":\"TP-601YPT Machine automatique pour cerclage PET et PP\"}]},{\"@type\":\"WebSite\",\"@id\":\"https:\/\/www.karopack.be\/fr\/#website\",\"url\":\"https:\/\/www.karopack.be\/fr\/\",\"name\":\"Karopack\",\"description\":\"\",\"publisher\":{\"@id\":\"https:\/\/www.karopack.be\/fr\/#organization\"},\"potentialAction\":[{\"@type\":\"SearchAction\",\"target\":{\"@type\":\"EntryPoint\",\"urlTemplate\":\"https:\/\/www.karopack.be\/fr\/?s={search_term_string}\"},\"query-input\":{\"@type\":\"PropertyValueSpecification\",\"valueRequired\":true,\"valueName\":\"search_term_string\"}}],\"inLanguage\":\"fr-BE\"},{\"@type\":\"Organization\",\"@id\":\"https:\/\/www.karopack.be\/fr\/#organization\",\"name\":\"Karopack\",\"url\":\"https:\/\/www.karopack.be\/fr\/\",\"logo\":{\"@type\":\"ImageObject\",\"inLanguage\":\"fr-BE\",\"@id\":\"https:\/\/www.karopack.be\/fr\/#\/schema\/logo\/image\/\",\"url\":\"https:\/\/www.karopack.be\/wp-content\/uploads\/2024\/07\/Karopack-Logo.png\",\"contentUrl\":\"https:\/\/www.karopack.be\/wp-content\/uploads\/2024\/07\/Karopack-Logo.png\",\"width\":809,\"height\":240,\"caption\":\"Karopack\"},\"image\":{\"@id\":\"https:\/\/www.karopack.be\/fr\/#\/schema\/logo\/image\/\"}}]}<\/script>\n<!-- \/ Yoast SEO plugin. -->","yoast_head_json":{"title":"TP-601YPT Machine automatique pour cerclage PET et PP - Karopack","robots":{"index":"index","follow":"follow","max-snippet":"max-snippet:-1","max-image-preview":"max-image-preview:large","max-video-preview":"max-video-preview:-1"},"canonical":"https:\/\/www.karopack.be\/fr\/produit\/tp-601ypt-machine-automatique-pour-cerclage-pet-et-pp\/","og_locale":"fr_FR","og_type":"article","og_title":"TP-601YPT Machine automatique pour cerclage PET et PP - Karopack","og_description":"La TP-601YPT est une cercleuse automatique \u00e0 fermeture lat\u00e9rale pour les cerclages en PP et PET (9 mm, 12 mm ou 15,5 mm). Gr\u00e2ce aux tr\u00e8s grandes dimensions d&rsquo;arceau disponibles, la TP-601YPT est id\u00e9ale pour les applications sur les produits lourds et\/ou de grande taille, les appareils m\u00e9nagers (tels que r\u00e9frig\u00e9rateur, t\u00e9l\u00e9vision ou machine \u00e0 [&hellip;]","og_url":"https:\/\/www.karopack.be\/fr\/produit\/tp-601ypt-machine-automatique-pour-cerclage-pet-et-pp\/","og_site_name":"Karopack","og_image":[{"width":400,"height":400,"url":"https:\/\/www.karopack.be\/wp-content\/uploads\/2024\/02\/TP-601YPT1.jpg","type":"image\/jpeg"}],"twitter_card":"summary_large_image","twitter_misc":{"Dur\u00e9e de lecture est.":"1 minute"},"schema":{"@context":"https:\/\/schema.org","@graph":[{"@type":"WebPage","@id":"https:\/\/www.karopack.be\/fr\/produit\/tp-601ypt-machine-automatique-pour-cerclage-pet-et-pp\/","url":"https:\/\/www.karopack.be\/fr\/produit\/tp-601ypt-machine-automatique-pour-cerclage-pet-et-pp\/","name":"TP-601YPT Machine automatique pour cerclage PET et PP - Karopack","isPartOf":{"@id":"https:\/\/www.karopack.be\/fr\/#website"},"primaryImageOfPage":{"@id":"https:\/\/www.karopack.be\/fr\/produit\/tp-601ypt-machine-automatique-pour-cerclage-pet-et-pp\/#primaryimage"},"image":{"@id":"https:\/\/www.karopack.be\/fr\/produit\/tp-601ypt-machine-automatique-pour-cerclage-pet-et-pp\/#primaryimage"},"thumbnailUrl":"https:\/\/www.karopack.be\/wp-content\/uploads\/2024\/02\/TP-601YPT1.jpg","datePublished":"2024-07-11T06:17:38+00:00","breadcrumb":{"@id":"https:\/\/www.karopack.be\/fr\/produit\/tp-601ypt-machine-automatique-pour-cerclage-pet-et-pp\/#breadcrumb"},"inLanguage":"fr-BE","potentialAction":[{"@type":"ReadAction","target":["https:\/\/www.karopack.be\/fr\/produit\/tp-601ypt-machine-automatique-pour-cerclage-pet-et-pp\/"]}]},{"@type":"ImageObject","inLanguage":"fr-BE","@id":"https:\/\/www.karopack.be\/fr\/produit\/tp-601ypt-machine-automatique-pour-cerclage-pet-et-pp\/#primaryimage","url":"https:\/\/www.karopack.be\/wp-content\/uploads\/2024\/02\/TP-601YPT1.jpg","contentUrl":"https:\/\/www.karopack.be\/wp-content\/uploads\/2024\/02\/TP-601YPT1.jpg","width":400,"height":400},{"@type":"BreadcrumbList","@id":"https:\/\/www.karopack.be\/fr\/produit\/tp-601ypt-machine-automatique-pour-cerclage-pet-et-pp\/#breadcrumb","itemListElement":[{"@type":"ListItem","position":1,"name":"Home","item":"https:\/\/www.karopack.be\/fr\/"},{"@type":"ListItem","position":2,"name":"Shop","item":"https:\/\/www.karopack.be\/fr\/shop\/"},{"@type":"ListItem","position":3,"name":"TP-601YPT Machine automatique pour cerclage PET et PP"}]},{"@type":"WebSite","@id":"https:\/\/www.karopack.be\/fr\/#website","url":"https:\/\/www.karopack.be\/fr\/","name":"Karopack","description":"","publisher":{"@id":"https:\/\/www.karopack.be\/fr\/#organization"},"potentialAction":[{"@type":"SearchAction","target":{"@type":"EntryPoint","urlTemplate":"https:\/\/www.karopack.be\/fr\/?s={search_term_string}"},"query-input":{"@type":"PropertyValueSpecification","valueRequired":true,"valueName":"search_term_string"}}],"inLanguage":"fr-BE"},{"@type":"Organization","@id":"https:\/\/www.karopack.be\/fr\/#organization","name":"Karopack","url":"https:\/\/www.karopack.be\/fr\/","logo":{"@type":"ImageObject","inLanguage":"fr-BE","@id":"https:\/\/www.karopack.be\/fr\/#\/schema\/logo\/image\/","url":"https:\/\/www.karopack.be\/wp-content\/uploads\/2024\/07\/Karopack-Logo.png","contentUrl":"https:\/\/www.karopack.be\/wp-content\/uploads\/2024\/07\/Karopack-Logo.png","width":809,"height":240,"caption":"Karopack"},"image":{"@id":"https:\/\/www.karopack.be\/fr\/#\/schema\/logo\/image\/"}}]}},"_links":{"self":[{"href":"https:\/\/www.karopack.be\/fr\/wp-json\/wp\/v2\/product\/4097","targetHints":{"allow":["GET"]}}],"collection":[{"href":"https:\/\/www.karopack.be\/fr\/wp-json\/wp\/v2\/product"}],"about":[{"href":"https:\/\/www.karopack.be\/fr\/wp-json\/wp\/v2\/types\/product"}],"replies":[{"embeddable":true,"href":"https:\/\/www.karopack.be\/fr\/wp-json\/wp\/v2\/comments?post=4097"}],"wp:featuredmedia":[{"embeddable":true,"href":"https:\/\/www.karopack.be\/fr\/wp-json\/wp\/v2\/media\/3339"}],"wp:attachment":[{"href":"https:\/\/www.karopack.be\/fr\/wp-json\/wp\/v2\/media?parent=4097"}],"wp:term":[{"taxonomy":"product_brand","embeddable":true,"href":"https:\/\/www.karopack.be\/fr\/wp-json\/wp\/v2\/product_brand?post=4097"},{"taxonomy":"product_cat","embeddable":true,"href":"https:\/\/www.karopack.be\/fr\/wp-json\/wp\/v2\/product_cat?post=4097"},{"taxonomy":"product_tag","embeddable":true,"href":"https:\/\/www.karopack.be\/fr\/wp-json\/wp\/v2\/product_tag?post=4097"}],"curies":[{"name":"wp","href":"https:\/\/api.w.org\/{rel}","templated":true}]}}