{"id":4101,"date":"2024-07-11T06:17:37","date_gmt":"2024-07-11T06:17:37","guid":{"rendered":"https:\/\/www.karopack.be\/product\/tp-601ya-tauris-transit\/"},"modified":"2024-07-11T06:17:37","modified_gmt":"2024-07-11T06:17:37","slug":"tp-601ya-tauris-transit","status":"publish","type":"product","link":"https:\/\/www.karopack.be\/fr\/produit\/tp-601ya-tauris-transit\/","title":{"rendered":"TP-601YA Tauris Transit"},"content":{"rendered":"<h4>Caract\u00e9ristiques<\/h4>\n<ul>\n<li>T\u00eate de cerclage fiable et robuste<\/li>\n<li>Alimentation automatique par courroie<\/li>\n<li>R\u00e9gulation \u00e9lectronique de la tension<\/li>\n<li>\u00c9jecteur automatique de bande<\/li>\n<li>Capteur d&rsquo;entr\u00e9e courte<\/li>\n<li>R\u00e9alimentation automatique de la bande<\/li>\n<li>Ejecteur d&rsquo;extr\u00e9mit\u00e9 de sangle<\/li>\n<li>T\u00eate de cerclage sans graisse<\/li>\n<li>\u00c9cluse en amont et en aval<\/li>\n<li>Temps de refroidissement du soudage r\u00e9glable (0-2 sec)<\/li>\n<\/ul>\n<h4>Options<\/h4>\n<ul>\n<li>Interrupteur d&rsquo;arr\u00eat d&rsquo;urgence<\/li>\n<li>Siemens PLC<\/li>\n<li>Roulettes pivotantes en PU<\/li>\n<li>Soutien accru<\/li>\n<li>Sans table \u00e0 rouleaux r\u00e9glable (TP-601YA-XT)<\/li>\n<\/ul>\n<h4>Donn\u00e9es techniques<\/h4>\n<table border=\"1\" width=\"100%\" cellspacing=\"0\" cellpadding=\"3\">\n<tbody>\n<tr valign=\"top\">\n<td bgcolor=\"#f1f1f1\" width=\"30%\">Capacit\u00e9<\/td>\n<td bgcolor=\"#ffffff\" width=\"70%\">Jusqu&rsquo;\u00e0 18 colis\/minute<\/td>\n<\/tr>\n<tr valign=\"top\">\n<td bgcolor=\"#f1f1f1\" width=\"30%\">Largeur du pneu<\/td>\n<td bgcolor=\"#ffffff\" width=\"70%\">8 mm, 9 mm ou 12 mm<\/td>\n<\/tr>\n<tr valign=\"top\">\n<td bgcolor=\"#f1f1f1\" width=\"30%\">Plage de tension<\/td>\n<td bgcolor=\"#ffffff\" width=\"70%\">7 &#8211; 70 kg (n\u00e9cessite des dispositifs de s\u00e9curit\u00e9 conformes \u00e0 la r\u00e9glementation CE)<\/td>\n<\/tr>\n<tr valign=\"top\">\n<td bgcolor=\"#f1f1f1\" width=\"30%\">Hauteur de la table<\/td>\n<td bgcolor=\"#ffffff\" width=\"70%\">480 &#8211; 585 mm<\/td>\n<\/tr>\n<tr valign=\"top\">\n<td bgcolor=\"#f1f1f1\" width=\"30%\">Vitesse du convoyeur<\/td>\n<td bgcolor=\"#ffffff\" width=\"70%\"> 10 &#8211; 40 m\u00e8tres\/minute<\/td>\n<\/tr>\n<tr valign=\"top\">\n<td bgcolor=\"#f1f1f1\" width=\"30%\">Poids<\/td>\n<td bgcolor=\"#ffffff\" width=\"70%\">333 kg<\/td>\n<\/tr>\n<tr valign=\"top\">\n<td bgcolor=\"#f1f1f1\" width=\"30%\">Exigences \u00e9lectriques<\/td>\n<td bgcolor=\"#ffffff\" width=\"70%\">220V, 380V, 400V, 415V 50\/60Hz 3PH<\/td>\n<\/tr>\n<\/tbody>\n<\/table>\n","protected":false},"excerpt":{"rendered":"<p>La Tauris Transit TP-601YA utilise la m\u00eame t\u00eate de cerclage fiable et robuste que la Tauris TP-601D. Elle peut \u00eatre int\u00e9gr\u00e9e dans la plupart des lignes de production et utilis\u00e9e pour une vari\u00e9t\u00e9 d&rsquo;applications. La TP-601YA est id\u00e9ale pour le cerclage de produits lourds ou de grande taille et d&rsquo;appareils m\u00e9nagers. Avec sa t\u00eate de cerclage mont\u00e9e sur le c\u00f4t\u00e9, elle convient \u00e9galement aux environnements de travail poussi\u00e9reux tels que les scieries, les industries de la brique et de la tuile. Une large gamme de tailles d&rsquo;arceaux est disponible pour r\u00e9pondre aux diff\u00e9rentes applications.    <\/p>\n","protected":false},"featured_media":3335,"comment_status":"open","ping_status":"closed","template":"","meta":[],"product_brand":[],"product_cat":[91,109,121,116],"product_tag":[],"class_list":{"0":"post-4101","1":"product","2":"type-product","3":"status-publish","4":"has-post-thumbnail","6":"product_cat-fabricants","7":"product_cat-machines-a-cercler","8":"product_cat-machines-automatiques-et-completes-avec-soudure-laterale","9":"product_cat-transpak-fr","11":"first","12":"instock","13":"product-type-simple"},"yoast_head":"<!-- This site is optimized with the Yoast SEO plugin v26.9 - https:\/\/yoast.com\/product\/yoast-seo-wordpress\/ -->\n<title>TP-601YA Tauris Transit - Karopack<\/title>\n<meta name=\"robots\" content=\"index, follow, max-snippet:-1, max-image-preview:large, max-video-preview:-1\" \/>\n<link rel=\"canonical\" href=\"https:\/\/www.karopack.be\/fr\/produit\/tp-601ya-tauris-transit\/\" \/>\n<meta property=\"og:locale\" content=\"fr_FR\" \/>\n<meta property=\"og:type\" content=\"article\" \/>\n<meta property=\"og:title\" content=\"TP-601YA Tauris Transit - Karopack\" \/>\n<meta property=\"og:description\" content=\"La Tauris Transit TP-601YA utilise la m\u00eame t\u00eate de cerclage fiable et robuste que la Tauris TP-601D. Elle peut \u00eatre int\u00e9gr\u00e9e dans la plupart des lignes de production et utilis\u00e9e pour une vari\u00e9t\u00e9 d&#039;applications. La TP-601YA est id\u00e9ale pour le cerclage de produits lourds ou de grande taille et d&#039;appareils m\u00e9nagers. Avec sa t\u00eate de cerclage mont\u00e9e sur le c\u00f4t\u00e9, elle convient \u00e9galement aux environnements de travail poussi\u00e9reux tels que les scieries, les industries de la brique et de la tuile. Une large gamme de tailles d&#039;arceaux est disponible pour r\u00e9pondre aux diff\u00e9rentes applications.\" \/>\n<meta property=\"og:url\" content=\"https:\/\/www.karopack.be\/fr\/produit\/tp-601ya-tauris-transit\/\" \/>\n<meta property=\"og:site_name\" content=\"Karopack\" \/>\n<meta property=\"og:image\" content=\"https:\/\/www.karopack.be\/wp-content\/uploads\/2024\/02\/TP-601YA1.jpg\" \/>\n\t<meta property=\"og:image:width\" content=\"400\" \/>\n\t<meta property=\"og:image:height\" content=\"400\" \/>\n\t<meta property=\"og:image:type\" content=\"image\/jpeg\" \/>\n<meta name=\"twitter:card\" content=\"summary_large_image\" \/>\n<meta name=\"twitter:label1\" content=\"Dur\u00e9e de lecture est.\" \/>\n\t<meta name=\"twitter:data1\" content=\"1 minute\" \/>\n<script type=\"application\/ld+json\" class=\"yoast-schema-graph\">{\"@context\":\"https:\/\/schema.org\",\"@graph\":[{\"@type\":\"WebPage\",\"@id\":\"https:\/\/www.karopack.be\/fr\/produit\/tp-601ya-tauris-transit\/\",\"url\":\"https:\/\/www.karopack.be\/fr\/produit\/tp-601ya-tauris-transit\/\",\"name\":\"TP-601YA Tauris Transit - Karopack\",\"isPartOf\":{\"@id\":\"https:\/\/www.karopack.be\/fr\/#website\"},\"primaryImageOfPage\":{\"@id\":\"https:\/\/www.karopack.be\/fr\/produit\/tp-601ya-tauris-transit\/#primaryimage\"},\"image\":{\"@id\":\"https:\/\/www.karopack.be\/fr\/produit\/tp-601ya-tauris-transit\/#primaryimage\"},\"thumbnailUrl\":\"https:\/\/www.karopack.be\/wp-content\/uploads\/2024\/02\/TP-601YA1.jpg\",\"datePublished\":\"2024-07-11T06:17:37+00:00\",\"breadcrumb\":{\"@id\":\"https:\/\/www.karopack.be\/fr\/produit\/tp-601ya-tauris-transit\/#breadcrumb\"},\"inLanguage\":\"fr-BE\",\"potentialAction\":[{\"@type\":\"ReadAction\",\"target\":[\"https:\/\/www.karopack.be\/fr\/produit\/tp-601ya-tauris-transit\/\"]}]},{\"@type\":\"ImageObject\",\"inLanguage\":\"fr-BE\",\"@id\":\"https:\/\/www.karopack.be\/fr\/produit\/tp-601ya-tauris-transit\/#primaryimage\",\"url\":\"https:\/\/www.karopack.be\/wp-content\/uploads\/2024\/02\/TP-601YA1.jpg\",\"contentUrl\":\"https:\/\/www.karopack.be\/wp-content\/uploads\/2024\/02\/TP-601YA1.jpg\",\"width\":400,\"height\":400},{\"@type\":\"BreadcrumbList\",\"@id\":\"https:\/\/www.karopack.be\/fr\/produit\/tp-601ya-tauris-transit\/#breadcrumb\",\"itemListElement\":[{\"@type\":\"ListItem\",\"position\":1,\"name\":\"Home\",\"item\":\"https:\/\/www.karopack.be\/fr\/\"},{\"@type\":\"ListItem\",\"position\":2,\"name\":\"Shop\",\"item\":\"https:\/\/www.karopack.be\/fr\/shop\/\"},{\"@type\":\"ListItem\",\"position\":3,\"name\":\"TP-601YA Tauris Transit\"}]},{\"@type\":\"WebSite\",\"@id\":\"https:\/\/www.karopack.be\/fr\/#website\",\"url\":\"https:\/\/www.karopack.be\/fr\/\",\"name\":\"Karopack\",\"description\":\"\",\"publisher\":{\"@id\":\"https:\/\/www.karopack.be\/fr\/#organization\"},\"potentialAction\":[{\"@type\":\"SearchAction\",\"target\":{\"@type\":\"EntryPoint\",\"urlTemplate\":\"https:\/\/www.karopack.be\/fr\/?s={search_term_string}\"},\"query-input\":{\"@type\":\"PropertyValueSpecification\",\"valueRequired\":true,\"valueName\":\"search_term_string\"}}],\"inLanguage\":\"fr-BE\"},{\"@type\":\"Organization\",\"@id\":\"https:\/\/www.karopack.be\/fr\/#organization\",\"name\":\"Karopack\",\"url\":\"https:\/\/www.karopack.be\/fr\/\",\"logo\":{\"@type\":\"ImageObject\",\"inLanguage\":\"fr-BE\",\"@id\":\"https:\/\/www.karopack.be\/fr\/#\/schema\/logo\/image\/\",\"url\":\"https:\/\/www.karopack.be\/wp-content\/uploads\/2024\/07\/Karopack-Logo.png\",\"contentUrl\":\"https:\/\/www.karopack.be\/wp-content\/uploads\/2024\/07\/Karopack-Logo.png\",\"width\":809,\"height\":240,\"caption\":\"Karopack\"},\"image\":{\"@id\":\"https:\/\/www.karopack.be\/fr\/#\/schema\/logo\/image\/\"}}]}<\/script>\n<!-- \/ Yoast SEO plugin. -->","yoast_head_json":{"title":"TP-601YA Tauris Transit - Karopack","robots":{"index":"index","follow":"follow","max-snippet":"max-snippet:-1","max-image-preview":"max-image-preview:large","max-video-preview":"max-video-preview:-1"},"canonical":"https:\/\/www.karopack.be\/fr\/produit\/tp-601ya-tauris-transit\/","og_locale":"fr_FR","og_type":"article","og_title":"TP-601YA Tauris Transit - Karopack","og_description":"La Tauris Transit TP-601YA utilise la m\u00eame t\u00eate de cerclage fiable et robuste que la Tauris TP-601D. Elle peut \u00eatre int\u00e9gr\u00e9e dans la plupart des lignes de production et utilis\u00e9e pour une vari\u00e9t\u00e9 d'applications. La TP-601YA est id\u00e9ale pour le cerclage de produits lourds ou de grande taille et d'appareils m\u00e9nagers. Avec sa t\u00eate de cerclage mont\u00e9e sur le c\u00f4t\u00e9, elle convient \u00e9galement aux environnements de travail poussi\u00e9reux tels que les scieries, les industries de la brique et de la tuile. Une large gamme de tailles d'arceaux est disponible pour r\u00e9pondre aux diff\u00e9rentes applications.","og_url":"https:\/\/www.karopack.be\/fr\/produit\/tp-601ya-tauris-transit\/","og_site_name":"Karopack","og_image":[{"width":400,"height":400,"url":"https:\/\/www.karopack.be\/wp-content\/uploads\/2024\/02\/TP-601YA1.jpg","type":"image\/jpeg"}],"twitter_card":"summary_large_image","twitter_misc":{"Dur\u00e9e de lecture est.":"1 minute"},"schema":{"@context":"https:\/\/schema.org","@graph":[{"@type":"WebPage","@id":"https:\/\/www.karopack.be\/fr\/produit\/tp-601ya-tauris-transit\/","url":"https:\/\/www.karopack.be\/fr\/produit\/tp-601ya-tauris-transit\/","name":"TP-601YA Tauris Transit - Karopack","isPartOf":{"@id":"https:\/\/www.karopack.be\/fr\/#website"},"primaryImageOfPage":{"@id":"https:\/\/www.karopack.be\/fr\/produit\/tp-601ya-tauris-transit\/#primaryimage"},"image":{"@id":"https:\/\/www.karopack.be\/fr\/produit\/tp-601ya-tauris-transit\/#primaryimage"},"thumbnailUrl":"https:\/\/www.karopack.be\/wp-content\/uploads\/2024\/02\/TP-601YA1.jpg","datePublished":"2024-07-11T06:17:37+00:00","breadcrumb":{"@id":"https:\/\/www.karopack.be\/fr\/produit\/tp-601ya-tauris-transit\/#breadcrumb"},"inLanguage":"fr-BE","potentialAction":[{"@type":"ReadAction","target":["https:\/\/www.karopack.be\/fr\/produit\/tp-601ya-tauris-transit\/"]}]},{"@type":"ImageObject","inLanguage":"fr-BE","@id":"https:\/\/www.karopack.be\/fr\/produit\/tp-601ya-tauris-transit\/#primaryimage","url":"https:\/\/www.karopack.be\/wp-content\/uploads\/2024\/02\/TP-601YA1.jpg","contentUrl":"https:\/\/www.karopack.be\/wp-content\/uploads\/2024\/02\/TP-601YA1.jpg","width":400,"height":400},{"@type":"BreadcrumbList","@id":"https:\/\/www.karopack.be\/fr\/produit\/tp-601ya-tauris-transit\/#breadcrumb","itemListElement":[{"@type":"ListItem","position":1,"name":"Home","item":"https:\/\/www.karopack.be\/fr\/"},{"@type":"ListItem","position":2,"name":"Shop","item":"https:\/\/www.karopack.be\/fr\/shop\/"},{"@type":"ListItem","position":3,"name":"TP-601YA Tauris Transit"}]},{"@type":"WebSite","@id":"https:\/\/www.karopack.be\/fr\/#website","url":"https:\/\/www.karopack.be\/fr\/","name":"Karopack","description":"","publisher":{"@id":"https:\/\/www.karopack.be\/fr\/#organization"},"potentialAction":[{"@type":"SearchAction","target":{"@type":"EntryPoint","urlTemplate":"https:\/\/www.karopack.be\/fr\/?s={search_term_string}"},"query-input":{"@type":"PropertyValueSpecification","valueRequired":true,"valueName":"search_term_string"}}],"inLanguage":"fr-BE"},{"@type":"Organization","@id":"https:\/\/www.karopack.be\/fr\/#organization","name":"Karopack","url":"https:\/\/www.karopack.be\/fr\/","logo":{"@type":"ImageObject","inLanguage":"fr-BE","@id":"https:\/\/www.karopack.be\/fr\/#\/schema\/logo\/image\/","url":"https:\/\/www.karopack.be\/wp-content\/uploads\/2024\/07\/Karopack-Logo.png","contentUrl":"https:\/\/www.karopack.be\/wp-content\/uploads\/2024\/07\/Karopack-Logo.png","width":809,"height":240,"caption":"Karopack"},"image":{"@id":"https:\/\/www.karopack.be\/fr\/#\/schema\/logo\/image\/"}}]}},"_links":{"self":[{"href":"https:\/\/www.karopack.be\/fr\/wp-json\/wp\/v2\/product\/4101","targetHints":{"allow":["GET"]}}],"collection":[{"href":"https:\/\/www.karopack.be\/fr\/wp-json\/wp\/v2\/product"}],"about":[{"href":"https:\/\/www.karopack.be\/fr\/wp-json\/wp\/v2\/types\/product"}],"replies":[{"embeddable":true,"href":"https:\/\/www.karopack.be\/fr\/wp-json\/wp\/v2\/comments?post=4101"}],"wp:featuredmedia":[{"embeddable":true,"href":"https:\/\/www.karopack.be\/fr\/wp-json\/wp\/v2\/media\/3335"}],"wp:attachment":[{"href":"https:\/\/www.karopack.be\/fr\/wp-json\/wp\/v2\/media?parent=4101"}],"wp:term":[{"taxonomy":"product_brand","embeddable":true,"href":"https:\/\/www.karopack.be\/fr\/wp-json\/wp\/v2\/product_brand?post=4101"},{"taxonomy":"product_cat","embeddable":true,"href":"https:\/\/www.karopack.be\/fr\/wp-json\/wp\/v2\/product_cat?post=4101"},{"taxonomy":"product_tag","embeddable":true,"href":"https:\/\/www.karopack.be\/fr\/wp-json\/wp\/v2\/product_tag?post=4101"}],"curies":[{"name":"wp","href":"https:\/\/api.w.org\/{rel}","templated":true}]}}