{"id":4108,"date":"2024-07-11T06:17:32","date_gmt":"2024-07-11T06:17:32","guid":{"rendered":"https:\/\/www.karopack.be\/product\/tp-702ya-mercury-transit\/"},"modified":"2024-07-11T06:17:32","modified_gmt":"2024-07-11T06:17:32","slug":"tp-702ya-mercury-transit","status":"publish","type":"product","link":"https:\/\/www.karopack.be\/fr\/produit\/tp-702ya-mercury-transit\/","title":{"rendered":"TP-702YA Mercury Transit"},"content":{"rendered":"<h4>Caract\u00e9ristiques<\/h4>\n<ul>\n<li>T\u00eate de cerclage robuste et compacte<\/li>\n<li>Panneau de contr\u00f4le avec \u00e9cran LCD<\/li>\n<li>Acc\u00e8s gratuit aux guides de ceinture (brevets enregistr\u00e9s)<\/li>\n<li>Conception d&rsquo;un distributeur interne de courroies<\/li>\n<li>Tension descendante<\/li>\n<li>\u00c9jecteur automatique de bande<\/li>\n<li>Ejecteur d&rsquo;extr\u00e9mit\u00e9 de sangle<\/li>\n<li>Chauffage command\u00e9 par capteur<\/li>\n<li>\u00c9cluse en amont et en aval<\/li>\n<li>Hauteur de table r\u00e9glable entre 445 mm et 645 mm<\/li>\n<\/ul>\n<h4>Options<\/h4>\n<ul>\n<li>Tour lumineuse avec capteur \u00e0 bande basse<\/li>\n<li>Petit paquet<\/li>\n<li>Siemens PLC<\/li>\n<li>Transit \u00e9conome en \u00e9nergie avec mode veille automatique<\/li>\n<li>Pousseur lat\u00e9ral<\/li>\n<li>Double barre de pression<\/li>\n<\/ul>\n<h4>Technologies vertes<\/h4>\n<p>          <strong><br \/>\n            <img decoding=\"async\" class=\"\" src=\"https:\/\/www.karopack.be\/wp-content\/uploads\/2024\/07\/GreenTech_logo.jpg\" alt=\"\" width=\"214\" height=\"146\"><br \/>\n          <\/strong><\/p>\n<h4>Donn\u00e9es techniques<\/h4>\n<table border=\"1\" width=\"100%\" cellspacing=\"0\" cellpadding=\"3\">\n<tbody>\n<tr valign=\"top\">\n<td bgcolor=\"#f1f1f1\" width=\"30%\">Capacit\u00e9<\/td>\n<td bgcolor=\"#ffffff\" width=\"70%\">Jusqu&rsquo;\u00e0 35 colis\/minute<\/td>\n<\/tr>\n<tr valign=\"top\">\n<td bgcolor=\"#f1f1f1\" width=\"30%\">Largeur du pneu<\/td>\n<td bgcolor=\"#ffffff\" width=\"70%\">5 mm, 6 mm, 9 mm ou 12 mm<\/td>\n<\/tr>\n<tr valign=\"top\">\n<td bgcolor=\"#f1f1f1\" width=\"30%\">Plage de tension<\/td>\n<td bgcolor=\"#ffffff\" width=\"70%\">\n<p>1 &#8211; 32 kg (pour 5 mm, 6 mm et 9 mm) 1 &#8211; 45 kg (pour 12 mm) *Tension plus \u00e9lev\u00e9e disponible sur demande<\/td>\n<\/tr>\n<tr valign=\"top\">\n<td bgcolor=\"#f1f1f1\" width=\"30%\">Poids<\/td>\n<td bgcolor=\"#ffffff\" width=\"70%\">340 kg<\/td>\n<\/tr>\n<tr valign=\"top\">\n<td bgcolor=\"#f1f1f1\" width=\"30%\">Exigences \u00e9lectriques<\/td>\n<td bgcolor=\"#ffffff\" width=\"70%\">\n110V, 220V, 230V, 240V 50\/60Hz 1PH 220V, 380V, 400V, 415V 50\/60Hz 3PH<\/td>\n<\/tr>\n<\/tbody>\n<\/table>\n<h4>Vid\u00e9o<\/h4>\n<div class=\"youtube-embed-wrapper\">\n            <iframe src=\"https:\/\/www.youtube.com\/embed\/mCynlWuyksI\" width=\"640\" height=\"360\" frameborder=\"0\" allowfullscreen=\"allowfullscreen\" data-mce-fragment=\"1\"><\/iframe>\n          <\/div>\n","protected":false},"excerpt":{"rendered":"<p>La Mercury Transit TP-702YA est une cercleuse lat\u00e9rale enti\u00e8rement automatique et \u00e0 grande vitesse, construite avec la t\u00eate de cerclage Transpak Mercury et la technologie du moteur DC sans balais. Elle peut \u00eatre utilis\u00e9e dans un large \u00e9ventail d&rsquo;applications, telles que l&rsquo;\u00e9lectrom\u00e9nager, l&rsquo;ameublement, l&rsquo;industrie du carrelage, la logistique, etc. Reprenant tous les avantages de la Mercury TP-702, elle est id\u00e9ale pour les lignes automatis\u00e9es \u00e0 haute capacit\u00e9 et efficacit\u00e9.  <\/p>\n","protected":false},"featured_media":3307,"comment_status":"open","ping_status":"closed","template":"","meta":[],"product_brand":[],"product_cat":[91,109,121,116],"product_tag":[],"class_list":{"0":"post-4108","1":"product","2":"type-product","3":"status-publish","4":"has-post-thumbnail","6":"product_cat-fabricants","7":"product_cat-machines-a-cercler","8":"product_cat-machines-automatiques-et-completes-avec-soudure-laterale","9":"product_cat-transpak-fr","11":"first","12":"instock","13":"product-type-simple"},"yoast_head":"<!-- This site is optimized with the Yoast SEO plugin v26.9 - https:\/\/yoast.com\/product\/yoast-seo-wordpress\/ -->\n<title>TP-702YA Mercury Transit - Karopack<\/title>\n<meta name=\"robots\" content=\"index, follow, max-snippet:-1, max-image-preview:large, max-video-preview:-1\" \/>\n<link rel=\"canonical\" href=\"https:\/\/www.karopack.be\/fr\/produit\/tp-702ya-mercury-transit\/\" \/>\n<meta property=\"og:locale\" content=\"fr_FR\" \/>\n<meta property=\"og:type\" content=\"article\" \/>\n<meta property=\"og:title\" content=\"TP-702YA Mercury Transit - Karopack\" \/>\n<meta property=\"og:description\" content=\"La Mercury Transit TP-702YA est une cercleuse lat\u00e9rale enti\u00e8rement automatique et \u00e0 grande vitesse, construite avec la t\u00eate de cerclage Transpak Mercury et la technologie du moteur DC sans balais. Elle peut \u00eatre utilis\u00e9e dans un large \u00e9ventail d&#039;applications, telles que l&#039;\u00e9lectrom\u00e9nager, l&#039;ameublement, l&#039;industrie du carrelage, la logistique, etc. Reprenant tous les avantages de la Mercury TP-702, elle est id\u00e9ale pour les lignes automatis\u00e9es \u00e0 haute capacit\u00e9 et efficacit\u00e9.\" \/>\n<meta property=\"og:url\" content=\"https:\/\/www.karopack.be\/fr\/produit\/tp-702ya-mercury-transit\/\" \/>\n<meta property=\"og:site_name\" content=\"Karopack\" \/>\n<meta property=\"og:image\" content=\"https:\/\/www.karopack.be\/wp-content\/uploads\/2024\/02\/TP-702YA-Mercury-Transit1.jpg\" \/>\n\t<meta property=\"og:image:width\" content=\"400\" \/>\n\t<meta property=\"og:image:height\" content=\"400\" \/>\n\t<meta property=\"og:image:type\" content=\"image\/jpeg\" \/>\n<meta name=\"twitter:card\" content=\"summary_large_image\" \/>\n<meta name=\"twitter:label1\" content=\"Dur\u00e9e de lecture est.\" \/>\n\t<meta name=\"twitter:data1\" content=\"1 minute\" \/>\n<script type=\"application\/ld+json\" class=\"yoast-schema-graph\">{\"@context\":\"https:\/\/schema.org\",\"@graph\":[{\"@type\":\"WebPage\",\"@id\":\"https:\/\/www.karopack.be\/fr\/produit\/tp-702ya-mercury-transit\/\",\"url\":\"https:\/\/www.karopack.be\/fr\/produit\/tp-702ya-mercury-transit\/\",\"name\":\"TP-702YA Mercury Transit - Karopack\",\"isPartOf\":{\"@id\":\"https:\/\/www.karopack.be\/fr\/#website\"},\"primaryImageOfPage\":{\"@id\":\"https:\/\/www.karopack.be\/fr\/produit\/tp-702ya-mercury-transit\/#primaryimage\"},\"image\":{\"@id\":\"https:\/\/www.karopack.be\/fr\/produit\/tp-702ya-mercury-transit\/#primaryimage\"},\"thumbnailUrl\":\"https:\/\/www.karopack.be\/wp-content\/uploads\/2024\/02\/TP-702YA-Mercury-Transit1.jpg\",\"datePublished\":\"2024-07-11T06:17:32+00:00\",\"breadcrumb\":{\"@id\":\"https:\/\/www.karopack.be\/fr\/produit\/tp-702ya-mercury-transit\/#breadcrumb\"},\"inLanguage\":\"fr-BE\",\"potentialAction\":[{\"@type\":\"ReadAction\",\"target\":[\"https:\/\/www.karopack.be\/fr\/produit\/tp-702ya-mercury-transit\/\"]}]},{\"@type\":\"ImageObject\",\"inLanguage\":\"fr-BE\",\"@id\":\"https:\/\/www.karopack.be\/fr\/produit\/tp-702ya-mercury-transit\/#primaryimage\",\"url\":\"https:\/\/www.karopack.be\/wp-content\/uploads\/2024\/02\/TP-702YA-Mercury-Transit1.jpg\",\"contentUrl\":\"https:\/\/www.karopack.be\/wp-content\/uploads\/2024\/02\/TP-702YA-Mercury-Transit1.jpg\",\"width\":400,\"height\":400},{\"@type\":\"BreadcrumbList\",\"@id\":\"https:\/\/www.karopack.be\/fr\/produit\/tp-702ya-mercury-transit\/#breadcrumb\",\"itemListElement\":[{\"@type\":\"ListItem\",\"position\":1,\"name\":\"Home\",\"item\":\"https:\/\/www.karopack.be\/fr\/\"},{\"@type\":\"ListItem\",\"position\":2,\"name\":\"Shop\",\"item\":\"https:\/\/www.karopack.be\/fr\/shop\/\"},{\"@type\":\"ListItem\",\"position\":3,\"name\":\"TP-702YA Mercury Transit\"}]},{\"@type\":\"WebSite\",\"@id\":\"https:\/\/www.karopack.be\/fr\/#website\",\"url\":\"https:\/\/www.karopack.be\/fr\/\",\"name\":\"Karopack\",\"description\":\"\",\"publisher\":{\"@id\":\"https:\/\/www.karopack.be\/fr\/#organization\"},\"potentialAction\":[{\"@type\":\"SearchAction\",\"target\":{\"@type\":\"EntryPoint\",\"urlTemplate\":\"https:\/\/www.karopack.be\/fr\/?s={search_term_string}\"},\"query-input\":{\"@type\":\"PropertyValueSpecification\",\"valueRequired\":true,\"valueName\":\"search_term_string\"}}],\"inLanguage\":\"fr-BE\"},{\"@type\":\"Organization\",\"@id\":\"https:\/\/www.karopack.be\/fr\/#organization\",\"name\":\"Karopack\",\"url\":\"https:\/\/www.karopack.be\/fr\/\",\"logo\":{\"@type\":\"ImageObject\",\"inLanguage\":\"fr-BE\",\"@id\":\"https:\/\/www.karopack.be\/fr\/#\/schema\/logo\/image\/\",\"url\":\"https:\/\/www.karopack.be\/wp-content\/uploads\/2024\/07\/Karopack-Logo.png\",\"contentUrl\":\"https:\/\/www.karopack.be\/wp-content\/uploads\/2024\/07\/Karopack-Logo.png\",\"width\":809,\"height\":240,\"caption\":\"Karopack\"},\"image\":{\"@id\":\"https:\/\/www.karopack.be\/fr\/#\/schema\/logo\/image\/\"}}]}<\/script>\n<!-- \/ Yoast SEO plugin. -->","yoast_head_json":{"title":"TP-702YA Mercury Transit - Karopack","robots":{"index":"index","follow":"follow","max-snippet":"max-snippet:-1","max-image-preview":"max-image-preview:large","max-video-preview":"max-video-preview:-1"},"canonical":"https:\/\/www.karopack.be\/fr\/produit\/tp-702ya-mercury-transit\/","og_locale":"fr_FR","og_type":"article","og_title":"TP-702YA Mercury Transit - Karopack","og_description":"La Mercury Transit TP-702YA est une cercleuse lat\u00e9rale enti\u00e8rement automatique et \u00e0 grande vitesse, construite avec la t\u00eate de cerclage Transpak Mercury et la technologie du moteur DC sans balais. Elle peut \u00eatre utilis\u00e9e dans un large \u00e9ventail d'applications, telles que l'\u00e9lectrom\u00e9nager, l'ameublement, l'industrie du carrelage, la logistique, etc. Reprenant tous les avantages de la Mercury TP-702, elle est id\u00e9ale pour les lignes automatis\u00e9es \u00e0 haute capacit\u00e9 et efficacit\u00e9.","og_url":"https:\/\/www.karopack.be\/fr\/produit\/tp-702ya-mercury-transit\/","og_site_name":"Karopack","og_image":[{"width":400,"height":400,"url":"https:\/\/www.karopack.be\/wp-content\/uploads\/2024\/02\/TP-702YA-Mercury-Transit1.jpg","type":"image\/jpeg"}],"twitter_card":"summary_large_image","twitter_misc":{"Dur\u00e9e de lecture est.":"1 minute"},"schema":{"@context":"https:\/\/schema.org","@graph":[{"@type":"WebPage","@id":"https:\/\/www.karopack.be\/fr\/produit\/tp-702ya-mercury-transit\/","url":"https:\/\/www.karopack.be\/fr\/produit\/tp-702ya-mercury-transit\/","name":"TP-702YA Mercury Transit - Karopack","isPartOf":{"@id":"https:\/\/www.karopack.be\/fr\/#website"},"primaryImageOfPage":{"@id":"https:\/\/www.karopack.be\/fr\/produit\/tp-702ya-mercury-transit\/#primaryimage"},"image":{"@id":"https:\/\/www.karopack.be\/fr\/produit\/tp-702ya-mercury-transit\/#primaryimage"},"thumbnailUrl":"https:\/\/www.karopack.be\/wp-content\/uploads\/2024\/02\/TP-702YA-Mercury-Transit1.jpg","datePublished":"2024-07-11T06:17:32+00:00","breadcrumb":{"@id":"https:\/\/www.karopack.be\/fr\/produit\/tp-702ya-mercury-transit\/#breadcrumb"},"inLanguage":"fr-BE","potentialAction":[{"@type":"ReadAction","target":["https:\/\/www.karopack.be\/fr\/produit\/tp-702ya-mercury-transit\/"]}]},{"@type":"ImageObject","inLanguage":"fr-BE","@id":"https:\/\/www.karopack.be\/fr\/produit\/tp-702ya-mercury-transit\/#primaryimage","url":"https:\/\/www.karopack.be\/wp-content\/uploads\/2024\/02\/TP-702YA-Mercury-Transit1.jpg","contentUrl":"https:\/\/www.karopack.be\/wp-content\/uploads\/2024\/02\/TP-702YA-Mercury-Transit1.jpg","width":400,"height":400},{"@type":"BreadcrumbList","@id":"https:\/\/www.karopack.be\/fr\/produit\/tp-702ya-mercury-transit\/#breadcrumb","itemListElement":[{"@type":"ListItem","position":1,"name":"Home","item":"https:\/\/www.karopack.be\/fr\/"},{"@type":"ListItem","position":2,"name":"Shop","item":"https:\/\/www.karopack.be\/fr\/shop\/"},{"@type":"ListItem","position":3,"name":"TP-702YA Mercury Transit"}]},{"@type":"WebSite","@id":"https:\/\/www.karopack.be\/fr\/#website","url":"https:\/\/www.karopack.be\/fr\/","name":"Karopack","description":"","publisher":{"@id":"https:\/\/www.karopack.be\/fr\/#organization"},"potentialAction":[{"@type":"SearchAction","target":{"@type":"EntryPoint","urlTemplate":"https:\/\/www.karopack.be\/fr\/?s={search_term_string}"},"query-input":{"@type":"PropertyValueSpecification","valueRequired":true,"valueName":"search_term_string"}}],"inLanguage":"fr-BE"},{"@type":"Organization","@id":"https:\/\/www.karopack.be\/fr\/#organization","name":"Karopack","url":"https:\/\/www.karopack.be\/fr\/","logo":{"@type":"ImageObject","inLanguage":"fr-BE","@id":"https:\/\/www.karopack.be\/fr\/#\/schema\/logo\/image\/","url":"https:\/\/www.karopack.be\/wp-content\/uploads\/2024\/07\/Karopack-Logo.png","contentUrl":"https:\/\/www.karopack.be\/wp-content\/uploads\/2024\/07\/Karopack-Logo.png","width":809,"height":240,"caption":"Karopack"},"image":{"@id":"https:\/\/www.karopack.be\/fr\/#\/schema\/logo\/image\/"}}]}},"_links":{"self":[{"href":"https:\/\/www.karopack.be\/fr\/wp-json\/wp\/v2\/product\/4108","targetHints":{"allow":["GET"]}}],"collection":[{"href":"https:\/\/www.karopack.be\/fr\/wp-json\/wp\/v2\/product"}],"about":[{"href":"https:\/\/www.karopack.be\/fr\/wp-json\/wp\/v2\/types\/product"}],"replies":[{"embeddable":true,"href":"https:\/\/www.karopack.be\/fr\/wp-json\/wp\/v2\/comments?post=4108"}],"wp:featuredmedia":[{"embeddable":true,"href":"https:\/\/www.karopack.be\/fr\/wp-json\/wp\/v2\/media\/3307"}],"wp:attachment":[{"href":"https:\/\/www.karopack.be\/fr\/wp-json\/wp\/v2\/media?parent=4108"}],"wp:term":[{"taxonomy":"product_brand","embeddable":true,"href":"https:\/\/www.karopack.be\/fr\/wp-json\/wp\/v2\/product_brand?post=4108"},{"taxonomy":"product_cat","embeddable":true,"href":"https:\/\/www.karopack.be\/fr\/wp-json\/wp\/v2\/product_cat?post=4108"},{"taxonomy":"product_tag","embeddable":true,"href":"https:\/\/www.karopack.be\/fr\/wp-json\/wp\/v2\/product_tag?post=4108"}],"curies":[{"name":"wp","href":"https:\/\/api.w.org\/{rel}","templated":true}]}}