{"id":4112,"date":"2024-07-11T06:17:30","date_gmt":"2024-07-11T06:17:30","guid":{"rendered":"https:\/\/www.karopack.be\/product\/tp-702y-mercure\/"},"modified":"2024-07-11T06:17:30","modified_gmt":"2024-07-11T06:17:30","slug":"tp-702y-mercure","status":"publish","type":"product","link":"https:\/\/www.karopack.be\/fr\/produit\/tp-702y-mercure\/","title":{"rendered":"TP-702Y Mercure"},"content":{"rendered":"<p>La <b>Mercury TP-702Y<\/b> est une cercleuse \u00e0 haute vitesse \u00e0 fermeture lat\u00e9rale construite avec la t\u00eate de cerclage Transpak Mercury et la technologie de moteur CC sans balais. Elle peut \u00eatre utilis\u00e9e dans un large \u00e9ventail d&rsquo;applications, telles que l&rsquo;\u00e9lectrom\u00e9nager, l&rsquo;ameublement, l&rsquo;industrie du carrelage, la logistique, etc. H\u00e9ritant de tous les avantages de la Mercury TP-702, elle est id\u00e9ale pour les lignes automatis\u00e9es \u00e0 haute capacit\u00e9 et efficacit\u00e9.  <\/p>\n<p><strong>Caract\u00e9ristiques<\/strong><\/p>\n<ul>\n<li>T\u00eate de cerclage robuste et compacte<\/li>\n<li>Panneau de contr\u00f4le avec \u00e9cran LCD<\/li>\n<li>Acc\u00e8s gratuit aux guides de sangles <em>(brevets enregistr\u00e9s)<\/em><\/li>\n<li>Distributeur de sangles int\u00e9rieur<\/li>\n<li>Force de tension vers le bas<\/li>\n<li>Ejecteur automatique de sangle<\/li>\n<li>Ejecteur d&rsquo;extr\u00e9mit\u00e9 de sangle<\/li>\n<li>Chauffage command\u00e9 par capteur<\/li>\n<li>Hauteur de table r\u00e9glable entre 445 mm et 645 mm<\/li>\n<\/ul>\n<p><strong>Options<\/strong><\/p>\n<ul>\n<li>Tour lumineuse avec capteur de sangle basse<\/li>\n<li>Petit paquet<\/li>\n<li>Signaux de fin de cycle et d&rsquo;erreur de cerclage<\/li>\n<li><strong>Barre de presse double<\/strong><\/li>\n<li>Sans table \u00e0 rouleaux r\u00e9glable (TP-702Y-XT)<\/li>\n<\/ul>\n<p><strong>Donn\u00e9es techniques<\/strong><\/p>\n<table border=\"1\" width=\"100%\" cellspacing=\"0\" cellpadding=\"3\">\n<tbody>\n<tr valign=\"top\">\n<td bgcolor=\"#f1f1f1\" width=\"30%\">Capacit\u00e9<\/td>\n<td bgcolor=\"#ffffff\" width=\"70%\">Jusqu&rsquo;\u00e0 60 cycles\/minute<\/td>\n<\/tr>\n<tr valign=\"top\">\n<td bgcolor=\"#f1f1f1\" width=\"30%\">Largeur de la sangle<\/td>\n<td bgcolor=\"#ffffff\" width=\"70%\">5 mm, 6 mm, 9 mm ou 12 mm<\/td>\n<\/tr>\n<tr valign=\"top\">\n<td bgcolor=\"#f1f1f1\" width=\"30%\">Gamme de tension<\/td>\n<td bgcolor=\"#ffffff\" width=\"70%\">\n<p>1 &#8211; 32 kg (pour 5 mm, 6 mm et 9 mm) 1 &#8211; 45 kg (pour 12 mm) *Tension plus \u00e9lev\u00e9e sur demande<\/td>\n<\/tr>\n<tr valign=\"top\">\n<td bgcolor=\"#f1f1f1\" width=\"30%\">Poids<\/td>\n<td bgcolor=\"#ffffff\" width=\"70%\">294 kg<\/td>\n<\/tr>\n<tr valign=\"top\">\n<td bgcolor=\"#f1f1f1\" width=\"30%\">Exigences \u00e9lectriques<\/td>\n<td bgcolor=\"#ffffff\" width=\"70%\">\n110V, 220V, 230V, 240V 50\/60Hz 1PH 220V, 380V, 400V, 415V 50\/60Hz 3PH<\/td>\n<\/tr>\n<\/tbody>\n<\/table>\n<p><strong>Vid\u00e9o<\/strong><\/p>\n<div class=\"youtube-embed-wrapper\"><iframe src=\"https:\/\/www.youtube.com\/embed\/mCynlWuyksI\" width=\"640\" height=\"360\" frameborder=\"0\" allowfullscreen=\"allowfullscreen\" data-mce-fragment=\"1\"><\/iframe><\/div>\n","protected":false},"excerpt":{"rendered":"<p>La Mercury TP-702Y est une cercleuse \u00e0 haute vitesse \u00e0 fermeture lat\u00e9rale construite avec la t\u00eate de cerclage Transpak Mercury et la technologie de moteur CC sans balais. Elle peut \u00eatre utilis\u00e9e dans un large \u00e9ventail d&rsquo;applications, telles que l&rsquo;\u00e9lectrom\u00e9nager, l&rsquo;ameublement, l&rsquo;industrie du carrelage, la logistique, etc. H\u00e9ritant de tous les avantages de la Mercury [&hellip;]<\/p>\n","protected":false},"featured_media":3301,"comment_status":"open","ping_status":"open","template":"","meta":[],"product_brand":[],"product_cat":[113,91,116],"product_tag":[],"class_list":{"0":"post-4112","1":"product","2":"type-product","3":"status-publish","4":"has-post-thumbnail","6":"product_cat-cercleuses-verticales","7":"product_cat-fabricants","8":"product_cat-transpak-fr","10":"first","11":"instock","12":"product-type-simple"},"yoast_head":"<!-- This site is optimized with the Yoast SEO plugin v26.9 - https:\/\/yoast.com\/product\/yoast-seo-wordpress\/ -->\n<title>TP-702Y Mercure - Karopack<\/title>\n<meta name=\"robots\" content=\"index, follow, max-snippet:-1, max-image-preview:large, max-video-preview:-1\" \/>\n<link rel=\"canonical\" href=\"https:\/\/www.karopack.be\/fr\/produit\/tp-702y-mercure\/\" \/>\n<meta property=\"og:locale\" content=\"fr_FR\" \/>\n<meta property=\"og:type\" content=\"article\" \/>\n<meta property=\"og:title\" content=\"TP-702Y Mercure - Karopack\" \/>\n<meta property=\"og:description\" content=\"La Mercury TP-702Y est une cercleuse \u00e0 haute vitesse \u00e0 fermeture lat\u00e9rale construite avec la t\u00eate de cerclage Transpak Mercury et la technologie de moteur CC sans balais. Elle peut \u00eatre utilis\u00e9e dans un large \u00e9ventail d&rsquo;applications, telles que l&rsquo;\u00e9lectrom\u00e9nager, l&rsquo;ameublement, l&rsquo;industrie du carrelage, la logistique, etc. H\u00e9ritant de tous les avantages de la Mercury [&hellip;]\" \/>\n<meta property=\"og:url\" content=\"https:\/\/www.karopack.be\/fr\/produit\/tp-702y-mercure\/\" \/>\n<meta property=\"og:site_name\" content=\"Karopack\" \/>\n<meta property=\"og:image\" content=\"https:\/\/www.karopack.be\/wp-content\/uploads\/2024\/02\/Mercury-TP-702Y1.jpg\" \/>\n\t<meta property=\"og:image:width\" content=\"400\" \/>\n\t<meta property=\"og:image:height\" content=\"400\" \/>\n\t<meta property=\"og:image:type\" content=\"image\/jpeg\" \/>\n<meta name=\"twitter:card\" content=\"summary_large_image\" \/>\n<meta name=\"twitter:label1\" content=\"Dur\u00e9e de lecture est.\" \/>\n\t<meta name=\"twitter:data1\" content=\"1 minute\" \/>\n<script type=\"application\/ld+json\" class=\"yoast-schema-graph\">{\"@context\":\"https:\/\/schema.org\",\"@graph\":[{\"@type\":\"WebPage\",\"@id\":\"https:\/\/www.karopack.be\/fr\/produit\/tp-702y-mercure\/\",\"url\":\"https:\/\/www.karopack.be\/fr\/produit\/tp-702y-mercure\/\",\"name\":\"TP-702Y Mercure - Karopack\",\"isPartOf\":{\"@id\":\"https:\/\/www.karopack.be\/fr\/#website\"},\"primaryImageOfPage\":{\"@id\":\"https:\/\/www.karopack.be\/fr\/produit\/tp-702y-mercure\/#primaryimage\"},\"image\":{\"@id\":\"https:\/\/www.karopack.be\/fr\/produit\/tp-702y-mercure\/#primaryimage\"},\"thumbnailUrl\":\"https:\/\/www.karopack.be\/wp-content\/uploads\/2024\/02\/Mercury-TP-702Y1.jpg\",\"datePublished\":\"2024-07-11T06:17:30+00:00\",\"breadcrumb\":{\"@id\":\"https:\/\/www.karopack.be\/fr\/produit\/tp-702y-mercure\/#breadcrumb\"},\"inLanguage\":\"fr-BE\",\"potentialAction\":[{\"@type\":\"ReadAction\",\"target\":[\"https:\/\/www.karopack.be\/fr\/produit\/tp-702y-mercure\/\"]}]},{\"@type\":\"ImageObject\",\"inLanguage\":\"fr-BE\",\"@id\":\"https:\/\/www.karopack.be\/fr\/produit\/tp-702y-mercure\/#primaryimage\",\"url\":\"https:\/\/www.karopack.be\/wp-content\/uploads\/2024\/02\/Mercury-TP-702Y1.jpg\",\"contentUrl\":\"https:\/\/www.karopack.be\/wp-content\/uploads\/2024\/02\/Mercury-TP-702Y1.jpg\",\"width\":400,\"height\":400},{\"@type\":\"BreadcrumbList\",\"@id\":\"https:\/\/www.karopack.be\/fr\/produit\/tp-702y-mercure\/#breadcrumb\",\"itemListElement\":[{\"@type\":\"ListItem\",\"position\":1,\"name\":\"Home\",\"item\":\"https:\/\/www.karopack.be\/fr\/\"},{\"@type\":\"ListItem\",\"position\":2,\"name\":\"Shop\",\"item\":\"https:\/\/www.karopack.be\/fr\/shop\/\"},{\"@type\":\"ListItem\",\"position\":3,\"name\":\"TP-702Y Mercure\"}]},{\"@type\":\"WebSite\",\"@id\":\"https:\/\/www.karopack.be\/fr\/#website\",\"url\":\"https:\/\/www.karopack.be\/fr\/\",\"name\":\"Karopack\",\"description\":\"\",\"publisher\":{\"@id\":\"https:\/\/www.karopack.be\/fr\/#organization\"},\"potentialAction\":[{\"@type\":\"SearchAction\",\"target\":{\"@type\":\"EntryPoint\",\"urlTemplate\":\"https:\/\/www.karopack.be\/fr\/?s={search_term_string}\"},\"query-input\":{\"@type\":\"PropertyValueSpecification\",\"valueRequired\":true,\"valueName\":\"search_term_string\"}}],\"inLanguage\":\"fr-BE\"},{\"@type\":\"Organization\",\"@id\":\"https:\/\/www.karopack.be\/fr\/#organization\",\"name\":\"Karopack\",\"url\":\"https:\/\/www.karopack.be\/fr\/\",\"logo\":{\"@type\":\"ImageObject\",\"inLanguage\":\"fr-BE\",\"@id\":\"https:\/\/www.karopack.be\/fr\/#\/schema\/logo\/image\/\",\"url\":\"https:\/\/www.karopack.be\/wp-content\/uploads\/2024\/07\/Karopack-Logo.png\",\"contentUrl\":\"https:\/\/www.karopack.be\/wp-content\/uploads\/2024\/07\/Karopack-Logo.png\",\"width\":809,\"height\":240,\"caption\":\"Karopack\"},\"image\":{\"@id\":\"https:\/\/www.karopack.be\/fr\/#\/schema\/logo\/image\/\"}}]}<\/script>\n<!-- \/ Yoast SEO plugin. -->","yoast_head_json":{"title":"TP-702Y Mercure - Karopack","robots":{"index":"index","follow":"follow","max-snippet":"max-snippet:-1","max-image-preview":"max-image-preview:large","max-video-preview":"max-video-preview:-1"},"canonical":"https:\/\/www.karopack.be\/fr\/produit\/tp-702y-mercure\/","og_locale":"fr_FR","og_type":"article","og_title":"TP-702Y Mercure - Karopack","og_description":"La Mercury TP-702Y est une cercleuse \u00e0 haute vitesse \u00e0 fermeture lat\u00e9rale construite avec la t\u00eate de cerclage Transpak Mercury et la technologie de moteur CC sans balais. Elle peut \u00eatre utilis\u00e9e dans un large \u00e9ventail d&rsquo;applications, telles que l&rsquo;\u00e9lectrom\u00e9nager, l&rsquo;ameublement, l&rsquo;industrie du carrelage, la logistique, etc. H\u00e9ritant de tous les avantages de la Mercury [&hellip;]","og_url":"https:\/\/www.karopack.be\/fr\/produit\/tp-702y-mercure\/","og_site_name":"Karopack","og_image":[{"width":400,"height":400,"url":"https:\/\/www.karopack.be\/wp-content\/uploads\/2024\/02\/Mercury-TP-702Y1.jpg","type":"image\/jpeg"}],"twitter_card":"summary_large_image","twitter_misc":{"Dur\u00e9e de lecture est.":"1 minute"},"schema":{"@context":"https:\/\/schema.org","@graph":[{"@type":"WebPage","@id":"https:\/\/www.karopack.be\/fr\/produit\/tp-702y-mercure\/","url":"https:\/\/www.karopack.be\/fr\/produit\/tp-702y-mercure\/","name":"TP-702Y Mercure - Karopack","isPartOf":{"@id":"https:\/\/www.karopack.be\/fr\/#website"},"primaryImageOfPage":{"@id":"https:\/\/www.karopack.be\/fr\/produit\/tp-702y-mercure\/#primaryimage"},"image":{"@id":"https:\/\/www.karopack.be\/fr\/produit\/tp-702y-mercure\/#primaryimage"},"thumbnailUrl":"https:\/\/www.karopack.be\/wp-content\/uploads\/2024\/02\/Mercury-TP-702Y1.jpg","datePublished":"2024-07-11T06:17:30+00:00","breadcrumb":{"@id":"https:\/\/www.karopack.be\/fr\/produit\/tp-702y-mercure\/#breadcrumb"},"inLanguage":"fr-BE","potentialAction":[{"@type":"ReadAction","target":["https:\/\/www.karopack.be\/fr\/produit\/tp-702y-mercure\/"]}]},{"@type":"ImageObject","inLanguage":"fr-BE","@id":"https:\/\/www.karopack.be\/fr\/produit\/tp-702y-mercure\/#primaryimage","url":"https:\/\/www.karopack.be\/wp-content\/uploads\/2024\/02\/Mercury-TP-702Y1.jpg","contentUrl":"https:\/\/www.karopack.be\/wp-content\/uploads\/2024\/02\/Mercury-TP-702Y1.jpg","width":400,"height":400},{"@type":"BreadcrumbList","@id":"https:\/\/www.karopack.be\/fr\/produit\/tp-702y-mercure\/#breadcrumb","itemListElement":[{"@type":"ListItem","position":1,"name":"Home","item":"https:\/\/www.karopack.be\/fr\/"},{"@type":"ListItem","position":2,"name":"Shop","item":"https:\/\/www.karopack.be\/fr\/shop\/"},{"@type":"ListItem","position":3,"name":"TP-702Y Mercure"}]},{"@type":"WebSite","@id":"https:\/\/www.karopack.be\/fr\/#website","url":"https:\/\/www.karopack.be\/fr\/","name":"Karopack","description":"","publisher":{"@id":"https:\/\/www.karopack.be\/fr\/#organization"},"potentialAction":[{"@type":"SearchAction","target":{"@type":"EntryPoint","urlTemplate":"https:\/\/www.karopack.be\/fr\/?s={search_term_string}"},"query-input":{"@type":"PropertyValueSpecification","valueRequired":true,"valueName":"search_term_string"}}],"inLanguage":"fr-BE"},{"@type":"Organization","@id":"https:\/\/www.karopack.be\/fr\/#organization","name":"Karopack","url":"https:\/\/www.karopack.be\/fr\/","logo":{"@type":"ImageObject","inLanguage":"fr-BE","@id":"https:\/\/www.karopack.be\/fr\/#\/schema\/logo\/image\/","url":"https:\/\/www.karopack.be\/wp-content\/uploads\/2024\/07\/Karopack-Logo.png","contentUrl":"https:\/\/www.karopack.be\/wp-content\/uploads\/2024\/07\/Karopack-Logo.png","width":809,"height":240,"caption":"Karopack"},"image":{"@id":"https:\/\/www.karopack.be\/fr\/#\/schema\/logo\/image\/"}}]}},"_links":{"self":[{"href":"https:\/\/www.karopack.be\/fr\/wp-json\/wp\/v2\/product\/4112","targetHints":{"allow":["GET"]}}],"collection":[{"href":"https:\/\/www.karopack.be\/fr\/wp-json\/wp\/v2\/product"}],"about":[{"href":"https:\/\/www.karopack.be\/fr\/wp-json\/wp\/v2\/types\/product"}],"replies":[{"embeddable":true,"href":"https:\/\/www.karopack.be\/fr\/wp-json\/wp\/v2\/comments?post=4112"}],"wp:featuredmedia":[{"embeddable":true,"href":"https:\/\/www.karopack.be\/fr\/wp-json\/wp\/v2\/media\/3301"}],"wp:attachment":[{"href":"https:\/\/www.karopack.be\/fr\/wp-json\/wp\/v2\/media?parent=4112"}],"wp:term":[{"taxonomy":"product_brand","embeddable":true,"href":"https:\/\/www.karopack.be\/fr\/wp-json\/wp\/v2\/product_brand?post=4112"},{"taxonomy":"product_cat","embeddable":true,"href":"https:\/\/www.karopack.be\/fr\/wp-json\/wp\/v2\/product_cat?post=4112"},{"taxonomy":"product_tag","embeddable":true,"href":"https:\/\/www.karopack.be\/fr\/wp-json\/wp\/v2\/product_tag?post=4112"}],"curies":[{"name":"wp","href":"https:\/\/api.w.org\/{rel}","templated":true}]}}