{"id":4119,"date":"2024-07-11T06:16:59","date_gmt":"2024-07-11T06:16:59","guid":{"rendered":"https:\/\/www.karopack.be\/product\/tp-702bh-mercury-transit\/"},"modified":"2024-07-11T06:16:59","modified_gmt":"2024-07-11T06:16:59","slug":"tp-702bh-mercury-transit","status":"publish","type":"product","link":"https:\/\/www.karopack.be\/fr\/produit\/tp-702bh-mercury-transit\/","title":{"rendered":"TP-702BH Mercury Transit"},"content":{"rendered":"<p><b>Mercury Transit TP-702BH<\/b> est une cercleuse enti\u00e8rement automatique avec table \u00e0 entra\u00eenement par courroie et <b>Siemens PLC &amp; HMI<\/b> pour les lignes de production et d&#8217;emballage. Elle convient pour les cerclages en PP de 5 mm, 6 mm, 9 mm ou 12 mm. La TP-702BH est la cercleuse la plus rapide et la plus fiable pour les applications g\u00e9n\u00e9rales sur le march\u00e9 actuel.  <\/p>\n<p><strong>Caract\u00e9ristiques<\/strong><\/p>\n<ul>\n<li>T\u00eate de cerclage m\u00e9canique robuste et compacte<\/li>\n<li>Table \u00e0 courroie<\/li>\n<li>Equip\u00e9 d&rsquo;un PLC et d&rsquo;un HMI Siemens en standard<\/li>\n<li>Alimentation automatique de la sangle \u00e0 hauteur de la taille<\/li>\n<li>Acc\u00e8s gratuit aux guides de sangles <em>(brevets enregistr\u00e9s)<\/em><\/li>\n<li>Contr\u00f4le \u00e9lectronique de la tension<\/li>\n<li>Ejecteur automatique de sangle<\/li>\n<li>Plaques sup\u00e9rieures \u00e0 charni\u00e8res<\/li>\n<li>Diff\u00e9rents mod\u00e8les de cerclage<\/li>\n<li>Vitesse variable du convoyeur entre 10 et 60 m\u00e8tres\/minute<\/li>\n<li>Verrouillage des flux ascendants et descendants avec connexion \u00e0 fiche compl\u00e8te<\/li>\n<li>Changement facile du sens d&rsquo;\u00e9coulement du faisceau<\/li>\n<li>Bon pour attacher un petit paquet avec des dimensions minimales de 120 mm en largeur et 10 mm en hauteur.<\/li>\n<li>Hauteur de table r\u00e9glable entre 800 mm et 900 mm<\/li>\n<\/ul>\n<p><strong>Options<\/strong><\/p>\n<ul>\n<li>Arr\u00eat d&rsquo;urgence \u00e0 deux canaux<\/li>\n<li>Tour lumineuse avec capteur de sangle basse<\/li>\n<li>Transit \u00e9conome en \u00e9nergie avec mode veille automatique<\/li>\n<li><strong>Cerclage au centre de la liasse et cerclage contr\u00f4l\u00e9 par 2 \u0153illets photographiques<\/strong><\/li>\n<li>Table \u00e0 courroie d&rsquo;extension de 200 mm en amont et en aval<\/li>\n<li>Hauteur de la table r\u00e9glable par le bas (750 mm &#8211; 900 mm)<\/li>\n<li>Contr\u00f4le automatique de la tension par d\u00e9tection de la hauteur du paquet (tension \u00e0 3 niveaux)<\/li>\n<li>D\u00e9termination automatique du nombre de sangles en fonction de la longueur du paquet<\/li>\n<li>\u00c9change de signaux par le biais d&rsquo;un connecteur \u00e0 16 broches<\/li>\n<li>Faible contournement de l&#8217;emballage<\/li>\n<\/ul>\n<p><strong>Technologies vertes<\/strong><\/p>\n<p><strong><img decoding=\"async\" src=\"https:\/\/www.karopack.be\/wp-content\/uploads\/2024\/07\/GreenTech_logo.jpg\" alt=\"\"><\/strong><\/p>\n<p><strong>Donn\u00e9es techniques<\/strong><\/p>\n<table border=\"1\" width=\"100%\" cellspacing=\"0\" cellpadding=\"3\">\n<tbody>\n<tr valign=\"top\">\n<td bgcolor=\"#f1f1f1\" width=\"30%\">Largeur de la sangle<\/td>\n<td bgcolor=\"#ffffff\" width=\"70%\">5 mm, 6 mm, 9 mm ou 12 mm<\/td>\n<\/tr>\n<tr valign=\"top\">\n<td bgcolor=\"#f1f1f1\" width=\"30%\">Gamme de tension<\/td>\n<td bgcolor=\"#ffffff\" width=\"70%\">\n<p>1-32 kg (pour 5 mm, 6 mm, 9 mm) 1-45 kg (pour 12 mm) *Tension plus \u00e9lev\u00e9e sur demande<\/td>\n<\/tr>\n<tr valign=\"top\">\n<td bgcolor=\"#f1f1f1\" width=\"30%\">Capacit\u00e9<\/td>\n<td bgcolor=\"#ffffff\" width=\"70%\">\nJusqu&rsquo;\u00e0 40 paquets\/minute (vitesse de cycle jusqu&rsquo;\u00e0 65 cycles\/minute)<\/td>\n<\/tr>\n<tr valign=\"top\">\n<td bgcolor=\"#f1f1f1\" width=\"30%\">Poids<\/td>\n<td bgcolor=\"#ffffff\" width=\"70%\">228 kg<\/td>\n<\/tr>\n<tr valign=\"top\">\n<td bgcolor=\"#f1f1f1\" width=\"30%\">Exigences \u00e9lectriques<\/td>\n<td bgcolor=\"#ffffff\" width=\"70%\">\n110V, 220V, 230V, 240V 50\/60Hz 1PH 220V, 380V, 400V, 415V 50\/60Hz 3PH<\/td>\n<\/tr>\n<\/tbody>\n<\/table>\n<p><strong>Vid\u00e9o<\/strong><\/p>\n<div class=\"youtube-embed-wrapper\"><iframe src=\"https:\/\/www.youtube.com\/embed\/gbkV5RlyO2g\" width=\"640\" height=\"360\" frameborder=\"0\" allowfullscreen=\"allowfullscreen\" data-mce-fragment=\"1\"><\/iframe><\/div>\n","protected":false},"excerpt":{"rendered":"<p>Mercury Transit TP-702BH est une cercleuse enti\u00e8rement automatique avec table \u00e0 entra\u00eenement par courroie et Siemens PLC &amp; HMI pour les lignes de production et d&#8217;emballage. Elle convient pour les cerclages en PP de 5 mm, 6 mm, 9 mm ou 12 mm. La TP-702BH est la cercleuse la plus rapide et la plus fiable [&hellip;]<\/p>\n","protected":false},"featured_media":3173,"comment_status":"open","ping_status":"closed","template":"","meta":[],"product_brand":[],"product_cat":[126,91,116],"product_tag":[],"class_list":{"0":"post-4119","1":"product","2":"type-product","3":"status-publish","4":"has-post-thumbnail","6":"product_cat-cerclage-automatique-de-boites","7":"product_cat-fabricants","8":"product_cat-transpak-fr","10":"first","11":"instock","12":"product-type-simple"},"yoast_head":"<!-- This site is optimized with the Yoast SEO plugin v26.9 - https:\/\/yoast.com\/product\/yoast-seo-wordpress\/ -->\n<title>TP-702BH Mercury Transit - Karopack<\/title>\n<meta name=\"robots\" content=\"index, follow, max-snippet:-1, max-image-preview:large, max-video-preview:-1\" \/>\n<link rel=\"canonical\" href=\"https:\/\/www.karopack.be\/fr\/produit\/tp-702bh-mercury-transit\/\" \/>\n<meta property=\"og:locale\" content=\"fr_FR\" \/>\n<meta property=\"og:type\" content=\"article\" \/>\n<meta property=\"og:title\" content=\"TP-702BH Mercury Transit - Karopack\" \/>\n<meta property=\"og:description\" content=\"Mercury Transit TP-702BH est une cercleuse enti\u00e8rement automatique avec table \u00e0 entra\u00eenement par courroie et Siemens PLC &amp; HMI pour les lignes de production et d&#8217;emballage. Elle convient pour les cerclages en PP de 5 mm, 6 mm, 9 mm ou 12 mm. La TP-702BH est la cercleuse la plus rapide et la plus fiable [&hellip;]\" \/>\n<meta property=\"og:url\" content=\"https:\/\/www.karopack.be\/fr\/produit\/tp-702bh-mercury-transit\/\" \/>\n<meta property=\"og:site_name\" content=\"Karopack\" \/>\n<meta property=\"og:image\" content=\"https:\/\/www.karopack.be\/wp-content\/uploads\/2024\/02\/TP-702BH-Mercury-Transit1.jpg\" \/>\n\t<meta property=\"og:image:width\" content=\"400\" \/>\n\t<meta property=\"og:image:height\" content=\"400\" \/>\n\t<meta property=\"og:image:type\" content=\"image\/jpeg\" \/>\n<meta name=\"twitter:card\" content=\"summary_large_image\" \/>\n<meta name=\"twitter:label1\" content=\"Dur\u00e9e de lecture est.\" \/>\n\t<meta name=\"twitter:data1\" content=\"2 minutes\" \/>\n<script type=\"application\/ld+json\" class=\"yoast-schema-graph\">{\"@context\":\"https:\/\/schema.org\",\"@graph\":[{\"@type\":\"WebPage\",\"@id\":\"https:\/\/www.karopack.be\/fr\/produit\/tp-702bh-mercury-transit\/\",\"url\":\"https:\/\/www.karopack.be\/fr\/produit\/tp-702bh-mercury-transit\/\",\"name\":\"TP-702BH Mercury Transit - Karopack\",\"isPartOf\":{\"@id\":\"https:\/\/www.karopack.be\/fr\/#website\"},\"primaryImageOfPage\":{\"@id\":\"https:\/\/www.karopack.be\/fr\/produit\/tp-702bh-mercury-transit\/#primaryimage\"},\"image\":{\"@id\":\"https:\/\/www.karopack.be\/fr\/produit\/tp-702bh-mercury-transit\/#primaryimage\"},\"thumbnailUrl\":\"https:\/\/www.karopack.be\/wp-content\/uploads\/2024\/02\/TP-702BH-Mercury-Transit1.jpg\",\"datePublished\":\"2024-07-11T06:16:59+00:00\",\"breadcrumb\":{\"@id\":\"https:\/\/www.karopack.be\/fr\/produit\/tp-702bh-mercury-transit\/#breadcrumb\"},\"inLanguage\":\"fr-BE\",\"potentialAction\":[{\"@type\":\"ReadAction\",\"target\":[\"https:\/\/www.karopack.be\/fr\/produit\/tp-702bh-mercury-transit\/\"]}]},{\"@type\":\"ImageObject\",\"inLanguage\":\"fr-BE\",\"@id\":\"https:\/\/www.karopack.be\/fr\/produit\/tp-702bh-mercury-transit\/#primaryimage\",\"url\":\"https:\/\/www.karopack.be\/wp-content\/uploads\/2024\/02\/TP-702BH-Mercury-Transit1.jpg\",\"contentUrl\":\"https:\/\/www.karopack.be\/wp-content\/uploads\/2024\/02\/TP-702BH-Mercury-Transit1.jpg\",\"width\":400,\"height\":400},{\"@type\":\"BreadcrumbList\",\"@id\":\"https:\/\/www.karopack.be\/fr\/produit\/tp-702bh-mercury-transit\/#breadcrumb\",\"itemListElement\":[{\"@type\":\"ListItem\",\"position\":1,\"name\":\"Home\",\"item\":\"https:\/\/www.karopack.be\/fr\/\"},{\"@type\":\"ListItem\",\"position\":2,\"name\":\"Shop\",\"item\":\"https:\/\/www.karopack.be\/fr\/shop\/\"},{\"@type\":\"ListItem\",\"position\":3,\"name\":\"TP-702BH Mercury Transit\"}]},{\"@type\":\"WebSite\",\"@id\":\"https:\/\/www.karopack.be\/fr\/#website\",\"url\":\"https:\/\/www.karopack.be\/fr\/\",\"name\":\"Karopack\",\"description\":\"\",\"publisher\":{\"@id\":\"https:\/\/www.karopack.be\/fr\/#organization\"},\"potentialAction\":[{\"@type\":\"SearchAction\",\"target\":{\"@type\":\"EntryPoint\",\"urlTemplate\":\"https:\/\/www.karopack.be\/fr\/?s={search_term_string}\"},\"query-input\":{\"@type\":\"PropertyValueSpecification\",\"valueRequired\":true,\"valueName\":\"search_term_string\"}}],\"inLanguage\":\"fr-BE\"},{\"@type\":\"Organization\",\"@id\":\"https:\/\/www.karopack.be\/fr\/#organization\",\"name\":\"Karopack\",\"url\":\"https:\/\/www.karopack.be\/fr\/\",\"logo\":{\"@type\":\"ImageObject\",\"inLanguage\":\"fr-BE\",\"@id\":\"https:\/\/www.karopack.be\/fr\/#\/schema\/logo\/image\/\",\"url\":\"https:\/\/www.karopack.be\/wp-content\/uploads\/2024\/07\/Karopack-Logo.png\",\"contentUrl\":\"https:\/\/www.karopack.be\/wp-content\/uploads\/2024\/07\/Karopack-Logo.png\",\"width\":809,\"height\":240,\"caption\":\"Karopack\"},\"image\":{\"@id\":\"https:\/\/www.karopack.be\/fr\/#\/schema\/logo\/image\/\"}}]}<\/script>\n<!-- \/ Yoast SEO plugin. -->","yoast_head_json":{"title":"TP-702BH Mercury Transit - Karopack","robots":{"index":"index","follow":"follow","max-snippet":"max-snippet:-1","max-image-preview":"max-image-preview:large","max-video-preview":"max-video-preview:-1"},"canonical":"https:\/\/www.karopack.be\/fr\/produit\/tp-702bh-mercury-transit\/","og_locale":"fr_FR","og_type":"article","og_title":"TP-702BH Mercury Transit - Karopack","og_description":"Mercury Transit TP-702BH est une cercleuse enti\u00e8rement automatique avec table \u00e0 entra\u00eenement par courroie et Siemens PLC &amp; HMI pour les lignes de production et d&#8217;emballage. Elle convient pour les cerclages en PP de 5 mm, 6 mm, 9 mm ou 12 mm. La TP-702BH est la cercleuse la plus rapide et la plus fiable [&hellip;]","og_url":"https:\/\/www.karopack.be\/fr\/produit\/tp-702bh-mercury-transit\/","og_site_name":"Karopack","og_image":[{"width":400,"height":400,"url":"https:\/\/www.karopack.be\/wp-content\/uploads\/2024\/02\/TP-702BH-Mercury-Transit1.jpg","type":"image\/jpeg"}],"twitter_card":"summary_large_image","twitter_misc":{"Dur\u00e9e de lecture est.":"2 minutes"},"schema":{"@context":"https:\/\/schema.org","@graph":[{"@type":"WebPage","@id":"https:\/\/www.karopack.be\/fr\/produit\/tp-702bh-mercury-transit\/","url":"https:\/\/www.karopack.be\/fr\/produit\/tp-702bh-mercury-transit\/","name":"TP-702BH Mercury Transit - Karopack","isPartOf":{"@id":"https:\/\/www.karopack.be\/fr\/#website"},"primaryImageOfPage":{"@id":"https:\/\/www.karopack.be\/fr\/produit\/tp-702bh-mercury-transit\/#primaryimage"},"image":{"@id":"https:\/\/www.karopack.be\/fr\/produit\/tp-702bh-mercury-transit\/#primaryimage"},"thumbnailUrl":"https:\/\/www.karopack.be\/wp-content\/uploads\/2024\/02\/TP-702BH-Mercury-Transit1.jpg","datePublished":"2024-07-11T06:16:59+00:00","breadcrumb":{"@id":"https:\/\/www.karopack.be\/fr\/produit\/tp-702bh-mercury-transit\/#breadcrumb"},"inLanguage":"fr-BE","potentialAction":[{"@type":"ReadAction","target":["https:\/\/www.karopack.be\/fr\/produit\/tp-702bh-mercury-transit\/"]}]},{"@type":"ImageObject","inLanguage":"fr-BE","@id":"https:\/\/www.karopack.be\/fr\/produit\/tp-702bh-mercury-transit\/#primaryimage","url":"https:\/\/www.karopack.be\/wp-content\/uploads\/2024\/02\/TP-702BH-Mercury-Transit1.jpg","contentUrl":"https:\/\/www.karopack.be\/wp-content\/uploads\/2024\/02\/TP-702BH-Mercury-Transit1.jpg","width":400,"height":400},{"@type":"BreadcrumbList","@id":"https:\/\/www.karopack.be\/fr\/produit\/tp-702bh-mercury-transit\/#breadcrumb","itemListElement":[{"@type":"ListItem","position":1,"name":"Home","item":"https:\/\/www.karopack.be\/fr\/"},{"@type":"ListItem","position":2,"name":"Shop","item":"https:\/\/www.karopack.be\/fr\/shop\/"},{"@type":"ListItem","position":3,"name":"TP-702BH Mercury Transit"}]},{"@type":"WebSite","@id":"https:\/\/www.karopack.be\/fr\/#website","url":"https:\/\/www.karopack.be\/fr\/","name":"Karopack","description":"","publisher":{"@id":"https:\/\/www.karopack.be\/fr\/#organization"},"potentialAction":[{"@type":"SearchAction","target":{"@type":"EntryPoint","urlTemplate":"https:\/\/www.karopack.be\/fr\/?s={search_term_string}"},"query-input":{"@type":"PropertyValueSpecification","valueRequired":true,"valueName":"search_term_string"}}],"inLanguage":"fr-BE"},{"@type":"Organization","@id":"https:\/\/www.karopack.be\/fr\/#organization","name":"Karopack","url":"https:\/\/www.karopack.be\/fr\/","logo":{"@type":"ImageObject","inLanguage":"fr-BE","@id":"https:\/\/www.karopack.be\/fr\/#\/schema\/logo\/image\/","url":"https:\/\/www.karopack.be\/wp-content\/uploads\/2024\/07\/Karopack-Logo.png","contentUrl":"https:\/\/www.karopack.be\/wp-content\/uploads\/2024\/07\/Karopack-Logo.png","width":809,"height":240,"caption":"Karopack"},"image":{"@id":"https:\/\/www.karopack.be\/fr\/#\/schema\/logo\/image\/"}}]}},"_links":{"self":[{"href":"https:\/\/www.karopack.be\/fr\/wp-json\/wp\/v2\/product\/4119","targetHints":{"allow":["GET"]}}],"collection":[{"href":"https:\/\/www.karopack.be\/fr\/wp-json\/wp\/v2\/product"}],"about":[{"href":"https:\/\/www.karopack.be\/fr\/wp-json\/wp\/v2\/types\/product"}],"replies":[{"embeddable":true,"href":"https:\/\/www.karopack.be\/fr\/wp-json\/wp\/v2\/comments?post=4119"}],"wp:featuredmedia":[{"embeddable":true,"href":"https:\/\/www.karopack.be\/fr\/wp-json\/wp\/v2\/media\/3173"}],"wp:attachment":[{"href":"https:\/\/www.karopack.be\/fr\/wp-json\/wp\/v2\/media?parent=4119"}],"wp:term":[{"taxonomy":"product_brand","embeddable":true,"href":"https:\/\/www.karopack.be\/fr\/wp-json\/wp\/v2\/product_brand?post=4119"},{"taxonomy":"product_cat","embeddable":true,"href":"https:\/\/www.karopack.be\/fr\/wp-json\/wp\/v2\/product_cat?post=4119"},{"taxonomy":"product_tag","embeddable":true,"href":"https:\/\/www.karopack.be\/fr\/wp-json\/wp\/v2\/product_tag?post=4119"}],"curies":[{"name":"wp","href":"https:\/\/api.w.org\/{rel}","templated":true}]}}