{"id":4130,"date":"2024-07-11T06:16:54","date_gmt":"2024-07-11T06:16:54","guid":{"rendered":"https:\/\/www.karopack.be\/product\/tp-702b-mercury-transit\/"},"modified":"2024-07-11T06:16:54","modified_gmt":"2024-07-11T06:16:54","slug":"tp-702b-mercury-transit","status":"publish","type":"product","link":"https:\/\/www.karopack.be\/fr\/produit\/tp-702b-mercury-transit\/","title":{"rendered":"TP-702B Mercury Transit"},"content":{"rendered":"<h4>Caract\u00e9ristiques<\/h4>\n<ul>\n<li>T\u00eate de cerclage m\u00e9canique robuste et compacte : conception durable et efficace pour des performances optimales et une longue dur\u00e9e de vie, m\u00eame en cas d&rsquo;utilisation intensive sur les lignes de production et d&#8217;emballage.<\/li>\n<li>Alimentation automatique de la bande \u00e0 hauteur des hanches : conception ergonomique pour un travail confortable et une r\u00e9duction de la fatigue de l&rsquo;op\u00e9rateur, am\u00e9liorant ainsi la productivit\u00e9.<\/li>\n<li>Acc\u00e8s libre aux guides de courroie (brevet\u00e9) : Entretien facile et changement rapide des courroies, minimisant les temps d&rsquo;arr\u00eat et augmentant l&rsquo;efficacit\u00e9.<\/li>\n<li>Contr\u00f4le \u00e9lectronique de la tension : tension constante et pr\u00e9cise du feuillard pour un cerclage s\u00fbr de diff\u00e9rents types de produits, sans risque d&rsquo;endommagement.<\/li>\n<li>\u00c9jecteur de bande automatique : finition soign\u00e9e et pr\u00e9vention de l&rsquo;accumulation de r\u00e9sidus de bande, garantissant un environnement de travail propre et s\u00fbr.<\/li>\n<li>Plaques sup\u00e9rieures articul\u00e9es : Acc\u00e8s facile aux parties internes de la machine pour l&rsquo;entretien et le nettoyage, ce qui minimise les temps d&rsquo;arr\u00eat.<\/li>\n<li>Fonctions de cerclage multiples : La machine peut \u00eatre d\u00e9ploy\u00e9e de mani\u00e8re flexible pour des cerclages simples, doubles, continus ou en mode transit, ce qui permet de l&rsquo;adapter \u00e0 diverses applications.<\/li>\n<li>Vitesse de transport variable entre 10 et 60 m\u00e8tres\/minute : adaptable aux diff\u00e9rentes vitesses de production et tailles de produits, pour une efficacit\u00e9 optimale.<\/li>\n<li>Verrouillage en amont et en aval avec une connexion enti\u00e8rement enfichable : int\u00e9gration facile dans les lignes de production existantes et garantie d&rsquo;un fonctionnement s\u00fbr.<\/li>\n<li>Changement facile de la direction du courant du faisceau : utilisation flexible dans diff\u00e9rentes configurations de production.<\/li>\n<li>Convient pour le cerclage de petits paquets : Dimensions minimales de 120 mm de large et 10 mm de haut, id\u00e9ales pour des produits de diff\u00e9rentes tailles.<\/li>\n<li>Hauteur de table r\u00e9glable entre 800 mm et 900 mm : adaptable \u00e0 diff\u00e9rents environnements de travail et op\u00e9rateurs, pour un confort et une ergonomie optimaux.<\/li>\n<\/ul>\n<h4>Options<\/h4>\n<ul>\n<li>Siemens PLC : contr\u00f4le avanc\u00e9 pour un contr\u00f4le et une surveillance optimaux du processus de cerclage.<\/li>\n<li>Tour lumineuse avec capteur de stock de pneus : minimise les temps d&rsquo;arr\u00eat en signalant \u00e0 temps un stock de pneus insuffisant, ce qui permet aux op\u00e9rateurs d&rsquo;agir de mani\u00e8re proactive.<\/li>\n<li>Mode transitoire \u00e9conome en \u00e9nergie avec mise en veille automatique : r\u00e9duit la consommation d&rsquo;\u00e9nergie et les co\u00fbts d&rsquo;exploitation lorsque la machine n&rsquo;est pas utilis\u00e9e.<\/li>\n<li>Cerclage au milieu de la liasse : augmente la stabilit\u00e9 et la s\u00e9curit\u00e9 de l&#8217;emballage, en particulier lors du transport de charges instables.<\/li>\n<li>Table rallong\u00e9e, entra\u00een\u00e9e par courroie, de 200 mm du c\u00f4t\u00e9 de l&rsquo;entr\u00e9e et de la sortie : augmente la surface de travail et offre plus de flexibilit\u00e9 lors de la manipulation de produits de tailles diff\u00e9rentes.<\/li>\n<li>Hauteur de la table r\u00e9glable par le bas (750 mm &#8211; 900 mm) : Am\u00e9liore l&rsquo;ergonomie et permet \u00e0 la machine de convenir \u00e0 des op\u00e9rateurs de diff\u00e9rentes longueurs et \u00e0 des applications sp\u00e9cifiques.<\/li>\n<\/ul>\n<h4>Donn\u00e9es techniques<\/h4>\n<table border=\"1\" width=\"100%\" cellspacing=\"0\" cellpadding=\"3\">\n<tbody>\n<tr valign=\"top\">\n<td bgcolor=\"#f1f1f1\" width=\"30%\">Largeur du pneu<\/td>\n<td bgcolor=\"#ffffff\" width=\"70%\">5 mm, 6 mm, 9 mm ou 12 mm<\/td>\n<\/tr>\n<tr valign=\"top\">\n<td bgcolor=\"#f1f1f1\" width=\"30%\">Plage de serrage<\/td>\n<td bgcolor=\"#ffffff\" width=\"70%\">\n<p>1-32 kg (pour 5 mm, 6 mm, 9 mm) 1-45 kg (pour 12 mm) *Tension plus \u00e9lev\u00e9e disponible sur demande<\/td>\n<\/tr>\n<tr valign=\"top\">\n<td bgcolor=\"#f1f1f1\" width=\"30%\">Capacit\u00e9<\/td>\n<td bgcolor=\"#ffffff\" width=\"70%\">Jusqu&rsquo;\u00e0 40 paquets\/minute (taux de cycle jusqu&rsquo;\u00e0 65 cycles\/minute)<\/td>\n<\/tr>\n<tr valign=\"top\">\n<td bgcolor=\"#f1f1f1\" width=\"30%\">Poids<\/td>\n<td bgcolor=\"#ffffff\" width=\"70%\">225 kg<\/td>\n<\/tr>\n<tr valign=\"top\">\n<td bgcolor=\"#f1f1f1\" width=\"30%\">Exigences en mati\u00e8re d&rsquo;\u00e9lectricit\u00e9<\/td>\n<td bgcolor=\"#ffffff\" width=\"70%\">\n110V, 220V, 230V, 240V 50\/60Hz 1PH 220V, 380V, 400V, 415V 50\/60Hz 3PH<\/td>\n<\/tr>\n<\/tbody>\n<\/table>\n<h4>Vid\u00e9o<\/h4>\n<div class=\"youtube-embed-wrapper\">\n            <iframe src=\"https:\/\/www.youtube.com\/embed\/gbkV5RlyO2g\" width=\"640\" height=\"360\" frameborder=\"0\" allowfullscreen=\"allowfullscreen\" data-mce-fragment=\"1\"><\/iframe>\n          <\/div>\n","protected":false},"excerpt":{"rendered":"<p>La Mercury Transit TP-702B est une cercleuse enti\u00e8rement automatique, id\u00e9ale pour les lignes de production et d&#8217;emballage. Elle convient aux cerclages en PP d&rsquo;une largeur de 5 mm, 6 mm, 9 mm ou 12 mm. La TP-702B est la cercleuse \u00e0 usage g\u00e9n\u00e9ral la plus rapide et la plus fiable actuellement disponible sur le march\u00e9.  <\/p>\n","protected":false},"featured_media":3141,"comment_status":"open","ping_status":"closed","template":"","meta":[],"product_brand":[],"product_cat":[126,91,116],"product_tag":[],"class_list":{"0":"post-4130","1":"product","2":"type-product","3":"status-publish","4":"has-post-thumbnail","6":"product_cat-cerclage-automatique-de-boites","7":"product_cat-fabricants","8":"product_cat-transpak-fr","10":"first","11":"instock","12":"product-type-simple"},"yoast_head":"<!-- This site is optimized with the Yoast SEO plugin v26.9 - https:\/\/yoast.com\/product\/yoast-seo-wordpress\/ -->\n<title>TP-702B Mercury Transit - Karopack<\/title>\n<meta name=\"robots\" content=\"index, follow, max-snippet:-1, max-image-preview:large, max-video-preview:-1\" \/>\n<link rel=\"canonical\" href=\"https:\/\/www.karopack.be\/fr\/produit\/tp-702b-mercury-transit\/\" \/>\n<meta property=\"og:locale\" content=\"fr_FR\" \/>\n<meta property=\"og:type\" content=\"article\" \/>\n<meta property=\"og:title\" content=\"TP-702B Mercury Transit - Karopack\" \/>\n<meta property=\"og:description\" content=\"La Mercury Transit TP-702B est une cercleuse enti\u00e8rement automatique, id\u00e9ale pour les lignes de production et d&#039;emballage. Elle convient aux cerclages en PP d&#039;une largeur de 5 mm, 6 mm, 9 mm ou 12 mm. La TP-702B est la cercleuse \u00e0 usage g\u00e9n\u00e9ral la plus rapide et la plus fiable actuellement disponible sur le march\u00e9.\" \/>\n<meta property=\"og:url\" content=\"https:\/\/www.karopack.be\/fr\/produit\/tp-702b-mercury-transit\/\" \/>\n<meta property=\"og:site_name\" content=\"Karopack\" \/>\n<meta property=\"og:image\" content=\"https:\/\/www.karopack.be\/wp-content\/uploads\/2024\/02\/TP-702B-Mercury-Transit1.jpg\" \/>\n\t<meta property=\"og:image:width\" content=\"400\" \/>\n\t<meta property=\"og:image:height\" content=\"400\" \/>\n\t<meta property=\"og:image:type\" content=\"image\/jpeg\" \/>\n<meta name=\"twitter:card\" content=\"summary_large_image\" \/>\n<meta name=\"twitter:label1\" content=\"Dur\u00e9e de lecture est.\" \/>\n\t<meta name=\"twitter:data1\" content=\"3 minutes\" \/>\n<script type=\"application\/ld+json\" class=\"yoast-schema-graph\">{\"@context\":\"https:\/\/schema.org\",\"@graph\":[{\"@type\":\"WebPage\",\"@id\":\"https:\/\/www.karopack.be\/fr\/produit\/tp-702b-mercury-transit\/\",\"url\":\"https:\/\/www.karopack.be\/fr\/produit\/tp-702b-mercury-transit\/\",\"name\":\"TP-702B Mercury Transit - Karopack\",\"isPartOf\":{\"@id\":\"https:\/\/www.karopack.be\/fr\/#website\"},\"primaryImageOfPage\":{\"@id\":\"https:\/\/www.karopack.be\/fr\/produit\/tp-702b-mercury-transit\/#primaryimage\"},\"image\":{\"@id\":\"https:\/\/www.karopack.be\/fr\/produit\/tp-702b-mercury-transit\/#primaryimage\"},\"thumbnailUrl\":\"https:\/\/www.karopack.be\/wp-content\/uploads\/2024\/02\/TP-702B-Mercury-Transit1.jpg\",\"datePublished\":\"2024-07-11T06:16:54+00:00\",\"breadcrumb\":{\"@id\":\"https:\/\/www.karopack.be\/fr\/produit\/tp-702b-mercury-transit\/#breadcrumb\"},\"inLanguage\":\"fr-BE\",\"potentialAction\":[{\"@type\":\"ReadAction\",\"target\":[\"https:\/\/www.karopack.be\/fr\/produit\/tp-702b-mercury-transit\/\"]}]},{\"@type\":\"ImageObject\",\"inLanguage\":\"fr-BE\",\"@id\":\"https:\/\/www.karopack.be\/fr\/produit\/tp-702b-mercury-transit\/#primaryimage\",\"url\":\"https:\/\/www.karopack.be\/wp-content\/uploads\/2024\/02\/TP-702B-Mercury-Transit1.jpg\",\"contentUrl\":\"https:\/\/www.karopack.be\/wp-content\/uploads\/2024\/02\/TP-702B-Mercury-Transit1.jpg\",\"width\":400,\"height\":400},{\"@type\":\"BreadcrumbList\",\"@id\":\"https:\/\/www.karopack.be\/fr\/produit\/tp-702b-mercury-transit\/#breadcrumb\",\"itemListElement\":[{\"@type\":\"ListItem\",\"position\":1,\"name\":\"Home\",\"item\":\"https:\/\/www.karopack.be\/fr\/\"},{\"@type\":\"ListItem\",\"position\":2,\"name\":\"Shop\",\"item\":\"https:\/\/www.karopack.be\/fr\/shop\/\"},{\"@type\":\"ListItem\",\"position\":3,\"name\":\"TP-702B Mercury Transit\"}]},{\"@type\":\"WebSite\",\"@id\":\"https:\/\/www.karopack.be\/fr\/#website\",\"url\":\"https:\/\/www.karopack.be\/fr\/\",\"name\":\"Karopack\",\"description\":\"\",\"publisher\":{\"@id\":\"https:\/\/www.karopack.be\/fr\/#organization\"},\"potentialAction\":[{\"@type\":\"SearchAction\",\"target\":{\"@type\":\"EntryPoint\",\"urlTemplate\":\"https:\/\/www.karopack.be\/fr\/?s={search_term_string}\"},\"query-input\":{\"@type\":\"PropertyValueSpecification\",\"valueRequired\":true,\"valueName\":\"search_term_string\"}}],\"inLanguage\":\"fr-BE\"},{\"@type\":\"Organization\",\"@id\":\"https:\/\/www.karopack.be\/fr\/#organization\",\"name\":\"Karopack\",\"url\":\"https:\/\/www.karopack.be\/fr\/\",\"logo\":{\"@type\":\"ImageObject\",\"inLanguage\":\"fr-BE\",\"@id\":\"https:\/\/www.karopack.be\/fr\/#\/schema\/logo\/image\/\",\"url\":\"https:\/\/www.karopack.be\/wp-content\/uploads\/2024\/07\/Karopack-Logo.png\",\"contentUrl\":\"https:\/\/www.karopack.be\/wp-content\/uploads\/2024\/07\/Karopack-Logo.png\",\"width\":809,\"height\":240,\"caption\":\"Karopack\"},\"image\":{\"@id\":\"https:\/\/www.karopack.be\/fr\/#\/schema\/logo\/image\/\"}}]}<\/script>\n<!-- \/ Yoast SEO plugin. -->","yoast_head_json":{"title":"TP-702B Mercury Transit - Karopack","robots":{"index":"index","follow":"follow","max-snippet":"max-snippet:-1","max-image-preview":"max-image-preview:large","max-video-preview":"max-video-preview:-1"},"canonical":"https:\/\/www.karopack.be\/fr\/produit\/tp-702b-mercury-transit\/","og_locale":"fr_FR","og_type":"article","og_title":"TP-702B Mercury Transit - Karopack","og_description":"La Mercury Transit TP-702B est une cercleuse enti\u00e8rement automatique, id\u00e9ale pour les lignes de production et d'emballage. Elle convient aux cerclages en PP d'une largeur de 5 mm, 6 mm, 9 mm ou 12 mm. La TP-702B est la cercleuse \u00e0 usage g\u00e9n\u00e9ral la plus rapide et la plus fiable actuellement disponible sur le march\u00e9.","og_url":"https:\/\/www.karopack.be\/fr\/produit\/tp-702b-mercury-transit\/","og_site_name":"Karopack","og_image":[{"width":400,"height":400,"url":"https:\/\/www.karopack.be\/wp-content\/uploads\/2024\/02\/TP-702B-Mercury-Transit1.jpg","type":"image\/jpeg"}],"twitter_card":"summary_large_image","twitter_misc":{"Dur\u00e9e de lecture est.":"3 minutes"},"schema":{"@context":"https:\/\/schema.org","@graph":[{"@type":"WebPage","@id":"https:\/\/www.karopack.be\/fr\/produit\/tp-702b-mercury-transit\/","url":"https:\/\/www.karopack.be\/fr\/produit\/tp-702b-mercury-transit\/","name":"TP-702B Mercury Transit - Karopack","isPartOf":{"@id":"https:\/\/www.karopack.be\/fr\/#website"},"primaryImageOfPage":{"@id":"https:\/\/www.karopack.be\/fr\/produit\/tp-702b-mercury-transit\/#primaryimage"},"image":{"@id":"https:\/\/www.karopack.be\/fr\/produit\/tp-702b-mercury-transit\/#primaryimage"},"thumbnailUrl":"https:\/\/www.karopack.be\/wp-content\/uploads\/2024\/02\/TP-702B-Mercury-Transit1.jpg","datePublished":"2024-07-11T06:16:54+00:00","breadcrumb":{"@id":"https:\/\/www.karopack.be\/fr\/produit\/tp-702b-mercury-transit\/#breadcrumb"},"inLanguage":"fr-BE","potentialAction":[{"@type":"ReadAction","target":["https:\/\/www.karopack.be\/fr\/produit\/tp-702b-mercury-transit\/"]}]},{"@type":"ImageObject","inLanguage":"fr-BE","@id":"https:\/\/www.karopack.be\/fr\/produit\/tp-702b-mercury-transit\/#primaryimage","url":"https:\/\/www.karopack.be\/wp-content\/uploads\/2024\/02\/TP-702B-Mercury-Transit1.jpg","contentUrl":"https:\/\/www.karopack.be\/wp-content\/uploads\/2024\/02\/TP-702B-Mercury-Transit1.jpg","width":400,"height":400},{"@type":"BreadcrumbList","@id":"https:\/\/www.karopack.be\/fr\/produit\/tp-702b-mercury-transit\/#breadcrumb","itemListElement":[{"@type":"ListItem","position":1,"name":"Home","item":"https:\/\/www.karopack.be\/fr\/"},{"@type":"ListItem","position":2,"name":"Shop","item":"https:\/\/www.karopack.be\/fr\/shop\/"},{"@type":"ListItem","position":3,"name":"TP-702B Mercury Transit"}]},{"@type":"WebSite","@id":"https:\/\/www.karopack.be\/fr\/#website","url":"https:\/\/www.karopack.be\/fr\/","name":"Karopack","description":"","publisher":{"@id":"https:\/\/www.karopack.be\/fr\/#organization"},"potentialAction":[{"@type":"SearchAction","target":{"@type":"EntryPoint","urlTemplate":"https:\/\/www.karopack.be\/fr\/?s={search_term_string}"},"query-input":{"@type":"PropertyValueSpecification","valueRequired":true,"valueName":"search_term_string"}}],"inLanguage":"fr-BE"},{"@type":"Organization","@id":"https:\/\/www.karopack.be\/fr\/#organization","name":"Karopack","url":"https:\/\/www.karopack.be\/fr\/","logo":{"@type":"ImageObject","inLanguage":"fr-BE","@id":"https:\/\/www.karopack.be\/fr\/#\/schema\/logo\/image\/","url":"https:\/\/www.karopack.be\/wp-content\/uploads\/2024\/07\/Karopack-Logo.png","contentUrl":"https:\/\/www.karopack.be\/wp-content\/uploads\/2024\/07\/Karopack-Logo.png","width":809,"height":240,"caption":"Karopack"},"image":{"@id":"https:\/\/www.karopack.be\/fr\/#\/schema\/logo\/image\/"}}]}},"_links":{"self":[{"href":"https:\/\/www.karopack.be\/fr\/wp-json\/wp\/v2\/product\/4130","targetHints":{"allow":["GET"]}}],"collection":[{"href":"https:\/\/www.karopack.be\/fr\/wp-json\/wp\/v2\/product"}],"about":[{"href":"https:\/\/www.karopack.be\/fr\/wp-json\/wp\/v2\/types\/product"}],"replies":[{"embeddable":true,"href":"https:\/\/www.karopack.be\/fr\/wp-json\/wp\/v2\/comments?post=4130"}],"wp:featuredmedia":[{"embeddable":true,"href":"https:\/\/www.karopack.be\/fr\/wp-json\/wp\/v2\/media\/3141"}],"wp:attachment":[{"href":"https:\/\/www.karopack.be\/fr\/wp-json\/wp\/v2\/media?parent=4130"}],"wp:term":[{"taxonomy":"product_brand","embeddable":true,"href":"https:\/\/www.karopack.be\/fr\/wp-json\/wp\/v2\/product_brand?post=4130"},{"taxonomy":"product_cat","embeddable":true,"href":"https:\/\/www.karopack.be\/fr\/wp-json\/wp\/v2\/product_cat?post=4130"},{"taxonomy":"product_tag","embeddable":true,"href":"https:\/\/www.karopack.be\/fr\/wp-json\/wp\/v2\/product_tag?post=4130"}],"curies":[{"name":"wp","href":"https:\/\/api.w.org\/{rel}","templated":true}]}}