{"id":4131,"date":"2024-07-11T06:16:52","date_gmt":"2024-07-11T06:16:52","guid":{"rendered":"https:\/\/www.karopack.be\/product\/tp-6000-modele-economique\/"},"modified":"2024-07-11T06:16:52","modified_gmt":"2024-07-11T06:16:52","slug":"tp-6000-modele-economique","status":"publish","type":"product","link":"https:\/\/www.karopack.be\/fr\/produit\/tp-6000-modele-economique\/","title":{"rendered":"TP-6000 Mod\u00e8le \u00e9conomique"},"content":{"rendered":"<h4>Caract\u00e9ristiques<\/h4>\n<ul>\n<li>T\u00eate de cerclage sans entretien : r\u00e9duit les co\u00fbts de maintenance et les temps d&rsquo;arr\u00eat, id\u00e9al pour les entreprises \u00e0 la recherche d&rsquo;une solution n\u00e9cessitant peu d&rsquo;entretien.<\/li>\n<li>Contr\u00f4le m\u00e9canique externe de la tension : r\u00e9glage simple et fiable de la tension de la courroie pour diverses applications.<\/li>\n<li>Plusieurs m\u00e9thodes d&rsquo;activation : Fonctionnement flexible par p\u00e9dale, cellule photo\u00e9lectrique ou bouton de d\u00e9marrage, pour une efficacit\u00e9 et une facilit\u00e9 d&rsquo;utilisation optimales.<\/li>\n<li>Un choix abordable pour tous les budgets : une solution rentable pour les entreprises \u00e0 la recherche d&rsquo;une cercleuse de qualit\u00e9 sans investissements importants.<\/li>\n<li>Mod\u00e8le \u00e9conomique : sp\u00e9cialement con\u00e7u pour les applications g\u00e9n\u00e9rales pour lesquelles un bon rapport qualit\u00e9-prix est important.<\/li>\n<\/ul>\n<h4>Options<\/h4>\n<ul>\n<li>Capteur de manque de bande : minimise les temps d&rsquo;arr\u00eat en avertissant \u00e0 temps d&rsquo;un manque de bande, ce qui permet \u00e0 l&rsquo;op\u00e9rateur d&rsquo;agir de mani\u00e8re proactive.<\/li>\n<li>Syst\u00e8me d&rsquo;extraction des fum\u00e9es avec filtre \u00e0 charbon : am\u00e9liore la qualit\u00e9 de l&rsquo;air et \u00e9limine les fum\u00e9es d\u00e9gag\u00e9es pendant le soudage, contribuant ainsi \u00e0 un environnement de travail plus sain.<\/li>\n<li>Table sans rouleaux libres : Fournit une surface stable pour positionner les produits pendant le cerclage, id\u00e9al pour les charges lourdes ou instables.<\/li>\n<li>Roulettes pivotantes en PU (2 libres et 2 avec frein) : Facilitent le d\u00e9placement de la machine, m\u00eame sur des surfaces irr\u00e9guli\u00e8res, tandis que les freins assurent la stabilit\u00e9 pendant l&rsquo;utilisation.<\/li>\n<\/ul>\n<h4>Donn\u00e9es techniques<\/h4>\n<table border=\"1\" width=\"100%\" cellspacing=\"0\" cellpadding=\"3\">\n<tbody>\n<tr valign=\"top\">\n<td bgcolor=\"#f1f1f1\" width=\"30%\">Capacit\u00e9<\/td>\n<td bgcolor=\"#ffffff\" width=\"70%\">Jusqu&rsquo;\u00e0 27 cycles\/minute<\/td>\n<\/tr>\n<tr valign=\"top\">\n<td bgcolor=\"#f1f1f1\" width=\"30%\">Largeur du pneu<\/td>\n<td bgcolor=\"#ffffff\" width=\"70%\">8 mm, 9 mm, 12 mm ou 15,5 mm<\/td>\n<\/tr>\n<tr valign=\"top\">\n<td bgcolor=\"#f1f1f1\" width=\"30%\">Plage de serrage<\/td>\n<td bgcolor=\"#ffffff\" width=\"70%\">\n7 &#8211; 70 kg Version CE : jusqu&rsquo;\u00e0 45 kg<\/td>\n<\/tr>\n<tr valign=\"top\">\n<td bgcolor=\"#f1f1f1\" width=\"30%\">Poids<\/td>\n<td bgcolor=\"#ffffff\" width=\"70%\">220 kg<\/td>\n<\/tr>\n<tr valign=\"top\">\n<td bgcolor=\"#f1f1f1\" width=\"30%\">Exigences en mati\u00e8re d&rsquo;\u00e9lectricit\u00e9<\/td>\n<td bgcolor=\"#ffffff\" width=\"70%\">\n110V, 220V, 230V, 240V 50\/60Hz 1PH 220V, 380V, 400V, 415V 50\/60Hz 3PH<\/td>\n<\/tr>\n<\/tbody>\n<\/table>\n","protected":false},"excerpt":{"rendered":"<p>La TP-6000 est une cercleuse automatique \u00e9conomique pour les feuillards en PP. Elle est facile \u00e0 utiliser et \u00e0 entretenir.  Sa qualit\u00e9 et ses performances \u00e9prouv\u00e9es font du TP-6000 la solution la plus rentable pour les applications g\u00e9n\u00e9rales.<\/p>\n","protected":false},"featured_media":3131,"comment_status":"open","ping_status":"closed","template":"","meta":[],"product_brand":[],"product_cat":[126,91,109,116],"product_tag":[],"class_list":{"0":"post-4131","1":"product","2":"type-product","3":"status-publish","4":"has-post-thumbnail","6":"product_cat-cerclage-automatique-de-boites","7":"product_cat-fabricants","8":"product_cat-machines-a-cercler","9":"product_cat-transpak-fr","11":"first","12":"instock","13":"product-type-simple"},"yoast_head":"<!-- This site is optimized with the Yoast SEO plugin v26.9 - https:\/\/yoast.com\/product\/yoast-seo-wordpress\/ -->\n<title>TP-6000 Mod\u00e8le \u00e9conomique - Karopack<\/title>\n<meta name=\"robots\" content=\"index, follow, max-snippet:-1, max-image-preview:large, max-video-preview:-1\" \/>\n<link rel=\"canonical\" href=\"https:\/\/www.karopack.be\/fr\/produit\/tp-6000-modele-economique\/\" \/>\n<meta property=\"og:locale\" content=\"fr_FR\" \/>\n<meta property=\"og:type\" content=\"article\" \/>\n<meta property=\"og:title\" content=\"TP-6000 Mod\u00e8le \u00e9conomique - Karopack\" \/>\n<meta property=\"og:description\" content=\"La TP-6000 est une cercleuse automatique \u00e9conomique pour les feuillards en PP. Elle est facile \u00e0 utiliser et \u00e0 entretenir. Sa qualit\u00e9 et ses performances \u00e9prouv\u00e9es font du TP-6000 la solution la plus rentable pour les applications g\u00e9n\u00e9rales.\" \/>\n<meta property=\"og:url\" content=\"https:\/\/www.karopack.be\/fr\/produit\/tp-6000-modele-economique\/\" \/>\n<meta property=\"og:site_name\" content=\"Karopack\" \/>\n<meta property=\"og:image\" content=\"https:\/\/www.karopack.be\/wp-content\/uploads\/2024\/01\/TP-6000_1.jpg\" \/>\n\t<meta property=\"og:image:width\" content=\"400\" \/>\n\t<meta property=\"og:image:height\" content=\"400\" \/>\n\t<meta property=\"og:image:type\" content=\"image\/jpeg\" \/>\n<meta name=\"twitter:card\" content=\"summary_large_image\" \/>\n<meta name=\"twitter:label1\" content=\"Dur\u00e9e de lecture est.\" \/>\n\t<meta name=\"twitter:data1\" content=\"1 minute\" \/>\n<script type=\"application\/ld+json\" class=\"yoast-schema-graph\">{\"@context\":\"https:\/\/schema.org\",\"@graph\":[{\"@type\":\"WebPage\",\"@id\":\"https:\/\/www.karopack.be\/fr\/produit\/tp-6000-modele-economique\/\",\"url\":\"https:\/\/www.karopack.be\/fr\/produit\/tp-6000-modele-economique\/\",\"name\":\"TP-6000 Mod\u00e8le \u00e9conomique - Karopack\",\"isPartOf\":{\"@id\":\"https:\/\/www.karopack.be\/fr\/#website\"},\"primaryImageOfPage\":{\"@id\":\"https:\/\/www.karopack.be\/fr\/produit\/tp-6000-modele-economique\/#primaryimage\"},\"image\":{\"@id\":\"https:\/\/www.karopack.be\/fr\/produit\/tp-6000-modele-economique\/#primaryimage\"},\"thumbnailUrl\":\"https:\/\/www.karopack.be\/wp-content\/uploads\/2024\/01\/TP-6000_1.jpg\",\"datePublished\":\"2024-07-11T06:16:52+00:00\",\"breadcrumb\":{\"@id\":\"https:\/\/www.karopack.be\/fr\/produit\/tp-6000-modele-economique\/#breadcrumb\"},\"inLanguage\":\"fr-BE\",\"potentialAction\":[{\"@type\":\"ReadAction\",\"target\":[\"https:\/\/www.karopack.be\/fr\/produit\/tp-6000-modele-economique\/\"]}]},{\"@type\":\"ImageObject\",\"inLanguage\":\"fr-BE\",\"@id\":\"https:\/\/www.karopack.be\/fr\/produit\/tp-6000-modele-economique\/#primaryimage\",\"url\":\"https:\/\/www.karopack.be\/wp-content\/uploads\/2024\/01\/TP-6000_1.jpg\",\"contentUrl\":\"https:\/\/www.karopack.be\/wp-content\/uploads\/2024\/01\/TP-6000_1.jpg\",\"width\":400,\"height\":400},{\"@type\":\"BreadcrumbList\",\"@id\":\"https:\/\/www.karopack.be\/fr\/produit\/tp-6000-modele-economique\/#breadcrumb\",\"itemListElement\":[{\"@type\":\"ListItem\",\"position\":1,\"name\":\"Home\",\"item\":\"https:\/\/www.karopack.be\/fr\/\"},{\"@type\":\"ListItem\",\"position\":2,\"name\":\"Shop\",\"item\":\"https:\/\/www.karopack.be\/fr\/shop\/\"},{\"@type\":\"ListItem\",\"position\":3,\"name\":\"TP-6000 Mod\u00e8le \u00e9conomique\"}]},{\"@type\":\"WebSite\",\"@id\":\"https:\/\/www.karopack.be\/fr\/#website\",\"url\":\"https:\/\/www.karopack.be\/fr\/\",\"name\":\"Karopack\",\"description\":\"\",\"publisher\":{\"@id\":\"https:\/\/www.karopack.be\/fr\/#organization\"},\"potentialAction\":[{\"@type\":\"SearchAction\",\"target\":{\"@type\":\"EntryPoint\",\"urlTemplate\":\"https:\/\/www.karopack.be\/fr\/?s={search_term_string}\"},\"query-input\":{\"@type\":\"PropertyValueSpecification\",\"valueRequired\":true,\"valueName\":\"search_term_string\"}}],\"inLanguage\":\"fr-BE\"},{\"@type\":\"Organization\",\"@id\":\"https:\/\/www.karopack.be\/fr\/#organization\",\"name\":\"Karopack\",\"url\":\"https:\/\/www.karopack.be\/fr\/\",\"logo\":{\"@type\":\"ImageObject\",\"inLanguage\":\"fr-BE\",\"@id\":\"https:\/\/www.karopack.be\/fr\/#\/schema\/logo\/image\/\",\"url\":\"https:\/\/www.karopack.be\/wp-content\/uploads\/2024\/07\/Karopack-Logo.png\",\"contentUrl\":\"https:\/\/www.karopack.be\/wp-content\/uploads\/2024\/07\/Karopack-Logo.png\",\"width\":809,\"height\":240,\"caption\":\"Karopack\"},\"image\":{\"@id\":\"https:\/\/www.karopack.be\/fr\/#\/schema\/logo\/image\/\"}}]}<\/script>\n<!-- \/ Yoast SEO plugin. -->","yoast_head_json":{"title":"TP-6000 Mod\u00e8le \u00e9conomique - Karopack","robots":{"index":"index","follow":"follow","max-snippet":"max-snippet:-1","max-image-preview":"max-image-preview:large","max-video-preview":"max-video-preview:-1"},"canonical":"https:\/\/www.karopack.be\/fr\/produit\/tp-6000-modele-economique\/","og_locale":"fr_FR","og_type":"article","og_title":"TP-6000 Mod\u00e8le \u00e9conomique - Karopack","og_description":"La TP-6000 est une cercleuse automatique \u00e9conomique pour les feuillards en PP. Elle est facile \u00e0 utiliser et \u00e0 entretenir. Sa qualit\u00e9 et ses performances \u00e9prouv\u00e9es font du TP-6000 la solution la plus rentable pour les applications g\u00e9n\u00e9rales.","og_url":"https:\/\/www.karopack.be\/fr\/produit\/tp-6000-modele-economique\/","og_site_name":"Karopack","og_image":[{"width":400,"height":400,"url":"https:\/\/www.karopack.be\/wp-content\/uploads\/2024\/01\/TP-6000_1.jpg","type":"image\/jpeg"}],"twitter_card":"summary_large_image","twitter_misc":{"Dur\u00e9e de lecture est.":"1 minute"},"schema":{"@context":"https:\/\/schema.org","@graph":[{"@type":"WebPage","@id":"https:\/\/www.karopack.be\/fr\/produit\/tp-6000-modele-economique\/","url":"https:\/\/www.karopack.be\/fr\/produit\/tp-6000-modele-economique\/","name":"TP-6000 Mod\u00e8le \u00e9conomique - Karopack","isPartOf":{"@id":"https:\/\/www.karopack.be\/fr\/#website"},"primaryImageOfPage":{"@id":"https:\/\/www.karopack.be\/fr\/produit\/tp-6000-modele-economique\/#primaryimage"},"image":{"@id":"https:\/\/www.karopack.be\/fr\/produit\/tp-6000-modele-economique\/#primaryimage"},"thumbnailUrl":"https:\/\/www.karopack.be\/wp-content\/uploads\/2024\/01\/TP-6000_1.jpg","datePublished":"2024-07-11T06:16:52+00:00","breadcrumb":{"@id":"https:\/\/www.karopack.be\/fr\/produit\/tp-6000-modele-economique\/#breadcrumb"},"inLanguage":"fr-BE","potentialAction":[{"@type":"ReadAction","target":["https:\/\/www.karopack.be\/fr\/produit\/tp-6000-modele-economique\/"]}]},{"@type":"ImageObject","inLanguage":"fr-BE","@id":"https:\/\/www.karopack.be\/fr\/produit\/tp-6000-modele-economique\/#primaryimage","url":"https:\/\/www.karopack.be\/wp-content\/uploads\/2024\/01\/TP-6000_1.jpg","contentUrl":"https:\/\/www.karopack.be\/wp-content\/uploads\/2024\/01\/TP-6000_1.jpg","width":400,"height":400},{"@type":"BreadcrumbList","@id":"https:\/\/www.karopack.be\/fr\/produit\/tp-6000-modele-economique\/#breadcrumb","itemListElement":[{"@type":"ListItem","position":1,"name":"Home","item":"https:\/\/www.karopack.be\/fr\/"},{"@type":"ListItem","position":2,"name":"Shop","item":"https:\/\/www.karopack.be\/fr\/shop\/"},{"@type":"ListItem","position":3,"name":"TP-6000 Mod\u00e8le \u00e9conomique"}]},{"@type":"WebSite","@id":"https:\/\/www.karopack.be\/fr\/#website","url":"https:\/\/www.karopack.be\/fr\/","name":"Karopack","description":"","publisher":{"@id":"https:\/\/www.karopack.be\/fr\/#organization"},"potentialAction":[{"@type":"SearchAction","target":{"@type":"EntryPoint","urlTemplate":"https:\/\/www.karopack.be\/fr\/?s={search_term_string}"},"query-input":{"@type":"PropertyValueSpecification","valueRequired":true,"valueName":"search_term_string"}}],"inLanguage":"fr-BE"},{"@type":"Organization","@id":"https:\/\/www.karopack.be\/fr\/#organization","name":"Karopack","url":"https:\/\/www.karopack.be\/fr\/","logo":{"@type":"ImageObject","inLanguage":"fr-BE","@id":"https:\/\/www.karopack.be\/fr\/#\/schema\/logo\/image\/","url":"https:\/\/www.karopack.be\/wp-content\/uploads\/2024\/07\/Karopack-Logo.png","contentUrl":"https:\/\/www.karopack.be\/wp-content\/uploads\/2024\/07\/Karopack-Logo.png","width":809,"height":240,"caption":"Karopack"},"image":{"@id":"https:\/\/www.karopack.be\/fr\/#\/schema\/logo\/image\/"}}]}},"_links":{"self":[{"href":"https:\/\/www.karopack.be\/fr\/wp-json\/wp\/v2\/product\/4131","targetHints":{"allow":["GET"]}}],"collection":[{"href":"https:\/\/www.karopack.be\/fr\/wp-json\/wp\/v2\/product"}],"about":[{"href":"https:\/\/www.karopack.be\/fr\/wp-json\/wp\/v2\/types\/product"}],"replies":[{"embeddable":true,"href":"https:\/\/www.karopack.be\/fr\/wp-json\/wp\/v2\/comments?post=4131"}],"wp:featuredmedia":[{"embeddable":true,"href":"https:\/\/www.karopack.be\/fr\/wp-json\/wp\/v2\/media\/3131"}],"wp:attachment":[{"href":"https:\/\/www.karopack.be\/fr\/wp-json\/wp\/v2\/media?parent=4131"}],"wp:term":[{"taxonomy":"product_brand","embeddable":true,"href":"https:\/\/www.karopack.be\/fr\/wp-json\/wp\/v2\/product_brand?post=4131"},{"taxonomy":"product_cat","embeddable":true,"href":"https:\/\/www.karopack.be\/fr\/wp-json\/wp\/v2\/product_cat?post=4131"},{"taxonomy":"product_tag","embeddable":true,"href":"https:\/\/www.karopack.be\/fr\/wp-json\/wp\/v2\/product_tag?post=4131"}],"curies":[{"name":"wp","href":"https:\/\/api.w.org\/{rel}","templated":true}]}}