{"id":4134,"date":"2024-07-11T06:16:51","date_gmt":"2024-07-11T06:16:51","guid":{"rendered":"https:\/\/www.karopack.be\/product\/tauris-tp-601d\/"},"modified":"2024-07-11T06:16:51","modified_gmt":"2024-07-11T06:16:51","slug":"tauris-tp-601d","status":"publish","type":"product","link":"https:\/\/www.karopack.be\/fr\/produit\/tauris-tp-601d\/","title":{"rendered":"Tauris TP-601D"},"content":{"rendered":"<h4>Caract\u00e9ristiques<\/h4>\n<ul>\n<li>T\u00eate de cerclage fiable et robuste : conception durable pour une utilisation \u00e0 long terme et un temps d&rsquo;arr\u00eat minimal.<\/li>\n<li>Contr\u00f4le \u00e9lectronique de la tension : tension constante et pr\u00e9cise du feuillard pour un cerclage s\u00fbr de divers produits.<\/li>\n<li>Alimentation automatique de la bande : fonctionnement efficace sans intervention manuelle, pour une productivit\u00e9 accrue.<\/li>\n<li>\u00c9jecteur automatique de sangles : \u00e9vite l&rsquo;accumulation de r\u00e9sidus de sangles et garantit une finition soign\u00e9e.<\/li>\n<li>Capteur d&rsquo;approvisionnement en pneus courts : minimise les temps d&rsquo;arr\u00eat en avertissant \u00e0 temps d&rsquo;un manque de pneus.<\/li>\n<li>R\u00e9alimentation automatique de la bande : augmente l&rsquo;efficacit\u00e9 en r\u00e9alimentant automatiquement la bande apr\u00e8s une interruption.<\/li>\n<li>\u00c9jecteur d&rsquo;extr\u00e9mit\u00e9 de sangle : \u00c9limination automatique des extr\u00e9mit\u00e9s de sangle pour une finition soign\u00e9e et un fonctionnement sans probl\u00e8me.<\/li>\n<li>Plusieurs m\u00e9thodes d&rsquo;activation : Fonctionnement flexible via une p\u00e9dale, une cellule photo\u00e9lectrique ou un bouton de d\u00e9marrage.<\/li>\n<li>T\u00eate de cerclage sans entretien : r\u00e9duit les co\u00fbts de maintenance et les temps d&rsquo;arr\u00eat.<\/li>\n<li>Temps de refroidissement du soudage r\u00e9glable : r\u00e9glages optimaux pour diff\u00e9rents types de bandes et d&rsquo;applications.<\/li>\n<\/ul>\n<h4>Options<\/h4>\n<ul>\n<li>Syst\u00e8me d&rsquo;extraction des fum\u00e9es avec filtre \u00e0 charbon : am\u00e9liore la qualit\u00e9 de l&rsquo;air et \u00e9limine les fum\u00e9es d\u00e9gag\u00e9es pendant le soudage.<\/li>\n<li>Interrupteur d&rsquo;arr\u00eat d&rsquo;urgence : augmente la s\u00e9curit\u00e9 en arr\u00eatant imm\u00e9diatement la machine en cas d&rsquo;urgence.<\/li>\n<li>Table sans rouleaux libres : Fournit une surface stable pour positionner les produits pendant le cerclage.<\/li>\n<li>Roulettes en PU : Facilitent le d\u00e9placement de la machine, m\u00eame sur des surfaces irr\u00e9guli\u00e8res.<\/li>\n<\/ul>\n<h4>Donn\u00e9es techniques<\/h4>\n<table border=\"1\" width=\"100%\" cellspacing=\"0\" cellpadding=\"3\">\n<tbody>\n<tr valign=\"top\">\n<td bgcolor=\"#f1f1f1\" width=\"30%\">Capacit\u00e9<\/td>\n<td bgcolor=\"#ffffff\" width=\"70%\">Jusqu&rsquo;\u00e0 29 cycles\/minute<\/td>\n<\/tr>\n<tr valign=\"top\">\n<td bgcolor=\"#f1f1f1\" width=\"30%\">Largeur du pneu<\/td>\n<td bgcolor=\"#ffffff\" width=\"70%\">8 mm, 9 mm ou 12 mm<\/td>\n<\/tr>\n<tr valign=\"top\">\n<td bgcolor=\"#f1f1f1\" width=\"30%\">Plage de serrage<\/td>\n<td bgcolor=\"#ffffff\" width=\"70%\">\n7 &#8211; 45 kg (standard) Jusqu&rsquo;\u00e0 70 kg (sur demande)<\/td>\n<\/tr>\n<tr valign=\"top\">\n<td bgcolor=\"#f1f1f1\" width=\"30%\">Poids maximal de l&#8217;emballage<\/td>\n<td bgcolor=\"#ffffff\" width=\"70%\">100 kg<\/td>\n<\/tr>\n<tr valign=\"top\">\n<td bgcolor=\"#f1f1f1\" width=\"30%\">Hauteur de la table<\/td>\n<td bgcolor=\"#ffffff\" width=\"70%\">810 mm<\/td>\n<\/tr>\n<tr valign=\"top\">\n<td bgcolor=\"#f1f1f1\" width=\"30%\">Poids<\/td>\n<td bgcolor=\"#ffffff\" width=\"70%\">220 kg<\/td>\n<\/tr>\n<tr valign=\"top\">\n<td bgcolor=\"#f1f1f1\" width=\"30%\">Exigences en mati\u00e8re d&rsquo;\u00e9lectricit\u00e9<\/td>\n<td bgcolor=\"#ffffff\" width=\"70%\">\n110V, 220V, 230V, 240V 50\/60Hz 1PH 220V, 380V, 400V, 415V 50\/60Hz 3PH<\/td>\n<\/tr>\n<\/tbody>\n<\/table>\n","protected":false},"excerpt":{"rendered":"<p>La Tauris TP-601D est une cercleuse automatique am\u00e9lior\u00e9e con\u00e7ue sp\u00e9cifiquement pour les cerclages en PP. Avec des caract\u00e9ristiques suppl\u00e9mentaires, la Tauris TP-601D offre les performances les plus puissantes et le meilleur rapport qualit\u00e9\/prix de sa cat\u00e9gorie pour les applications g\u00e9n\u00e9rales. <\/p>\n","protected":false},"featured_media":3125,"comment_status":"open","ping_status":"closed","template":"","meta":[],"product_brand":[],"product_cat":[126,91,109,116],"product_tag":[],"class_list":{"0":"post-4134","1":"product","2":"type-product","3":"status-publish","4":"has-post-thumbnail","6":"product_cat-cerclage-automatique-de-boites","7":"product_cat-fabricants","8":"product_cat-machines-a-cercler","9":"product_cat-transpak-fr","11":"first","12":"instock","13":"product-type-simple"},"yoast_head":"<!-- This site is optimized with the Yoast SEO plugin v26.9 - https:\/\/yoast.com\/product\/yoast-seo-wordpress\/ -->\n<title>Tauris TP-601D - Karopack<\/title>\n<meta name=\"robots\" content=\"index, follow, max-snippet:-1, max-image-preview:large, max-video-preview:-1\" \/>\n<link rel=\"canonical\" href=\"https:\/\/www.karopack.be\/fr\/produit\/tauris-tp-601d\/\" \/>\n<meta property=\"og:locale\" content=\"fr_FR\" \/>\n<meta property=\"og:type\" content=\"article\" \/>\n<meta property=\"og:title\" content=\"Tauris TP-601D - Karopack\" \/>\n<meta property=\"og:description\" content=\"La Tauris TP-601D est une cercleuse automatique am\u00e9lior\u00e9e con\u00e7ue sp\u00e9cifiquement pour les cerclages en PP. Avec des caract\u00e9ristiques suppl\u00e9mentaires, la Tauris TP-601D offre les performances les plus puissantes et le meilleur rapport qualit\u00e9\/prix de sa cat\u00e9gorie pour les applications g\u00e9n\u00e9rales.\" \/>\n<meta property=\"og:url\" content=\"https:\/\/www.karopack.be\/fr\/produit\/tauris-tp-601d\/\" \/>\n<meta property=\"og:site_name\" content=\"Karopack\" \/>\n<meta property=\"og:image\" content=\"https:\/\/www.karopack.be\/wp-content\/uploads\/2024\/01\/TP-601D-Tauris_1.jpg\" \/>\n\t<meta property=\"og:image:width\" content=\"400\" \/>\n\t<meta property=\"og:image:height\" content=\"400\" \/>\n\t<meta property=\"og:image:type\" content=\"image\/jpeg\" \/>\n<meta name=\"twitter:card\" content=\"summary_large_image\" \/>\n<meta name=\"twitter:label1\" content=\"Dur\u00e9e de lecture est.\" \/>\n\t<meta name=\"twitter:data1\" content=\"2 minutes\" \/>\n<script type=\"application\/ld+json\" class=\"yoast-schema-graph\">{\"@context\":\"https:\/\/schema.org\",\"@graph\":[{\"@type\":\"WebPage\",\"@id\":\"https:\/\/www.karopack.be\/fr\/produit\/tauris-tp-601d\/\",\"url\":\"https:\/\/www.karopack.be\/fr\/produit\/tauris-tp-601d\/\",\"name\":\"Tauris TP-601D - Karopack\",\"isPartOf\":{\"@id\":\"https:\/\/www.karopack.be\/fr\/#website\"},\"primaryImageOfPage\":{\"@id\":\"https:\/\/www.karopack.be\/fr\/produit\/tauris-tp-601d\/#primaryimage\"},\"image\":{\"@id\":\"https:\/\/www.karopack.be\/fr\/produit\/tauris-tp-601d\/#primaryimage\"},\"thumbnailUrl\":\"https:\/\/www.karopack.be\/wp-content\/uploads\/2024\/01\/TP-601D-Tauris_1.jpg\",\"datePublished\":\"2024-07-11T06:16:51+00:00\",\"breadcrumb\":{\"@id\":\"https:\/\/www.karopack.be\/fr\/produit\/tauris-tp-601d\/#breadcrumb\"},\"inLanguage\":\"fr-BE\",\"potentialAction\":[{\"@type\":\"ReadAction\",\"target\":[\"https:\/\/www.karopack.be\/fr\/produit\/tauris-tp-601d\/\"]}]},{\"@type\":\"ImageObject\",\"inLanguage\":\"fr-BE\",\"@id\":\"https:\/\/www.karopack.be\/fr\/produit\/tauris-tp-601d\/#primaryimage\",\"url\":\"https:\/\/www.karopack.be\/wp-content\/uploads\/2024\/01\/TP-601D-Tauris_1.jpg\",\"contentUrl\":\"https:\/\/www.karopack.be\/wp-content\/uploads\/2024\/01\/TP-601D-Tauris_1.jpg\",\"width\":400,\"height\":400},{\"@type\":\"BreadcrumbList\",\"@id\":\"https:\/\/www.karopack.be\/fr\/produit\/tauris-tp-601d\/#breadcrumb\",\"itemListElement\":[{\"@type\":\"ListItem\",\"position\":1,\"name\":\"Home\",\"item\":\"https:\/\/www.karopack.be\/fr\/\"},{\"@type\":\"ListItem\",\"position\":2,\"name\":\"Shop\",\"item\":\"https:\/\/www.karopack.be\/fr\/shop\/\"},{\"@type\":\"ListItem\",\"position\":3,\"name\":\"Tauris TP-601D\"}]},{\"@type\":\"WebSite\",\"@id\":\"https:\/\/www.karopack.be\/fr\/#website\",\"url\":\"https:\/\/www.karopack.be\/fr\/\",\"name\":\"Karopack\",\"description\":\"\",\"publisher\":{\"@id\":\"https:\/\/www.karopack.be\/fr\/#organization\"},\"potentialAction\":[{\"@type\":\"SearchAction\",\"target\":{\"@type\":\"EntryPoint\",\"urlTemplate\":\"https:\/\/www.karopack.be\/fr\/?s={search_term_string}\"},\"query-input\":{\"@type\":\"PropertyValueSpecification\",\"valueRequired\":true,\"valueName\":\"search_term_string\"}}],\"inLanguage\":\"fr-BE\"},{\"@type\":\"Organization\",\"@id\":\"https:\/\/www.karopack.be\/fr\/#organization\",\"name\":\"Karopack\",\"url\":\"https:\/\/www.karopack.be\/fr\/\",\"logo\":{\"@type\":\"ImageObject\",\"inLanguage\":\"fr-BE\",\"@id\":\"https:\/\/www.karopack.be\/fr\/#\/schema\/logo\/image\/\",\"url\":\"https:\/\/www.karopack.be\/wp-content\/uploads\/2024\/07\/Karopack-Logo.png\",\"contentUrl\":\"https:\/\/www.karopack.be\/wp-content\/uploads\/2024\/07\/Karopack-Logo.png\",\"width\":809,\"height\":240,\"caption\":\"Karopack\"},\"image\":{\"@id\":\"https:\/\/www.karopack.be\/fr\/#\/schema\/logo\/image\/\"}}]}<\/script>\n<!-- \/ Yoast SEO plugin. -->","yoast_head_json":{"title":"Tauris TP-601D - Karopack","robots":{"index":"index","follow":"follow","max-snippet":"max-snippet:-1","max-image-preview":"max-image-preview:large","max-video-preview":"max-video-preview:-1"},"canonical":"https:\/\/www.karopack.be\/fr\/produit\/tauris-tp-601d\/","og_locale":"fr_FR","og_type":"article","og_title":"Tauris TP-601D - Karopack","og_description":"La Tauris TP-601D est une cercleuse automatique am\u00e9lior\u00e9e con\u00e7ue sp\u00e9cifiquement pour les cerclages en PP. Avec des caract\u00e9ristiques suppl\u00e9mentaires, la Tauris TP-601D offre les performances les plus puissantes et le meilleur rapport qualit\u00e9\/prix de sa cat\u00e9gorie pour les applications g\u00e9n\u00e9rales.","og_url":"https:\/\/www.karopack.be\/fr\/produit\/tauris-tp-601d\/","og_site_name":"Karopack","og_image":[{"width":400,"height":400,"url":"https:\/\/www.karopack.be\/wp-content\/uploads\/2024\/01\/TP-601D-Tauris_1.jpg","type":"image\/jpeg"}],"twitter_card":"summary_large_image","twitter_misc":{"Dur\u00e9e de lecture est.":"2 minutes"},"schema":{"@context":"https:\/\/schema.org","@graph":[{"@type":"WebPage","@id":"https:\/\/www.karopack.be\/fr\/produit\/tauris-tp-601d\/","url":"https:\/\/www.karopack.be\/fr\/produit\/tauris-tp-601d\/","name":"Tauris TP-601D - Karopack","isPartOf":{"@id":"https:\/\/www.karopack.be\/fr\/#website"},"primaryImageOfPage":{"@id":"https:\/\/www.karopack.be\/fr\/produit\/tauris-tp-601d\/#primaryimage"},"image":{"@id":"https:\/\/www.karopack.be\/fr\/produit\/tauris-tp-601d\/#primaryimage"},"thumbnailUrl":"https:\/\/www.karopack.be\/wp-content\/uploads\/2024\/01\/TP-601D-Tauris_1.jpg","datePublished":"2024-07-11T06:16:51+00:00","breadcrumb":{"@id":"https:\/\/www.karopack.be\/fr\/produit\/tauris-tp-601d\/#breadcrumb"},"inLanguage":"fr-BE","potentialAction":[{"@type":"ReadAction","target":["https:\/\/www.karopack.be\/fr\/produit\/tauris-tp-601d\/"]}]},{"@type":"ImageObject","inLanguage":"fr-BE","@id":"https:\/\/www.karopack.be\/fr\/produit\/tauris-tp-601d\/#primaryimage","url":"https:\/\/www.karopack.be\/wp-content\/uploads\/2024\/01\/TP-601D-Tauris_1.jpg","contentUrl":"https:\/\/www.karopack.be\/wp-content\/uploads\/2024\/01\/TP-601D-Tauris_1.jpg","width":400,"height":400},{"@type":"BreadcrumbList","@id":"https:\/\/www.karopack.be\/fr\/produit\/tauris-tp-601d\/#breadcrumb","itemListElement":[{"@type":"ListItem","position":1,"name":"Home","item":"https:\/\/www.karopack.be\/fr\/"},{"@type":"ListItem","position":2,"name":"Shop","item":"https:\/\/www.karopack.be\/fr\/shop\/"},{"@type":"ListItem","position":3,"name":"Tauris TP-601D"}]},{"@type":"WebSite","@id":"https:\/\/www.karopack.be\/fr\/#website","url":"https:\/\/www.karopack.be\/fr\/","name":"Karopack","description":"","publisher":{"@id":"https:\/\/www.karopack.be\/fr\/#organization"},"potentialAction":[{"@type":"SearchAction","target":{"@type":"EntryPoint","urlTemplate":"https:\/\/www.karopack.be\/fr\/?s={search_term_string}"},"query-input":{"@type":"PropertyValueSpecification","valueRequired":true,"valueName":"search_term_string"}}],"inLanguage":"fr-BE"},{"@type":"Organization","@id":"https:\/\/www.karopack.be\/fr\/#organization","name":"Karopack","url":"https:\/\/www.karopack.be\/fr\/","logo":{"@type":"ImageObject","inLanguage":"fr-BE","@id":"https:\/\/www.karopack.be\/fr\/#\/schema\/logo\/image\/","url":"https:\/\/www.karopack.be\/wp-content\/uploads\/2024\/07\/Karopack-Logo.png","contentUrl":"https:\/\/www.karopack.be\/wp-content\/uploads\/2024\/07\/Karopack-Logo.png","width":809,"height":240,"caption":"Karopack"},"image":{"@id":"https:\/\/www.karopack.be\/fr\/#\/schema\/logo\/image\/"}}]}},"_links":{"self":[{"href":"https:\/\/www.karopack.be\/fr\/wp-json\/wp\/v2\/product\/4134","targetHints":{"allow":["GET"]}}],"collection":[{"href":"https:\/\/www.karopack.be\/fr\/wp-json\/wp\/v2\/product"}],"about":[{"href":"https:\/\/www.karopack.be\/fr\/wp-json\/wp\/v2\/types\/product"}],"replies":[{"embeddable":true,"href":"https:\/\/www.karopack.be\/fr\/wp-json\/wp\/v2\/comments?post=4134"}],"wp:featuredmedia":[{"embeddable":true,"href":"https:\/\/www.karopack.be\/fr\/wp-json\/wp\/v2\/media\/3125"}],"wp:attachment":[{"href":"https:\/\/www.karopack.be\/fr\/wp-json\/wp\/v2\/media?parent=4134"}],"wp:term":[{"taxonomy":"product_brand","embeddable":true,"href":"https:\/\/www.karopack.be\/fr\/wp-json\/wp\/v2\/product_brand?post=4134"},{"taxonomy":"product_cat","embeddable":true,"href":"https:\/\/www.karopack.be\/fr\/wp-json\/wp\/v2\/product_cat?post=4134"},{"taxonomy":"product_tag","embeddable":true,"href":"https:\/\/www.karopack.be\/fr\/wp-json\/wp\/v2\/product_tag?post=4134"}],"curies":[{"name":"wp","href":"https:\/\/api.w.org\/{rel}","templated":true}]}}