{"id":4138,"date":"2024-07-11T06:16:49","date_gmt":"2024-07-11T06:16:49","guid":{"rendered":"https:\/\/www.karopack.be\/product\/mercury-tp-702rs-pour-les-petits-paquets-ou-les-paquets-ronds\/"},"modified":"2024-07-11T06:16:49","modified_gmt":"2024-07-11T06:16:49","slug":"mercury-tp-702rs-pour-les-petits-paquets-ou-les-paquets-ronds","status":"publish","type":"product","link":"https:\/\/www.karopack.be\/fr\/produit\/mercury-tp-702rs-pour-les-petits-paquets-ou-les-paquets-ronds\/","title":{"rendered":"Mercury TP-702RS pour les petits paquets ou les paquets ronds"},"content":{"rendered":"<h4>Caract\u00e9ristiques<\/h4>\n<ul>\n<li>T\u00eate de cerclage m\u00e9canique robuste et compacte : conception durable et efficace pour des performances optimales, m\u00eame avec des paquets petits ou ronds.<\/li>\n<li>Acc\u00e8s libre aux guides de courroie (brevet\u00e9s) : Entretien facile et changement rapide des courroies, m\u00eame en cas de changements fr\u00e9quents de courroies pour diff\u00e9rents formats.<\/li>\n<li>Changement rapide du rouleau de courroie \u00e0 hauteur des hanches (brevet\u00e9) : Temps d&rsquo;arr\u00eat minimal pour une efficacit\u00e9 maximale, id\u00e9al pour les environnements \u00e0 haute vitesse de production.<\/li>\n<li>Alimentation automatique de la ceinture \u00e0 hauteur des hanches : conception ergonomique pour un travail confortable, m\u00eame en cas d&rsquo;utilisation prolong\u00e9e.<\/li>\n<li>Panneau de commande rotatif : fonctionnement flexible pour une ergonomie optimale, quelle que soit la position de l&rsquo;op\u00e9rateur.<\/li>\n<li>L&rsquo;\u00e9jecteur automatique de sangle permet une finition soign\u00e9e et \u00e9vite l&rsquo;accumulation de r\u00e9sidus de sangle, ce qui est particuli\u00e8rement important pour les petits paquets.<\/li>\n<li>Interrupteur de d\u00e9verrouillage du distributeur : op\u00e9ration facile pour un changement rapide de la courroie, ce qui augmente l&rsquo;efficacit\u00e9.<\/li>\n<li>Chauffage contr\u00f4l\u00e9 par capteur : Contr\u00f4le pr\u00e9cis de la temp\u00e9rature pour des r\u00e9sultats de soudage optimaux, quel que soit le mat\u00e9riau de la bande.<\/li>\n<li>Faible tension : s\u00e9curit\u00e9 accrue pour l&rsquo;op\u00e9rateur, m\u00eame dans des environnements humides ou poussi\u00e9reux.<\/li>\n<li>\u00c9jecteur d&rsquo;extr\u00e9mit\u00e9s de sangles : \u00c9limination automatique des extr\u00e9mit\u00e9s de sangles pour une finition soign\u00e9e et pour \u00e9viter les interruptions.<\/li>\n<li>Commande au pied \u00e0 l&rsquo;avant : op\u00e9ration mains libres pratique, permettant \u00e0 l&rsquo;op\u00e9rateur d&rsquo;avoir les deux mains libres pour positionner les paquets.<\/li>\n<li>Hauteur de table r\u00e9glable entre 820 mm et 920 mm : adaptable \u00e0 diff\u00e9rents environnements de travail et op\u00e9rateurs, pour un confort et une ergonomie optimaux.<\/li>\n<\/ul>\n<h4>Options<\/h4>\n<ul>\n<li>Interrupteur \u00e0 cellule photo-\u00e9lectrique : activation automatique du cerclage pour un fonctionnement mains libres, id\u00e9al lors de la manipulation de grandes quantit\u00e9s de petits paquets.<\/li>\n<li>Commande au pied arri\u00e8re : option de commande suppl\u00e9mentaire pour plus de flexibilit\u00e9, utile lorsque l&rsquo;op\u00e9rateur se trouve derri\u00e8re la machine.<\/li>\n<li>Interrupteur \u00e0 p\u00e9dale : m\u00e9thode de commande alternative pour les op\u00e9rations mains libres, offrant une plus grande libert\u00e9 de mouvement \u00e0 l&rsquo;op\u00e9rateur.<\/li>\n<li>Hauteur de la table r\u00e9glable par le bas (770 mm &#8211; 820 mm) : Convient aux op\u00e9rateurs de petite taille ou \u00e0 des applications sp\u00e9cifiques, offre une position de travail ergonomique et r\u00e9duit la fatigue.<\/li>\n<\/ul>\n<h4>\n            <strong>Technologies vertes<\/strong><br \/>\n          <\/h4>\n<p>          <img decoding=\"async\" class=\"\" src=\"https:\/\/www.karopack.be\/wp-content\/uploads\/2024\/07\/GreenTech_logo.jpg\" alt=\"\" width=\"143\" height=\"98\"><\/p>\n<h4>Donn\u00e9es techniques<\/h4>\n<table border=\"1\" width=\"100%\" cellspacing=\"0\" cellpadding=\"3\">\n<tbody>\n<tr valign=\"top\">\n<td bgcolor=\"#f1f1f1\" width=\"30%\">Capacit\u00e9<\/td>\n<td bgcolor=\"#ffffff\" width=\"70%\">Jusqu&rsquo;\u00e0 65 cycles\/minute<\/td>\n<\/tr>\n<tr valign=\"top\">\n<td bgcolor=\"#f1f1f1\" width=\"30%\">Largeur de la sangle<\/td>\n<td bgcolor=\"#ffffff\" width=\"70%\">5 mm, 6 mm ou 9 mm<\/td>\n<\/tr>\n<tr valign=\"top\">\n<td bgcolor=\"#f1f1f1\" width=\"30%\">Taille de l&rsquo;arche<\/td>\n<td bgcolor=\"#ffffff\" width=\"70%\">550 mm (L) x 400 mm (H)<\/td>\n<\/tr>\n<tr valign=\"top\">\n<td bgcolor=\"#f1f1f1\" width=\"30%\">Plage de serrage<\/td>\n<td bgcolor=\"#ffffff\" width=\"70%\">1 &#8211; 32 kg<\/td>\n<\/tr>\n<tr valign=\"top\">\n<td bgcolor=\"#f1f1f1\" width=\"30%\">Poids<\/td>\n<td bgcolor=\"#ffffff\" width=\"70%\">158 kg<\/td>\n<\/tr>\n<tr valign=\"top\">\n<td bgcolor=\"#f1f1f1\" width=\"30%\">Exigences \u00e9lectriques<\/td>\n<td bgcolor=\"#ffffff\" width=\"70%\">110V, 220V, 230V, 240V 50\/60Hz 1PH<\/td>\n<\/tr>\n<\/tbody>\n<\/table>\n","protected":false},"excerpt":{"rendered":"<p>Le Mercury TP-702RS est bas\u00e9 sur le Mercury TP-702 et est \u00e9quip\u00e9 de composants sp\u00e9cialement con\u00e7us. Il convient aux emballages petits ou ronds tels que les tubes en plastique, les barres d&rsquo;acier, le bois dur, etc. Il peut cercler des paquets aussi petits que 40 mm (L) x 10 mm (H) ou des paquets ronds aussi petits que \u00d832 mm x 2. Le TP-702RS offre des performances fiables \u00e0 grande vitesse pour les applications d&#8217;emballage petites ou rondes.   <\/p>\n","protected":false},"featured_media":3115,"comment_status":"open","ping_status":"closed","template":"","meta":[],"product_brand":[],"product_cat":[126,91,109,116],"product_tag":[],"class_list":{"0":"post-4138","1":"product","2":"type-product","3":"status-publish","4":"has-post-thumbnail","6":"product_cat-cerclage-automatique-de-boites","7":"product_cat-fabricants","8":"product_cat-machines-a-cercler","9":"product_cat-transpak-fr","11":"first","12":"instock","13":"product-type-simple"},"yoast_head":"<!-- This site is optimized with the Yoast SEO plugin v26.9 - https:\/\/yoast.com\/product\/yoast-seo-wordpress\/ -->\n<title>Mercury TP-702RS pour les petits paquets ou les paquets ronds - Karopack<\/title>\n<meta name=\"robots\" content=\"index, follow, max-snippet:-1, max-image-preview:large, max-video-preview:-1\" \/>\n<link rel=\"canonical\" href=\"https:\/\/www.karopack.be\/fr\/produit\/mercury-tp-702rs-pour-les-petits-paquets-ou-les-paquets-ronds\/\" \/>\n<meta property=\"og:locale\" content=\"fr_FR\" \/>\n<meta property=\"og:type\" content=\"article\" \/>\n<meta property=\"og:title\" content=\"Mercury TP-702RS pour les petits paquets ou les paquets ronds - Karopack\" \/>\n<meta property=\"og:description\" content=\"Le Mercury TP-702RS est bas\u00e9 sur le Mercury TP-702 et est \u00e9quip\u00e9 de composants sp\u00e9cialement con\u00e7us. Il convient aux emballages petits ou ronds tels que les tubes en plastique, les barres d&#039;acier, le bois dur, etc. Il peut cercler des paquets aussi petits que 40 mm (L) x 10 mm (H) ou des paquets ronds aussi petits que \u00d832 mm x 2. Le TP-702RS offre des performances fiables \u00e0 grande vitesse pour les applications d&#039;emballage petites ou rondes.\" \/>\n<meta property=\"og:url\" content=\"https:\/\/www.karopack.be\/fr\/produit\/mercury-tp-702rs-pour-les-petits-paquets-ou-les-paquets-ronds\/\" \/>\n<meta property=\"og:site_name\" content=\"Karopack\" \/>\n<meta property=\"og:image\" content=\"https:\/\/www.karopack.be\/wp-content\/uploads\/2024\/01\/TP-702RS-Mercury-for-Small-or-Round-Package_1.jpg\" \/>\n\t<meta property=\"og:image:width\" content=\"400\" \/>\n\t<meta property=\"og:image:height\" content=\"400\" \/>\n\t<meta property=\"og:image:type\" content=\"image\/jpeg\" \/>\n<meta name=\"twitter:card\" content=\"summary_large_image\" \/>\n<meta name=\"twitter:label1\" content=\"Dur\u00e9e de lecture est.\" \/>\n\t<meta name=\"twitter:data1\" content=\"2 minutes\" \/>\n<script type=\"application\/ld+json\" class=\"yoast-schema-graph\">{\"@context\":\"https:\/\/schema.org\",\"@graph\":[{\"@type\":\"WebPage\",\"@id\":\"https:\/\/www.karopack.be\/fr\/produit\/mercury-tp-702rs-pour-les-petits-paquets-ou-les-paquets-ronds\/\",\"url\":\"https:\/\/www.karopack.be\/fr\/produit\/mercury-tp-702rs-pour-les-petits-paquets-ou-les-paquets-ronds\/\",\"name\":\"Mercury TP-702RS pour les petits paquets ou les paquets ronds - Karopack\",\"isPartOf\":{\"@id\":\"https:\/\/www.karopack.be\/fr\/#website\"},\"primaryImageOfPage\":{\"@id\":\"https:\/\/www.karopack.be\/fr\/produit\/mercury-tp-702rs-pour-les-petits-paquets-ou-les-paquets-ronds\/#primaryimage\"},\"image\":{\"@id\":\"https:\/\/www.karopack.be\/fr\/produit\/mercury-tp-702rs-pour-les-petits-paquets-ou-les-paquets-ronds\/#primaryimage\"},\"thumbnailUrl\":\"https:\/\/www.karopack.be\/wp-content\/uploads\/2024\/01\/TP-702RS-Mercury-for-Small-or-Round-Package_1.jpg\",\"datePublished\":\"2024-07-11T06:16:49+00:00\",\"breadcrumb\":{\"@id\":\"https:\/\/www.karopack.be\/fr\/produit\/mercury-tp-702rs-pour-les-petits-paquets-ou-les-paquets-ronds\/#breadcrumb\"},\"inLanguage\":\"fr-BE\",\"potentialAction\":[{\"@type\":\"ReadAction\",\"target\":[\"https:\/\/www.karopack.be\/fr\/produit\/mercury-tp-702rs-pour-les-petits-paquets-ou-les-paquets-ronds\/\"]}]},{\"@type\":\"ImageObject\",\"inLanguage\":\"fr-BE\",\"@id\":\"https:\/\/www.karopack.be\/fr\/produit\/mercury-tp-702rs-pour-les-petits-paquets-ou-les-paquets-ronds\/#primaryimage\",\"url\":\"https:\/\/www.karopack.be\/wp-content\/uploads\/2024\/01\/TP-702RS-Mercury-for-Small-or-Round-Package_1.jpg\",\"contentUrl\":\"https:\/\/www.karopack.be\/wp-content\/uploads\/2024\/01\/TP-702RS-Mercury-for-Small-or-Round-Package_1.jpg\",\"width\":400,\"height\":400},{\"@type\":\"BreadcrumbList\",\"@id\":\"https:\/\/www.karopack.be\/fr\/produit\/mercury-tp-702rs-pour-les-petits-paquets-ou-les-paquets-ronds\/#breadcrumb\",\"itemListElement\":[{\"@type\":\"ListItem\",\"position\":1,\"name\":\"Home\",\"item\":\"https:\/\/www.karopack.be\/fr\/\"},{\"@type\":\"ListItem\",\"position\":2,\"name\":\"Shop\",\"item\":\"https:\/\/www.karopack.be\/fr\/shop\/\"},{\"@type\":\"ListItem\",\"position\":3,\"name\":\"Mercury TP-702RS pour les petits paquets ou les paquets ronds\"}]},{\"@type\":\"WebSite\",\"@id\":\"https:\/\/www.karopack.be\/fr\/#website\",\"url\":\"https:\/\/www.karopack.be\/fr\/\",\"name\":\"Karopack\",\"description\":\"\",\"publisher\":{\"@id\":\"https:\/\/www.karopack.be\/fr\/#organization\"},\"potentialAction\":[{\"@type\":\"SearchAction\",\"target\":{\"@type\":\"EntryPoint\",\"urlTemplate\":\"https:\/\/www.karopack.be\/fr\/?s={search_term_string}\"},\"query-input\":{\"@type\":\"PropertyValueSpecification\",\"valueRequired\":true,\"valueName\":\"search_term_string\"}}],\"inLanguage\":\"fr-BE\"},{\"@type\":\"Organization\",\"@id\":\"https:\/\/www.karopack.be\/fr\/#organization\",\"name\":\"Karopack\",\"url\":\"https:\/\/www.karopack.be\/fr\/\",\"logo\":{\"@type\":\"ImageObject\",\"inLanguage\":\"fr-BE\",\"@id\":\"https:\/\/www.karopack.be\/fr\/#\/schema\/logo\/image\/\",\"url\":\"https:\/\/www.karopack.be\/wp-content\/uploads\/2024\/07\/Karopack-Logo.png\",\"contentUrl\":\"https:\/\/www.karopack.be\/wp-content\/uploads\/2024\/07\/Karopack-Logo.png\",\"width\":809,\"height\":240,\"caption\":\"Karopack\"},\"image\":{\"@id\":\"https:\/\/www.karopack.be\/fr\/#\/schema\/logo\/image\/\"}}]}<\/script>\n<!-- \/ Yoast SEO plugin. -->","yoast_head_json":{"title":"Mercury TP-702RS pour les petits paquets ou les paquets ronds - Karopack","robots":{"index":"index","follow":"follow","max-snippet":"max-snippet:-1","max-image-preview":"max-image-preview:large","max-video-preview":"max-video-preview:-1"},"canonical":"https:\/\/www.karopack.be\/fr\/produit\/mercury-tp-702rs-pour-les-petits-paquets-ou-les-paquets-ronds\/","og_locale":"fr_FR","og_type":"article","og_title":"Mercury TP-702RS pour les petits paquets ou les paquets ronds - Karopack","og_description":"Le Mercury TP-702RS est bas\u00e9 sur le Mercury TP-702 et est \u00e9quip\u00e9 de composants sp\u00e9cialement con\u00e7us. Il convient aux emballages petits ou ronds tels que les tubes en plastique, les barres d'acier, le bois dur, etc. Il peut cercler des paquets aussi petits que 40 mm (L) x 10 mm (H) ou des paquets ronds aussi petits que \u00d832 mm x 2. Le TP-702RS offre des performances fiables \u00e0 grande vitesse pour les applications d'emballage petites ou rondes.","og_url":"https:\/\/www.karopack.be\/fr\/produit\/mercury-tp-702rs-pour-les-petits-paquets-ou-les-paquets-ronds\/","og_site_name":"Karopack","og_image":[{"width":400,"height":400,"url":"https:\/\/www.karopack.be\/wp-content\/uploads\/2024\/01\/TP-702RS-Mercury-for-Small-or-Round-Package_1.jpg","type":"image\/jpeg"}],"twitter_card":"summary_large_image","twitter_misc":{"Dur\u00e9e de lecture est.":"2 minutes"},"schema":{"@context":"https:\/\/schema.org","@graph":[{"@type":"WebPage","@id":"https:\/\/www.karopack.be\/fr\/produit\/mercury-tp-702rs-pour-les-petits-paquets-ou-les-paquets-ronds\/","url":"https:\/\/www.karopack.be\/fr\/produit\/mercury-tp-702rs-pour-les-petits-paquets-ou-les-paquets-ronds\/","name":"Mercury TP-702RS pour les petits paquets ou les paquets ronds - Karopack","isPartOf":{"@id":"https:\/\/www.karopack.be\/fr\/#website"},"primaryImageOfPage":{"@id":"https:\/\/www.karopack.be\/fr\/produit\/mercury-tp-702rs-pour-les-petits-paquets-ou-les-paquets-ronds\/#primaryimage"},"image":{"@id":"https:\/\/www.karopack.be\/fr\/produit\/mercury-tp-702rs-pour-les-petits-paquets-ou-les-paquets-ronds\/#primaryimage"},"thumbnailUrl":"https:\/\/www.karopack.be\/wp-content\/uploads\/2024\/01\/TP-702RS-Mercury-for-Small-or-Round-Package_1.jpg","datePublished":"2024-07-11T06:16:49+00:00","breadcrumb":{"@id":"https:\/\/www.karopack.be\/fr\/produit\/mercury-tp-702rs-pour-les-petits-paquets-ou-les-paquets-ronds\/#breadcrumb"},"inLanguage":"fr-BE","potentialAction":[{"@type":"ReadAction","target":["https:\/\/www.karopack.be\/fr\/produit\/mercury-tp-702rs-pour-les-petits-paquets-ou-les-paquets-ronds\/"]}]},{"@type":"ImageObject","inLanguage":"fr-BE","@id":"https:\/\/www.karopack.be\/fr\/produit\/mercury-tp-702rs-pour-les-petits-paquets-ou-les-paquets-ronds\/#primaryimage","url":"https:\/\/www.karopack.be\/wp-content\/uploads\/2024\/01\/TP-702RS-Mercury-for-Small-or-Round-Package_1.jpg","contentUrl":"https:\/\/www.karopack.be\/wp-content\/uploads\/2024\/01\/TP-702RS-Mercury-for-Small-or-Round-Package_1.jpg","width":400,"height":400},{"@type":"BreadcrumbList","@id":"https:\/\/www.karopack.be\/fr\/produit\/mercury-tp-702rs-pour-les-petits-paquets-ou-les-paquets-ronds\/#breadcrumb","itemListElement":[{"@type":"ListItem","position":1,"name":"Home","item":"https:\/\/www.karopack.be\/fr\/"},{"@type":"ListItem","position":2,"name":"Shop","item":"https:\/\/www.karopack.be\/fr\/shop\/"},{"@type":"ListItem","position":3,"name":"Mercury TP-702RS pour les petits paquets ou les paquets ronds"}]},{"@type":"WebSite","@id":"https:\/\/www.karopack.be\/fr\/#website","url":"https:\/\/www.karopack.be\/fr\/","name":"Karopack","description":"","publisher":{"@id":"https:\/\/www.karopack.be\/fr\/#organization"},"potentialAction":[{"@type":"SearchAction","target":{"@type":"EntryPoint","urlTemplate":"https:\/\/www.karopack.be\/fr\/?s={search_term_string}"},"query-input":{"@type":"PropertyValueSpecification","valueRequired":true,"valueName":"search_term_string"}}],"inLanguage":"fr-BE"},{"@type":"Organization","@id":"https:\/\/www.karopack.be\/fr\/#organization","name":"Karopack","url":"https:\/\/www.karopack.be\/fr\/","logo":{"@type":"ImageObject","inLanguage":"fr-BE","@id":"https:\/\/www.karopack.be\/fr\/#\/schema\/logo\/image\/","url":"https:\/\/www.karopack.be\/wp-content\/uploads\/2024\/07\/Karopack-Logo.png","contentUrl":"https:\/\/www.karopack.be\/wp-content\/uploads\/2024\/07\/Karopack-Logo.png","width":809,"height":240,"caption":"Karopack"},"image":{"@id":"https:\/\/www.karopack.be\/fr\/#\/schema\/logo\/image\/"}}]}},"_links":{"self":[{"href":"https:\/\/www.karopack.be\/fr\/wp-json\/wp\/v2\/product\/4138","targetHints":{"allow":["GET"]}}],"collection":[{"href":"https:\/\/www.karopack.be\/fr\/wp-json\/wp\/v2\/product"}],"about":[{"href":"https:\/\/www.karopack.be\/fr\/wp-json\/wp\/v2\/types\/product"}],"replies":[{"embeddable":true,"href":"https:\/\/www.karopack.be\/fr\/wp-json\/wp\/v2\/comments?post=4138"}],"wp:featuredmedia":[{"embeddable":true,"href":"https:\/\/www.karopack.be\/fr\/wp-json\/wp\/v2\/media\/3115"}],"wp:attachment":[{"href":"https:\/\/www.karopack.be\/fr\/wp-json\/wp\/v2\/media?parent=4138"}],"wp:term":[{"taxonomy":"product_brand","embeddable":true,"href":"https:\/\/www.karopack.be\/fr\/wp-json\/wp\/v2\/product_brand?post=4138"},{"taxonomy":"product_cat","embeddable":true,"href":"https:\/\/www.karopack.be\/fr\/wp-json\/wp\/v2\/product_cat?post=4138"},{"taxonomy":"product_tag","embeddable":true,"href":"https:\/\/www.karopack.be\/fr\/wp-json\/wp\/v2\/product_tag?post=4138"}],"curies":[{"name":"wp","href":"https:\/\/api.w.org\/{rel}","templated":true}]}}