{"id":4143,"date":"2024-07-11T06:16:43","date_gmt":"2024-07-11T06:16:43","guid":{"rendered":"https:\/\/www.karopack.be\/product\/h-27-tendeur\/"},"modified":"2024-07-11T06:16:43","modified_gmt":"2024-07-11T06:16:43","slug":"h-27-tendeur","status":"publish","type":"product","link":"https:\/\/www.karopack.be\/fr\/produit\/h-27-tendeur\/","title":{"rendered":"H-27 tendeur"},"content":{"rendered":"<ul>\n<li>Usinage en acier alli\u00e9<\/li>\n<li>Convient aux applications lourdes<\/li>\n<li>Largeur du pneu : 25 mm &#8211; 50 mm<\/li>\n<li>6 pi\u00e8ces \/ bo\u00eetem-50 mm<\/li>\n<li>6 pi\u00e8ces \/ carton<\/li>\n<\/ul>\n<p>          <iframe title=\"Comment utiliser un tendeur et une soudeuse de feuillards en plastique ?\" src=\"https:\/\/www.youtube.com\/embed\/B-cKIl7t4wU\" width=\"600\" height=\"350\" frameborder=\"0\" allowfullscreen=\"allowfullscreen\"><br \/>\n            <span data-mce-type=\"bookmark\" style=\"display: inline-block; width: 0px; overflow: hidden; line-height: 0;\" class=\"mce_SELRES_start\"><\/span><br \/>\n            <span data-mce-type=\"bookmark\" style=\"display: inline-block; width: 0px; overflow: hidden; line-height: 0;\" class=\"mce_SELRES_start\"><\/span><br \/>\n            <span data-mce-type=\"bookmark\" style=\"display: inline-block; width: 0px; overflow: hidden; line-height: 0;\" class=\"mce_SELRES_start\"><\/span><br \/>\n            <span data-mce-type=\"bookmark\" style=\"display: inline-block; width: 0px; overflow: hidden; line-height: 0;\" class=\"mce_SELRES_start\"><\/span><br \/>\n            <span data-mce-type=\"bookmark\" style=\"display: inline-block; width: 0px; overflow: hidden; line-height: 0;\" class=\"mce_SELRES_start\"><\/span><br \/>\n          <\/iframe><\/p>\n","protected":false},"excerpt":{"rendered":"<p><strong>H-27 Tendeur pour l&rsquo;enroulement de la corde<\/strong><\/p>\n<p>Faites passer vos op\u00e9rations de cerclage industriel au niveau sup\u00e9rieur avec le tendeur durable H-27, soigneusement fabriqu\u00e9 \u00e0 partir d&rsquo;un alliage d&rsquo;acier de haute qualit\u00e9. Sp\u00e9cialement con\u00e7u pour les cerclages lourds de 25 \u00e0 50 mm de large, ce tendeur garantit une r\u00e9sistance et une fiabilit\u00e9 optimales dans toutes les applications. Chaque bo\u00eete contient un jeu de 6, ce qui constitue une solution robuste pour vos besoins en mati\u00e8re de cerclage. D\u00e9couvrez d\u00e8s aujourd&rsquo;hui la durabilit\u00e9 et l&rsquo;efficacit\u00e9 in\u00e9gal\u00e9es du tendeur H-27.<\/p>\n","protected":false},"featured_media":3089,"comment_status":"open","ping_status":"closed","template":"","meta":[],"product_brand":[],"product_cat":[91,109,116],"product_tag":[],"class_list":{"0":"post-4143","1":"product","2":"type-product","3":"status-publish","4":"has-post-thumbnail","6":"product_cat-fabricants","7":"product_cat-machines-a-cercler","8":"product_cat-transpak-fr","10":"first","11":"instock","12":"product-type-simple"},"yoast_head":"<!-- This site is optimized with the Yoast SEO plugin v26.9 - https:\/\/yoast.com\/product\/yoast-seo-wordpress\/ -->\n<title>H-27 tendeur - Karopack<\/title>\n<meta name=\"robots\" content=\"index, follow, max-snippet:-1, max-image-preview:large, max-video-preview:-1\" \/>\n<link rel=\"canonical\" href=\"https:\/\/www.karopack.be\/fr\/produit\/h-27-tendeur\/\" \/>\n<meta property=\"og:locale\" content=\"fr_FR\" \/>\n<meta property=\"og:type\" content=\"article\" \/>\n<meta property=\"og:title\" content=\"H-27 tendeur - Karopack\" \/>\n<meta property=\"og:description\" content=\"H-27 Tendeur pour l&#039;enroulement de la corde Faites passer vos op\u00e9rations de cerclage industriel au niveau sup\u00e9rieur avec le tendeur durable H-27, soigneusement fabriqu\u00e9 \u00e0 partir d&#039;un alliage d&#039;acier de haute qualit\u00e9. Sp\u00e9cialement con\u00e7u pour les cerclages lourds de 25 \u00e0 50 mm de large, ce tendeur garantit une r\u00e9sistance et une fiabilit\u00e9 optimales dans toutes les applications. Chaque bo\u00eete contient un jeu de 6, ce qui constitue une solution robuste pour vos besoins en mati\u00e8re de cerclage. D\u00e9couvrez d\u00e8s aujourd&#039;hui la durabilit\u00e9 et l&#039;efficacit\u00e9 in\u00e9gal\u00e9es du tendeur H-27.\" \/>\n<meta property=\"og:url\" content=\"https:\/\/www.karopack.be\/fr\/produit\/h-27-tendeur\/\" \/>\n<meta property=\"og:site_name\" content=\"Karopack\" \/>\n<meta property=\"og:image\" content=\"https:\/\/www.karopack.be\/wp-content\/uploads\/2024\/01\/H-271.jpg\" \/>\n\t<meta property=\"og:image:width\" content=\"400\" \/>\n\t<meta property=\"og:image:height\" content=\"400\" \/>\n\t<meta property=\"og:image:type\" content=\"image\/jpeg\" \/>\n<meta name=\"twitter:card\" content=\"summary_large_image\" \/>\n<script type=\"application\/ld+json\" class=\"yoast-schema-graph\">{\"@context\":\"https:\/\/schema.org\",\"@graph\":[{\"@type\":\"WebPage\",\"@id\":\"https:\/\/www.karopack.be\/fr\/produit\/h-27-tendeur\/\",\"url\":\"https:\/\/www.karopack.be\/fr\/produit\/h-27-tendeur\/\",\"name\":\"H-27 tendeur - Karopack\",\"isPartOf\":{\"@id\":\"https:\/\/www.karopack.be\/fr\/#website\"},\"primaryImageOfPage\":{\"@id\":\"https:\/\/www.karopack.be\/fr\/produit\/h-27-tendeur\/#primaryimage\"},\"image\":{\"@id\":\"https:\/\/www.karopack.be\/fr\/produit\/h-27-tendeur\/#primaryimage\"},\"thumbnailUrl\":\"https:\/\/www.karopack.be\/wp-content\/uploads\/2024\/01\/H-271.jpg\",\"datePublished\":\"2024-07-11T06:16:43+00:00\",\"breadcrumb\":{\"@id\":\"https:\/\/www.karopack.be\/fr\/produit\/h-27-tendeur\/#breadcrumb\"},\"inLanguage\":\"fr-BE\",\"potentialAction\":[{\"@type\":\"ReadAction\",\"target\":[\"https:\/\/www.karopack.be\/fr\/produit\/h-27-tendeur\/\"]}]},{\"@type\":\"ImageObject\",\"inLanguage\":\"fr-BE\",\"@id\":\"https:\/\/www.karopack.be\/fr\/produit\/h-27-tendeur\/#primaryimage\",\"url\":\"https:\/\/www.karopack.be\/wp-content\/uploads\/2024\/01\/H-271.jpg\",\"contentUrl\":\"https:\/\/www.karopack.be\/wp-content\/uploads\/2024\/01\/H-271.jpg\",\"width\":400,\"height\":400},{\"@type\":\"BreadcrumbList\",\"@id\":\"https:\/\/www.karopack.be\/fr\/produit\/h-27-tendeur\/#breadcrumb\",\"itemListElement\":[{\"@type\":\"ListItem\",\"position\":1,\"name\":\"Home\",\"item\":\"https:\/\/www.karopack.be\/fr\/\"},{\"@type\":\"ListItem\",\"position\":2,\"name\":\"Shop\",\"item\":\"https:\/\/www.karopack.be\/fr\/shop\/\"},{\"@type\":\"ListItem\",\"position\":3,\"name\":\"H-27 tendeur\"}]},{\"@type\":\"WebSite\",\"@id\":\"https:\/\/www.karopack.be\/fr\/#website\",\"url\":\"https:\/\/www.karopack.be\/fr\/\",\"name\":\"Karopack\",\"description\":\"\",\"publisher\":{\"@id\":\"https:\/\/www.karopack.be\/fr\/#organization\"},\"potentialAction\":[{\"@type\":\"SearchAction\",\"target\":{\"@type\":\"EntryPoint\",\"urlTemplate\":\"https:\/\/www.karopack.be\/fr\/?s={search_term_string}\"},\"query-input\":{\"@type\":\"PropertyValueSpecification\",\"valueRequired\":true,\"valueName\":\"search_term_string\"}}],\"inLanguage\":\"fr-BE\"},{\"@type\":\"Organization\",\"@id\":\"https:\/\/www.karopack.be\/fr\/#organization\",\"name\":\"Karopack\",\"url\":\"https:\/\/www.karopack.be\/fr\/\",\"logo\":{\"@type\":\"ImageObject\",\"inLanguage\":\"fr-BE\",\"@id\":\"https:\/\/www.karopack.be\/fr\/#\/schema\/logo\/image\/\",\"url\":\"https:\/\/www.karopack.be\/wp-content\/uploads\/2024\/07\/Karopack-Logo.png\",\"contentUrl\":\"https:\/\/www.karopack.be\/wp-content\/uploads\/2024\/07\/Karopack-Logo.png\",\"width\":809,\"height\":240,\"caption\":\"Karopack\"},\"image\":{\"@id\":\"https:\/\/www.karopack.be\/fr\/#\/schema\/logo\/image\/\"}}]}<\/script>\n<!-- \/ Yoast SEO plugin. -->","yoast_head_json":{"title":"H-27 tendeur - Karopack","robots":{"index":"index","follow":"follow","max-snippet":"max-snippet:-1","max-image-preview":"max-image-preview:large","max-video-preview":"max-video-preview:-1"},"canonical":"https:\/\/www.karopack.be\/fr\/produit\/h-27-tendeur\/","og_locale":"fr_FR","og_type":"article","og_title":"H-27 tendeur - Karopack","og_description":"H-27 Tendeur pour l'enroulement de la corde Faites passer vos op\u00e9rations de cerclage industriel au niveau sup\u00e9rieur avec le tendeur durable H-27, soigneusement fabriqu\u00e9 \u00e0 partir d'un alliage d'acier de haute qualit\u00e9. Sp\u00e9cialement con\u00e7u pour les cerclages lourds de 25 \u00e0 50 mm de large, ce tendeur garantit une r\u00e9sistance et une fiabilit\u00e9 optimales dans toutes les applications. Chaque bo\u00eete contient un jeu de 6, ce qui constitue une solution robuste pour vos besoins en mati\u00e8re de cerclage. D\u00e9couvrez d\u00e8s aujourd'hui la durabilit\u00e9 et l'efficacit\u00e9 in\u00e9gal\u00e9es du tendeur H-27.","og_url":"https:\/\/www.karopack.be\/fr\/produit\/h-27-tendeur\/","og_site_name":"Karopack","og_image":[{"width":400,"height":400,"url":"https:\/\/www.karopack.be\/wp-content\/uploads\/2024\/01\/H-271.jpg","type":"image\/jpeg"}],"twitter_card":"summary_large_image","schema":{"@context":"https:\/\/schema.org","@graph":[{"@type":"WebPage","@id":"https:\/\/www.karopack.be\/fr\/produit\/h-27-tendeur\/","url":"https:\/\/www.karopack.be\/fr\/produit\/h-27-tendeur\/","name":"H-27 tendeur - Karopack","isPartOf":{"@id":"https:\/\/www.karopack.be\/fr\/#website"},"primaryImageOfPage":{"@id":"https:\/\/www.karopack.be\/fr\/produit\/h-27-tendeur\/#primaryimage"},"image":{"@id":"https:\/\/www.karopack.be\/fr\/produit\/h-27-tendeur\/#primaryimage"},"thumbnailUrl":"https:\/\/www.karopack.be\/wp-content\/uploads\/2024\/01\/H-271.jpg","datePublished":"2024-07-11T06:16:43+00:00","breadcrumb":{"@id":"https:\/\/www.karopack.be\/fr\/produit\/h-27-tendeur\/#breadcrumb"},"inLanguage":"fr-BE","potentialAction":[{"@type":"ReadAction","target":["https:\/\/www.karopack.be\/fr\/produit\/h-27-tendeur\/"]}]},{"@type":"ImageObject","inLanguage":"fr-BE","@id":"https:\/\/www.karopack.be\/fr\/produit\/h-27-tendeur\/#primaryimage","url":"https:\/\/www.karopack.be\/wp-content\/uploads\/2024\/01\/H-271.jpg","contentUrl":"https:\/\/www.karopack.be\/wp-content\/uploads\/2024\/01\/H-271.jpg","width":400,"height":400},{"@type":"BreadcrumbList","@id":"https:\/\/www.karopack.be\/fr\/produit\/h-27-tendeur\/#breadcrumb","itemListElement":[{"@type":"ListItem","position":1,"name":"Home","item":"https:\/\/www.karopack.be\/fr\/"},{"@type":"ListItem","position":2,"name":"Shop","item":"https:\/\/www.karopack.be\/fr\/shop\/"},{"@type":"ListItem","position":3,"name":"H-27 tendeur"}]},{"@type":"WebSite","@id":"https:\/\/www.karopack.be\/fr\/#website","url":"https:\/\/www.karopack.be\/fr\/","name":"Karopack","description":"","publisher":{"@id":"https:\/\/www.karopack.be\/fr\/#organization"},"potentialAction":[{"@type":"SearchAction","target":{"@type":"EntryPoint","urlTemplate":"https:\/\/www.karopack.be\/fr\/?s={search_term_string}"},"query-input":{"@type":"PropertyValueSpecification","valueRequired":true,"valueName":"search_term_string"}}],"inLanguage":"fr-BE"},{"@type":"Organization","@id":"https:\/\/www.karopack.be\/fr\/#organization","name":"Karopack","url":"https:\/\/www.karopack.be\/fr\/","logo":{"@type":"ImageObject","inLanguage":"fr-BE","@id":"https:\/\/www.karopack.be\/fr\/#\/schema\/logo\/image\/","url":"https:\/\/www.karopack.be\/wp-content\/uploads\/2024\/07\/Karopack-Logo.png","contentUrl":"https:\/\/www.karopack.be\/wp-content\/uploads\/2024\/07\/Karopack-Logo.png","width":809,"height":240,"caption":"Karopack"},"image":{"@id":"https:\/\/www.karopack.be\/fr\/#\/schema\/logo\/image\/"}}]}},"_links":{"self":[{"href":"https:\/\/www.karopack.be\/fr\/wp-json\/wp\/v2\/product\/4143","targetHints":{"allow":["GET"]}}],"collection":[{"href":"https:\/\/www.karopack.be\/fr\/wp-json\/wp\/v2\/product"}],"about":[{"href":"https:\/\/www.karopack.be\/fr\/wp-json\/wp\/v2\/types\/product"}],"replies":[{"embeddable":true,"href":"https:\/\/www.karopack.be\/fr\/wp-json\/wp\/v2\/comments?post=4143"}],"wp:featuredmedia":[{"embeddable":true,"href":"https:\/\/www.karopack.be\/fr\/wp-json\/wp\/v2\/media\/3089"}],"wp:attachment":[{"href":"https:\/\/www.karopack.be\/fr\/wp-json\/wp\/v2\/media?parent=4143"}],"wp:term":[{"taxonomy":"product_brand","embeddable":true,"href":"https:\/\/www.karopack.be\/fr\/wp-json\/wp\/v2\/product_brand?post=4143"},{"taxonomy":"product_cat","embeddable":true,"href":"https:\/\/www.karopack.be\/fr\/wp-json\/wp\/v2\/product_cat?post=4143"},{"taxonomy":"product_tag","embeddable":true,"href":"https:\/\/www.karopack.be\/fr\/wp-json\/wp\/v2\/product_tag?post=4143"}],"curies":[{"name":"wp","href":"https:\/\/api.w.org\/{rel}","templated":true}]}}