{"id":4146,"date":"2024-07-11T06:16:46","date_gmt":"2024-07-11T06:16:46","guid":{"rendered":"https:\/\/www.karopack.be\/product\/tp-702-mercure\/"},"modified":"2024-07-11T06:16:46","modified_gmt":"2024-07-11T06:16:46","slug":"tp-702-mercure","status":"publish","type":"product","link":"https:\/\/www.karopack.be\/fr\/produit\/tp-702-mercure\/","title":{"rendered":"TP-702 Mercure"},"content":{"rendered":"<h4>Caract\u00e9ristiques<\/h4>\n<ul>\n<li>T\u00eate de cerclage m\u00e9canique robuste et compacte : conception durable et efficace pour des performances optimales.<\/li>\n<li>Vitesse \u00e9lev\u00e9e (jusqu&rsquo;\u00e0 65 bandes par minute) : productivit\u00e9 maximale pour des processus d&#8217;emballage efficaces.<\/li>\n<li>Acc\u00e8s libre aux guides courroies (brevet\u00e9s) : Entretien facile et changement rapide des courroies.<\/li>\n<li>Alimentation automatique de la ceinture \u00e0 hauteur des hanches : conception ergonomique pour un travail confortable.<\/li>\n<li>Changement rapide du rouleau de courroie \u00e0 la hauteur des hanches (brevet\u00e9) : Temps d&rsquo;arr\u00eat minimal pour une efficacit\u00e9 maximale.<\/li>\n<li>Panneau de commande rotatif : souplesse d&rsquo;utilisation pour une ergonomie optimale.<\/li>\n<li>\u00c9jecteur automatique de sangles : finition soign\u00e9e et pr\u00e9vention de l&rsquo;accumulation de r\u00e9sidus de sangles.<\/li>\n<li>Interrupteur de d\u00e9verrouillage du distributeur : facile \u00e0 utiliser pour changer rapidement de ceinture.<\/li>\n<li>Chauffage contr\u00f4l\u00e9 par capteur : Contr\u00f4le pr\u00e9cis de la temp\u00e9rature pour des r\u00e9sultats de soudage optimaux.<\/li>\n<li>Basse tension : s\u00e9curit\u00e9 accrue pour l&rsquo;op\u00e9rateur.<\/li>\n<li>\u00c9jecteur d&rsquo;extr\u00e9mit\u00e9 de sangle : \u00c9limination automatique des extr\u00e9mit\u00e9s de sangle pour une finition soign\u00e9e.<\/li>\n<li>Interrupteur au pied situ\u00e9 \u00e0 l&rsquo;avant de l&rsquo;appareil : utilisation pratique en mains libres.<\/li>\n<li>Hauteur de table r\u00e9glable entre 820 mm et 920 mm : adaptable \u00e0 diff\u00e9rents environnements de travail et op\u00e9rateurs.<\/li>\n<\/ul>\n<h4>Options<\/h4>\n<ul>\n<li>Interrupteur \u00e0 cellule photo-\u00e9lectrique : activation automatique du cerclage pour un fonctionnement mains libres.<\/li>\n<li>P\u00e9dale de commande arri\u00e8re : option de commande suppl\u00e9mentaire pour plus de flexibilit\u00e9.<\/li>\n<li>P\u00e9dale de commande : autre m\u00e9thode de commande pour une utilisation mains libres.<\/li>\n<li>Hauteur de la table r\u00e9glable par le bas (770 mm &#8211; 820 mm) : Convient aux op\u00e9rateurs plus petits ou aux applications sp\u00e9cifiques.<\/li>\n<\/ul>\n<h4>Technologies vertes<\/h4>\n<p>          <img decoding=\"async\" class=\"\" src=\"https:\/\/www.karopack.be\/wp-content\/uploads\/2024\/07\/GreenTech_logo.jpg\" alt=\"\" width=\"159\" height=\"108\"><\/p>\n<h4>Donn\u00e9es techniques<\/h4>\n<table border=\"1\" width=\"100%\" cellspacing=\"0\" cellpadding=\"3\">\n<tbody>\n<tr valign=\"top\">\n<td bgcolor=\"#f1f1f1\" width=\"30%\">Capacit\u00e9<\/td>\n<td bgcolor=\"#ffffff\" width=\"70%\">\nJusqu&rsquo;\u00e0 65 cycles\/minute (TP-702-59) Jusqu&rsquo;\u00e0 60 cycles\/minute (TP-702-12)<\/td>\n<\/tr>\n<tr valign=\"top\">\n<td bgcolor=\"#f1f1f1\" width=\"30%\">Largeur de la sangle<\/td>\n<td bgcolor=\"#ffffff\" width=\"70%\">\n5 mm, 6 mm ou 9 mm (TP-702-59) 12 mm (TP-702-12)<\/td>\n<\/tr>\n<tr valign=\"top\">\n<td bgcolor=\"#f1f1f1\" width=\"30%\">Plage de serrage<\/td>\n<td bgcolor=\"#ffffff\" width=\"70%\">\n<p>1 \u00e0 32 kg (TP-702-59) 1 \u00e0 45 kg (TP-702-12) * Une tension plus \u00e9lev\u00e9e est disponible sur demande.<\/td>\n<\/tr>\n<tr valign=\"top\">\n<td bgcolor=\"#f1f1f1\" width=\"30%\">Poids<\/td>\n<td bgcolor=\"#ffffff\" width=\"70%\">\n158 kg (TP-702-59) 167 kg (TP-702-12)<\/td>\n<\/tr>\n<tr valign=\"top\">\n<td bgcolor=\"#f1f1f1\" width=\"30%\">Exigences \u00e9lectriques<\/td>\n<td bgcolor=\"#ffffff\" width=\"70%\">110V, 220V, 230V, 240V 50\/60Hz 1PH<\/td>\n<\/tr>\n<\/tbody>\n<\/table>\n<p>          <strong>Vid\u00e9o<\/strong><\/p>\n<div class=\"youtube-embed-wrapper\">\n            <iframe src=\"https:\/\/www.youtube.com\/embed\/k6fD9Tqq8zY\" width=\"640\" height=\"360\" frameborder=\"0\" allowfullscreen=\"allowfullscreen\" data-mce-fragment=\"1\"><\/iframe>\n          <\/div>\n","protected":false},"excerpt":{"rendered":"<p>La Mercury TP-702 est une cercleuse automatique innovante, performante et de classe mondiale. Elle convient aux cerclages en PP d&rsquo;une largeur de 5 mm, 6 mm, 9 mm ou 12 mm. Dot\u00e9e de toutes les caract\u00e9ristiques standard de l&rsquo;industrie et d&rsquo;un design cr\u00e9atif et convivial, la Mercury TP-702 offre les performances optimales, la vitesse la plus \u00e9lev\u00e9e, la maintenance la plus facile et la solution la plus rentable de sa cat\u00e9gorie.  <\/p>\n","protected":false},"featured_media":3095,"comment_status":"open","ping_status":"closed","template":"","meta":[],"product_brand":[],"product_cat":[126,91,109,116],"product_tag":[],"class_list":{"0":"post-4146","1":"product","2":"type-product","3":"status-publish","4":"has-post-thumbnail","6":"product_cat-cerclage-automatique-de-boites","7":"product_cat-fabricants","8":"product_cat-machines-a-cercler","9":"product_cat-transpak-fr","11":"first","12":"instock","13":"product-type-simple"},"yoast_head":"<!-- This site is optimized with the Yoast SEO plugin v26.9 - https:\/\/yoast.com\/product\/yoast-seo-wordpress\/ -->\n<title>TP-702 Mercure - Karopack<\/title>\n<meta name=\"robots\" content=\"index, follow, max-snippet:-1, max-image-preview:large, max-video-preview:-1\" \/>\n<link rel=\"canonical\" href=\"https:\/\/www.karopack.be\/fr\/produit\/tp-702-mercure\/\" \/>\n<meta property=\"og:locale\" content=\"fr_FR\" \/>\n<meta property=\"og:type\" content=\"article\" \/>\n<meta property=\"og:title\" content=\"TP-702 Mercure - Karopack\" \/>\n<meta property=\"og:description\" content=\"La Mercury TP-702 est une cercleuse automatique innovante, performante et de classe mondiale. Elle convient aux cerclages en PP d&#039;une largeur de 5 mm, 6 mm, 9 mm ou 12 mm. Dot\u00e9e de toutes les caract\u00e9ristiques standard de l&#039;industrie et d&#039;un design cr\u00e9atif et convivial, la Mercury TP-702 offre les performances optimales, la vitesse la plus \u00e9lev\u00e9e, la maintenance la plus facile et la solution la plus rentable de sa cat\u00e9gorie.\" \/>\n<meta property=\"og:url\" content=\"https:\/\/www.karopack.be\/fr\/produit\/tp-702-mercure\/\" \/>\n<meta property=\"og:site_name\" content=\"Karopack\" \/>\n<meta property=\"og:image\" content=\"https:\/\/www.karopack.be\/wp-content\/uploads\/2024\/01\/TP-702-Mercury_1.jpg\" \/>\n\t<meta property=\"og:image:width\" content=\"400\" \/>\n\t<meta property=\"og:image:height\" content=\"400\" \/>\n\t<meta property=\"og:image:type\" content=\"image\/jpeg\" \/>\n<meta name=\"twitter:card\" content=\"summary_large_image\" \/>\n<meta name=\"twitter:label1\" content=\"Dur\u00e9e de lecture est.\" \/>\n\t<meta name=\"twitter:data1\" content=\"2 minutes\" \/>\n<script type=\"application\/ld+json\" class=\"yoast-schema-graph\">{\"@context\":\"https:\/\/schema.org\",\"@graph\":[{\"@type\":\"WebPage\",\"@id\":\"https:\/\/www.karopack.be\/fr\/produit\/tp-702-mercure\/\",\"url\":\"https:\/\/www.karopack.be\/fr\/produit\/tp-702-mercure\/\",\"name\":\"TP-702 Mercure - Karopack\",\"isPartOf\":{\"@id\":\"https:\/\/www.karopack.be\/fr\/#website\"},\"primaryImageOfPage\":{\"@id\":\"https:\/\/www.karopack.be\/fr\/produit\/tp-702-mercure\/#primaryimage\"},\"image\":{\"@id\":\"https:\/\/www.karopack.be\/fr\/produit\/tp-702-mercure\/#primaryimage\"},\"thumbnailUrl\":\"https:\/\/www.karopack.be\/wp-content\/uploads\/2024\/01\/TP-702-Mercury_1.jpg\",\"datePublished\":\"2024-07-11T06:16:46+00:00\",\"breadcrumb\":{\"@id\":\"https:\/\/www.karopack.be\/fr\/produit\/tp-702-mercure\/#breadcrumb\"},\"inLanguage\":\"fr-BE\",\"potentialAction\":[{\"@type\":\"ReadAction\",\"target\":[\"https:\/\/www.karopack.be\/fr\/produit\/tp-702-mercure\/\"]}]},{\"@type\":\"ImageObject\",\"inLanguage\":\"fr-BE\",\"@id\":\"https:\/\/www.karopack.be\/fr\/produit\/tp-702-mercure\/#primaryimage\",\"url\":\"https:\/\/www.karopack.be\/wp-content\/uploads\/2024\/01\/TP-702-Mercury_1.jpg\",\"contentUrl\":\"https:\/\/www.karopack.be\/wp-content\/uploads\/2024\/01\/TP-702-Mercury_1.jpg\",\"width\":400,\"height\":400},{\"@type\":\"BreadcrumbList\",\"@id\":\"https:\/\/www.karopack.be\/fr\/produit\/tp-702-mercure\/#breadcrumb\",\"itemListElement\":[{\"@type\":\"ListItem\",\"position\":1,\"name\":\"Home\",\"item\":\"https:\/\/www.karopack.be\/fr\/\"},{\"@type\":\"ListItem\",\"position\":2,\"name\":\"Shop\",\"item\":\"https:\/\/www.karopack.be\/fr\/shop\/\"},{\"@type\":\"ListItem\",\"position\":3,\"name\":\"TP-702 Mercure\"}]},{\"@type\":\"WebSite\",\"@id\":\"https:\/\/www.karopack.be\/fr\/#website\",\"url\":\"https:\/\/www.karopack.be\/fr\/\",\"name\":\"Karopack\",\"description\":\"\",\"publisher\":{\"@id\":\"https:\/\/www.karopack.be\/fr\/#organization\"},\"potentialAction\":[{\"@type\":\"SearchAction\",\"target\":{\"@type\":\"EntryPoint\",\"urlTemplate\":\"https:\/\/www.karopack.be\/fr\/?s={search_term_string}\"},\"query-input\":{\"@type\":\"PropertyValueSpecification\",\"valueRequired\":true,\"valueName\":\"search_term_string\"}}],\"inLanguage\":\"fr-BE\"},{\"@type\":\"Organization\",\"@id\":\"https:\/\/www.karopack.be\/fr\/#organization\",\"name\":\"Karopack\",\"url\":\"https:\/\/www.karopack.be\/fr\/\",\"logo\":{\"@type\":\"ImageObject\",\"inLanguage\":\"fr-BE\",\"@id\":\"https:\/\/www.karopack.be\/fr\/#\/schema\/logo\/image\/\",\"url\":\"https:\/\/www.karopack.be\/wp-content\/uploads\/2024\/07\/Karopack-Logo.png\",\"contentUrl\":\"https:\/\/www.karopack.be\/wp-content\/uploads\/2024\/07\/Karopack-Logo.png\",\"width\":809,\"height\":240,\"caption\":\"Karopack\"},\"image\":{\"@id\":\"https:\/\/www.karopack.be\/fr\/#\/schema\/logo\/image\/\"}}]}<\/script>\n<!-- \/ Yoast SEO plugin. -->","yoast_head_json":{"title":"TP-702 Mercure - Karopack","robots":{"index":"index","follow":"follow","max-snippet":"max-snippet:-1","max-image-preview":"max-image-preview:large","max-video-preview":"max-video-preview:-1"},"canonical":"https:\/\/www.karopack.be\/fr\/produit\/tp-702-mercure\/","og_locale":"fr_FR","og_type":"article","og_title":"TP-702 Mercure - Karopack","og_description":"La Mercury TP-702 est une cercleuse automatique innovante, performante et de classe mondiale. Elle convient aux cerclages en PP d'une largeur de 5 mm, 6 mm, 9 mm ou 12 mm. Dot\u00e9e de toutes les caract\u00e9ristiques standard de l'industrie et d'un design cr\u00e9atif et convivial, la Mercury TP-702 offre les performances optimales, la vitesse la plus \u00e9lev\u00e9e, la maintenance la plus facile et la solution la plus rentable de sa cat\u00e9gorie.","og_url":"https:\/\/www.karopack.be\/fr\/produit\/tp-702-mercure\/","og_site_name":"Karopack","og_image":[{"width":400,"height":400,"url":"https:\/\/www.karopack.be\/wp-content\/uploads\/2024\/01\/TP-702-Mercury_1.jpg","type":"image\/jpeg"}],"twitter_card":"summary_large_image","twitter_misc":{"Dur\u00e9e de lecture est.":"2 minutes"},"schema":{"@context":"https:\/\/schema.org","@graph":[{"@type":"WebPage","@id":"https:\/\/www.karopack.be\/fr\/produit\/tp-702-mercure\/","url":"https:\/\/www.karopack.be\/fr\/produit\/tp-702-mercure\/","name":"TP-702 Mercure - Karopack","isPartOf":{"@id":"https:\/\/www.karopack.be\/fr\/#website"},"primaryImageOfPage":{"@id":"https:\/\/www.karopack.be\/fr\/produit\/tp-702-mercure\/#primaryimage"},"image":{"@id":"https:\/\/www.karopack.be\/fr\/produit\/tp-702-mercure\/#primaryimage"},"thumbnailUrl":"https:\/\/www.karopack.be\/wp-content\/uploads\/2024\/01\/TP-702-Mercury_1.jpg","datePublished":"2024-07-11T06:16:46+00:00","breadcrumb":{"@id":"https:\/\/www.karopack.be\/fr\/produit\/tp-702-mercure\/#breadcrumb"},"inLanguage":"fr-BE","potentialAction":[{"@type":"ReadAction","target":["https:\/\/www.karopack.be\/fr\/produit\/tp-702-mercure\/"]}]},{"@type":"ImageObject","inLanguage":"fr-BE","@id":"https:\/\/www.karopack.be\/fr\/produit\/tp-702-mercure\/#primaryimage","url":"https:\/\/www.karopack.be\/wp-content\/uploads\/2024\/01\/TP-702-Mercury_1.jpg","contentUrl":"https:\/\/www.karopack.be\/wp-content\/uploads\/2024\/01\/TP-702-Mercury_1.jpg","width":400,"height":400},{"@type":"BreadcrumbList","@id":"https:\/\/www.karopack.be\/fr\/produit\/tp-702-mercure\/#breadcrumb","itemListElement":[{"@type":"ListItem","position":1,"name":"Home","item":"https:\/\/www.karopack.be\/fr\/"},{"@type":"ListItem","position":2,"name":"Shop","item":"https:\/\/www.karopack.be\/fr\/shop\/"},{"@type":"ListItem","position":3,"name":"TP-702 Mercure"}]},{"@type":"WebSite","@id":"https:\/\/www.karopack.be\/fr\/#website","url":"https:\/\/www.karopack.be\/fr\/","name":"Karopack","description":"","publisher":{"@id":"https:\/\/www.karopack.be\/fr\/#organization"},"potentialAction":[{"@type":"SearchAction","target":{"@type":"EntryPoint","urlTemplate":"https:\/\/www.karopack.be\/fr\/?s={search_term_string}"},"query-input":{"@type":"PropertyValueSpecification","valueRequired":true,"valueName":"search_term_string"}}],"inLanguage":"fr-BE"},{"@type":"Organization","@id":"https:\/\/www.karopack.be\/fr\/#organization","name":"Karopack","url":"https:\/\/www.karopack.be\/fr\/","logo":{"@type":"ImageObject","inLanguage":"fr-BE","@id":"https:\/\/www.karopack.be\/fr\/#\/schema\/logo\/image\/","url":"https:\/\/www.karopack.be\/wp-content\/uploads\/2024\/07\/Karopack-Logo.png","contentUrl":"https:\/\/www.karopack.be\/wp-content\/uploads\/2024\/07\/Karopack-Logo.png","width":809,"height":240,"caption":"Karopack"},"image":{"@id":"https:\/\/www.karopack.be\/fr\/#\/schema\/logo\/image\/"}}]}},"_links":{"self":[{"href":"https:\/\/www.karopack.be\/fr\/wp-json\/wp\/v2\/product\/4146","targetHints":{"allow":["GET"]}}],"collection":[{"href":"https:\/\/www.karopack.be\/fr\/wp-json\/wp\/v2\/product"}],"about":[{"href":"https:\/\/www.karopack.be\/fr\/wp-json\/wp\/v2\/types\/product"}],"replies":[{"embeddable":true,"href":"https:\/\/www.karopack.be\/fr\/wp-json\/wp\/v2\/comments?post=4146"}],"wp:featuredmedia":[{"embeddable":true,"href":"https:\/\/www.karopack.be\/fr\/wp-json\/wp\/v2\/media\/3095"}],"wp:attachment":[{"href":"https:\/\/www.karopack.be\/fr\/wp-json\/wp\/v2\/media?parent=4146"}],"wp:term":[{"taxonomy":"product_brand","embeddable":true,"href":"https:\/\/www.karopack.be\/fr\/wp-json\/wp\/v2\/product_brand?post=4146"},{"taxonomy":"product_cat","embeddable":true,"href":"https:\/\/www.karopack.be\/fr\/wp-json\/wp\/v2\/product_cat?post=4146"},{"taxonomy":"product_tag","embeddable":true,"href":"https:\/\/www.karopack.be\/fr\/wp-json\/wp\/v2\/product_tag?post=4146"}],"curies":[{"name":"wp","href":"https:\/\/api.w.org\/{rel}","templated":true}]}}