{"id":4148,"date":"2024-07-11T06:16:42","date_gmt":"2024-07-11T06:16:42","guid":{"rendered":"https:\/\/www.karopack.be\/product\/tendeur-h-26\/"},"modified":"2024-07-11T06:16:42","modified_gmt":"2024-07-11T06:16:42","slug":"tendeur-h-26","status":"publish","type":"product","link":"https:\/\/www.karopack.be\/fr\/produit\/tendeur-h-26\/","title":{"rendered":"Tendeur H-26"},"content":{"rendered":"<ul>\n<li>Usinage en acier alli\u00e9<\/li>\n<li>Convient aux applications lourdes<\/li>\n<li>Largeur du pneu : 25 mm &#8211; 40 mm<\/li>\n<li>6 pi\u00e8ces \/ bo\u00eete<\/li>\n<\/ul>\n","protected":false},"excerpt":{"rendered":"<p><strong>H-26 Tendeur pour l&rsquo;enroulement de la corde<\/strong><\/p>\n<p>Voici le tendeur H-26, une solution robuste pour l&rsquo;enroulement de cordons lourds. Fabriqu\u00e9 avec pr\u00e9cision en acier alli\u00e9, ce tendeur est con\u00e7u pour durer et r\u00e9sister. Id\u00e9al pour des largeurs de feuillard de 25 mm \u00e0 40 mm, il fournit une tension s\u00fbre pour vos besoins de cerclage. Chaque bo\u00eete contient 6 pi\u00e8ces, ce qui vous permet de disposer d&rsquo;un approvisionnement fiable pour vos applications lourdes. Augmentez votre efficacit\u00e9 de cerclage avec la force du tendeur H-26.    <\/p>\n","protected":false},"featured_media":3087,"comment_status":"open","ping_status":"closed","template":"","meta":[],"product_brand":[],"product_cat":[127,91,109,116],"product_tag":[],"class_list":{"0":"post-4148","1":"product","2":"type-product","3":"status-publish","4":"has-post-thumbnail","6":"product_cat-cercleuses-manuelles","7":"product_cat-fabricants","8":"product_cat-machines-a-cercler","9":"product_cat-transpak-fr","11":"first","12":"instock","13":"product-type-simple"},"yoast_head":"<!-- This site is optimized with the Yoast SEO plugin v26.9 - https:\/\/yoast.com\/product\/yoast-seo-wordpress\/ -->\n<title>Tendeur H-26 - Karopack<\/title>\n<meta name=\"robots\" content=\"index, follow, max-snippet:-1, max-image-preview:large, max-video-preview:-1\" \/>\n<link rel=\"canonical\" href=\"https:\/\/www.karopack.be\/fr\/produit\/tendeur-h-26\/\" \/>\n<meta property=\"og:locale\" content=\"fr_FR\" \/>\n<meta property=\"og:type\" content=\"article\" \/>\n<meta property=\"og:title\" content=\"Tendeur H-26 - Karopack\" \/>\n<meta property=\"og:description\" content=\"H-26 Tendeur pour l&#039;enroulement de la corde Voici le tendeur H-26, une solution robuste pour l&#039;enroulement de cordons lourds. Fabriqu\u00e9 avec pr\u00e9cision en acier alli\u00e9, ce tendeur est con\u00e7u pour durer et r\u00e9sister. Id\u00e9al pour des largeurs de feuillard de 25 mm \u00e0 40 mm, il fournit une tension s\u00fbre pour vos besoins de cerclage. Chaque bo\u00eete contient 6 pi\u00e8ces, ce qui vous permet de disposer d&#039;un approvisionnement fiable pour vos applications lourdes. Augmentez votre efficacit\u00e9 de cerclage avec la force du tendeur H-26.\" \/>\n<meta property=\"og:url\" content=\"https:\/\/www.karopack.be\/fr\/produit\/tendeur-h-26\/\" \/>\n<meta property=\"og:site_name\" content=\"Karopack\" \/>\n<meta property=\"og:image\" content=\"https:\/\/www.karopack.be\/wp-content\/uploads\/2024\/01\/H-261.jpg\" \/>\n\t<meta property=\"og:image:width\" content=\"400\" \/>\n\t<meta property=\"og:image:height\" content=\"400\" \/>\n\t<meta property=\"og:image:type\" content=\"image\/jpeg\" \/>\n<meta name=\"twitter:card\" content=\"summary_large_image\" \/>\n<script type=\"application\/ld+json\" class=\"yoast-schema-graph\">{\"@context\":\"https:\/\/schema.org\",\"@graph\":[{\"@type\":\"WebPage\",\"@id\":\"https:\/\/www.karopack.be\/fr\/produit\/tendeur-h-26\/\",\"url\":\"https:\/\/www.karopack.be\/fr\/produit\/tendeur-h-26\/\",\"name\":\"Tendeur H-26 - Karopack\",\"isPartOf\":{\"@id\":\"https:\/\/www.karopack.be\/fr\/#website\"},\"primaryImageOfPage\":{\"@id\":\"https:\/\/www.karopack.be\/fr\/produit\/tendeur-h-26\/#primaryimage\"},\"image\":{\"@id\":\"https:\/\/www.karopack.be\/fr\/produit\/tendeur-h-26\/#primaryimage\"},\"thumbnailUrl\":\"https:\/\/www.karopack.be\/wp-content\/uploads\/2024\/01\/H-261.jpg\",\"datePublished\":\"2024-07-11T06:16:42+00:00\",\"breadcrumb\":{\"@id\":\"https:\/\/www.karopack.be\/fr\/produit\/tendeur-h-26\/#breadcrumb\"},\"inLanguage\":\"fr-BE\",\"potentialAction\":[{\"@type\":\"ReadAction\",\"target\":[\"https:\/\/www.karopack.be\/fr\/produit\/tendeur-h-26\/\"]}]},{\"@type\":\"ImageObject\",\"inLanguage\":\"fr-BE\",\"@id\":\"https:\/\/www.karopack.be\/fr\/produit\/tendeur-h-26\/#primaryimage\",\"url\":\"https:\/\/www.karopack.be\/wp-content\/uploads\/2024\/01\/H-261.jpg\",\"contentUrl\":\"https:\/\/www.karopack.be\/wp-content\/uploads\/2024\/01\/H-261.jpg\",\"width\":400,\"height\":400},{\"@type\":\"BreadcrumbList\",\"@id\":\"https:\/\/www.karopack.be\/fr\/produit\/tendeur-h-26\/#breadcrumb\",\"itemListElement\":[{\"@type\":\"ListItem\",\"position\":1,\"name\":\"Home\",\"item\":\"https:\/\/www.karopack.be\/fr\/\"},{\"@type\":\"ListItem\",\"position\":2,\"name\":\"Shop\",\"item\":\"https:\/\/www.karopack.be\/fr\/shop\/\"},{\"@type\":\"ListItem\",\"position\":3,\"name\":\"Tendeur H-26\"}]},{\"@type\":\"WebSite\",\"@id\":\"https:\/\/www.karopack.be\/fr\/#website\",\"url\":\"https:\/\/www.karopack.be\/fr\/\",\"name\":\"Karopack\",\"description\":\"\",\"publisher\":{\"@id\":\"https:\/\/www.karopack.be\/fr\/#organization\"},\"potentialAction\":[{\"@type\":\"SearchAction\",\"target\":{\"@type\":\"EntryPoint\",\"urlTemplate\":\"https:\/\/www.karopack.be\/fr\/?s={search_term_string}\"},\"query-input\":{\"@type\":\"PropertyValueSpecification\",\"valueRequired\":true,\"valueName\":\"search_term_string\"}}],\"inLanguage\":\"fr-BE\"},{\"@type\":\"Organization\",\"@id\":\"https:\/\/www.karopack.be\/fr\/#organization\",\"name\":\"Karopack\",\"url\":\"https:\/\/www.karopack.be\/fr\/\",\"logo\":{\"@type\":\"ImageObject\",\"inLanguage\":\"fr-BE\",\"@id\":\"https:\/\/www.karopack.be\/fr\/#\/schema\/logo\/image\/\",\"url\":\"https:\/\/www.karopack.be\/wp-content\/uploads\/2024\/07\/Karopack-Logo.png\",\"contentUrl\":\"https:\/\/www.karopack.be\/wp-content\/uploads\/2024\/07\/Karopack-Logo.png\",\"width\":809,\"height\":240,\"caption\":\"Karopack\"},\"image\":{\"@id\":\"https:\/\/www.karopack.be\/fr\/#\/schema\/logo\/image\/\"}}]}<\/script>\n<!-- \/ Yoast SEO plugin. -->","yoast_head_json":{"title":"Tendeur H-26 - Karopack","robots":{"index":"index","follow":"follow","max-snippet":"max-snippet:-1","max-image-preview":"max-image-preview:large","max-video-preview":"max-video-preview:-1"},"canonical":"https:\/\/www.karopack.be\/fr\/produit\/tendeur-h-26\/","og_locale":"fr_FR","og_type":"article","og_title":"Tendeur H-26 - Karopack","og_description":"H-26 Tendeur pour l'enroulement de la corde Voici le tendeur H-26, une solution robuste pour l'enroulement de cordons lourds. Fabriqu\u00e9 avec pr\u00e9cision en acier alli\u00e9, ce tendeur est con\u00e7u pour durer et r\u00e9sister. Id\u00e9al pour des largeurs de feuillard de 25 mm \u00e0 40 mm, il fournit une tension s\u00fbre pour vos besoins de cerclage. Chaque bo\u00eete contient 6 pi\u00e8ces, ce qui vous permet de disposer d'un approvisionnement fiable pour vos applications lourdes. Augmentez votre efficacit\u00e9 de cerclage avec la force du tendeur H-26.","og_url":"https:\/\/www.karopack.be\/fr\/produit\/tendeur-h-26\/","og_site_name":"Karopack","og_image":[{"width":400,"height":400,"url":"https:\/\/www.karopack.be\/wp-content\/uploads\/2024\/01\/H-261.jpg","type":"image\/jpeg"}],"twitter_card":"summary_large_image","schema":{"@context":"https:\/\/schema.org","@graph":[{"@type":"WebPage","@id":"https:\/\/www.karopack.be\/fr\/produit\/tendeur-h-26\/","url":"https:\/\/www.karopack.be\/fr\/produit\/tendeur-h-26\/","name":"Tendeur H-26 - Karopack","isPartOf":{"@id":"https:\/\/www.karopack.be\/fr\/#website"},"primaryImageOfPage":{"@id":"https:\/\/www.karopack.be\/fr\/produit\/tendeur-h-26\/#primaryimage"},"image":{"@id":"https:\/\/www.karopack.be\/fr\/produit\/tendeur-h-26\/#primaryimage"},"thumbnailUrl":"https:\/\/www.karopack.be\/wp-content\/uploads\/2024\/01\/H-261.jpg","datePublished":"2024-07-11T06:16:42+00:00","breadcrumb":{"@id":"https:\/\/www.karopack.be\/fr\/produit\/tendeur-h-26\/#breadcrumb"},"inLanguage":"fr-BE","potentialAction":[{"@type":"ReadAction","target":["https:\/\/www.karopack.be\/fr\/produit\/tendeur-h-26\/"]}]},{"@type":"ImageObject","inLanguage":"fr-BE","@id":"https:\/\/www.karopack.be\/fr\/produit\/tendeur-h-26\/#primaryimage","url":"https:\/\/www.karopack.be\/wp-content\/uploads\/2024\/01\/H-261.jpg","contentUrl":"https:\/\/www.karopack.be\/wp-content\/uploads\/2024\/01\/H-261.jpg","width":400,"height":400},{"@type":"BreadcrumbList","@id":"https:\/\/www.karopack.be\/fr\/produit\/tendeur-h-26\/#breadcrumb","itemListElement":[{"@type":"ListItem","position":1,"name":"Home","item":"https:\/\/www.karopack.be\/fr\/"},{"@type":"ListItem","position":2,"name":"Shop","item":"https:\/\/www.karopack.be\/fr\/shop\/"},{"@type":"ListItem","position":3,"name":"Tendeur H-26"}]},{"@type":"WebSite","@id":"https:\/\/www.karopack.be\/fr\/#website","url":"https:\/\/www.karopack.be\/fr\/","name":"Karopack","description":"","publisher":{"@id":"https:\/\/www.karopack.be\/fr\/#organization"},"potentialAction":[{"@type":"SearchAction","target":{"@type":"EntryPoint","urlTemplate":"https:\/\/www.karopack.be\/fr\/?s={search_term_string}"},"query-input":{"@type":"PropertyValueSpecification","valueRequired":true,"valueName":"search_term_string"}}],"inLanguage":"fr-BE"},{"@type":"Organization","@id":"https:\/\/www.karopack.be\/fr\/#organization","name":"Karopack","url":"https:\/\/www.karopack.be\/fr\/","logo":{"@type":"ImageObject","inLanguage":"fr-BE","@id":"https:\/\/www.karopack.be\/fr\/#\/schema\/logo\/image\/","url":"https:\/\/www.karopack.be\/wp-content\/uploads\/2024\/07\/Karopack-Logo.png","contentUrl":"https:\/\/www.karopack.be\/wp-content\/uploads\/2024\/07\/Karopack-Logo.png","width":809,"height":240,"caption":"Karopack"},"image":{"@id":"https:\/\/www.karopack.be\/fr\/#\/schema\/logo\/image\/"}}]}},"_links":{"self":[{"href":"https:\/\/www.karopack.be\/fr\/wp-json\/wp\/v2\/product\/4148","targetHints":{"allow":["GET"]}}],"collection":[{"href":"https:\/\/www.karopack.be\/fr\/wp-json\/wp\/v2\/product"}],"about":[{"href":"https:\/\/www.karopack.be\/fr\/wp-json\/wp\/v2\/types\/product"}],"replies":[{"embeddable":true,"href":"https:\/\/www.karopack.be\/fr\/wp-json\/wp\/v2\/comments?post=4148"}],"wp:featuredmedia":[{"embeddable":true,"href":"https:\/\/www.karopack.be\/fr\/wp-json\/wp\/v2\/media\/3087"}],"wp:attachment":[{"href":"https:\/\/www.karopack.be\/fr\/wp-json\/wp\/v2\/media?parent=4148"}],"wp:term":[{"taxonomy":"product_brand","embeddable":true,"href":"https:\/\/www.karopack.be\/fr\/wp-json\/wp\/v2\/product_brand?post=4148"},{"taxonomy":"product_cat","embeddable":true,"href":"https:\/\/www.karopack.be\/fr\/wp-json\/wp\/v2\/product_cat?post=4148"},{"taxonomy":"product_tag","embeddable":true,"href":"https:\/\/www.karopack.be\/fr\/wp-json\/wp\/v2\/product_tag?post=4148"}],"curies":[{"name":"wp","href":"https:\/\/api.w.org\/{rel}","templated":true}]}}