{"id":4157,"date":"2024-07-11T06:16:38","date_gmt":"2024-07-11T06:16:38","guid":{"rendered":"https:\/\/www.karopack.be\/product\/h-45l-outil-de-cerclage-helios-fonctionnant-sur-batterie\/"},"modified":"2024-07-11T06:16:38","modified_gmt":"2024-07-11T06:16:38","slug":"h-45l-outil-de-cerclage-helios-fonctionnant-sur-batterie","status":"publish","type":"product","link":"https:\/\/www.karopack.be\/fr\/produit\/h-45l-outil-de-cerclage-helios-fonctionnant-sur-batterie\/","title":{"rendered":"H-45L Outil de cerclage Helios fonctionnant sur batterie"},"content":{"rendered":"<h4>Caract\u00e9ristiques<\/h4>\n<ul>\n<li>Utilisation simple d&rsquo;une seule main<\/li>\n<li>Ajustement rapide et facile<\/li>\n<li>Technologie de scellement par friction<\/li>\n<li>Le mode automatique permet de tendre et de souder rapidement le feuillard \u00e0 l&rsquo;aide d&rsquo;un seul bouton. Le cycle de cerclage peut \u00eatre r\u00e9alis\u00e9 en moins de 3 secondes. <\/li>\n<li>R\u00e9glage facile de la tension de la bande et du temps de soudure<\/li>\n<li>Enfilage facile de la sangle<\/li>\n<li>Conception ergonomique et robuste<\/li>\n<li>Alimentation par batterie<\/li>\n<\/ul>\n<h4>Options<\/h4>\n<ul>\n<li>Support de suspension<\/li>\n<li>Protection contre l&rsquo;usure de la plaque inf\u00e9rieure<\/li>\n<\/ul>\n<h4>Donn\u00e9es techniques<\/h4>\n<table border=\"1\" width=\"100%\" cellspacing=\"0\" cellpadding=\"3\">\n<tbody>\n<tr valign=\"top\">\n<td bgcolor=\"#f1f1f1\" width=\"30%\">Plage de tension<\/td>\n<td bgcolor=\"#ffffff\" width=\"70%\">jusqu&rsquo;\u00e0 250 kg<\/td>\n<\/tr>\n<tr valign=\"top\">\n<td bgcolor=\"#f1f1f1\" width=\"30%\">Largeur de bande<\/td>\n<td bgcolor=\"#ffffff\" width=\"70%\">\n<p>9 mm (H-45L-1-09) 11 mm &#8211; 13 mm (H-45L-1-12) 15 mm &#8211; 16 mm (H-45L-1-16)<\/td>\n<\/tr>\n<tr valign=\"top\">\n<td bgcolor=\"#f1f1f1\" width=\"30%\">\u00c9paisseur de la bande<\/td>\n<td bgcolor=\"#ffffff\" width=\"70%\">\nPP 0,55 mm &#8211; 1,05 mm PET 0,50 mm &#8211; 1,05 mm<\/td>\n<\/tr>\n<tr valign=\"top\">\n<td bgcolor=\"#f1f1f1\" width=\"30%\">Poids (batterie incluse)<\/td>\n<td bgcolor=\"#ffffff\" width=\"70%\">4,4 kg<\/td>\n<\/tr>\n<tr valign=\"top\">\n<td bgcolor=\"#f1f1f1\" width=\"30%\">Batterie<\/td>\n<td bgcolor=\"#ffffff\" width=\"70%\">Bosch Li-Ion 18VDC 4.0Ah<\/td>\n<\/tr>\n<tr valign=\"top\">\n<td bgcolor=\"#f1f1f1\" width=\"30%\">Chargeur de batterie<\/td>\n<td bgcolor=\"#ffffff\" width=\"70%\">\n<p>Bosch 115V (110V-120V), 230V (220V-240V) 50\/60Hz 1PH<\/td>\n<\/tr>\n<\/tbody>\n<\/table>\n<p>          <iframe title=\"H-45L Outils de cerclage Helios aliment\u00e9s par batterie - TRANSPAK\" src=\"https:\/\/www.youtube.com\/embed\/eS_lIGzms44\" width=\"842\" height=\"474\" frameborder=\"0\" allowfullscreen=\"allowfullscreen\"><\/iframe><\/p>\n","protected":false},"excerpt":{"rendered":"<p>L&rsquo;Helios H-45L est un appareil de cerclage fonctionnant sur batterie avec des caract\u00e9ristiques et des performances sup\u00e9rieures. Elle convient \u00e0 la plupart des besoins de cerclage, quelle que soit l&rsquo;application. L&rsquo;Helios H-45L offre une productivit\u00e9 et des performances optimales pour r\u00e9pondre aux besoins de cerclage des clients.  <\/p>\n","protected":false},"featured_media":3069,"comment_status":"open","ping_status":"closed","template":"","meta":[],"product_brand":[],"product_cat":[127,91,109,116],"product_tag":[],"class_list":{"0":"post-4157","1":"product","2":"type-product","3":"status-publish","4":"has-post-thumbnail","6":"product_cat-cercleuses-manuelles","7":"product_cat-fabricants","8":"product_cat-machines-a-cercler","9":"product_cat-transpak-fr","10":"product_shipping_class-1-fr","12":"first","13":"instock","14":"product-type-simple"},"yoast_head":"<!-- This site is optimized with the Yoast SEO plugin v26.9 - https:\/\/yoast.com\/product\/yoast-seo-wordpress\/ -->\n<title>H-45L Outil de cerclage Helios fonctionnant sur batterie - Karopack<\/title>\n<meta name=\"robots\" content=\"index, follow, max-snippet:-1, max-image-preview:large, max-video-preview:-1\" \/>\n<link rel=\"canonical\" href=\"https:\/\/www.karopack.be\/fr\/produit\/h-45l-outil-de-cerclage-helios-fonctionnant-sur-batterie\/\" \/>\n<meta property=\"og:locale\" content=\"fr_FR\" \/>\n<meta property=\"og:type\" content=\"article\" \/>\n<meta property=\"og:title\" content=\"H-45L Outil de cerclage Helios fonctionnant sur batterie - Karopack\" \/>\n<meta property=\"og:description\" content=\"L&#039;Helios H-45L est un appareil de cerclage fonctionnant sur batterie avec des caract\u00e9ristiques et des performances sup\u00e9rieures. Elle convient \u00e0 la plupart des besoins de cerclage, quelle que soit l&#039;application. L&#039;Helios H-45L offre une productivit\u00e9 et des performances optimales pour r\u00e9pondre aux besoins de cerclage des clients.\" \/>\n<meta property=\"og:url\" content=\"https:\/\/www.karopack.be\/fr\/produit\/h-45l-outil-de-cerclage-helios-fonctionnant-sur-batterie\/\" \/>\n<meta property=\"og:site_name\" content=\"Karopack\" \/>\n<meta property=\"og:image\" content=\"https:\/\/www.karopack.be\/wp-content\/uploads\/2024\/01\/H45L_1.jpg\" \/>\n\t<meta property=\"og:image:width\" content=\"400\" \/>\n\t<meta property=\"og:image:height\" content=\"400\" \/>\n\t<meta property=\"og:image:type\" content=\"image\/jpeg\" \/>\n<meta name=\"twitter:card\" content=\"summary_large_image\" \/>\n<meta name=\"twitter:label1\" content=\"Dur\u00e9e de lecture est.\" \/>\n\t<meta name=\"twitter:data1\" content=\"1 minute\" \/>\n<script type=\"application\/ld+json\" class=\"yoast-schema-graph\">{\"@context\":\"https:\/\/schema.org\",\"@graph\":[{\"@type\":\"WebPage\",\"@id\":\"https:\/\/www.karopack.be\/fr\/produit\/h-45l-outil-de-cerclage-helios-fonctionnant-sur-batterie\/\",\"url\":\"https:\/\/www.karopack.be\/fr\/produit\/h-45l-outil-de-cerclage-helios-fonctionnant-sur-batterie\/\",\"name\":\"H-45L Outil de cerclage Helios fonctionnant sur batterie - Karopack\",\"isPartOf\":{\"@id\":\"https:\/\/www.karopack.be\/fr\/#website\"},\"primaryImageOfPage\":{\"@id\":\"https:\/\/www.karopack.be\/fr\/produit\/h-45l-outil-de-cerclage-helios-fonctionnant-sur-batterie\/#primaryimage\"},\"image\":{\"@id\":\"https:\/\/www.karopack.be\/fr\/produit\/h-45l-outil-de-cerclage-helios-fonctionnant-sur-batterie\/#primaryimage\"},\"thumbnailUrl\":\"https:\/\/www.karopack.be\/wp-content\/uploads\/2024\/01\/H45L_1.jpg\",\"datePublished\":\"2024-07-11T06:16:38+00:00\",\"breadcrumb\":{\"@id\":\"https:\/\/www.karopack.be\/fr\/produit\/h-45l-outil-de-cerclage-helios-fonctionnant-sur-batterie\/#breadcrumb\"},\"inLanguage\":\"fr-BE\",\"potentialAction\":[{\"@type\":\"ReadAction\",\"target\":[\"https:\/\/www.karopack.be\/fr\/produit\/h-45l-outil-de-cerclage-helios-fonctionnant-sur-batterie\/\"]}]},{\"@type\":\"ImageObject\",\"inLanguage\":\"fr-BE\",\"@id\":\"https:\/\/www.karopack.be\/fr\/produit\/h-45l-outil-de-cerclage-helios-fonctionnant-sur-batterie\/#primaryimage\",\"url\":\"https:\/\/www.karopack.be\/wp-content\/uploads\/2024\/01\/H45L_1.jpg\",\"contentUrl\":\"https:\/\/www.karopack.be\/wp-content\/uploads\/2024\/01\/H45L_1.jpg\",\"width\":400,\"height\":400},{\"@type\":\"BreadcrumbList\",\"@id\":\"https:\/\/www.karopack.be\/fr\/produit\/h-45l-outil-de-cerclage-helios-fonctionnant-sur-batterie\/#breadcrumb\",\"itemListElement\":[{\"@type\":\"ListItem\",\"position\":1,\"name\":\"Home\",\"item\":\"https:\/\/www.karopack.be\/fr\/\"},{\"@type\":\"ListItem\",\"position\":2,\"name\":\"Shop\",\"item\":\"https:\/\/www.karopack.be\/fr\/shop\/\"},{\"@type\":\"ListItem\",\"position\":3,\"name\":\"H-45L Outil de cerclage Helios fonctionnant sur batterie\"}]},{\"@type\":\"WebSite\",\"@id\":\"https:\/\/www.karopack.be\/fr\/#website\",\"url\":\"https:\/\/www.karopack.be\/fr\/\",\"name\":\"Karopack\",\"description\":\"\",\"publisher\":{\"@id\":\"https:\/\/www.karopack.be\/fr\/#organization\"},\"potentialAction\":[{\"@type\":\"SearchAction\",\"target\":{\"@type\":\"EntryPoint\",\"urlTemplate\":\"https:\/\/www.karopack.be\/fr\/?s={search_term_string}\"},\"query-input\":{\"@type\":\"PropertyValueSpecification\",\"valueRequired\":true,\"valueName\":\"search_term_string\"}}],\"inLanguage\":\"fr-BE\"},{\"@type\":\"Organization\",\"@id\":\"https:\/\/www.karopack.be\/fr\/#organization\",\"name\":\"Karopack\",\"url\":\"https:\/\/www.karopack.be\/fr\/\",\"logo\":{\"@type\":\"ImageObject\",\"inLanguage\":\"fr-BE\",\"@id\":\"https:\/\/www.karopack.be\/fr\/#\/schema\/logo\/image\/\",\"url\":\"https:\/\/www.karopack.be\/wp-content\/uploads\/2024\/07\/Karopack-Logo.png\",\"contentUrl\":\"https:\/\/www.karopack.be\/wp-content\/uploads\/2024\/07\/Karopack-Logo.png\",\"width\":809,\"height\":240,\"caption\":\"Karopack\"},\"image\":{\"@id\":\"https:\/\/www.karopack.be\/fr\/#\/schema\/logo\/image\/\"}}]}<\/script>\n<!-- \/ Yoast SEO plugin. -->","yoast_head_json":{"title":"H-45L Outil de cerclage Helios fonctionnant sur batterie - Karopack","robots":{"index":"index","follow":"follow","max-snippet":"max-snippet:-1","max-image-preview":"max-image-preview:large","max-video-preview":"max-video-preview:-1"},"canonical":"https:\/\/www.karopack.be\/fr\/produit\/h-45l-outil-de-cerclage-helios-fonctionnant-sur-batterie\/","og_locale":"fr_FR","og_type":"article","og_title":"H-45L Outil de cerclage Helios fonctionnant sur batterie - Karopack","og_description":"L'Helios H-45L est un appareil de cerclage fonctionnant sur batterie avec des caract\u00e9ristiques et des performances sup\u00e9rieures. Elle convient \u00e0 la plupart des besoins de cerclage, quelle que soit l'application. L'Helios H-45L offre une productivit\u00e9 et des performances optimales pour r\u00e9pondre aux besoins de cerclage des clients.","og_url":"https:\/\/www.karopack.be\/fr\/produit\/h-45l-outil-de-cerclage-helios-fonctionnant-sur-batterie\/","og_site_name":"Karopack","og_image":[{"width":400,"height":400,"url":"https:\/\/www.karopack.be\/wp-content\/uploads\/2024\/01\/H45L_1.jpg","type":"image\/jpeg"}],"twitter_card":"summary_large_image","twitter_misc":{"Dur\u00e9e de lecture est.":"1 minute"},"schema":{"@context":"https:\/\/schema.org","@graph":[{"@type":"WebPage","@id":"https:\/\/www.karopack.be\/fr\/produit\/h-45l-outil-de-cerclage-helios-fonctionnant-sur-batterie\/","url":"https:\/\/www.karopack.be\/fr\/produit\/h-45l-outil-de-cerclage-helios-fonctionnant-sur-batterie\/","name":"H-45L Outil de cerclage Helios fonctionnant sur batterie - Karopack","isPartOf":{"@id":"https:\/\/www.karopack.be\/fr\/#website"},"primaryImageOfPage":{"@id":"https:\/\/www.karopack.be\/fr\/produit\/h-45l-outil-de-cerclage-helios-fonctionnant-sur-batterie\/#primaryimage"},"image":{"@id":"https:\/\/www.karopack.be\/fr\/produit\/h-45l-outil-de-cerclage-helios-fonctionnant-sur-batterie\/#primaryimage"},"thumbnailUrl":"https:\/\/www.karopack.be\/wp-content\/uploads\/2024\/01\/H45L_1.jpg","datePublished":"2024-07-11T06:16:38+00:00","breadcrumb":{"@id":"https:\/\/www.karopack.be\/fr\/produit\/h-45l-outil-de-cerclage-helios-fonctionnant-sur-batterie\/#breadcrumb"},"inLanguage":"fr-BE","potentialAction":[{"@type":"ReadAction","target":["https:\/\/www.karopack.be\/fr\/produit\/h-45l-outil-de-cerclage-helios-fonctionnant-sur-batterie\/"]}]},{"@type":"ImageObject","inLanguage":"fr-BE","@id":"https:\/\/www.karopack.be\/fr\/produit\/h-45l-outil-de-cerclage-helios-fonctionnant-sur-batterie\/#primaryimage","url":"https:\/\/www.karopack.be\/wp-content\/uploads\/2024\/01\/H45L_1.jpg","contentUrl":"https:\/\/www.karopack.be\/wp-content\/uploads\/2024\/01\/H45L_1.jpg","width":400,"height":400},{"@type":"BreadcrumbList","@id":"https:\/\/www.karopack.be\/fr\/produit\/h-45l-outil-de-cerclage-helios-fonctionnant-sur-batterie\/#breadcrumb","itemListElement":[{"@type":"ListItem","position":1,"name":"Home","item":"https:\/\/www.karopack.be\/fr\/"},{"@type":"ListItem","position":2,"name":"Shop","item":"https:\/\/www.karopack.be\/fr\/shop\/"},{"@type":"ListItem","position":3,"name":"H-45L Outil de cerclage Helios fonctionnant sur batterie"}]},{"@type":"WebSite","@id":"https:\/\/www.karopack.be\/fr\/#website","url":"https:\/\/www.karopack.be\/fr\/","name":"Karopack","description":"","publisher":{"@id":"https:\/\/www.karopack.be\/fr\/#organization"},"potentialAction":[{"@type":"SearchAction","target":{"@type":"EntryPoint","urlTemplate":"https:\/\/www.karopack.be\/fr\/?s={search_term_string}"},"query-input":{"@type":"PropertyValueSpecification","valueRequired":true,"valueName":"search_term_string"}}],"inLanguage":"fr-BE"},{"@type":"Organization","@id":"https:\/\/www.karopack.be\/fr\/#organization","name":"Karopack","url":"https:\/\/www.karopack.be\/fr\/","logo":{"@type":"ImageObject","inLanguage":"fr-BE","@id":"https:\/\/www.karopack.be\/fr\/#\/schema\/logo\/image\/","url":"https:\/\/www.karopack.be\/wp-content\/uploads\/2024\/07\/Karopack-Logo.png","contentUrl":"https:\/\/www.karopack.be\/wp-content\/uploads\/2024\/07\/Karopack-Logo.png","width":809,"height":240,"caption":"Karopack"},"image":{"@id":"https:\/\/www.karopack.be\/fr\/#\/schema\/logo\/image\/"}}]}},"_links":{"self":[{"href":"https:\/\/www.karopack.be\/fr\/wp-json\/wp\/v2\/product\/4157","targetHints":{"allow":["GET"]}}],"collection":[{"href":"https:\/\/www.karopack.be\/fr\/wp-json\/wp\/v2\/product"}],"about":[{"href":"https:\/\/www.karopack.be\/fr\/wp-json\/wp\/v2\/types\/product"}],"replies":[{"embeddable":true,"href":"https:\/\/www.karopack.be\/fr\/wp-json\/wp\/v2\/comments?post=4157"}],"wp:featuredmedia":[{"embeddable":true,"href":"https:\/\/www.karopack.be\/fr\/wp-json\/wp\/v2\/media\/3069"}],"wp:attachment":[{"href":"https:\/\/www.karopack.be\/fr\/wp-json\/wp\/v2\/media?parent=4157"}],"wp:term":[{"taxonomy":"product_brand","embeddable":true,"href":"https:\/\/www.karopack.be\/fr\/wp-json\/wp\/v2\/product_brand?post=4157"},{"taxonomy":"product_cat","embeddable":true,"href":"https:\/\/www.karopack.be\/fr\/wp-json\/wp\/v2\/product_cat?post=4157"},{"taxonomy":"product_tag","embeddable":true,"href":"https:\/\/www.karopack.be\/fr\/wp-json\/wp\/v2\/product_tag?post=4157"}],"curies":[{"name":"wp","href":"https:\/\/api.w.org\/{rel}","templated":true}]}}