{"id":4160,"date":"2024-11-25T06:28:13","date_gmt":"2024-11-25T06:28:13","guid":{"rendered":"https:\/\/www.karopack.be\/product\/derouleur-avec-support-et-equilibreur\/"},"modified":"2025-03-06T09:45:16","modified_gmt":"2025-03-06T09:45:16","slug":"derouleur-avec-support-et-equilibreur","status":"publish","type":"product","link":"https:\/\/www.karopack.be\/fr\/produit\/derouleur-avec-support-et-equilibreur\/","title":{"rendered":"2800 D\u00e9rouleur avec support et \u00e9quilibreur"},"content":{"rendered":"<ul>\n<li>Con\u00e7u pour supporter le poids de l&rsquo;outil jusqu&rsquo;\u00e0 15 kg maximum.<\/li>\n<li>Convient aux rouleaux de feuillard en plastique et en acier avec une \u00e2me int\u00e9rieure de 200 mm (8&Prime;) ou 400 mm (16&Prime;).<\/li>\n<li>Chargez le rouleau de ruban de cerclage en maintenant le d\u00e9vidoir en position verticale.<\/li>\n<li>Grand plateau \u00e0 outils 450 x 220 x 130 mm.<\/li>\n<li>Une broche de rangement derri\u00e8re le plateau \u00e0 outils pour les accessoires du magasin tels que les stylos, les r\u00e8gles, les couteaux, l&rsquo;enrouleur, etc.<\/li>\n<li>Porte-canne en tresse inclus.<\/li>\n<li>Roues avec frein.<\/li>\n<li>Une barre de suspension au-dessus du plateau \u00e0 outils pour ranger les rouleaux d&rsquo;\u00e9tiquettes ou de ruban adh\u00e9sif.<\/li>\n<li>Taille du distributeur : Max. 120 x 55 x 220cm. 42 kg.<\/li>\n<\/ul>\n","protected":false},"excerpt":{"rendered":"<p>Accroche et maintient l&rsquo;outil pour minimiser l&rsquo;effort de l&rsquo;op\u00e9rateur pendant l&rsquo;utilisation de l&rsquo;outil.<\/p>\n","protected":false},"featured_media":3919,"comment_status":"open","ping_status":"closed","template":"","meta":[],"product_brand":[],"product_cat":[127,109],"product_tag":[],"class_list":{"0":"post-4160","1":"product","2":"type-product","3":"status-publish","4":"has-post-thumbnail","6":"product_cat-cercleuses-manuelles","7":"product_cat-machines-a-cercler","9":"first","10":"instock","11":"shipping-taxable","12":"product-type-simple"},"yoast_head":"<!-- This site is optimized with the Yoast SEO plugin v26.9 - https:\/\/yoast.com\/product\/yoast-seo-wordpress\/ -->\n<title>2800 D\u00e9rouleur avec support et \u00e9quilibreur - Karopack<\/title>\n<meta name=\"robots\" content=\"index, follow, max-snippet:-1, max-image-preview:large, max-video-preview:-1\" \/>\n<link rel=\"canonical\" href=\"https:\/\/www.karopack.be\/fr\/produit\/derouleur-avec-support-et-equilibreur\/\" \/>\n<meta property=\"og:locale\" content=\"fr_FR\" \/>\n<meta property=\"og:type\" content=\"article\" \/>\n<meta property=\"og:title\" content=\"2800 D\u00e9rouleur avec support et \u00e9quilibreur - Karopack\" \/>\n<meta property=\"og:description\" content=\"Accroche et maintient l&#039;outil pour minimiser l&#039;effort de l&#039;op\u00e9rateur pendant l&#039;utilisation de l&#039;outil.\" \/>\n<meta property=\"og:url\" content=\"https:\/\/www.karopack.be\/fr\/produit\/derouleur-avec-support-et-equilibreur\/\" \/>\n<meta property=\"og:site_name\" content=\"Karopack\" \/>\n<meta property=\"article:modified_time\" content=\"2025-03-06T09:45:16+00:00\" \/>\n<meta property=\"og:image\" content=\"https:\/\/www.karopack.be\/wp-content\/uploads\/2024\/11\/Afroller-met-steun-en-balancer-1.jpg\" \/>\n\t<meta property=\"og:image:width\" content=\"595\" \/>\n\t<meta property=\"og:image:height\" content=\"800\" \/>\n\t<meta property=\"og:image:type\" content=\"image\/jpeg\" \/>\n<meta name=\"twitter:card\" content=\"summary_large_image\" \/>\n<meta name=\"twitter:label1\" content=\"Dur\u00e9e de lecture est.\" \/>\n\t<meta name=\"twitter:data1\" content=\"1 minute\" \/>\n<script type=\"application\/ld+json\" class=\"yoast-schema-graph\">{\"@context\":\"https:\/\/schema.org\",\"@graph\":[{\"@type\":\"WebPage\",\"@id\":\"https:\/\/www.karopack.be\/fr\/produit\/derouleur-avec-support-et-equilibreur\/\",\"url\":\"https:\/\/www.karopack.be\/fr\/produit\/derouleur-avec-support-et-equilibreur\/\",\"name\":\"2800 D\u00e9rouleur avec support et \u00e9quilibreur - Karopack\",\"isPartOf\":{\"@id\":\"https:\/\/www.karopack.be\/fr\/#website\"},\"primaryImageOfPage\":{\"@id\":\"https:\/\/www.karopack.be\/fr\/produit\/derouleur-avec-support-et-equilibreur\/#primaryimage\"},\"image\":{\"@id\":\"https:\/\/www.karopack.be\/fr\/produit\/derouleur-avec-support-et-equilibreur\/#primaryimage\"},\"thumbnailUrl\":\"https:\/\/www.karopack.be\/wp-content\/uploads\/2024\/11\/Afroller-met-steun-en-balancer-1.jpg\",\"datePublished\":\"2024-11-25T06:28:13+00:00\",\"dateModified\":\"2025-03-06T09:45:16+00:00\",\"breadcrumb\":{\"@id\":\"https:\/\/www.karopack.be\/fr\/produit\/derouleur-avec-support-et-equilibreur\/#breadcrumb\"},\"inLanguage\":\"fr-BE\",\"potentialAction\":[{\"@type\":\"ReadAction\",\"target\":[\"https:\/\/www.karopack.be\/fr\/produit\/derouleur-avec-support-et-equilibreur\/\"]}]},{\"@type\":\"ImageObject\",\"inLanguage\":\"fr-BE\",\"@id\":\"https:\/\/www.karopack.be\/fr\/produit\/derouleur-avec-support-et-equilibreur\/#primaryimage\",\"url\":\"https:\/\/www.karopack.be\/wp-content\/uploads\/2024\/11\/Afroller-met-steun-en-balancer-1.jpg\",\"contentUrl\":\"https:\/\/www.karopack.be\/wp-content\/uploads\/2024\/11\/Afroller-met-steun-en-balancer-1.jpg\",\"width\":595,\"height\":800},{\"@type\":\"BreadcrumbList\",\"@id\":\"https:\/\/www.karopack.be\/fr\/produit\/derouleur-avec-support-et-equilibreur\/#breadcrumb\",\"itemListElement\":[{\"@type\":\"ListItem\",\"position\":1,\"name\":\"Home\",\"item\":\"https:\/\/www.karopack.be\/fr\/\"},{\"@type\":\"ListItem\",\"position\":2,\"name\":\"Shop\",\"item\":\"https:\/\/www.karopack.be\/fr\/shop\/\"},{\"@type\":\"ListItem\",\"position\":3,\"name\":\"2800 D\u00e9rouleur avec support et \u00e9quilibreur\"}]},{\"@type\":\"WebSite\",\"@id\":\"https:\/\/www.karopack.be\/fr\/#website\",\"url\":\"https:\/\/www.karopack.be\/fr\/\",\"name\":\"Karopack\",\"description\":\"\",\"publisher\":{\"@id\":\"https:\/\/www.karopack.be\/fr\/#organization\"},\"potentialAction\":[{\"@type\":\"SearchAction\",\"target\":{\"@type\":\"EntryPoint\",\"urlTemplate\":\"https:\/\/www.karopack.be\/fr\/?s={search_term_string}\"},\"query-input\":{\"@type\":\"PropertyValueSpecification\",\"valueRequired\":true,\"valueName\":\"search_term_string\"}}],\"inLanguage\":\"fr-BE\"},{\"@type\":\"Organization\",\"@id\":\"https:\/\/www.karopack.be\/fr\/#organization\",\"name\":\"Karopack\",\"url\":\"https:\/\/www.karopack.be\/fr\/\",\"logo\":{\"@type\":\"ImageObject\",\"inLanguage\":\"fr-BE\",\"@id\":\"https:\/\/www.karopack.be\/fr\/#\/schema\/logo\/image\/\",\"url\":\"https:\/\/www.karopack.be\/wp-content\/uploads\/2024\/07\/Karopack-Logo.png\",\"contentUrl\":\"https:\/\/www.karopack.be\/wp-content\/uploads\/2024\/07\/Karopack-Logo.png\",\"width\":809,\"height\":240,\"caption\":\"Karopack\"},\"image\":{\"@id\":\"https:\/\/www.karopack.be\/fr\/#\/schema\/logo\/image\/\"}}]}<\/script>\n<!-- \/ Yoast SEO plugin. -->","yoast_head_json":{"title":"2800 D\u00e9rouleur avec support et \u00e9quilibreur - Karopack","robots":{"index":"index","follow":"follow","max-snippet":"max-snippet:-1","max-image-preview":"max-image-preview:large","max-video-preview":"max-video-preview:-1"},"canonical":"https:\/\/www.karopack.be\/fr\/produit\/derouleur-avec-support-et-equilibreur\/","og_locale":"fr_FR","og_type":"article","og_title":"2800 D\u00e9rouleur avec support et \u00e9quilibreur - Karopack","og_description":"Accroche et maintient l'outil pour minimiser l'effort de l'op\u00e9rateur pendant l'utilisation de l'outil.","og_url":"https:\/\/www.karopack.be\/fr\/produit\/derouleur-avec-support-et-equilibreur\/","og_site_name":"Karopack","article_modified_time":"2025-03-06T09:45:16+00:00","og_image":[{"width":595,"height":800,"url":"https:\/\/www.karopack.be\/wp-content\/uploads\/2024\/11\/Afroller-met-steun-en-balancer-1.jpg","type":"image\/jpeg"}],"twitter_card":"summary_large_image","twitter_misc":{"Dur\u00e9e de lecture est.":"1 minute"},"schema":{"@context":"https:\/\/schema.org","@graph":[{"@type":"WebPage","@id":"https:\/\/www.karopack.be\/fr\/produit\/derouleur-avec-support-et-equilibreur\/","url":"https:\/\/www.karopack.be\/fr\/produit\/derouleur-avec-support-et-equilibreur\/","name":"2800 D\u00e9rouleur avec support et \u00e9quilibreur - Karopack","isPartOf":{"@id":"https:\/\/www.karopack.be\/fr\/#website"},"primaryImageOfPage":{"@id":"https:\/\/www.karopack.be\/fr\/produit\/derouleur-avec-support-et-equilibreur\/#primaryimage"},"image":{"@id":"https:\/\/www.karopack.be\/fr\/produit\/derouleur-avec-support-et-equilibreur\/#primaryimage"},"thumbnailUrl":"https:\/\/www.karopack.be\/wp-content\/uploads\/2024\/11\/Afroller-met-steun-en-balancer-1.jpg","datePublished":"2024-11-25T06:28:13+00:00","dateModified":"2025-03-06T09:45:16+00:00","breadcrumb":{"@id":"https:\/\/www.karopack.be\/fr\/produit\/derouleur-avec-support-et-equilibreur\/#breadcrumb"},"inLanguage":"fr-BE","potentialAction":[{"@type":"ReadAction","target":["https:\/\/www.karopack.be\/fr\/produit\/derouleur-avec-support-et-equilibreur\/"]}]},{"@type":"ImageObject","inLanguage":"fr-BE","@id":"https:\/\/www.karopack.be\/fr\/produit\/derouleur-avec-support-et-equilibreur\/#primaryimage","url":"https:\/\/www.karopack.be\/wp-content\/uploads\/2024\/11\/Afroller-met-steun-en-balancer-1.jpg","contentUrl":"https:\/\/www.karopack.be\/wp-content\/uploads\/2024\/11\/Afroller-met-steun-en-balancer-1.jpg","width":595,"height":800},{"@type":"BreadcrumbList","@id":"https:\/\/www.karopack.be\/fr\/produit\/derouleur-avec-support-et-equilibreur\/#breadcrumb","itemListElement":[{"@type":"ListItem","position":1,"name":"Home","item":"https:\/\/www.karopack.be\/fr\/"},{"@type":"ListItem","position":2,"name":"Shop","item":"https:\/\/www.karopack.be\/fr\/shop\/"},{"@type":"ListItem","position":3,"name":"2800 D\u00e9rouleur avec support et \u00e9quilibreur"}]},{"@type":"WebSite","@id":"https:\/\/www.karopack.be\/fr\/#website","url":"https:\/\/www.karopack.be\/fr\/","name":"Karopack","description":"","publisher":{"@id":"https:\/\/www.karopack.be\/fr\/#organization"},"potentialAction":[{"@type":"SearchAction","target":{"@type":"EntryPoint","urlTemplate":"https:\/\/www.karopack.be\/fr\/?s={search_term_string}"},"query-input":{"@type":"PropertyValueSpecification","valueRequired":true,"valueName":"search_term_string"}}],"inLanguage":"fr-BE"},{"@type":"Organization","@id":"https:\/\/www.karopack.be\/fr\/#organization","name":"Karopack","url":"https:\/\/www.karopack.be\/fr\/","logo":{"@type":"ImageObject","inLanguage":"fr-BE","@id":"https:\/\/www.karopack.be\/fr\/#\/schema\/logo\/image\/","url":"https:\/\/www.karopack.be\/wp-content\/uploads\/2024\/07\/Karopack-Logo.png","contentUrl":"https:\/\/www.karopack.be\/wp-content\/uploads\/2024\/07\/Karopack-Logo.png","width":809,"height":240,"caption":"Karopack"},"image":{"@id":"https:\/\/www.karopack.be\/fr\/#\/schema\/logo\/image\/"}}]}},"_links":{"self":[{"href":"https:\/\/www.karopack.be\/fr\/wp-json\/wp\/v2\/product\/4160","targetHints":{"allow":["GET"]}}],"collection":[{"href":"https:\/\/www.karopack.be\/fr\/wp-json\/wp\/v2\/product"}],"about":[{"href":"https:\/\/www.karopack.be\/fr\/wp-json\/wp\/v2\/types\/product"}],"replies":[{"embeddable":true,"href":"https:\/\/www.karopack.be\/fr\/wp-json\/wp\/v2\/comments?post=4160"}],"wp:featuredmedia":[{"embeddable":true,"href":"https:\/\/www.karopack.be\/fr\/wp-json\/wp\/v2\/media\/3919"}],"wp:attachment":[{"href":"https:\/\/www.karopack.be\/fr\/wp-json\/wp\/v2\/media?parent=4160"}],"wp:term":[{"taxonomy":"product_brand","embeddable":true,"href":"https:\/\/www.karopack.be\/fr\/wp-json\/wp\/v2\/product_brand?post=4160"},{"taxonomy":"product_cat","embeddable":true,"href":"https:\/\/www.karopack.be\/fr\/wp-json\/wp\/v2\/product_cat?post=4160"},{"taxonomy":"product_tag","embeddable":true,"href":"https:\/\/www.karopack.be\/fr\/wp-json\/wp\/v2\/product_tag?post=4160"}],"curies":[{"name":"wp","href":"https:\/\/api.w.org\/{rel}","templated":true}]}}