{"id":4161,"date":"2024-11-25T06:07:35","date_gmt":"2024-11-25T06:07:35","guid":{"rendered":"https:\/\/www.karopack.be\/product\/sac-de-voyage-re2210\/"},"modified":"2024-11-25T06:07:35","modified_gmt":"2024-11-25T06:07:35","slug":"sac-de-voyage-re2210","status":"publish","type":"product","link":"https:\/\/www.karopack.be\/fr\/produit\/sac-de-voyage-re2210\/","title":{"rendered":"Sac de voyage RE2210"},"content":{"rendered":"<ul>\n<li>Tension requise : 220 V \/ 380 V &#8211; 50 \/ 60 Hz &#8211; 3 phases<\/li>\n<li>Consommation : 4 Kw<\/li>\n<li>Production estim\u00e9e : 50 palettes\/heure<\/li>\n<li>Dimensions de la machine : 1710 x 4640 x 3600 mm<\/li>\n<li>Largeur du pneu : 8 &#8211; 12 &#8211; 15,5 mm<\/li>\n<li>Largeur de la sangle : 0,6 &#8211; 0,85 mm<\/li>\n<li>Plage de tension : 1 &#8211; 150 kg<\/li>\n<li>Type de bande : Polypropyl\u00e8ne<\/li>\n<li>Soudage : Par r\u00e9sistance \u00e9lectrique. Temp\u00e9rature de soudage et temps de refroidissement r\u00e9glables. <\/li>\n<\/ul>\n","protected":false},"excerpt":{"rendered":"<p>En termes de technologie, cette machine est similaire aux <strong>Reisopack2100<\/strong> et <strong>Reisopack2200<\/strong>. Toutefois, cette cercleuse <strong>Reisopack 2210<\/strong> dispose d&rsquo;un presseur sup\u00e9rieur qui comprime les produits avec une force de 1 600 kg, puis les cerclent et les fusionnent \u00e0 une vitesse fulgurante. Id\u00e9ale pour compacter les produits en carton. Comme ses deux fr\u00e8res, la cercleuse peut \u00eatre plac\u00e9e dans une ligne de production enti\u00e8rement automatis\u00e9e.<\/p>\n","protected":false},"featured_media":3899,"comment_status":"open","ping_status":"closed","template":"","meta":[],"product_brand":[],"product_cat":[113,91,109,110],"product_tag":[],"class_list":{"0":"post-4161","1":"product","2":"type-product","3":"status-publish","4":"has-post-thumbnail","6":"product_cat-cercleuses-verticales","7":"product_cat-fabricants","8":"product_cat-machines-a-cercler","9":"product_cat-reisopack-fr","11":"first","12":"instock","13":"shipping-taxable","14":"product-type-simple"},"yoast_head":"<!-- This site is optimized with the Yoast SEO plugin v26.9 - https:\/\/yoast.com\/product\/yoast-seo-wordpress\/ -->\n<title>Sac de voyage RE2210 - Karopack<\/title>\n<meta name=\"robots\" content=\"index, follow, max-snippet:-1, max-image-preview:large, max-video-preview:-1\" \/>\n<link rel=\"canonical\" href=\"https:\/\/www.karopack.be\/fr\/produit\/sac-de-voyage-re2210\/\" \/>\n<meta property=\"og:locale\" content=\"fr_FR\" \/>\n<meta property=\"og:type\" content=\"article\" \/>\n<meta property=\"og:title\" content=\"Sac de voyage RE2210 - Karopack\" \/>\n<meta property=\"og:description\" content=\"En termes de technologie, cette machine est similaire aux Reisopack2100 et Reisopack2200. Toutefois, cette cercleuse Reisopack 2210 dispose d&#039;un presseur sup\u00e9rieur qui comprime les produits avec une force de 1 600 kg, puis les cerclent et les fusionnent \u00e0 une vitesse fulgurante. Id\u00e9ale pour compacter les produits en carton. Comme ses deux fr\u00e8res, la cercleuse peut \u00eatre plac\u00e9e dans une ligne de production enti\u00e8rement automatis\u00e9e.\" \/>\n<meta property=\"og:url\" content=\"https:\/\/www.karopack.be\/fr\/produit\/sac-de-voyage-re2210\/\" \/>\n<meta property=\"og:site_name\" content=\"Karopack\" \/>\n<meta property=\"og:image\" content=\"https:\/\/www.karopack.be\/wp-content\/uploads\/2024\/11\/Reispack-RE2210-1.jpg\" \/>\n\t<meta property=\"og:image:width\" content=\"657\" \/>\n\t<meta property=\"og:image:height\" content=\"273\" \/>\n\t<meta property=\"og:image:type\" content=\"image\/jpeg\" \/>\n<meta name=\"twitter:card\" content=\"summary_large_image\" \/>\n<script type=\"application\/ld+json\" class=\"yoast-schema-graph\">{\"@context\":\"https:\/\/schema.org\",\"@graph\":[{\"@type\":\"WebPage\",\"@id\":\"https:\/\/www.karopack.be\/fr\/produit\/sac-de-voyage-re2210\/\",\"url\":\"https:\/\/www.karopack.be\/fr\/produit\/sac-de-voyage-re2210\/\",\"name\":\"Sac de voyage RE2210 - Karopack\",\"isPartOf\":{\"@id\":\"https:\/\/www.karopack.be\/fr\/#website\"},\"primaryImageOfPage\":{\"@id\":\"https:\/\/www.karopack.be\/fr\/produit\/sac-de-voyage-re2210\/#primaryimage\"},\"image\":{\"@id\":\"https:\/\/www.karopack.be\/fr\/produit\/sac-de-voyage-re2210\/#primaryimage\"},\"thumbnailUrl\":\"https:\/\/www.karopack.be\/wp-content\/uploads\/2024\/11\/Reispack-RE2210-1.jpg\",\"datePublished\":\"2024-11-25T06:07:35+00:00\",\"breadcrumb\":{\"@id\":\"https:\/\/www.karopack.be\/fr\/produit\/sac-de-voyage-re2210\/#breadcrumb\"},\"inLanguage\":\"fr-BE\",\"potentialAction\":[{\"@type\":\"ReadAction\",\"target\":[\"https:\/\/www.karopack.be\/fr\/produit\/sac-de-voyage-re2210\/\"]}]},{\"@type\":\"ImageObject\",\"inLanguage\":\"fr-BE\",\"@id\":\"https:\/\/www.karopack.be\/fr\/produit\/sac-de-voyage-re2210\/#primaryimage\",\"url\":\"https:\/\/www.karopack.be\/wp-content\/uploads\/2024\/11\/Reispack-RE2210-1.jpg\",\"contentUrl\":\"https:\/\/www.karopack.be\/wp-content\/uploads\/2024\/11\/Reispack-RE2210-1.jpg\",\"width\":657,\"height\":273},{\"@type\":\"BreadcrumbList\",\"@id\":\"https:\/\/www.karopack.be\/fr\/produit\/sac-de-voyage-re2210\/#breadcrumb\",\"itemListElement\":[{\"@type\":\"ListItem\",\"position\":1,\"name\":\"Home\",\"item\":\"https:\/\/www.karopack.be\/fr\/\"},{\"@type\":\"ListItem\",\"position\":2,\"name\":\"Shop\",\"item\":\"https:\/\/www.karopack.be\/fr\/shop\/\"},{\"@type\":\"ListItem\",\"position\":3,\"name\":\"Sac de voyage RE2210\"}]},{\"@type\":\"WebSite\",\"@id\":\"https:\/\/www.karopack.be\/fr\/#website\",\"url\":\"https:\/\/www.karopack.be\/fr\/\",\"name\":\"Karopack\",\"description\":\"\",\"publisher\":{\"@id\":\"https:\/\/www.karopack.be\/fr\/#organization\"},\"potentialAction\":[{\"@type\":\"SearchAction\",\"target\":{\"@type\":\"EntryPoint\",\"urlTemplate\":\"https:\/\/www.karopack.be\/fr\/?s={search_term_string}\"},\"query-input\":{\"@type\":\"PropertyValueSpecification\",\"valueRequired\":true,\"valueName\":\"search_term_string\"}}],\"inLanguage\":\"fr-BE\"},{\"@type\":\"Organization\",\"@id\":\"https:\/\/www.karopack.be\/fr\/#organization\",\"name\":\"Karopack\",\"url\":\"https:\/\/www.karopack.be\/fr\/\",\"logo\":{\"@type\":\"ImageObject\",\"inLanguage\":\"fr-BE\",\"@id\":\"https:\/\/www.karopack.be\/fr\/#\/schema\/logo\/image\/\",\"url\":\"https:\/\/www.karopack.be\/wp-content\/uploads\/2024\/07\/Karopack-Logo.png\",\"contentUrl\":\"https:\/\/www.karopack.be\/wp-content\/uploads\/2024\/07\/Karopack-Logo.png\",\"width\":809,\"height\":240,\"caption\":\"Karopack\"},\"image\":{\"@id\":\"https:\/\/www.karopack.be\/fr\/#\/schema\/logo\/image\/\"}}]}<\/script>\n<!-- \/ Yoast SEO plugin. -->","yoast_head_json":{"title":"Sac de voyage RE2210 - Karopack","robots":{"index":"index","follow":"follow","max-snippet":"max-snippet:-1","max-image-preview":"max-image-preview:large","max-video-preview":"max-video-preview:-1"},"canonical":"https:\/\/www.karopack.be\/fr\/produit\/sac-de-voyage-re2210\/","og_locale":"fr_FR","og_type":"article","og_title":"Sac de voyage RE2210 - Karopack","og_description":"En termes de technologie, cette machine est similaire aux Reisopack2100 et Reisopack2200. Toutefois, cette cercleuse Reisopack 2210 dispose d'un presseur sup\u00e9rieur qui comprime les produits avec une force de 1 600 kg, puis les cerclent et les fusionnent \u00e0 une vitesse fulgurante. Id\u00e9ale pour compacter les produits en carton. Comme ses deux fr\u00e8res, la cercleuse peut \u00eatre plac\u00e9e dans une ligne de production enti\u00e8rement automatis\u00e9e.","og_url":"https:\/\/www.karopack.be\/fr\/produit\/sac-de-voyage-re2210\/","og_site_name":"Karopack","og_image":[{"width":657,"height":273,"url":"https:\/\/www.karopack.be\/wp-content\/uploads\/2024\/11\/Reispack-RE2210-1.jpg","type":"image\/jpeg"}],"twitter_card":"summary_large_image","schema":{"@context":"https:\/\/schema.org","@graph":[{"@type":"WebPage","@id":"https:\/\/www.karopack.be\/fr\/produit\/sac-de-voyage-re2210\/","url":"https:\/\/www.karopack.be\/fr\/produit\/sac-de-voyage-re2210\/","name":"Sac de voyage RE2210 - Karopack","isPartOf":{"@id":"https:\/\/www.karopack.be\/fr\/#website"},"primaryImageOfPage":{"@id":"https:\/\/www.karopack.be\/fr\/produit\/sac-de-voyage-re2210\/#primaryimage"},"image":{"@id":"https:\/\/www.karopack.be\/fr\/produit\/sac-de-voyage-re2210\/#primaryimage"},"thumbnailUrl":"https:\/\/www.karopack.be\/wp-content\/uploads\/2024\/11\/Reispack-RE2210-1.jpg","datePublished":"2024-11-25T06:07:35+00:00","breadcrumb":{"@id":"https:\/\/www.karopack.be\/fr\/produit\/sac-de-voyage-re2210\/#breadcrumb"},"inLanguage":"fr-BE","potentialAction":[{"@type":"ReadAction","target":["https:\/\/www.karopack.be\/fr\/produit\/sac-de-voyage-re2210\/"]}]},{"@type":"ImageObject","inLanguage":"fr-BE","@id":"https:\/\/www.karopack.be\/fr\/produit\/sac-de-voyage-re2210\/#primaryimage","url":"https:\/\/www.karopack.be\/wp-content\/uploads\/2024\/11\/Reispack-RE2210-1.jpg","contentUrl":"https:\/\/www.karopack.be\/wp-content\/uploads\/2024\/11\/Reispack-RE2210-1.jpg","width":657,"height":273},{"@type":"BreadcrumbList","@id":"https:\/\/www.karopack.be\/fr\/produit\/sac-de-voyage-re2210\/#breadcrumb","itemListElement":[{"@type":"ListItem","position":1,"name":"Home","item":"https:\/\/www.karopack.be\/fr\/"},{"@type":"ListItem","position":2,"name":"Shop","item":"https:\/\/www.karopack.be\/fr\/shop\/"},{"@type":"ListItem","position":3,"name":"Sac de voyage RE2210"}]},{"@type":"WebSite","@id":"https:\/\/www.karopack.be\/fr\/#website","url":"https:\/\/www.karopack.be\/fr\/","name":"Karopack","description":"","publisher":{"@id":"https:\/\/www.karopack.be\/fr\/#organization"},"potentialAction":[{"@type":"SearchAction","target":{"@type":"EntryPoint","urlTemplate":"https:\/\/www.karopack.be\/fr\/?s={search_term_string}"},"query-input":{"@type":"PropertyValueSpecification","valueRequired":true,"valueName":"search_term_string"}}],"inLanguage":"fr-BE"},{"@type":"Organization","@id":"https:\/\/www.karopack.be\/fr\/#organization","name":"Karopack","url":"https:\/\/www.karopack.be\/fr\/","logo":{"@type":"ImageObject","inLanguage":"fr-BE","@id":"https:\/\/www.karopack.be\/fr\/#\/schema\/logo\/image\/","url":"https:\/\/www.karopack.be\/wp-content\/uploads\/2024\/07\/Karopack-Logo.png","contentUrl":"https:\/\/www.karopack.be\/wp-content\/uploads\/2024\/07\/Karopack-Logo.png","width":809,"height":240,"caption":"Karopack"},"image":{"@id":"https:\/\/www.karopack.be\/fr\/#\/schema\/logo\/image\/"}}]}},"_links":{"self":[{"href":"https:\/\/www.karopack.be\/fr\/wp-json\/wp\/v2\/product\/4161","targetHints":{"allow":["GET"]}}],"collection":[{"href":"https:\/\/www.karopack.be\/fr\/wp-json\/wp\/v2\/product"}],"about":[{"href":"https:\/\/www.karopack.be\/fr\/wp-json\/wp\/v2\/types\/product"}],"replies":[{"embeddable":true,"href":"https:\/\/www.karopack.be\/fr\/wp-json\/wp\/v2\/comments?post=4161"}],"wp:featuredmedia":[{"embeddable":true,"href":"https:\/\/www.karopack.be\/fr\/wp-json\/wp\/v2\/media\/3899"}],"wp:attachment":[{"href":"https:\/\/www.karopack.be\/fr\/wp-json\/wp\/v2\/media?parent=4161"}],"wp:term":[{"taxonomy":"product_brand","embeddable":true,"href":"https:\/\/www.karopack.be\/fr\/wp-json\/wp\/v2\/product_brand?post=4161"},{"taxonomy":"product_cat","embeddable":true,"href":"https:\/\/www.karopack.be\/fr\/wp-json\/wp\/v2\/product_cat?post=4161"},{"taxonomy":"product_tag","embeddable":true,"href":"https:\/\/www.karopack.be\/fr\/wp-json\/wp\/v2\/product_tag?post=4161"}],"curies":[{"name":"wp","href":"https:\/\/api.w.org\/{rel}","templated":true}]}}