{"id":4164,"date":"2024-11-25T06:25:31","date_gmt":"2024-11-25T06:25:31","guid":{"rendered":"https:\/\/www.karopack.be\/product\/machine-a-cercler-les-batteries-h-46\/"},"modified":"2024-11-25T06:25:31","modified_gmt":"2024-11-25T06:25:31","slug":"machine-a-cercler-les-batteries-h-46","status":"publish","type":"product","link":"https:\/\/www.karopack.be\/fr\/produit\/machine-a-cercler-les-batteries-h-46\/","title":{"rendered":"Machine \u00e0 cercler les batteries H-46"},"content":{"rendered":"<h4><u>Caract\u00e9ristiques :<\/u><\/h4>\n<ul>\n<li>Fonctionnement simple<\/li>\n<li>\u00c9cran tactile num\u00e9rique<\/li>\n<li>Large gamme de force de serrage<\/li>\n<li>Joint \u00e0 friction<\/li>\n<li>Batterie et chargeur Bosch<\/li>\n<li>Aucun ajustement n&rsquo;est n\u00e9cessaire pour les diff\u00e9rentes \u00e9paisseurs de pneus<\/li>\n<li>Technologie de moteur sans balais<\/li>\n<li>Bo\u00eetier robuste<\/li>\n<li>\u00c9quilibre parfait et conception ergonomique<\/li>\n<li>Mode \u00e9conomie d&rsquo;\u00e9nergie<\/li>\n<\/ul>\n<h4><u>Options :<\/u><\/h4>\n<ul>\n<li>Support de suspension<\/li>\n<li>Pied inf\u00e9rieur avec plaque de protection<\/li>\n<li>Couvercle pour l&rsquo;interrupteur de tension et d&rsquo;\u00e9tanch\u00e9it\u00e9 pour \u00e9viter la poussi\u00e8re<\/li>\n<\/ul>\n<h4 class=\"u-text u-text-default u-text-4\"><u>Caract\u00e9ristiques techniques :<\/u><\/h4>\n<table class=\"u-table-entity\">\n<tbody class=\"u-table-body\">\n<tr>\n<td class=\"u-border-1 u-border-grey-dark-1 u-table-cell\">Sp\u00e9cification du num\u00e9ro de mod\u00e8le<\/td>\n<td class=\"u-border-1 u-border-grey-dark-1 u-table-cell\">\nH-46A L\u00e9ger et universel<\/td>\n<td class=\"u-border-1 u-border-grey-dark-1 u-table-cell\">\nH-46B Applicable dans l&rsquo;industrie lourde<\/td>\n<\/tr>\n<tr>\n<td class=\"u-border-1 u-border-grey-dark-1 u-table-cell\">Plage de force de tension<\/td>\n<td class=\"u-border-1 u-border-grey-dark-1 u-table-cell\">40 &#8211; 250 kg<\/td>\n<td class=\"u-border-1 u-border-grey-dark-1 u-table-cell\">40 &#8211; 400 kg<\/td>\n<\/tr>\n<tr>\n<td class=\"u-border-1 u-border-grey-dark-1 u-table-cell\">Largeur du pneu<\/td>\n<td class=\"u-border-1 u-border-grey-dark-1 u-table-cell\">\n11 mm &#8211; 13 mm 15 mm &#8211; 16 mm<\/td>\n<td class=\"u-border-1 u-border-grey-dark-1 u-table-cell\">\n15 mm &#8211; 16 mm 19 mm<\/td>\n<\/tr>\n<tr>\n<td class=\"u-border-1 u-border-grey-dark-1 u-table-cell\">\u00c9paisseur de la bande<\/td>\n<td class=\"u-border-1 u-border-grey-dark-1 u-table-cell\">\nPP : 0,6 &#8211; 1,05 mm PET : 0,50 &#8211; 1,05 mm<\/td>\n<td class=\"u-border-1 u-border-grey-dark-1 u-table-cell\">\nPP : 0,75 &#8211; 1,30 mm PET : 0,60 &#8211; 1,30 mm<\/td>\n<\/tr>\n<tr>\n<td class=\"u-border-1 u-border-grey-dark-1 u-table-cell\">Poids (batterie incluse)<\/td>\n<td class=\"u-border-1 u-border-grey-dark-1 u-table-cell\">4,3 kg<\/td>\n<td class=\"u-border-1 u-border-grey-dark-1 u-table-cell\">4,4 kg<\/td>\n<\/tr>\n<tr>\n<td class=\"u-border-1 u-border-grey-dark-1 u-table-cell\">Batterie<\/td>\n<td class=\"u-border-1 u-border-grey-dark-1 u-table-cell\">Bosch Li-Ion, 4.0Ah<\/td>\n<td class=\"u-border-1 u-border-grey-dark-1 u-table-cell\">Bosch Li-Ion, 4.0Ah<\/td>\n<\/tr>\n<tr>\n<td class=\"u-border-1 u-border-grey-dark-1 u-table-cell\">Chargeur de batterie<\/td>\n<td class=\"u-border-1 u-border-grey-dark-1 u-table-cell\">\nBosch 115V (110V-120V), 230V (220V-240V) 50\/60Hz 1PH<\/td>\n<td class=\"u-border-1 u-border-grey-dark-1 u-table-cell\">\nBosch 115V (110V-120V), 230V (220V-240V) 50\/60Hz 1PH<\/td>\n<\/tr>\n<\/tbody>\n<\/table>\n<div><\/div>\n<div class=\"u-table u-table-responsive u-table-1\"><strong><a href=\"https:\/\/www.karopack.be\/wp-content\/uploads\/2024\/11\/H46_Tool.pdf\" target=\"_blank\" rel=\"noopener\">Brochure<\/a><\/strong><\/div>\n","protected":false},"excerpt":{"rendered":"<p>Kronos H-46 est une cercleuse de classe mondiale aliment\u00e9e par batterie. Avec des r\u00e9glages flexibles, une large plage de tension et la capacit\u00e9 de traiter des cerclages en PP et en PET, la Kronos H-46 est id\u00e9ale pour une large gamme d&rsquo;applications dans toutes les industries et tous les secteurs. La Kronos H-46 offre une productivit\u00e9 et des performances maximales pour r\u00e9pondre aux besoins des clients en mati\u00e8re d&#8217;emballage.<\/p>\n","protected":false},"featured_media":3911,"comment_status":"open","ping_status":"closed","template":"","meta":[],"product_brand":[],"product_cat":[127,109],"product_tag":[],"class_list":{"0":"post-4164","1":"product","2":"type-product","3":"status-publish","4":"has-post-thumbnail","6":"product_cat-cercleuses-manuelles","7":"product_cat-machines-a-cercler","9":"first","10":"instock","11":"shipping-taxable","12":"product-type-simple"},"yoast_head":"<!-- This site is optimized with the Yoast SEO plugin v26.9 - https:\/\/yoast.com\/product\/yoast-seo-wordpress\/ -->\n<title>Machine \u00e0 cercler les batteries H-46 - Karopack<\/title>\n<meta name=\"robots\" content=\"index, follow, max-snippet:-1, max-image-preview:large, max-video-preview:-1\" \/>\n<link rel=\"canonical\" href=\"https:\/\/www.karopack.be\/fr\/produit\/machine-a-cercler-les-batteries-h-46\/\" \/>\n<meta property=\"og:locale\" content=\"fr_FR\" \/>\n<meta property=\"og:type\" content=\"article\" \/>\n<meta property=\"og:title\" content=\"Machine \u00e0 cercler les batteries H-46 - Karopack\" \/>\n<meta property=\"og:description\" content=\"Kronos H-46 est une cercleuse de classe mondiale aliment\u00e9e par batterie. Avec des r\u00e9glages flexibles, une large plage de tension et la capacit\u00e9 de traiter des cerclages en PP et en PET, la Kronos H-46 est id\u00e9ale pour une large gamme d&#039;applications dans toutes les industries et tous les secteurs. La Kronos H-46 offre une productivit\u00e9 et des performances maximales pour r\u00e9pondre aux besoins des clients en mati\u00e8re d&#039;emballage.\" \/>\n<meta property=\"og:url\" content=\"https:\/\/www.karopack.be\/fr\/produit\/machine-a-cercler-les-batteries-h-46\/\" \/>\n<meta property=\"og:site_name\" content=\"Karopack\" \/>\n<meta property=\"og:image\" content=\"https:\/\/www.karopack.be\/wp-content\/uploads\/2024\/11\/h-46-kronos-battery-powered-strapping-tool.jpg\" \/>\n\t<meta property=\"og:image:width\" content=\"1000\" \/>\n\t<meta property=\"og:image:height\" content=\"722\" \/>\n\t<meta property=\"og:image:type\" content=\"image\/jpeg\" \/>\n<meta name=\"twitter:card\" content=\"summary_large_image\" \/>\n<meta name=\"twitter:label1\" content=\"Dur\u00e9e de lecture est.\" \/>\n\t<meta name=\"twitter:data1\" content=\"1 minute\" \/>\n<script type=\"application\/ld+json\" class=\"yoast-schema-graph\">{\"@context\":\"https:\/\/schema.org\",\"@graph\":[{\"@type\":\"WebPage\",\"@id\":\"https:\/\/www.karopack.be\/fr\/produit\/machine-a-cercler-les-batteries-h-46\/\",\"url\":\"https:\/\/www.karopack.be\/fr\/produit\/machine-a-cercler-les-batteries-h-46\/\",\"name\":\"Machine \u00e0 cercler les batteries H-46 - Karopack\",\"isPartOf\":{\"@id\":\"https:\/\/www.karopack.be\/fr\/#website\"},\"primaryImageOfPage\":{\"@id\":\"https:\/\/www.karopack.be\/fr\/produit\/machine-a-cercler-les-batteries-h-46\/#primaryimage\"},\"image\":{\"@id\":\"https:\/\/www.karopack.be\/fr\/produit\/machine-a-cercler-les-batteries-h-46\/#primaryimage\"},\"thumbnailUrl\":\"https:\/\/www.karopack.be\/wp-content\/uploads\/2024\/11\/h-46-kronos-battery-powered-strapping-tool.jpg\",\"datePublished\":\"2024-11-25T06:25:31+00:00\",\"breadcrumb\":{\"@id\":\"https:\/\/www.karopack.be\/fr\/produit\/machine-a-cercler-les-batteries-h-46\/#breadcrumb\"},\"inLanguage\":\"fr-BE\",\"potentialAction\":[{\"@type\":\"ReadAction\",\"target\":[\"https:\/\/www.karopack.be\/fr\/produit\/machine-a-cercler-les-batteries-h-46\/\"]}]},{\"@type\":\"ImageObject\",\"inLanguage\":\"fr-BE\",\"@id\":\"https:\/\/www.karopack.be\/fr\/produit\/machine-a-cercler-les-batteries-h-46\/#primaryimage\",\"url\":\"https:\/\/www.karopack.be\/wp-content\/uploads\/2024\/11\/h-46-kronos-battery-powered-strapping-tool.jpg\",\"contentUrl\":\"https:\/\/www.karopack.be\/wp-content\/uploads\/2024\/11\/h-46-kronos-battery-powered-strapping-tool.jpg\",\"width\":1000,\"height\":722},{\"@type\":\"BreadcrumbList\",\"@id\":\"https:\/\/www.karopack.be\/fr\/produit\/machine-a-cercler-les-batteries-h-46\/#breadcrumb\",\"itemListElement\":[{\"@type\":\"ListItem\",\"position\":1,\"name\":\"Home\",\"item\":\"https:\/\/www.karopack.be\/fr\/\"},{\"@type\":\"ListItem\",\"position\":2,\"name\":\"Shop\",\"item\":\"https:\/\/www.karopack.be\/fr\/shop\/\"},{\"@type\":\"ListItem\",\"position\":3,\"name\":\"Machine \u00e0 cercler les batteries H-46\"}]},{\"@type\":\"WebSite\",\"@id\":\"https:\/\/www.karopack.be\/fr\/#website\",\"url\":\"https:\/\/www.karopack.be\/fr\/\",\"name\":\"Karopack\",\"description\":\"\",\"publisher\":{\"@id\":\"https:\/\/www.karopack.be\/fr\/#organization\"},\"potentialAction\":[{\"@type\":\"SearchAction\",\"target\":{\"@type\":\"EntryPoint\",\"urlTemplate\":\"https:\/\/www.karopack.be\/fr\/?s={search_term_string}\"},\"query-input\":{\"@type\":\"PropertyValueSpecification\",\"valueRequired\":true,\"valueName\":\"search_term_string\"}}],\"inLanguage\":\"fr-BE\"},{\"@type\":\"Organization\",\"@id\":\"https:\/\/www.karopack.be\/fr\/#organization\",\"name\":\"Karopack\",\"url\":\"https:\/\/www.karopack.be\/fr\/\",\"logo\":{\"@type\":\"ImageObject\",\"inLanguage\":\"fr-BE\",\"@id\":\"https:\/\/www.karopack.be\/fr\/#\/schema\/logo\/image\/\",\"url\":\"https:\/\/www.karopack.be\/wp-content\/uploads\/2024\/07\/Karopack-Logo.png\",\"contentUrl\":\"https:\/\/www.karopack.be\/wp-content\/uploads\/2024\/07\/Karopack-Logo.png\",\"width\":809,\"height\":240,\"caption\":\"Karopack\"},\"image\":{\"@id\":\"https:\/\/www.karopack.be\/fr\/#\/schema\/logo\/image\/\"}}]}<\/script>\n<!-- \/ Yoast SEO plugin. -->","yoast_head_json":{"title":"Machine \u00e0 cercler les batteries H-46 - Karopack","robots":{"index":"index","follow":"follow","max-snippet":"max-snippet:-1","max-image-preview":"max-image-preview:large","max-video-preview":"max-video-preview:-1"},"canonical":"https:\/\/www.karopack.be\/fr\/produit\/machine-a-cercler-les-batteries-h-46\/","og_locale":"fr_FR","og_type":"article","og_title":"Machine \u00e0 cercler les batteries H-46 - Karopack","og_description":"Kronos H-46 est une cercleuse de classe mondiale aliment\u00e9e par batterie. Avec des r\u00e9glages flexibles, une large plage de tension et la capacit\u00e9 de traiter des cerclages en PP et en PET, la Kronos H-46 est id\u00e9ale pour une large gamme d'applications dans toutes les industries et tous les secteurs. La Kronos H-46 offre une productivit\u00e9 et des performances maximales pour r\u00e9pondre aux besoins des clients en mati\u00e8re d'emballage.","og_url":"https:\/\/www.karopack.be\/fr\/produit\/machine-a-cercler-les-batteries-h-46\/","og_site_name":"Karopack","og_image":[{"width":1000,"height":722,"url":"https:\/\/www.karopack.be\/wp-content\/uploads\/2024\/11\/h-46-kronos-battery-powered-strapping-tool.jpg","type":"image\/jpeg"}],"twitter_card":"summary_large_image","twitter_misc":{"Dur\u00e9e de lecture est.":"1 minute"},"schema":{"@context":"https:\/\/schema.org","@graph":[{"@type":"WebPage","@id":"https:\/\/www.karopack.be\/fr\/produit\/machine-a-cercler-les-batteries-h-46\/","url":"https:\/\/www.karopack.be\/fr\/produit\/machine-a-cercler-les-batteries-h-46\/","name":"Machine \u00e0 cercler les batteries H-46 - Karopack","isPartOf":{"@id":"https:\/\/www.karopack.be\/fr\/#website"},"primaryImageOfPage":{"@id":"https:\/\/www.karopack.be\/fr\/produit\/machine-a-cercler-les-batteries-h-46\/#primaryimage"},"image":{"@id":"https:\/\/www.karopack.be\/fr\/produit\/machine-a-cercler-les-batteries-h-46\/#primaryimage"},"thumbnailUrl":"https:\/\/www.karopack.be\/wp-content\/uploads\/2024\/11\/h-46-kronos-battery-powered-strapping-tool.jpg","datePublished":"2024-11-25T06:25:31+00:00","breadcrumb":{"@id":"https:\/\/www.karopack.be\/fr\/produit\/machine-a-cercler-les-batteries-h-46\/#breadcrumb"},"inLanguage":"fr-BE","potentialAction":[{"@type":"ReadAction","target":["https:\/\/www.karopack.be\/fr\/produit\/machine-a-cercler-les-batteries-h-46\/"]}]},{"@type":"ImageObject","inLanguage":"fr-BE","@id":"https:\/\/www.karopack.be\/fr\/produit\/machine-a-cercler-les-batteries-h-46\/#primaryimage","url":"https:\/\/www.karopack.be\/wp-content\/uploads\/2024\/11\/h-46-kronos-battery-powered-strapping-tool.jpg","contentUrl":"https:\/\/www.karopack.be\/wp-content\/uploads\/2024\/11\/h-46-kronos-battery-powered-strapping-tool.jpg","width":1000,"height":722},{"@type":"BreadcrumbList","@id":"https:\/\/www.karopack.be\/fr\/produit\/machine-a-cercler-les-batteries-h-46\/#breadcrumb","itemListElement":[{"@type":"ListItem","position":1,"name":"Home","item":"https:\/\/www.karopack.be\/fr\/"},{"@type":"ListItem","position":2,"name":"Shop","item":"https:\/\/www.karopack.be\/fr\/shop\/"},{"@type":"ListItem","position":3,"name":"Machine \u00e0 cercler les batteries H-46"}]},{"@type":"WebSite","@id":"https:\/\/www.karopack.be\/fr\/#website","url":"https:\/\/www.karopack.be\/fr\/","name":"Karopack","description":"","publisher":{"@id":"https:\/\/www.karopack.be\/fr\/#organization"},"potentialAction":[{"@type":"SearchAction","target":{"@type":"EntryPoint","urlTemplate":"https:\/\/www.karopack.be\/fr\/?s={search_term_string}"},"query-input":{"@type":"PropertyValueSpecification","valueRequired":true,"valueName":"search_term_string"}}],"inLanguage":"fr-BE"},{"@type":"Organization","@id":"https:\/\/www.karopack.be\/fr\/#organization","name":"Karopack","url":"https:\/\/www.karopack.be\/fr\/","logo":{"@type":"ImageObject","inLanguage":"fr-BE","@id":"https:\/\/www.karopack.be\/fr\/#\/schema\/logo\/image\/","url":"https:\/\/www.karopack.be\/wp-content\/uploads\/2024\/07\/Karopack-Logo.png","contentUrl":"https:\/\/www.karopack.be\/wp-content\/uploads\/2024\/07\/Karopack-Logo.png","width":809,"height":240,"caption":"Karopack"},"image":{"@id":"https:\/\/www.karopack.be\/fr\/#\/schema\/logo\/image\/"}}]}},"_links":{"self":[{"href":"https:\/\/www.karopack.be\/fr\/wp-json\/wp\/v2\/product\/4164","targetHints":{"allow":["GET"]}}],"collection":[{"href":"https:\/\/www.karopack.be\/fr\/wp-json\/wp\/v2\/product"}],"about":[{"href":"https:\/\/www.karopack.be\/fr\/wp-json\/wp\/v2\/types\/product"}],"replies":[{"embeddable":true,"href":"https:\/\/www.karopack.be\/fr\/wp-json\/wp\/v2\/comments?post=4164"}],"wp:featuredmedia":[{"embeddable":true,"href":"https:\/\/www.karopack.be\/fr\/wp-json\/wp\/v2\/media\/3911"}],"wp:attachment":[{"href":"https:\/\/www.karopack.be\/fr\/wp-json\/wp\/v2\/media?parent=4164"}],"wp:term":[{"taxonomy":"product_brand","embeddable":true,"href":"https:\/\/www.karopack.be\/fr\/wp-json\/wp\/v2\/product_brand?post=4164"},{"taxonomy":"product_cat","embeddable":true,"href":"https:\/\/www.karopack.be\/fr\/wp-json\/wp\/v2\/product_cat?post=4164"},{"taxonomy":"product_tag","embeddable":true,"href":"https:\/\/www.karopack.be\/fr\/wp-json\/wp\/v2\/product_tag?post=4164"}],"curies":[{"name":"wp","href":"https:\/\/api.w.org\/{rel}","templated":true}]}}