{"id":4190,"date":"2024-08-10T09:59:11","date_gmt":"2024-08-10T09:59:11","guid":{"rendered":"https:\/\/www.karopack.be\/product\/coussin-de-deversoir-de-niveau-4\/"},"modified":"2026-02-05T16:05:48","modified_gmt":"2026-02-05T16:05:48","slug":"coussin-de-calage-de-niveau-4","status":"publish","type":"product","link":"https:\/\/www.karopack.be\/fr\/produit\/coussin-de-calage-de-niveau-4\/","title":{"rendered":"Coussin de calage de niveau 4"},"content":{"rendered":"<ul>\n<li>R\u00e9utilisable<\/li>\n<li>Recyclable<\/li>\n<li>Imperm\u00e9able \u00e0 l&rsquo;eau<\/li>\n<li>Inflation et d\u00e9flation faciles<\/li>\n<li>Pression de travail (max.) = 10 PSI \/ 0,68 bar<\/li>\n<li>Pression d&rsquo;\u00e9clatement (min.) = 30 PSI \/ 2,06 bar<\/li>\n<li>\u00c9quivalent papier : sacs en papier 8 plis<\/li>\n<\/ul>\n","protected":false},"excerpt":{"rendered":"<p>Les airbags Level-4 sont con\u00e7us pour tous les conteneurs maritimes &#8211; conteneurs ou remorques sur rail ou pour le transport maritime &#8211; pesant jusqu&rsquo;\u00e0 160.000 lbs &#8211; 205.000 lbs \/ 74.842 KG &#8211; 92.986 KG. Les airbags ABP Level-4 sont fabriqu\u00e9s \u00e0 partir d&rsquo;un mat\u00e9riau de pouss\u00e9e durable en polytiss\u00e9.<\/p>\n","protected":false},"featured_media":3717,"comment_status":"open","ping_status":"closed","template":"","meta":[],"product_brand":[],"product_cat":[83,82],"product_tag":[],"class_list":{"0":"post-4190","1":"product","2":"type-product","3":"status-publish","4":"has-post-thumbnail","6":"product_cat-coussins-de-poussee-airbags","7":"product_cat-materiel-darrimage-et-de-fixation","9":"first","10":"instock","11":"shipping-taxable","12":"product-type-simple"},"yoast_head":"<!-- This site is optimized with the Yoast SEO plugin v26.9 - https:\/\/yoast.com\/product\/yoast-seo-wordpress\/ -->\n<title>Coussin de calage de niveau 4 - Karopack<\/title>\n<meta name=\"robots\" content=\"index, follow, max-snippet:-1, max-image-preview:large, max-video-preview:-1\" \/>\n<link rel=\"canonical\" href=\"https:\/\/www.karopack.be\/fr\/produit\/coussin-de-calage-de-niveau-4\/\" \/>\n<meta property=\"og:locale\" content=\"fr_FR\" \/>\n<meta property=\"og:type\" content=\"article\" \/>\n<meta property=\"og:title\" content=\"Coussin de calage de niveau 4 - Karopack\" \/>\n<meta property=\"og:description\" content=\"Les airbags Level-4 sont con\u00e7us pour tous les conteneurs maritimes - conteneurs ou remorques sur rail ou pour le transport maritime - pesant jusqu&#039;\u00e0 160.000 lbs - 205.000 lbs \/ 74.842 KG - 92.986 KG. Les airbags ABP Level-4 sont fabriqu\u00e9s \u00e0 partir d&#039;un mat\u00e9riau de pouss\u00e9e durable en polytiss\u00e9.\" \/>\n<meta property=\"og:url\" content=\"https:\/\/www.karopack.be\/fr\/produit\/coussin-de-calage-de-niveau-4\/\" \/>\n<meta property=\"og:site_name\" content=\"Karopack\" \/>\n<meta property=\"article:modified_time\" content=\"2026-02-05T16:05:48+00:00\" \/>\n<meta property=\"og:image\" content=\"https:\/\/www.karopack.be\/wp-content\/uploads\/2024\/08\/level4-1.jpg\" \/>\n\t<meta property=\"og:image:width\" content=\"1200\" \/>\n\t<meta property=\"og:image:height\" content=\"1314\" \/>\n\t<meta property=\"og:image:type\" content=\"image\/jpeg\" \/>\n<meta name=\"twitter:card\" content=\"summary_large_image\" \/>\n<meta name=\"twitter:label1\" content=\"Dur\u00e9e de lecture est.\" \/>\n\t<meta name=\"twitter:data1\" content=\"1 minute\" \/>\n<script type=\"application\/ld+json\" class=\"yoast-schema-graph\">{\"@context\":\"https:\/\/schema.org\",\"@graph\":[{\"@type\":\"WebPage\",\"@id\":\"https:\/\/www.karopack.be\/fr\/produit\/coussin-de-calage-de-niveau-4\/\",\"url\":\"https:\/\/www.karopack.be\/fr\/produit\/coussin-de-calage-de-niveau-4\/\",\"name\":\"Coussin de calage de niveau 4 - Karopack\",\"isPartOf\":{\"@id\":\"https:\/\/www.karopack.be\/fr\/#website\"},\"primaryImageOfPage\":{\"@id\":\"https:\/\/www.karopack.be\/fr\/produit\/coussin-de-calage-de-niveau-4\/#primaryimage\"},\"image\":{\"@id\":\"https:\/\/www.karopack.be\/fr\/produit\/coussin-de-calage-de-niveau-4\/#primaryimage\"},\"thumbnailUrl\":\"https:\/\/www.karopack.be\/wp-content\/uploads\/2024\/08\/level4-1.jpg\",\"datePublished\":\"2024-08-10T09:59:11+00:00\",\"dateModified\":\"2026-02-05T16:05:48+00:00\",\"breadcrumb\":{\"@id\":\"https:\/\/www.karopack.be\/fr\/produit\/coussin-de-calage-de-niveau-4\/#breadcrumb\"},\"inLanguage\":\"fr-BE\",\"potentialAction\":[{\"@type\":\"ReadAction\",\"target\":[\"https:\/\/www.karopack.be\/fr\/produit\/coussin-de-calage-de-niveau-4\/\"]}]},{\"@type\":\"ImageObject\",\"inLanguage\":\"fr-BE\",\"@id\":\"https:\/\/www.karopack.be\/fr\/produit\/coussin-de-calage-de-niveau-4\/#primaryimage\",\"url\":\"https:\/\/www.karopack.be\/wp-content\/uploads\/2024\/08\/level4-1.jpg\",\"contentUrl\":\"https:\/\/www.karopack.be\/wp-content\/uploads\/2024\/08\/level4-1.jpg\",\"width\":1200,\"height\":1314},{\"@type\":\"BreadcrumbList\",\"@id\":\"https:\/\/www.karopack.be\/fr\/produit\/coussin-de-calage-de-niveau-4\/#breadcrumb\",\"itemListElement\":[{\"@type\":\"ListItem\",\"position\":1,\"name\":\"Home\",\"item\":\"https:\/\/www.karopack.be\/fr\/\"},{\"@type\":\"ListItem\",\"position\":2,\"name\":\"Shop\",\"item\":\"https:\/\/www.karopack.be\/fr\/shop\/\"},{\"@type\":\"ListItem\",\"position\":3,\"name\":\"Coussin de calage de niveau 4\"}]},{\"@type\":\"WebSite\",\"@id\":\"https:\/\/www.karopack.be\/fr\/#website\",\"url\":\"https:\/\/www.karopack.be\/fr\/\",\"name\":\"Karopack\",\"description\":\"\",\"publisher\":{\"@id\":\"https:\/\/www.karopack.be\/fr\/#organization\"},\"potentialAction\":[{\"@type\":\"SearchAction\",\"target\":{\"@type\":\"EntryPoint\",\"urlTemplate\":\"https:\/\/www.karopack.be\/fr\/?s={search_term_string}\"},\"query-input\":{\"@type\":\"PropertyValueSpecification\",\"valueRequired\":true,\"valueName\":\"search_term_string\"}}],\"inLanguage\":\"fr-BE\"},{\"@type\":\"Organization\",\"@id\":\"https:\/\/www.karopack.be\/fr\/#organization\",\"name\":\"Karopack\",\"url\":\"https:\/\/www.karopack.be\/fr\/\",\"logo\":{\"@type\":\"ImageObject\",\"inLanguage\":\"fr-BE\",\"@id\":\"https:\/\/www.karopack.be\/fr\/#\/schema\/logo\/image\/\",\"url\":\"https:\/\/www.karopack.be\/wp-content\/uploads\/2024\/07\/Karopack-Logo.png\",\"contentUrl\":\"https:\/\/www.karopack.be\/wp-content\/uploads\/2024\/07\/Karopack-Logo.png\",\"width\":809,\"height\":240,\"caption\":\"Karopack\"},\"image\":{\"@id\":\"https:\/\/www.karopack.be\/fr\/#\/schema\/logo\/image\/\"}}]}<\/script>\n<!-- \/ Yoast SEO plugin. -->","yoast_head_json":{"title":"Coussin de calage de niveau 4 - Karopack","robots":{"index":"index","follow":"follow","max-snippet":"max-snippet:-1","max-image-preview":"max-image-preview:large","max-video-preview":"max-video-preview:-1"},"canonical":"https:\/\/www.karopack.be\/fr\/produit\/coussin-de-calage-de-niveau-4\/","og_locale":"fr_FR","og_type":"article","og_title":"Coussin de calage de niveau 4 - Karopack","og_description":"Les airbags Level-4 sont con\u00e7us pour tous les conteneurs maritimes - conteneurs ou remorques sur rail ou pour le transport maritime - pesant jusqu'\u00e0 160.000 lbs - 205.000 lbs \/ 74.842 KG - 92.986 KG. Les airbags ABP Level-4 sont fabriqu\u00e9s \u00e0 partir d'un mat\u00e9riau de pouss\u00e9e durable en polytiss\u00e9.","og_url":"https:\/\/www.karopack.be\/fr\/produit\/coussin-de-calage-de-niveau-4\/","og_site_name":"Karopack","article_modified_time":"2026-02-05T16:05:48+00:00","og_image":[{"width":1200,"height":1314,"url":"https:\/\/www.karopack.be\/wp-content\/uploads\/2024\/08\/level4-1.jpg","type":"image\/jpeg"}],"twitter_card":"summary_large_image","twitter_misc":{"Dur\u00e9e de lecture est.":"1 minute"},"schema":{"@context":"https:\/\/schema.org","@graph":[{"@type":"WebPage","@id":"https:\/\/www.karopack.be\/fr\/produit\/coussin-de-calage-de-niveau-4\/","url":"https:\/\/www.karopack.be\/fr\/produit\/coussin-de-calage-de-niveau-4\/","name":"Coussin de calage de niveau 4 - Karopack","isPartOf":{"@id":"https:\/\/www.karopack.be\/fr\/#website"},"primaryImageOfPage":{"@id":"https:\/\/www.karopack.be\/fr\/produit\/coussin-de-calage-de-niveau-4\/#primaryimage"},"image":{"@id":"https:\/\/www.karopack.be\/fr\/produit\/coussin-de-calage-de-niveau-4\/#primaryimage"},"thumbnailUrl":"https:\/\/www.karopack.be\/wp-content\/uploads\/2024\/08\/level4-1.jpg","datePublished":"2024-08-10T09:59:11+00:00","dateModified":"2026-02-05T16:05:48+00:00","breadcrumb":{"@id":"https:\/\/www.karopack.be\/fr\/produit\/coussin-de-calage-de-niveau-4\/#breadcrumb"},"inLanguage":"fr-BE","potentialAction":[{"@type":"ReadAction","target":["https:\/\/www.karopack.be\/fr\/produit\/coussin-de-calage-de-niveau-4\/"]}]},{"@type":"ImageObject","inLanguage":"fr-BE","@id":"https:\/\/www.karopack.be\/fr\/produit\/coussin-de-calage-de-niveau-4\/#primaryimage","url":"https:\/\/www.karopack.be\/wp-content\/uploads\/2024\/08\/level4-1.jpg","contentUrl":"https:\/\/www.karopack.be\/wp-content\/uploads\/2024\/08\/level4-1.jpg","width":1200,"height":1314},{"@type":"BreadcrumbList","@id":"https:\/\/www.karopack.be\/fr\/produit\/coussin-de-calage-de-niveau-4\/#breadcrumb","itemListElement":[{"@type":"ListItem","position":1,"name":"Home","item":"https:\/\/www.karopack.be\/fr\/"},{"@type":"ListItem","position":2,"name":"Shop","item":"https:\/\/www.karopack.be\/fr\/shop\/"},{"@type":"ListItem","position":3,"name":"Coussin de calage de niveau 4"}]},{"@type":"WebSite","@id":"https:\/\/www.karopack.be\/fr\/#website","url":"https:\/\/www.karopack.be\/fr\/","name":"Karopack","description":"","publisher":{"@id":"https:\/\/www.karopack.be\/fr\/#organization"},"potentialAction":[{"@type":"SearchAction","target":{"@type":"EntryPoint","urlTemplate":"https:\/\/www.karopack.be\/fr\/?s={search_term_string}"},"query-input":{"@type":"PropertyValueSpecification","valueRequired":true,"valueName":"search_term_string"}}],"inLanguage":"fr-BE"},{"@type":"Organization","@id":"https:\/\/www.karopack.be\/fr\/#organization","name":"Karopack","url":"https:\/\/www.karopack.be\/fr\/","logo":{"@type":"ImageObject","inLanguage":"fr-BE","@id":"https:\/\/www.karopack.be\/fr\/#\/schema\/logo\/image\/","url":"https:\/\/www.karopack.be\/wp-content\/uploads\/2024\/07\/Karopack-Logo.png","contentUrl":"https:\/\/www.karopack.be\/wp-content\/uploads\/2024\/07\/Karopack-Logo.png","width":809,"height":240,"caption":"Karopack"},"image":{"@id":"https:\/\/www.karopack.be\/fr\/#\/schema\/logo\/image\/"}}]}},"_links":{"self":[{"href":"https:\/\/www.karopack.be\/fr\/wp-json\/wp\/v2\/product\/4190","targetHints":{"allow":["GET"]}}],"collection":[{"href":"https:\/\/www.karopack.be\/fr\/wp-json\/wp\/v2\/product"}],"about":[{"href":"https:\/\/www.karopack.be\/fr\/wp-json\/wp\/v2\/types\/product"}],"replies":[{"embeddable":true,"href":"https:\/\/www.karopack.be\/fr\/wp-json\/wp\/v2\/comments?post=4190"}],"wp:featuredmedia":[{"embeddable":true,"href":"https:\/\/www.karopack.be\/fr\/wp-json\/wp\/v2\/media\/3717"}],"wp:attachment":[{"href":"https:\/\/www.karopack.be\/fr\/wp-json\/wp\/v2\/media?parent=4190"}],"wp:term":[{"taxonomy":"product_brand","embeddable":true,"href":"https:\/\/www.karopack.be\/fr\/wp-json\/wp\/v2\/product_brand?post=4190"},{"taxonomy":"product_cat","embeddable":true,"href":"https:\/\/www.karopack.be\/fr\/wp-json\/wp\/v2\/product_cat?post=4190"},{"taxonomy":"product_tag","embeddable":true,"href":"https:\/\/www.karopack.be\/fr\/wp-json\/wp\/v2\/product_tag?post=4190"}],"curies":[{"name":"wp","href":"https:\/\/api.w.org\/{rel}","templated":true}]}}