{"id":4196,"date":"2024-08-11T06:33:05","date_gmt":"2024-08-11T06:33:05","guid":{"rendered":"https:\/\/www.karopack.be\/product\/neleo-90\/"},"modified":"2024-08-11T06:33:05","modified_gmt":"2024-08-11T06:33:05","slug":"neleo-90","status":"publish","type":"product","link":"https:\/\/www.karopack.be\/fr\/produit\/neleo-90\/","title":{"rendered":"NELEO 90"},"content":{"rendered":"<ul>\n<li>Porte-bobine double<\/li>\n<li>Tension r\u00e9glable du film<\/li>\n<li>Anneau de protection<\/li>\n<li>P\u00e9dale de s\u00e9curit\u00e9<\/li>\n<li>Vitesse d&rsquo;enroulement r\u00e9glable<\/li>\n<li>S\u00e9lection du programme<\/li>\n<\/ul>\n","protected":false},"excerpt":{"rendered":"<p>Con\u00e7ue pour emballer des paquets de meubles, des portes, des cuisines, des \u00e9tag\u00e8res, des rouleaux et des bo\u00eetes de tissu. La banderoleuse orbitale semi-automatique NELEO 90 est con\u00e7ue pour emballer rapidement des paquets de construction, des meubles, des portes, des cuisines, des \u00e9tag\u00e8res, des rouleaux de tissu et des bo\u00eetes en utilisant un seul op\u00e9rateur. Regroupez et prot\u00e9gez vos produits de la salet\u00e9, de la poussi\u00e8re et de l&rsquo;humidit\u00e9, en les gardant intacts pendant le transport et le stockage.<\/p>\n","protected":false},"featured_media":3769,"comment_status":"open","ping_status":"closed","template":"","meta":[],"product_brand":[],"product_cat":[99,91,98,97],"product_tag":[],"class_list":{"0":"post-4196","1":"product","2":"type-product","3":"status-publish","4":"has-post-thumbnail","6":"product_cat-enveloppeuses-semi-automatiques","7":"product_cat-fabricants","8":"product_cat-machines-demballage-horizontales","9":"product_cat-plasticband-fr","11":"first","12":"instock","13":"product-type-simple"},"yoast_head":"<!-- This site is optimized with the Yoast SEO plugin v26.9 - https:\/\/yoast.com\/product\/yoast-seo-wordpress\/ -->\n<title>NELEO 90 - Karopack<\/title>\n<meta name=\"robots\" content=\"index, follow, max-snippet:-1, max-image-preview:large, max-video-preview:-1\" \/>\n<link rel=\"canonical\" href=\"https:\/\/www.karopack.be\/fr\/produit\/neleo-90\/\" \/>\n<meta property=\"og:locale\" content=\"fr_FR\" \/>\n<meta property=\"og:type\" content=\"article\" \/>\n<meta property=\"og:title\" content=\"NELEO 90 - Karopack\" \/>\n<meta property=\"og:description\" content=\"Con\u00e7ue pour emballer des paquets de meubles, des portes, des cuisines, des \u00e9tag\u00e8res, des rouleaux et des bo\u00eetes de tissu. La banderoleuse orbitale semi-automatique NELEO 90 est con\u00e7ue pour emballer rapidement des paquets de construction, des meubles, des portes, des cuisines, des \u00e9tag\u00e8res, des rouleaux de tissu et des bo\u00eetes en utilisant un seul op\u00e9rateur. Regroupez et prot\u00e9gez vos produits de la salet\u00e9, de la poussi\u00e8re et de l&#039;humidit\u00e9, en les gardant intacts pendant le transport et le stockage.\" \/>\n<meta property=\"og:url\" content=\"https:\/\/www.karopack.be\/fr\/produit\/neleo-90\/\" \/>\n<meta property=\"og:site_name\" content=\"Karopack\" \/>\n<meta property=\"og:image\" content=\"https:\/\/www.karopack.be\/wp-content\/uploads\/2024\/08\/Neleo-90-hoofdfoto.jpg\" \/>\n\t<meta property=\"og:image:width\" content=\"500\" \/>\n\t<meta property=\"og:image:height\" content=\"500\" \/>\n\t<meta property=\"og:image:type\" content=\"image\/jpeg\" \/>\n<meta name=\"twitter:card\" content=\"summary_large_image\" \/>\n<script type=\"application\/ld+json\" class=\"yoast-schema-graph\">{\"@context\":\"https:\/\/schema.org\",\"@graph\":[{\"@type\":\"WebPage\",\"@id\":\"https:\/\/www.karopack.be\/fr\/produit\/neleo-90\/\",\"url\":\"https:\/\/www.karopack.be\/fr\/produit\/neleo-90\/\",\"name\":\"NELEO 90 - Karopack\",\"isPartOf\":{\"@id\":\"https:\/\/www.karopack.be\/fr\/#website\"},\"primaryImageOfPage\":{\"@id\":\"https:\/\/www.karopack.be\/fr\/produit\/neleo-90\/#primaryimage\"},\"image\":{\"@id\":\"https:\/\/www.karopack.be\/fr\/produit\/neleo-90\/#primaryimage\"},\"thumbnailUrl\":\"https:\/\/www.karopack.be\/wp-content\/uploads\/2024\/08\/Neleo-90-hoofdfoto.jpg\",\"datePublished\":\"2024-08-11T06:33:05+00:00\",\"breadcrumb\":{\"@id\":\"https:\/\/www.karopack.be\/fr\/produit\/neleo-90\/#breadcrumb\"},\"inLanguage\":\"fr-BE\",\"potentialAction\":[{\"@type\":\"ReadAction\",\"target\":[\"https:\/\/www.karopack.be\/fr\/produit\/neleo-90\/\"]}]},{\"@type\":\"ImageObject\",\"inLanguage\":\"fr-BE\",\"@id\":\"https:\/\/www.karopack.be\/fr\/produit\/neleo-90\/#primaryimage\",\"url\":\"https:\/\/www.karopack.be\/wp-content\/uploads\/2024\/08\/Neleo-90-hoofdfoto.jpg\",\"contentUrl\":\"https:\/\/www.karopack.be\/wp-content\/uploads\/2024\/08\/Neleo-90-hoofdfoto.jpg\",\"width\":500,\"height\":500},{\"@type\":\"BreadcrumbList\",\"@id\":\"https:\/\/www.karopack.be\/fr\/produit\/neleo-90\/#breadcrumb\",\"itemListElement\":[{\"@type\":\"ListItem\",\"position\":1,\"name\":\"Home\",\"item\":\"https:\/\/www.karopack.be\/fr\/\"},{\"@type\":\"ListItem\",\"position\":2,\"name\":\"Shop\",\"item\":\"https:\/\/www.karopack.be\/fr\/shop\/\"},{\"@type\":\"ListItem\",\"position\":3,\"name\":\"NELEO 90\"}]},{\"@type\":\"WebSite\",\"@id\":\"https:\/\/www.karopack.be\/fr\/#website\",\"url\":\"https:\/\/www.karopack.be\/fr\/\",\"name\":\"Karopack\",\"description\":\"\",\"publisher\":{\"@id\":\"https:\/\/www.karopack.be\/fr\/#organization\"},\"potentialAction\":[{\"@type\":\"SearchAction\",\"target\":{\"@type\":\"EntryPoint\",\"urlTemplate\":\"https:\/\/www.karopack.be\/fr\/?s={search_term_string}\"},\"query-input\":{\"@type\":\"PropertyValueSpecification\",\"valueRequired\":true,\"valueName\":\"search_term_string\"}}],\"inLanguage\":\"fr-BE\"},{\"@type\":\"Organization\",\"@id\":\"https:\/\/www.karopack.be\/fr\/#organization\",\"name\":\"Karopack\",\"url\":\"https:\/\/www.karopack.be\/fr\/\",\"logo\":{\"@type\":\"ImageObject\",\"inLanguage\":\"fr-BE\",\"@id\":\"https:\/\/www.karopack.be\/fr\/#\/schema\/logo\/image\/\",\"url\":\"https:\/\/www.karopack.be\/wp-content\/uploads\/2024\/07\/Karopack-Logo.png\",\"contentUrl\":\"https:\/\/www.karopack.be\/wp-content\/uploads\/2024\/07\/Karopack-Logo.png\",\"width\":809,\"height\":240,\"caption\":\"Karopack\"},\"image\":{\"@id\":\"https:\/\/www.karopack.be\/fr\/#\/schema\/logo\/image\/\"}}]}<\/script>\n<!-- \/ Yoast SEO plugin. -->","yoast_head_json":{"title":"NELEO 90 - Karopack","robots":{"index":"index","follow":"follow","max-snippet":"max-snippet:-1","max-image-preview":"max-image-preview:large","max-video-preview":"max-video-preview:-1"},"canonical":"https:\/\/www.karopack.be\/fr\/produit\/neleo-90\/","og_locale":"fr_FR","og_type":"article","og_title":"NELEO 90 - Karopack","og_description":"Con\u00e7ue pour emballer des paquets de meubles, des portes, des cuisines, des \u00e9tag\u00e8res, des rouleaux et des bo\u00eetes de tissu. La banderoleuse orbitale semi-automatique NELEO 90 est con\u00e7ue pour emballer rapidement des paquets de construction, des meubles, des portes, des cuisines, des \u00e9tag\u00e8res, des rouleaux de tissu et des bo\u00eetes en utilisant un seul op\u00e9rateur. Regroupez et prot\u00e9gez vos produits de la salet\u00e9, de la poussi\u00e8re et de l'humidit\u00e9, en les gardant intacts pendant le transport et le stockage.","og_url":"https:\/\/www.karopack.be\/fr\/produit\/neleo-90\/","og_site_name":"Karopack","og_image":[{"width":500,"height":500,"url":"https:\/\/www.karopack.be\/wp-content\/uploads\/2024\/08\/Neleo-90-hoofdfoto.jpg","type":"image\/jpeg"}],"twitter_card":"summary_large_image","schema":{"@context":"https:\/\/schema.org","@graph":[{"@type":"WebPage","@id":"https:\/\/www.karopack.be\/fr\/produit\/neleo-90\/","url":"https:\/\/www.karopack.be\/fr\/produit\/neleo-90\/","name":"NELEO 90 - Karopack","isPartOf":{"@id":"https:\/\/www.karopack.be\/fr\/#website"},"primaryImageOfPage":{"@id":"https:\/\/www.karopack.be\/fr\/produit\/neleo-90\/#primaryimage"},"image":{"@id":"https:\/\/www.karopack.be\/fr\/produit\/neleo-90\/#primaryimage"},"thumbnailUrl":"https:\/\/www.karopack.be\/wp-content\/uploads\/2024\/08\/Neleo-90-hoofdfoto.jpg","datePublished":"2024-08-11T06:33:05+00:00","breadcrumb":{"@id":"https:\/\/www.karopack.be\/fr\/produit\/neleo-90\/#breadcrumb"},"inLanguage":"fr-BE","potentialAction":[{"@type":"ReadAction","target":["https:\/\/www.karopack.be\/fr\/produit\/neleo-90\/"]}]},{"@type":"ImageObject","inLanguage":"fr-BE","@id":"https:\/\/www.karopack.be\/fr\/produit\/neleo-90\/#primaryimage","url":"https:\/\/www.karopack.be\/wp-content\/uploads\/2024\/08\/Neleo-90-hoofdfoto.jpg","contentUrl":"https:\/\/www.karopack.be\/wp-content\/uploads\/2024\/08\/Neleo-90-hoofdfoto.jpg","width":500,"height":500},{"@type":"BreadcrumbList","@id":"https:\/\/www.karopack.be\/fr\/produit\/neleo-90\/#breadcrumb","itemListElement":[{"@type":"ListItem","position":1,"name":"Home","item":"https:\/\/www.karopack.be\/fr\/"},{"@type":"ListItem","position":2,"name":"Shop","item":"https:\/\/www.karopack.be\/fr\/shop\/"},{"@type":"ListItem","position":3,"name":"NELEO 90"}]},{"@type":"WebSite","@id":"https:\/\/www.karopack.be\/fr\/#website","url":"https:\/\/www.karopack.be\/fr\/","name":"Karopack","description":"","publisher":{"@id":"https:\/\/www.karopack.be\/fr\/#organization"},"potentialAction":[{"@type":"SearchAction","target":{"@type":"EntryPoint","urlTemplate":"https:\/\/www.karopack.be\/fr\/?s={search_term_string}"},"query-input":{"@type":"PropertyValueSpecification","valueRequired":true,"valueName":"search_term_string"}}],"inLanguage":"fr-BE"},{"@type":"Organization","@id":"https:\/\/www.karopack.be\/fr\/#organization","name":"Karopack","url":"https:\/\/www.karopack.be\/fr\/","logo":{"@type":"ImageObject","inLanguage":"fr-BE","@id":"https:\/\/www.karopack.be\/fr\/#\/schema\/logo\/image\/","url":"https:\/\/www.karopack.be\/wp-content\/uploads\/2024\/07\/Karopack-Logo.png","contentUrl":"https:\/\/www.karopack.be\/wp-content\/uploads\/2024\/07\/Karopack-Logo.png","width":809,"height":240,"caption":"Karopack"},"image":{"@id":"https:\/\/www.karopack.be\/fr\/#\/schema\/logo\/image\/"}}]}},"_links":{"self":[{"href":"https:\/\/www.karopack.be\/fr\/wp-json\/wp\/v2\/product\/4196","targetHints":{"allow":["GET"]}}],"collection":[{"href":"https:\/\/www.karopack.be\/fr\/wp-json\/wp\/v2\/product"}],"about":[{"href":"https:\/\/www.karopack.be\/fr\/wp-json\/wp\/v2\/types\/product"}],"replies":[{"embeddable":true,"href":"https:\/\/www.karopack.be\/fr\/wp-json\/wp\/v2\/comments?post=4196"}],"wp:featuredmedia":[{"embeddable":true,"href":"https:\/\/www.karopack.be\/fr\/wp-json\/wp\/v2\/media\/3769"}],"wp:attachment":[{"href":"https:\/\/www.karopack.be\/fr\/wp-json\/wp\/v2\/media?parent=4196"}],"wp:term":[{"taxonomy":"product_brand","embeddable":true,"href":"https:\/\/www.karopack.be\/fr\/wp-json\/wp\/v2\/product_brand?post=4196"},{"taxonomy":"product_cat","embeddable":true,"href":"https:\/\/www.karopack.be\/fr\/wp-json\/wp\/v2\/product_cat?post=4196"},{"taxonomy":"product_tag","embeddable":true,"href":"https:\/\/www.karopack.be\/fr\/wp-json\/wp\/v2\/product_tag?post=4196"}],"curies":[{"name":"wp","href":"https:\/\/api.w.org\/{rel}","templated":true}]}}