{"id":4207,"date":"2024-08-10T09:50:25","date_gmt":"2024-08-10T09:50:25","guid":{"rendered":"https:\/\/www.karopack.be\/product\/airbag-3d-coussin-de-poussee\/"},"modified":"2024-08-10T09:50:25","modified_gmt":"2024-08-10T09:50:25","slug":"airbag-3d-coussin-de-poussee","status":"publish","type":"product","link":"https:\/\/www.karopack.be\/fr\/produit\/airbag-3d-coussin-de-poussee\/","title":{"rendered":"Airbag 3D &#8211; Coussin de pouss\u00e9e"},"content":{"rendered":"<h4>Sp\u00e9cifications<\/h4>\n<ul>\n<li>Conception : double ou multicouche pour un espacement jusqu&rsquo;\u00e0 800 mm<\/li>\n<li>Mat\u00e9riau : Film de poly\u00e9thyl\u00e8ne (PE) avec polypropyl\u00e8ne tiss\u00e9 (PP)<\/li>\n<li>\u00c9paisseur : 1 ou plusieurs PE 150 \u00b5m, 1 ou plusieurs PP 155 gr\/m\u00b2.<\/li>\n<\/ul>\n<h4>Format<\/h4>\n<ul>\n<li>Longueur : 400 mm \u00e0 6 000 mm<\/li>\n<li>Largeur : 600 mm \u00e0 2 000 mm<\/li>\n<li>Espace de remplissage : 300 mm \u00e0 800 mm<\/li>\n<\/ul>\n","protected":false},"excerpt":{"rendered":"<p class=\"first-token\" data-sourcepos=\"1:1-1:329\">Les grands espaces pouvant atteindre 800 mm entre les unit\u00e9s de chargement n\u00e9cessitent une solution tridimensionnelle pour une s\u00e9curit\u00e9 optimale. C&rsquo;est pourquoi nous avons con\u00e7u notre AirBag 3D, disponible en versions 3D STANDARD et 3D HEAVY, avec des valves \u00e0 usage unique ou r\u00e9utilisables. Cette solution offre des possibilit\u00e9s illimit\u00e9es, une s\u00e9curit\u00e9 sans limites.  <\/p>\n<p data-sourcepos=\"3:1-3:94\">La cr\u00e9ation d&rsquo;une \u00ab\u00a0fermeture de forme\u00a0\u00bb dans votre unit\u00e9 de chargement et de transport (par exemple, un conteneur d&rsquo;exp\u00e9dition, un camion ou un wagon) est la cl\u00e9 d&rsquo;une m\u00e9thode d&rsquo;arrimage des cargaisons simple, rapide et peu co\u00fbteuse. Il s&rsquo;agit de combler les espaces ouverts dangereux entre les charges. <\/p>\n<p data-sourcepos=\"5:1-5:95\">Le d\u00e9veloppement sur mesure, la personnalisation et la production de ces produits sont notre sp\u00e9cialit\u00e9 !<\/p>\n<p data-sourcepos=\"7:1-7:251\">Tous les sacs de fardage 3D AirBag sont disponibles en version \u00e0 usage unique ou r\u00e9utilisable. En outre, il existe diverses options pour des \u00e9quipements sp\u00e9cifiques, telles que le dimensionnement, le placement des valves, le rev\u00eatement, les boucles de fixation, les sangles et d&rsquo;autres accessoires. <\/p>\n","protected":false},"featured_media":3703,"comment_status":"open","ping_status":"closed","template":"","meta":[],"product_brand":[],"product_cat":[83,82,104],"product_tag":[],"class_list":{"0":"post-4207","1":"product","2":"type-product","3":"status-publish","4":"has-post-thumbnail","6":"product_cat-coussins-de-poussee-airbags","7":"product_cat-materiel-darrimage-et-de-fixation","8":"product_cat-pas-de-categorie","10":"first","11":"instock","12":"shipping-taxable","13":"product-type-simple"},"yoast_head":"<!-- This site is optimized with the Yoast SEO plugin v26.9 - https:\/\/yoast.com\/product\/yoast-seo-wordpress\/ -->\n<title>Airbag 3D - Coussin de pouss\u00e9e - Karopack<\/title>\n<meta name=\"robots\" content=\"index, follow, max-snippet:-1, max-image-preview:large, max-video-preview:-1\" \/>\n<link rel=\"canonical\" href=\"https:\/\/www.karopack.be\/fr\/produit\/airbag-3d-coussin-de-poussee\/\" \/>\n<meta property=\"og:locale\" content=\"fr_FR\" \/>\n<meta property=\"og:type\" content=\"article\" \/>\n<meta property=\"og:title\" content=\"Airbag 3D - Coussin de pouss\u00e9e - Karopack\" \/>\n<meta property=\"og:description\" content=\"Les grands espaces pouvant atteindre 800 mm entre les unit\u00e9s de chargement n\u00e9cessitent une solution tridimensionnelle pour une s\u00e9curit\u00e9 optimale. C&#039;est pourquoi nous avons con\u00e7u notre AirBag 3D, disponible en versions 3D STANDARD et 3D HEAVY, avec des valves \u00e0 usage unique ou r\u00e9utilisables. Cette solution offre des possibilit\u00e9s illimit\u00e9es, une s\u00e9curit\u00e9 sans limites.  La cr\u00e9ation d&#039;une &quot;fermeture de forme&quot; dans votre unit\u00e9 de chargement et de transport (par exemple, un conteneur d&#039;exp\u00e9dition, un camion ou un wagon) est la cl\u00e9 d&#039;une m\u00e9thode d&#039;arrimage des cargaisons simple, rapide et peu co\u00fbteuse. Il s&#039;agit de combler les espaces ouverts dangereux entre les charges. Le d\u00e9veloppement sur mesure, la personnalisation et la production de ces produits sont notre sp\u00e9cialit\u00e9 ! Tous les sacs de fardage 3D AirBag sont disponibles en version \u00e0 usage unique ou r\u00e9utilisable. En outre, il existe diverses options pour des \u00e9quipements sp\u00e9cifiques, telles que le dimensionnement, le placement des valves, le rev\u00eatement, les boucles de fixation, les sangles et d&#039;autres accessoires.\" \/>\n<meta property=\"og:url\" content=\"https:\/\/www.karopack.be\/fr\/produit\/airbag-3d-coussin-de-poussee\/\" \/>\n<meta property=\"og:site_name\" content=\"Karopack\" \/>\n<meta property=\"og:image\" content=\"https:\/\/www.karopack.be\/wp-content\/uploads\/2024\/08\/R-Bag-3D-0.jpg\" \/>\n\t<meta property=\"og:image:width\" content=\"1536\" \/>\n\t<meta property=\"og:image:height\" content=\"2048\" \/>\n\t<meta property=\"og:image:type\" content=\"image\/jpeg\" \/>\n<meta name=\"twitter:card\" content=\"summary_large_image\" \/>\n<script type=\"application\/ld+json\" class=\"yoast-schema-graph\">{\"@context\":\"https:\/\/schema.org\",\"@graph\":[{\"@type\":\"WebPage\",\"@id\":\"https:\/\/www.karopack.be\/fr\/produit\/airbag-3d-coussin-de-poussee\/\",\"url\":\"https:\/\/www.karopack.be\/fr\/produit\/airbag-3d-coussin-de-poussee\/\",\"name\":\"Airbag 3D - Coussin de pouss\u00e9e - Karopack\",\"isPartOf\":{\"@id\":\"https:\/\/www.karopack.be\/fr\/#website\"},\"primaryImageOfPage\":{\"@id\":\"https:\/\/www.karopack.be\/fr\/produit\/airbag-3d-coussin-de-poussee\/#primaryimage\"},\"image\":{\"@id\":\"https:\/\/www.karopack.be\/fr\/produit\/airbag-3d-coussin-de-poussee\/#primaryimage\"},\"thumbnailUrl\":\"https:\/\/www.karopack.be\/wp-content\/uploads\/2024\/08\/R-Bag-3D-0.jpg\",\"datePublished\":\"2024-08-10T09:50:25+00:00\",\"breadcrumb\":{\"@id\":\"https:\/\/www.karopack.be\/fr\/produit\/airbag-3d-coussin-de-poussee\/#breadcrumb\"},\"inLanguage\":\"fr-BE\",\"potentialAction\":[{\"@type\":\"ReadAction\",\"target\":[\"https:\/\/www.karopack.be\/fr\/produit\/airbag-3d-coussin-de-poussee\/\"]}]},{\"@type\":\"ImageObject\",\"inLanguage\":\"fr-BE\",\"@id\":\"https:\/\/www.karopack.be\/fr\/produit\/airbag-3d-coussin-de-poussee\/#primaryimage\",\"url\":\"https:\/\/www.karopack.be\/wp-content\/uploads\/2024\/08\/R-Bag-3D-0.jpg\",\"contentUrl\":\"https:\/\/www.karopack.be\/wp-content\/uploads\/2024\/08\/R-Bag-3D-0.jpg\",\"width\":1536,\"height\":2048},{\"@type\":\"BreadcrumbList\",\"@id\":\"https:\/\/www.karopack.be\/fr\/produit\/airbag-3d-coussin-de-poussee\/#breadcrumb\",\"itemListElement\":[{\"@type\":\"ListItem\",\"position\":1,\"name\":\"Home\",\"item\":\"https:\/\/www.karopack.be\/fr\/\"},{\"@type\":\"ListItem\",\"position\":2,\"name\":\"Shop\",\"item\":\"https:\/\/www.karopack.be\/fr\/shop\/\"},{\"@type\":\"ListItem\",\"position\":3,\"name\":\"Airbag 3D &#8211; Coussin de pouss\u00e9e\"}]},{\"@type\":\"WebSite\",\"@id\":\"https:\/\/www.karopack.be\/fr\/#website\",\"url\":\"https:\/\/www.karopack.be\/fr\/\",\"name\":\"Karopack\",\"description\":\"\",\"publisher\":{\"@id\":\"https:\/\/www.karopack.be\/fr\/#organization\"},\"potentialAction\":[{\"@type\":\"SearchAction\",\"target\":{\"@type\":\"EntryPoint\",\"urlTemplate\":\"https:\/\/www.karopack.be\/fr\/?s={search_term_string}\"},\"query-input\":{\"@type\":\"PropertyValueSpecification\",\"valueRequired\":true,\"valueName\":\"search_term_string\"}}],\"inLanguage\":\"fr-BE\"},{\"@type\":\"Organization\",\"@id\":\"https:\/\/www.karopack.be\/fr\/#organization\",\"name\":\"Karopack\",\"url\":\"https:\/\/www.karopack.be\/fr\/\",\"logo\":{\"@type\":\"ImageObject\",\"inLanguage\":\"fr-BE\",\"@id\":\"https:\/\/www.karopack.be\/fr\/#\/schema\/logo\/image\/\",\"url\":\"https:\/\/www.karopack.be\/wp-content\/uploads\/2024\/07\/Karopack-Logo.png\",\"contentUrl\":\"https:\/\/www.karopack.be\/wp-content\/uploads\/2024\/07\/Karopack-Logo.png\",\"width\":809,\"height\":240,\"caption\":\"Karopack\"},\"image\":{\"@id\":\"https:\/\/www.karopack.be\/fr\/#\/schema\/logo\/image\/\"}}]}<\/script>\n<!-- \/ Yoast SEO plugin. -->","yoast_head_json":{"title":"Airbag 3D - Coussin de pouss\u00e9e - Karopack","robots":{"index":"index","follow":"follow","max-snippet":"max-snippet:-1","max-image-preview":"max-image-preview:large","max-video-preview":"max-video-preview:-1"},"canonical":"https:\/\/www.karopack.be\/fr\/produit\/airbag-3d-coussin-de-poussee\/","og_locale":"fr_FR","og_type":"article","og_title":"Airbag 3D - Coussin de pouss\u00e9e - Karopack","og_description":"Les grands espaces pouvant atteindre 800 mm entre les unit\u00e9s de chargement n\u00e9cessitent une solution tridimensionnelle pour une s\u00e9curit\u00e9 optimale. C'est pourquoi nous avons con\u00e7u notre AirBag 3D, disponible en versions 3D STANDARD et 3D HEAVY, avec des valves \u00e0 usage unique ou r\u00e9utilisables. Cette solution offre des possibilit\u00e9s illimit\u00e9es, une s\u00e9curit\u00e9 sans limites.  La cr\u00e9ation d'une \"fermeture de forme\" dans votre unit\u00e9 de chargement et de transport (par exemple, un conteneur d'exp\u00e9dition, un camion ou un wagon) est la cl\u00e9 d'une m\u00e9thode d'arrimage des cargaisons simple, rapide et peu co\u00fbteuse. Il s'agit de combler les espaces ouverts dangereux entre les charges. Le d\u00e9veloppement sur mesure, la personnalisation et la production de ces produits sont notre sp\u00e9cialit\u00e9 ! Tous les sacs de fardage 3D AirBag sont disponibles en version \u00e0 usage unique ou r\u00e9utilisable. En outre, il existe diverses options pour des \u00e9quipements sp\u00e9cifiques, telles que le dimensionnement, le placement des valves, le rev\u00eatement, les boucles de fixation, les sangles et d'autres accessoires.","og_url":"https:\/\/www.karopack.be\/fr\/produit\/airbag-3d-coussin-de-poussee\/","og_site_name":"Karopack","og_image":[{"width":1536,"height":2048,"url":"https:\/\/www.karopack.be\/wp-content\/uploads\/2024\/08\/R-Bag-3D-0.jpg","type":"image\/jpeg"}],"twitter_card":"summary_large_image","schema":{"@context":"https:\/\/schema.org","@graph":[{"@type":"WebPage","@id":"https:\/\/www.karopack.be\/fr\/produit\/airbag-3d-coussin-de-poussee\/","url":"https:\/\/www.karopack.be\/fr\/produit\/airbag-3d-coussin-de-poussee\/","name":"Airbag 3D - Coussin de pouss\u00e9e - Karopack","isPartOf":{"@id":"https:\/\/www.karopack.be\/fr\/#website"},"primaryImageOfPage":{"@id":"https:\/\/www.karopack.be\/fr\/produit\/airbag-3d-coussin-de-poussee\/#primaryimage"},"image":{"@id":"https:\/\/www.karopack.be\/fr\/produit\/airbag-3d-coussin-de-poussee\/#primaryimage"},"thumbnailUrl":"https:\/\/www.karopack.be\/wp-content\/uploads\/2024\/08\/R-Bag-3D-0.jpg","datePublished":"2024-08-10T09:50:25+00:00","breadcrumb":{"@id":"https:\/\/www.karopack.be\/fr\/produit\/airbag-3d-coussin-de-poussee\/#breadcrumb"},"inLanguage":"fr-BE","potentialAction":[{"@type":"ReadAction","target":["https:\/\/www.karopack.be\/fr\/produit\/airbag-3d-coussin-de-poussee\/"]}]},{"@type":"ImageObject","inLanguage":"fr-BE","@id":"https:\/\/www.karopack.be\/fr\/produit\/airbag-3d-coussin-de-poussee\/#primaryimage","url":"https:\/\/www.karopack.be\/wp-content\/uploads\/2024\/08\/R-Bag-3D-0.jpg","contentUrl":"https:\/\/www.karopack.be\/wp-content\/uploads\/2024\/08\/R-Bag-3D-0.jpg","width":1536,"height":2048},{"@type":"BreadcrumbList","@id":"https:\/\/www.karopack.be\/fr\/produit\/airbag-3d-coussin-de-poussee\/#breadcrumb","itemListElement":[{"@type":"ListItem","position":1,"name":"Home","item":"https:\/\/www.karopack.be\/fr\/"},{"@type":"ListItem","position":2,"name":"Shop","item":"https:\/\/www.karopack.be\/fr\/shop\/"},{"@type":"ListItem","position":3,"name":"Airbag 3D &#8211; Coussin de pouss\u00e9e"}]},{"@type":"WebSite","@id":"https:\/\/www.karopack.be\/fr\/#website","url":"https:\/\/www.karopack.be\/fr\/","name":"Karopack","description":"","publisher":{"@id":"https:\/\/www.karopack.be\/fr\/#organization"},"potentialAction":[{"@type":"SearchAction","target":{"@type":"EntryPoint","urlTemplate":"https:\/\/www.karopack.be\/fr\/?s={search_term_string}"},"query-input":{"@type":"PropertyValueSpecification","valueRequired":true,"valueName":"search_term_string"}}],"inLanguage":"fr-BE"},{"@type":"Organization","@id":"https:\/\/www.karopack.be\/fr\/#organization","name":"Karopack","url":"https:\/\/www.karopack.be\/fr\/","logo":{"@type":"ImageObject","inLanguage":"fr-BE","@id":"https:\/\/www.karopack.be\/fr\/#\/schema\/logo\/image\/","url":"https:\/\/www.karopack.be\/wp-content\/uploads\/2024\/07\/Karopack-Logo.png","contentUrl":"https:\/\/www.karopack.be\/wp-content\/uploads\/2024\/07\/Karopack-Logo.png","width":809,"height":240,"caption":"Karopack"},"image":{"@id":"https:\/\/www.karopack.be\/fr\/#\/schema\/logo\/image\/"}}]}},"_links":{"self":[{"href":"https:\/\/www.karopack.be\/fr\/wp-json\/wp\/v2\/product\/4207","targetHints":{"allow":["GET"]}}],"collection":[{"href":"https:\/\/www.karopack.be\/fr\/wp-json\/wp\/v2\/product"}],"about":[{"href":"https:\/\/www.karopack.be\/fr\/wp-json\/wp\/v2\/types\/product"}],"replies":[{"embeddable":true,"href":"https:\/\/www.karopack.be\/fr\/wp-json\/wp\/v2\/comments?post=4207"}],"wp:featuredmedia":[{"embeddable":true,"href":"https:\/\/www.karopack.be\/fr\/wp-json\/wp\/v2\/media\/3703"}],"wp:attachment":[{"href":"https:\/\/www.karopack.be\/fr\/wp-json\/wp\/v2\/media?parent=4207"}],"wp:term":[{"taxonomy":"product_brand","embeddable":true,"href":"https:\/\/www.karopack.be\/fr\/wp-json\/wp\/v2\/product_brand?post=4207"},{"taxonomy":"product_cat","embeddable":true,"href":"https:\/\/www.karopack.be\/fr\/wp-json\/wp\/v2\/product_cat?post=4207"},{"taxonomy":"product_tag","embeddable":true,"href":"https:\/\/www.karopack.be\/fr\/wp-json\/wp\/v2\/product_tag?post=4207"}],"curies":[{"name":"wp","href":"https:\/\/api.w.org\/{rel}","templated":true}]}}