{"id":4290,"date":"2025-04-16T14:11:20","date_gmt":"2025-04-16T14:11:20","guid":{"rendered":"https:\/\/www.karopack.be\/?post_type=product&#038;p=4290"},"modified":"2026-02-05T14:15:10","modified_gmt":"2026-02-05T14:15:10","slug":"2830-cercleuse-semi-automatique-pour-palettes","status":"publish","type":"product","link":"https:\/\/www.karopack.be\/fr\/produit\/2830-cercleuse-semi-automatique-pour-palettes\/","title":{"rendered":"2830 Cercleuse semi-automatique pour palettes"},"content":{"rendered":"<ul>\n<li>Fabrication et technologie propres utilisant des composants europ\u00e9ens de premi\u00e8re qualit\u00e9.<\/li>\n<li>T\u00eate en aluminium et rouleaux de tension tremp\u00e9s pour une plus longue dur\u00e9e de vie de la machine.<\/li>\n<li>Tension r\u00e9glable par embrayage \u00e9lectromagn\u00e9tique.<\/li>\n<li>Hauteur de cerclage r\u00e9glable manuellement sans effort.<\/li>\n<li>Permet de cercler \u00e0 partir de 135 mm du sol jusqu&rsquo;\u00e0 2400 mm.<\/li>\n<li>Comprend un coin de rangement.<\/li>\n<li>Levier de frein pour \u00e9viter les mouvements intempestifs.<\/li>\n<\/ul>\n","protected":false},"excerpt":{"rendered":"<p>La cercleuse de palettes 2830 est une machine de cerclage semi-automatique facile \u00e0 utiliser, vous apprenez \u00e0 cercler en moins de 5 minutes.<\/p>\n<p>La machine peut \u00eatre d\u00e9plac\u00e9e sur la palette en \u00e9vitant de d\u00e9placer la charge avant le cerclage. Elle permet de cercler au niveau du bloc et jusqu&rsquo;\u00e0 2400 mm de hauteur sans effort.<\/p>\n<p>La machine la plus vendue dans le secteur des fruits et l\u00e9gumes, id\u00e9ale pour les producteurs qui palettisent \u00e0 la main.<\/p>\n","protected":false},"featured_media":4292,"comment_status":"open","ping_status":"closed","template":"","meta":[],"product_brand":[],"product_cat":[111,91,109,110],"product_tag":[112],"class_list":{"0":"post-4290","1":"product","2":"type-product","3":"status-publish","4":"has-post-thumbnail","6":"product_cat-cercleuses-horizontales","7":"product_cat-fabricants","8":"product_cat-machines-a-cercler","9":"product_cat-reisopack-fr","10":"product_tag-cerclage-de-palettes","12":"first","13":"instock","14":"product-type-simple"},"yoast_head":"<!-- This site is optimized with the Yoast SEO plugin v26.9 - https:\/\/yoast.com\/product\/yoast-seo-wordpress\/ -->\n<title>2830 Cercleuse semi-automatique pour palettes - Karopack<\/title>\n<meta name=\"robots\" content=\"index, follow, max-snippet:-1, max-image-preview:large, max-video-preview:-1\" \/>\n<link rel=\"canonical\" href=\"https:\/\/www.karopack.be\/fr\/produit\/2830-cercleuse-semi-automatique-pour-palettes\/\" \/>\n<meta property=\"og:locale\" content=\"fr_FR\" \/>\n<meta property=\"og:type\" content=\"article\" \/>\n<meta property=\"og:title\" content=\"2830 Cercleuse semi-automatique pour palettes - Karopack\" \/>\n<meta property=\"og:description\" content=\"La cercleuse de palettes 2830 est une machine de cerclage semi-automatique facile \u00e0 utiliser, vous apprenez \u00e0 cercler en moins de 5 minutes.  La machine peut \u00eatre d\u00e9plac\u00e9e sur la palette en \u00e9vitant de d\u00e9placer la charge avant le cerclage. Elle permet de cercler au niveau du bloc et jusqu&#039;\u00e0 2400 mm de hauteur sans effort.  La machine la plus vendue dans le secteur des fruits et l\u00e9gumes, id\u00e9ale pour les producteurs qui palettisent \u00e0 la main.\" \/>\n<meta property=\"og:url\" content=\"https:\/\/www.karopack.be\/fr\/produit\/2830-cercleuse-semi-automatique-pour-palettes\/\" \/>\n<meta property=\"og:site_name\" content=\"Karopack\" \/>\n<meta property=\"article:modified_time\" content=\"2026-02-05T14:15:10+00:00\" \/>\n<meta property=\"og:image\" content=\"https:\/\/www.karopack.be\/wp-content\/uploads\/2025\/04\/RE2820-400x400-1.jpg\" \/>\n\t<meta property=\"og:image:width\" content=\"400\" \/>\n\t<meta property=\"og:image:height\" content=\"400\" \/>\n\t<meta property=\"og:image:type\" content=\"image\/jpeg\" \/>\n<meta name=\"twitter:card\" content=\"summary_large_image\" \/>\n<meta name=\"twitter:label1\" content=\"Dur\u00e9e de lecture est.\" \/>\n\t<meta name=\"twitter:data1\" content=\"1 minute\" \/>\n<script type=\"application\/ld+json\" class=\"yoast-schema-graph\">{\"@context\":\"https:\/\/schema.org\",\"@graph\":[{\"@type\":\"WebPage\",\"@id\":\"https:\/\/www.karopack.be\/fr\/produit\/2830-cercleuse-semi-automatique-pour-palettes\/\",\"url\":\"https:\/\/www.karopack.be\/fr\/produit\/2830-cercleuse-semi-automatique-pour-palettes\/\",\"name\":\"2830 Cercleuse semi-automatique pour palettes - Karopack\",\"isPartOf\":{\"@id\":\"https:\/\/www.karopack.be\/fr\/#website\"},\"primaryImageOfPage\":{\"@id\":\"https:\/\/www.karopack.be\/fr\/produit\/2830-cercleuse-semi-automatique-pour-palettes\/#primaryimage\"},\"image\":{\"@id\":\"https:\/\/www.karopack.be\/fr\/produit\/2830-cercleuse-semi-automatique-pour-palettes\/#primaryimage\"},\"thumbnailUrl\":\"https:\/\/www.karopack.be\/wp-content\/uploads\/2025\/04\/RE2820-400x400-1.jpg\",\"datePublished\":\"2025-04-16T14:11:20+00:00\",\"dateModified\":\"2026-02-05T14:15:10+00:00\",\"breadcrumb\":{\"@id\":\"https:\/\/www.karopack.be\/fr\/produit\/2830-cercleuse-semi-automatique-pour-palettes\/#breadcrumb\"},\"inLanguage\":\"fr-BE\",\"potentialAction\":[{\"@type\":\"ReadAction\",\"target\":[\"https:\/\/www.karopack.be\/fr\/produit\/2830-cercleuse-semi-automatique-pour-palettes\/\"]}]},{\"@type\":\"ImageObject\",\"inLanguage\":\"fr-BE\",\"@id\":\"https:\/\/www.karopack.be\/fr\/produit\/2830-cercleuse-semi-automatique-pour-palettes\/#primaryimage\",\"url\":\"https:\/\/www.karopack.be\/wp-content\/uploads\/2025\/04\/RE2820-400x400-1.jpg\",\"contentUrl\":\"https:\/\/www.karopack.be\/wp-content\/uploads\/2025\/04\/RE2820-400x400-1.jpg\",\"width\":400,\"height\":400},{\"@type\":\"BreadcrumbList\",\"@id\":\"https:\/\/www.karopack.be\/fr\/produit\/2830-cercleuse-semi-automatique-pour-palettes\/#breadcrumb\",\"itemListElement\":[{\"@type\":\"ListItem\",\"position\":1,\"name\":\"Home\",\"item\":\"https:\/\/www.karopack.be\/fr\/\"},{\"@type\":\"ListItem\",\"position\":2,\"name\":\"Shop\",\"item\":\"https:\/\/www.karopack.be\/fr\/shop\/\"},{\"@type\":\"ListItem\",\"position\":3,\"name\":\"2830 Cercleuse semi-automatique pour palettes\"}]},{\"@type\":\"WebSite\",\"@id\":\"https:\/\/www.karopack.be\/fr\/#website\",\"url\":\"https:\/\/www.karopack.be\/fr\/\",\"name\":\"Karopack\",\"description\":\"\",\"publisher\":{\"@id\":\"https:\/\/www.karopack.be\/fr\/#organization\"},\"potentialAction\":[{\"@type\":\"SearchAction\",\"target\":{\"@type\":\"EntryPoint\",\"urlTemplate\":\"https:\/\/www.karopack.be\/fr\/?s={search_term_string}\"},\"query-input\":{\"@type\":\"PropertyValueSpecification\",\"valueRequired\":true,\"valueName\":\"search_term_string\"}}],\"inLanguage\":\"fr-BE\"},{\"@type\":\"Organization\",\"@id\":\"https:\/\/www.karopack.be\/fr\/#organization\",\"name\":\"Karopack\",\"url\":\"https:\/\/www.karopack.be\/fr\/\",\"logo\":{\"@type\":\"ImageObject\",\"inLanguage\":\"fr-BE\",\"@id\":\"https:\/\/www.karopack.be\/fr\/#\/schema\/logo\/image\/\",\"url\":\"https:\/\/www.karopack.be\/wp-content\/uploads\/2024\/07\/Karopack-Logo.png\",\"contentUrl\":\"https:\/\/www.karopack.be\/wp-content\/uploads\/2024\/07\/Karopack-Logo.png\",\"width\":809,\"height\":240,\"caption\":\"Karopack\"},\"image\":{\"@id\":\"https:\/\/www.karopack.be\/fr\/#\/schema\/logo\/image\/\"}}]}<\/script>\n<!-- \/ Yoast SEO plugin. -->","yoast_head_json":{"title":"2830 Cercleuse semi-automatique pour palettes - Karopack","robots":{"index":"index","follow":"follow","max-snippet":"max-snippet:-1","max-image-preview":"max-image-preview:large","max-video-preview":"max-video-preview:-1"},"canonical":"https:\/\/www.karopack.be\/fr\/produit\/2830-cercleuse-semi-automatique-pour-palettes\/","og_locale":"fr_FR","og_type":"article","og_title":"2830 Cercleuse semi-automatique pour palettes - Karopack","og_description":"La cercleuse de palettes 2830 est une machine de cerclage semi-automatique facile \u00e0 utiliser, vous apprenez \u00e0 cercler en moins de 5 minutes.  La machine peut \u00eatre d\u00e9plac\u00e9e sur la palette en \u00e9vitant de d\u00e9placer la charge avant le cerclage. Elle permet de cercler au niveau du bloc et jusqu'\u00e0 2400 mm de hauteur sans effort.  La machine la plus vendue dans le secteur des fruits et l\u00e9gumes, id\u00e9ale pour les producteurs qui palettisent \u00e0 la main.","og_url":"https:\/\/www.karopack.be\/fr\/produit\/2830-cercleuse-semi-automatique-pour-palettes\/","og_site_name":"Karopack","article_modified_time":"2026-02-05T14:15:10+00:00","og_image":[{"width":400,"height":400,"url":"https:\/\/www.karopack.be\/wp-content\/uploads\/2025\/04\/RE2820-400x400-1.jpg","type":"image\/jpeg"}],"twitter_card":"summary_large_image","twitter_misc":{"Dur\u00e9e de lecture est.":"1 minute"},"schema":{"@context":"https:\/\/schema.org","@graph":[{"@type":"WebPage","@id":"https:\/\/www.karopack.be\/fr\/produit\/2830-cercleuse-semi-automatique-pour-palettes\/","url":"https:\/\/www.karopack.be\/fr\/produit\/2830-cercleuse-semi-automatique-pour-palettes\/","name":"2830 Cercleuse semi-automatique pour palettes - Karopack","isPartOf":{"@id":"https:\/\/www.karopack.be\/fr\/#website"},"primaryImageOfPage":{"@id":"https:\/\/www.karopack.be\/fr\/produit\/2830-cercleuse-semi-automatique-pour-palettes\/#primaryimage"},"image":{"@id":"https:\/\/www.karopack.be\/fr\/produit\/2830-cercleuse-semi-automatique-pour-palettes\/#primaryimage"},"thumbnailUrl":"https:\/\/www.karopack.be\/wp-content\/uploads\/2025\/04\/RE2820-400x400-1.jpg","datePublished":"2025-04-16T14:11:20+00:00","dateModified":"2026-02-05T14:15:10+00:00","breadcrumb":{"@id":"https:\/\/www.karopack.be\/fr\/produit\/2830-cercleuse-semi-automatique-pour-palettes\/#breadcrumb"},"inLanguage":"fr-BE","potentialAction":[{"@type":"ReadAction","target":["https:\/\/www.karopack.be\/fr\/produit\/2830-cercleuse-semi-automatique-pour-palettes\/"]}]},{"@type":"ImageObject","inLanguage":"fr-BE","@id":"https:\/\/www.karopack.be\/fr\/produit\/2830-cercleuse-semi-automatique-pour-palettes\/#primaryimage","url":"https:\/\/www.karopack.be\/wp-content\/uploads\/2025\/04\/RE2820-400x400-1.jpg","contentUrl":"https:\/\/www.karopack.be\/wp-content\/uploads\/2025\/04\/RE2820-400x400-1.jpg","width":400,"height":400},{"@type":"BreadcrumbList","@id":"https:\/\/www.karopack.be\/fr\/produit\/2830-cercleuse-semi-automatique-pour-palettes\/#breadcrumb","itemListElement":[{"@type":"ListItem","position":1,"name":"Home","item":"https:\/\/www.karopack.be\/fr\/"},{"@type":"ListItem","position":2,"name":"Shop","item":"https:\/\/www.karopack.be\/fr\/shop\/"},{"@type":"ListItem","position":3,"name":"2830 Cercleuse semi-automatique pour palettes"}]},{"@type":"WebSite","@id":"https:\/\/www.karopack.be\/fr\/#website","url":"https:\/\/www.karopack.be\/fr\/","name":"Karopack","description":"","publisher":{"@id":"https:\/\/www.karopack.be\/fr\/#organization"},"potentialAction":[{"@type":"SearchAction","target":{"@type":"EntryPoint","urlTemplate":"https:\/\/www.karopack.be\/fr\/?s={search_term_string}"},"query-input":{"@type":"PropertyValueSpecification","valueRequired":true,"valueName":"search_term_string"}}],"inLanguage":"fr-BE"},{"@type":"Organization","@id":"https:\/\/www.karopack.be\/fr\/#organization","name":"Karopack","url":"https:\/\/www.karopack.be\/fr\/","logo":{"@type":"ImageObject","inLanguage":"fr-BE","@id":"https:\/\/www.karopack.be\/fr\/#\/schema\/logo\/image\/","url":"https:\/\/www.karopack.be\/wp-content\/uploads\/2024\/07\/Karopack-Logo.png","contentUrl":"https:\/\/www.karopack.be\/wp-content\/uploads\/2024\/07\/Karopack-Logo.png","width":809,"height":240,"caption":"Karopack"},"image":{"@id":"https:\/\/www.karopack.be\/fr\/#\/schema\/logo\/image\/"}}]}},"_links":{"self":[{"href":"https:\/\/www.karopack.be\/fr\/wp-json\/wp\/v2\/product\/4290","targetHints":{"allow":["GET"]}}],"collection":[{"href":"https:\/\/www.karopack.be\/fr\/wp-json\/wp\/v2\/product"}],"about":[{"href":"https:\/\/www.karopack.be\/fr\/wp-json\/wp\/v2\/types\/product"}],"replies":[{"embeddable":true,"href":"https:\/\/www.karopack.be\/fr\/wp-json\/wp\/v2\/comments?post=4290"}],"wp:featuredmedia":[{"embeddable":true,"href":"https:\/\/www.karopack.be\/fr\/wp-json\/wp\/v2\/media\/4292"}],"wp:attachment":[{"href":"https:\/\/www.karopack.be\/fr\/wp-json\/wp\/v2\/media?parent=4290"}],"wp:term":[{"taxonomy":"product_brand","embeddable":true,"href":"https:\/\/www.karopack.be\/fr\/wp-json\/wp\/v2\/product_brand?post=4290"},{"taxonomy":"product_cat","embeddable":true,"href":"https:\/\/www.karopack.be\/fr\/wp-json\/wp\/v2\/product_cat?post=4290"},{"taxonomy":"product_tag","embeddable":true,"href":"https:\/\/www.karopack.be\/fr\/wp-json\/wp\/v2\/product_tag?post=4290"}],"curies":[{"name":"wp","href":"https:\/\/api.w.org\/{rel}","templated":true}]}}