{"id":4297,"date":"2025-04-16T14:29:42","date_gmt":"2025-04-16T14:29:42","guid":{"rendered":"https:\/\/www.karopack.be\/?post_type=product&#038;p=4297"},"modified":"2026-02-08T07:31:06","modified_gmt":"2026-02-08T07:31:06","slug":"tp502-mb_mbh-cercleuse-semi-automatique-pour-palettes","status":"publish","type":"product","link":"https:\/\/www.karopack.be\/fr\/produit\/tp502-mb_mbh-cercleuse-semi-automatique-pour-palettes\/","title":{"rendered":"TP502 MH\/MHB Cercleuse semi-automatique pour palettes"},"content":{"rendered":"<ul>\n<li>T\u00eate de cerclage m\u00e9canique compacte<\/li>\n<li>Hauteur de cerclage r\u00e9glable<\/li>\n<li>Contr\u00f4le \u00e9lectronique de la tension<\/li>\n<li>Commutateur de marche par \u00e0-coups<\/li>\n<li>Temps de refroidissement de la soudure r\u00e9glable<\/li>\n<li>Deux directions de d\u00e9placement<\/li>\n<\/ul>\n<p>&nbsp;<\/p>\n<p><strong>Options<\/strong><\/p>\n<ul>\n<li>Alimentation par batterie (TP-502MHB)<\/li>\n<li>Support de protection des bords<\/li>\n<li>Poign\u00e9e \u00e0 l&rsquo;arri\u00e8re pour les mouvements avant\/arri\u00e8re<\/li>\n<\/ul>\n","protected":false},"excerpt":{"rendered":"<p>La cercleuse de palettes TP-502 MH\/MHB est une cercleuse semi-automatique facile \u00e0 utiliser, vous apprenez \u00e0 cercler en moins de 5 minutes. La TP-502MH\/MHB h\u00e9rite de tous les avantages de la TP-502, tels que la t\u00eate de cerclage compacte, la technologie d&rsquo;entra\u00eenement direct avec des moteurs \u00e0 courant continu de fabrication allemande et la r\u00e9gulation \u00e9lectronique de la tension. Elle peut \u00eatre facilement positionn\u00e9e \u00e0 c\u00f4t\u00e9 de la charge \u00e0 cercler sans d\u00e9placer la palette. Le TP-502MH\/MHB est une solution rapide, ergonomique et \u00e9conomique pour le cerclage de petits volumes de palettes horizontales. Une batterie est fournie pour le mod\u00e8le TP-502 MHB.<\/p>\n","protected":false},"featured_media":4301,"comment_status":"open","ping_status":"closed","template":"","meta":[],"product_brand":[],"product_cat":[111,91,109,116],"product_tag":[112],"class_list":{"0":"post-4297","1":"product","2":"type-product","3":"status-publish","4":"has-post-thumbnail","6":"product_cat-cercleuses-horizontales","7":"product_cat-fabricants","8":"product_cat-machines-a-cercler","9":"product_cat-transpak-fr","10":"product_tag-cerclage-de-palettes","12":"first","13":"instock","14":"product-type-simple"},"yoast_head":"<!-- This site is optimized with the Yoast SEO plugin v26.9 - https:\/\/yoast.com\/product\/yoast-seo-wordpress\/ -->\n<title>TP502 MH\/MHB Cercleuse semi-automatique pour palettes - Karopack<\/title>\n<meta name=\"robots\" content=\"index, follow, max-snippet:-1, max-image-preview:large, max-video-preview:-1\" \/>\n<link rel=\"canonical\" href=\"https:\/\/www.karopack.be\/fr\/produit\/tp502-mb_mbh-cercleuse-semi-automatique-pour-palettes\/\" \/>\n<meta property=\"og:locale\" content=\"fr_FR\" \/>\n<meta property=\"og:type\" content=\"article\" \/>\n<meta property=\"og:title\" content=\"TP502 MH\/MHB Cercleuse semi-automatique pour palettes - Karopack\" \/>\n<meta property=\"og:description\" content=\"La cercleuse de palettes TP-502 MH\/MHB est une cercleuse semi-automatique facile \u00e0 utiliser, vous apprenez \u00e0 cercler en moins de 5 minutes. La TP-502MH\/MHB h\u00e9rite de tous les avantages de la TP-502, tels que la t\u00eate de cerclage compacte, la technologie d&#039;entra\u00eenement direct avec des moteurs \u00e0 courant continu de fabrication allemande et la r\u00e9gulation \u00e9lectronique de la tension. Elle peut \u00eatre facilement positionn\u00e9e \u00e0 c\u00f4t\u00e9 de la charge \u00e0 cercler sans d\u00e9placer la palette. Le TP-502MH\/MHB est une solution rapide, ergonomique et \u00e9conomique pour le cerclage de petits volumes de palettes horizontales. Une batterie est fournie pour le mod\u00e8le TP-502 MHB.\" \/>\n<meta property=\"og:url\" content=\"https:\/\/www.karopack.be\/fr\/produit\/tp502-mb_mbh-cercleuse-semi-automatique-pour-palettes\/\" \/>\n<meta property=\"og:site_name\" content=\"Karopack\" \/>\n<meta property=\"article:modified_time\" content=\"2026-02-08T07:31:06+00:00\" \/>\n<meta property=\"og:image\" content=\"https:\/\/www.karopack.be\/wp-content\/uploads\/2025\/04\/TP502-MH_MHB.jpg\" \/>\n\t<meta property=\"og:image:width\" content=\"400\" \/>\n\t<meta property=\"og:image:height\" content=\"400\" \/>\n\t<meta property=\"og:image:type\" content=\"image\/jpeg\" \/>\n<meta name=\"twitter:card\" content=\"summary_large_image\" \/>\n<meta name=\"twitter:label1\" content=\"Dur\u00e9e de lecture est.\" \/>\n\t<meta name=\"twitter:data1\" content=\"1 minute\" \/>\n<script type=\"application\/ld+json\" class=\"yoast-schema-graph\">{\"@context\":\"https:\/\/schema.org\",\"@graph\":[{\"@type\":\"WebPage\",\"@id\":\"https:\/\/www.karopack.be\/fr\/produit\/tp502-mb_mbh-cercleuse-semi-automatique-pour-palettes\/\",\"url\":\"https:\/\/www.karopack.be\/fr\/produit\/tp502-mb_mbh-cercleuse-semi-automatique-pour-palettes\/\",\"name\":\"TP502 MH\/MHB Cercleuse semi-automatique pour palettes - Karopack\",\"isPartOf\":{\"@id\":\"https:\/\/www.karopack.be\/fr\/#website\"},\"primaryImageOfPage\":{\"@id\":\"https:\/\/www.karopack.be\/fr\/produit\/tp502-mb_mbh-cercleuse-semi-automatique-pour-palettes\/#primaryimage\"},\"image\":{\"@id\":\"https:\/\/www.karopack.be\/fr\/produit\/tp502-mb_mbh-cercleuse-semi-automatique-pour-palettes\/#primaryimage\"},\"thumbnailUrl\":\"https:\/\/www.karopack.be\/wp-content\/uploads\/2025\/04\/TP502-MH_MHB.jpg\",\"datePublished\":\"2025-04-16T14:29:42+00:00\",\"dateModified\":\"2026-02-08T07:31:06+00:00\",\"breadcrumb\":{\"@id\":\"https:\/\/www.karopack.be\/fr\/produit\/tp502-mb_mbh-cercleuse-semi-automatique-pour-palettes\/#breadcrumb\"},\"inLanguage\":\"fr-BE\",\"potentialAction\":[{\"@type\":\"ReadAction\",\"target\":[\"https:\/\/www.karopack.be\/fr\/produit\/tp502-mb_mbh-cercleuse-semi-automatique-pour-palettes\/\"]}]},{\"@type\":\"ImageObject\",\"inLanguage\":\"fr-BE\",\"@id\":\"https:\/\/www.karopack.be\/fr\/produit\/tp502-mb_mbh-cercleuse-semi-automatique-pour-palettes\/#primaryimage\",\"url\":\"https:\/\/www.karopack.be\/wp-content\/uploads\/2025\/04\/TP502-MH_MHB.jpg\",\"contentUrl\":\"https:\/\/www.karopack.be\/wp-content\/uploads\/2025\/04\/TP502-MH_MHB.jpg\",\"width\":400,\"height\":400},{\"@type\":\"BreadcrumbList\",\"@id\":\"https:\/\/www.karopack.be\/fr\/produit\/tp502-mb_mbh-cercleuse-semi-automatique-pour-palettes\/#breadcrumb\",\"itemListElement\":[{\"@type\":\"ListItem\",\"position\":1,\"name\":\"Home\",\"item\":\"https:\/\/www.karopack.be\/fr\/\"},{\"@type\":\"ListItem\",\"position\":2,\"name\":\"Shop\",\"item\":\"https:\/\/www.karopack.be\/fr\/shop\/\"},{\"@type\":\"ListItem\",\"position\":3,\"name\":\"TP502 MH\/MHB Cercleuse semi-automatique pour palettes\"}]},{\"@type\":\"WebSite\",\"@id\":\"https:\/\/www.karopack.be\/fr\/#website\",\"url\":\"https:\/\/www.karopack.be\/fr\/\",\"name\":\"Karopack\",\"description\":\"\",\"publisher\":{\"@id\":\"https:\/\/www.karopack.be\/fr\/#organization\"},\"potentialAction\":[{\"@type\":\"SearchAction\",\"target\":{\"@type\":\"EntryPoint\",\"urlTemplate\":\"https:\/\/www.karopack.be\/fr\/?s={search_term_string}\"},\"query-input\":{\"@type\":\"PropertyValueSpecification\",\"valueRequired\":true,\"valueName\":\"search_term_string\"}}],\"inLanguage\":\"fr-BE\"},{\"@type\":\"Organization\",\"@id\":\"https:\/\/www.karopack.be\/fr\/#organization\",\"name\":\"Karopack\",\"url\":\"https:\/\/www.karopack.be\/fr\/\",\"logo\":{\"@type\":\"ImageObject\",\"inLanguage\":\"fr-BE\",\"@id\":\"https:\/\/www.karopack.be\/fr\/#\/schema\/logo\/image\/\",\"url\":\"https:\/\/www.karopack.be\/wp-content\/uploads\/2024\/07\/Karopack-Logo.png\",\"contentUrl\":\"https:\/\/www.karopack.be\/wp-content\/uploads\/2024\/07\/Karopack-Logo.png\",\"width\":809,\"height\":240,\"caption\":\"Karopack\"},\"image\":{\"@id\":\"https:\/\/www.karopack.be\/fr\/#\/schema\/logo\/image\/\"}}]}<\/script>\n<!-- \/ Yoast SEO plugin. -->","yoast_head_json":{"title":"TP502 MH\/MHB Cercleuse semi-automatique pour palettes - Karopack","robots":{"index":"index","follow":"follow","max-snippet":"max-snippet:-1","max-image-preview":"max-image-preview:large","max-video-preview":"max-video-preview:-1"},"canonical":"https:\/\/www.karopack.be\/fr\/produit\/tp502-mb_mbh-cercleuse-semi-automatique-pour-palettes\/","og_locale":"fr_FR","og_type":"article","og_title":"TP502 MH\/MHB Cercleuse semi-automatique pour palettes - Karopack","og_description":"La cercleuse de palettes TP-502 MH\/MHB est une cercleuse semi-automatique facile \u00e0 utiliser, vous apprenez \u00e0 cercler en moins de 5 minutes. La TP-502MH\/MHB h\u00e9rite de tous les avantages de la TP-502, tels que la t\u00eate de cerclage compacte, la technologie d'entra\u00eenement direct avec des moteurs \u00e0 courant continu de fabrication allemande et la r\u00e9gulation \u00e9lectronique de la tension. Elle peut \u00eatre facilement positionn\u00e9e \u00e0 c\u00f4t\u00e9 de la charge \u00e0 cercler sans d\u00e9placer la palette. Le TP-502MH\/MHB est une solution rapide, ergonomique et \u00e9conomique pour le cerclage de petits volumes de palettes horizontales. Une batterie est fournie pour le mod\u00e8le TP-502 MHB.","og_url":"https:\/\/www.karopack.be\/fr\/produit\/tp502-mb_mbh-cercleuse-semi-automatique-pour-palettes\/","og_site_name":"Karopack","article_modified_time":"2026-02-08T07:31:06+00:00","og_image":[{"width":400,"height":400,"url":"https:\/\/www.karopack.be\/wp-content\/uploads\/2025\/04\/TP502-MH_MHB.jpg","type":"image\/jpeg"}],"twitter_card":"summary_large_image","twitter_misc":{"Dur\u00e9e de lecture est.":"1 minute"},"schema":{"@context":"https:\/\/schema.org","@graph":[{"@type":"WebPage","@id":"https:\/\/www.karopack.be\/fr\/produit\/tp502-mb_mbh-cercleuse-semi-automatique-pour-palettes\/","url":"https:\/\/www.karopack.be\/fr\/produit\/tp502-mb_mbh-cercleuse-semi-automatique-pour-palettes\/","name":"TP502 MH\/MHB Cercleuse semi-automatique pour palettes - Karopack","isPartOf":{"@id":"https:\/\/www.karopack.be\/fr\/#website"},"primaryImageOfPage":{"@id":"https:\/\/www.karopack.be\/fr\/produit\/tp502-mb_mbh-cercleuse-semi-automatique-pour-palettes\/#primaryimage"},"image":{"@id":"https:\/\/www.karopack.be\/fr\/produit\/tp502-mb_mbh-cercleuse-semi-automatique-pour-palettes\/#primaryimage"},"thumbnailUrl":"https:\/\/www.karopack.be\/wp-content\/uploads\/2025\/04\/TP502-MH_MHB.jpg","datePublished":"2025-04-16T14:29:42+00:00","dateModified":"2026-02-08T07:31:06+00:00","breadcrumb":{"@id":"https:\/\/www.karopack.be\/fr\/produit\/tp502-mb_mbh-cercleuse-semi-automatique-pour-palettes\/#breadcrumb"},"inLanguage":"fr-BE","potentialAction":[{"@type":"ReadAction","target":["https:\/\/www.karopack.be\/fr\/produit\/tp502-mb_mbh-cercleuse-semi-automatique-pour-palettes\/"]}]},{"@type":"ImageObject","inLanguage":"fr-BE","@id":"https:\/\/www.karopack.be\/fr\/produit\/tp502-mb_mbh-cercleuse-semi-automatique-pour-palettes\/#primaryimage","url":"https:\/\/www.karopack.be\/wp-content\/uploads\/2025\/04\/TP502-MH_MHB.jpg","contentUrl":"https:\/\/www.karopack.be\/wp-content\/uploads\/2025\/04\/TP502-MH_MHB.jpg","width":400,"height":400},{"@type":"BreadcrumbList","@id":"https:\/\/www.karopack.be\/fr\/produit\/tp502-mb_mbh-cercleuse-semi-automatique-pour-palettes\/#breadcrumb","itemListElement":[{"@type":"ListItem","position":1,"name":"Home","item":"https:\/\/www.karopack.be\/fr\/"},{"@type":"ListItem","position":2,"name":"Shop","item":"https:\/\/www.karopack.be\/fr\/shop\/"},{"@type":"ListItem","position":3,"name":"TP502 MH\/MHB Cercleuse semi-automatique pour palettes"}]},{"@type":"WebSite","@id":"https:\/\/www.karopack.be\/fr\/#website","url":"https:\/\/www.karopack.be\/fr\/","name":"Karopack","description":"","publisher":{"@id":"https:\/\/www.karopack.be\/fr\/#organization"},"potentialAction":[{"@type":"SearchAction","target":{"@type":"EntryPoint","urlTemplate":"https:\/\/www.karopack.be\/fr\/?s={search_term_string}"},"query-input":{"@type":"PropertyValueSpecification","valueRequired":true,"valueName":"search_term_string"}}],"inLanguage":"fr-BE"},{"@type":"Organization","@id":"https:\/\/www.karopack.be\/fr\/#organization","name":"Karopack","url":"https:\/\/www.karopack.be\/fr\/","logo":{"@type":"ImageObject","inLanguage":"fr-BE","@id":"https:\/\/www.karopack.be\/fr\/#\/schema\/logo\/image\/","url":"https:\/\/www.karopack.be\/wp-content\/uploads\/2024\/07\/Karopack-Logo.png","contentUrl":"https:\/\/www.karopack.be\/wp-content\/uploads\/2024\/07\/Karopack-Logo.png","width":809,"height":240,"caption":"Karopack"},"image":{"@id":"https:\/\/www.karopack.be\/fr\/#\/schema\/logo\/image\/"}}]}},"_links":{"self":[{"href":"https:\/\/www.karopack.be\/fr\/wp-json\/wp\/v2\/product\/4297","targetHints":{"allow":["GET"]}}],"collection":[{"href":"https:\/\/www.karopack.be\/fr\/wp-json\/wp\/v2\/product"}],"about":[{"href":"https:\/\/www.karopack.be\/fr\/wp-json\/wp\/v2\/types\/product"}],"replies":[{"embeddable":true,"href":"https:\/\/www.karopack.be\/fr\/wp-json\/wp\/v2\/comments?post=4297"}],"wp:featuredmedia":[{"embeddable":true,"href":"https:\/\/www.karopack.be\/fr\/wp-json\/wp\/v2\/media\/4301"}],"wp:attachment":[{"href":"https:\/\/www.karopack.be\/fr\/wp-json\/wp\/v2\/media?parent=4297"}],"wp:term":[{"taxonomy":"product_brand","embeddable":true,"href":"https:\/\/www.karopack.be\/fr\/wp-json\/wp\/v2\/product_brand?post=4297"},{"taxonomy":"product_cat","embeddable":true,"href":"https:\/\/www.karopack.be\/fr\/wp-json\/wp\/v2\/product_cat?post=4297"},{"taxonomy":"product_tag","embeddable":true,"href":"https:\/\/www.karopack.be\/fr\/wp-json\/wp\/v2\/product_tag?post=4297"}],"curies":[{"name":"wp","href":"https:\/\/api.w.org\/{rel}","templated":true}]}}